{"id":4340,"date":"2025-11-12T09:41:08","date_gmt":"2025-11-12T08:41:08","guid":{"rendered":"https:\/\/agora.xtec.cat\/insponts\/?page_id=4340"},"modified":"2026-02-11T10:01:22","modified_gmt":"2026-02-11T09:01:22","slug":"tdr","status":"publish","type":"page","link":"https:\/\/agora.xtec.cat\/insponts\/tdr\/","title":{"rendered":"TdR. Curs 2025-2026"},"content":{"rendered":"<p>&nbsp;<\/p>\n<table style=\"border-collapse: collapse; width: 100%;\">\n<tbody>\n<tr>\n<td style=\"width: 25%;\">Autor\/a: Anna T\u00e0pies<\/p>\n<p>T\u00edtol del treball: Obrint portes cap a una educaci\u00f3 m\u00e9s accessible i inclusiva<\/p>\n<p>Curs: 2025-2026<\/p>\n<p>&nbsp;<\/p>\n<p><a href=\"https:\/\/drive.google.com\/file\/d\/1NvJ24AJZbS93w9KPJLcIiaOuC5TF0MwQ\/view?usp=sharing\"><img loading=\"lazy\" decoding=\"async\" class=\"aligncenter wp-image-4344 size-full\" src=\"https:\/\/agora.xtec.cat\/insponts\/wp-content\/uploads\/usu850\/2025\/11\/Anna-Tapies.png\" alt=\"\" width=\"574\" height=\"661\" srcset=\"https:\/\/agora.xtec.cat\/insponts\/wp-content\/uploads\/usu850\/2025\/11\/Anna-Tapies.png 574w, https:\/\/agora.xtec.cat\/insponts\/wp-content\/uploads\/usu850\/2025\/11\/Anna-Tapies-261x300.png 261w\" sizes=\"auto, (max-width: 574px) 100vw, 574px\" \/><\/a><\/td>\n<td style=\"width: 25%;\">Autor\/a: Georgina Calvet<\/p>\n<p>T\u00edtol del treball: El b\u00e0squet com a element de transmissi\u00f3 de valors als infants<\/p>\n<p>Curs: 2025-2026<a href=\"https:\/\/drive.google.com\/file\/d\/11VcHkCVjQQe0p0_2oaKsMY3OT2kaj965\/view?usp=sharing\"><img loading=\"lazy\" decoding=\"async\" class=\"aligncenter wp-image-4348 size-full\" src=\"https:\/\/agora.xtec.cat\/insponts\/wp-content\/uploads\/usu850\/2025\/11\/Georgina.png\" alt=\"\" width=\"568\" height=\"766\" srcset=\"https:\/\/agora.xtec.cat\/insponts\/wp-content\/uploads\/usu850\/2025\/11\/Georgina.png 568w, https:\/\/agora.xtec.cat\/insponts\/wp-content\/uploads\/usu850\/2025\/11\/Georgina-222x300.png 222w\" sizes=\"auto, (max-width: 568px) 100vw, 568px\" \/><\/a><\/td>\n<td style=\"width: 25.1595%;\">Autor\/a: Martina Bajona<\/p>\n<p>T\u00edtol del treball: Al\u00b7l\u00e8rgies, la trama del sistema immunitari<\/p>\n<p>Curs 2025-2026<\/p>\n<p><a href=\"https:\/\/drive.google.com\/file\/d\/1uwG0fa6VA7AxWTm7h3TFzLRiAGnpI8ZV\/view?usp=sharing\"><img loading=\"lazy\" decoding=\"async\" class=\"aligncenter wp-image-4350 size-full\" src=\"https:\/\/agora.xtec.cat\/insponts\/wp-content\/uploads\/usu850\/2025\/11\/Martina-Bajona.png\" alt=\"\" width=\"487\" height=\"697\" srcset=\"https:\/\/agora.xtec.cat\/insponts\/wp-content\/uploads\/usu850\/2025\/11\/Martina-Bajona.png 487w, https:\/\/agora.xtec.cat\/insponts\/wp-content\/uploads\/usu850\/2025\/11\/Martina-Bajona-210x300.png 210w\" sizes=\"auto, (max-width: 487px) 100vw, 487px\" \/><\/a><\/td>\n<td style=\"width: 24.8405%;\">Autor\/a: Aleix Llorens<\/p>\n<p>T\u00edtol del treball: Proc\u00e9s de millora de la composici\u00f3 corporal<\/p>\n<p>Curs: 2025-2026<\/p>\n<p>&nbsp;<\/p>\n<p><a href=\"https:\/\/drive.google.com\/file\/d\/1b7UWLGoCkFpOYGdG7Mor6MqDgKLZj7Ue\/view?usp=sharing\"><img loading=\"lazy\" decoding=\"async\" class=\"aligncenter wp-image-4352 size-full\" src=\"https:\/\/agora.xtec.cat\/insponts\/wp-content\/uploads\/usu850\/2025\/11\/Aleix.png\" alt=\"\" width=\"568\" height=\"636\" srcset=\"https:\/\/agora.xtec.cat\/insponts\/wp-content\/uploads\/usu850\/2025\/11\/Aleix.png 568w, https:\/\/agora.xtec.cat\/insponts\/wp-content\/uploads\/usu850\/2025\/11\/Aleix-268x300.png 268w\" sizes=\"auto, (max-width: 568px) 100vw, 568px\" \/><\/a><\/td>\n<\/tr>\n<tr>\n<td style=\"width: 25%;\">Autor\/a: Paula Sanchez<\/p>\n<p>T\u00edtol del treball: El poder de l&#8217;Algoritme<\/p>\n<p>Curs: 2025-2026<\/p>\n<p><a href=\"https:\/\/drive.google.com\/drive\/folders\/1xE19ljRiFDFEj5GCd_qMMyDNwDvOwrgx?usp=sharing\"><img loading=\"lazy\" decoding=\"async\" class=\"aligncenter wp-image-4356 size-full\" src=\"https:\/\/agora.xtec.cat\/insponts\/wp-content\/uploads\/usu850\/2025\/11\/Paula.png\" alt=\"\" width=\"423\" height=\"589\" srcset=\"https:\/\/agora.xtec.cat\/insponts\/wp-content\/uploads\/usu850\/2025\/11\/Paula.png 423w, https:\/\/agora.xtec.cat\/insponts\/wp-content\/uploads\/usu850\/2025\/11\/Paula-215x300.png 215w\" sizes=\"auto, (max-width: 423px) 100vw, 423px\" \/><\/a><\/td>\n<td style=\"width: 25%;\">Autor\/a: Joan Finestres<\/p>\n<p>T\u00edtol del treball: Quan la Imatge parla<\/p>\n<p>Curs: 2025 &#8211; 2026<\/p>\n<p><a href=\"https:\/\/drive.google.com\/file\/d\/12XQ2rl_87wDiPADSxyw6_j0rk9ifxSEr\/view?usp=sharing\"><img loading=\"lazy\" decoding=\"async\" class=\"aligncenter wp-image-4362 size-full\" src=\"https:\/\/agora.xtec.cat\/insponts\/wp-content\/uploads\/usu850\/2025\/11\/Joan-Finestres.png\" alt=\"\" width=\"493\" height=\"705\" srcset=\"https:\/\/agora.xtec.cat\/insponts\/wp-content\/uploads\/usu850\/2025\/11\/Joan-Finestres.png 493w, https:\/\/agora.xtec.cat\/insponts\/wp-content\/uploads\/usu850\/2025\/11\/Joan-Finestres-210x300.png 210w\" sizes=\"auto, (max-width: 493px) 100vw, 493px\" \/><\/a><\/td>\n<td style=\"width: 25.1595%;\">Autor\/a: David Jou<\/p>\n<p>T\u00edtol del treball: El camp de concentraci\u00f3 d&#8217;Argelers<\/p>\n<p>Curs: 2025 &#8211; 2026<\/p>\n<p>&nbsp;<\/p>\n<p>&nbsp;<\/p>\n<p><a href=\"https:\/\/drive.google.com\/file\/d\/1dFXV6rwOQbE3Rd6q54gxQXxn0jOvPkvY\/view?usp=sharing\"><img loading=\"lazy\" decoding=\"async\" class=\"aligncenter wp-image-4366 size-full\" src=\"https:\/\/agora.xtec.cat\/insponts\/wp-content\/uploads\/usu850\/2025\/11\/Captura-de-pantalla-2025-11-14-093852.png\" alt=\"\" width=\"804\" height=\"774\" srcset=\"https:\/\/agora.xtec.cat\/insponts\/wp-content\/uploads\/usu850\/2025\/11\/Captura-de-pantalla-2025-11-14-093852.png 804w, https:\/\/agora.xtec.cat\/insponts\/wp-content\/uploads\/usu850\/2025\/11\/Captura-de-pantalla-2025-11-14-093852-300x289.png 300w, https:\/\/agora.xtec.cat\/insponts\/wp-content\/uploads\/usu850\/2025\/11\/Captura-de-pantalla-2025-11-14-093852-768x739.png 768w\" sizes=\"auto, (max-width: 804px) 100vw, 804px\" \/><\/a><\/td>\n<td style=\"width: 24.8405%;\">Autor\/a: Aina Sabart\u00e9s<\/p>\n<p>T\u00edtol del treball: Com afecta l&#8217;autoestima als adolescents<\/p>\n<p>Curs: 2025-2026<\/p>\n<p><a href=\"https:\/\/drive.google.com\/drive\/folders\/16ewCoVnVGdr2gYBM1-wXKOPR4O7v-mAS?usp=sharing\"><img loading=\"lazy\" decoding=\"async\" class=\"aligncenter wp-image-4368 size-full\" src=\"https:\/\/agora.xtec.cat\/insponts\/wp-content\/uploads\/usu850\/2025\/11\/Captura-de-pantalla-2025-11-14-095227.png\" alt=\"\" width=\"521\" height=\"693\" srcset=\"https:\/\/agora.xtec.cat\/insponts\/wp-content\/uploads\/usu850\/2025\/11\/Captura-de-pantalla-2025-11-14-095227.png 521w, https:\/\/agora.xtec.cat\/insponts\/wp-content\/uploads\/usu850\/2025\/11\/Captura-de-pantalla-2025-11-14-095227-226x300.png 226w\" sizes=\"auto, (max-width: 521px) 100vw, 521px\" \/><\/a><\/td>\n<\/tr>\n<tr>\n<td style=\"width: 25%;\">Autor\/a: Marcela Salgado<\/p>\n<p>T\u00edtol del treball: Vacunes Covid-19<\/p>\n<p>&nbsp;<\/p>\n<p>Curs: 2025-2026<a href=\"https:\/\/drive.google.com\/file\/d\/1kNHrfzQuecMbB2VreTgGCuVWSkHcrKN4\/view?usp=sharing\"><img loading=\"lazy\" decoding=\"async\" class=\"aligncenter wp-image-4370 size-full\" src=\"https:\/\/agora.xtec.cat\/insponts\/wp-content\/uploads\/usu850\/2025\/11\/Captura-de-pantalla-2025-11-14-103656.png\" alt=\"\" width=\"462\" height=\"551\" srcset=\"https:\/\/agora.xtec.cat\/insponts\/wp-content\/uploads\/usu850\/2025\/11\/Captura-de-pantalla-2025-11-14-103656.png 462w, https:\/\/agora.xtec.cat\/insponts\/wp-content\/uploads\/usu850\/2025\/11\/Captura-de-pantalla-2025-11-14-103656-252x300.png 252w\" sizes=\"auto, (max-width: 462px) 100vw, 462px\" \/><\/a><\/td>\n<td style=\"width: 25%;\">Autor\/a: Adri\u00e0 Escol\u00e0<\/p>\n<p>T\u00edtol del treball: Vacunes Covid-19<\/p>\n<p>&nbsp;<\/p>\n<p>Curs: 2025-2026<a href=\"https:\/\/drive.google.com\/file\/d\/1HzF0QIUPzH0_zrSv0yIjbMptt2YkO1VD\/view?usp=sharing\"><img loading=\"lazy\" decoding=\"async\" class=\"aligncenter wp-image-4372 size-full\" src=\"https:\/\/agora.xtec.cat\/insponts\/wp-content\/uploads\/usu850\/2025\/11\/Captura-de-pantalla-2025-11-14-103524.png\" alt=\"\" width=\"426\" height=\"540\" srcset=\"https:\/\/agora.xtec.cat\/insponts\/wp-content\/uploads\/usu850\/2025\/11\/Captura-de-pantalla-2025-11-14-103524.png 426w, https:\/\/agora.xtec.cat\/insponts\/wp-content\/uploads\/usu850\/2025\/11\/Captura-de-pantalla-2025-11-14-103524-237x300.png 237w\" sizes=\"auto, (max-width: 426px) 100vw, 426px\" \/><\/a><\/td>\n<td style=\"width: 25.1595%;\">Autor\/a: Alba Torra<\/p>\n<p>T\u00edtol del treball: La sequera.\u00a0 \u00a0 \u00a0 \u00a0 \u00a0 \u00a0 \u00a0 \u00a0 \u00a0 \u00a0 \u00a0 Campanya 2025-2026<\/p>\n<p>&nbsp;<\/p>\n<p>Curs: 2025-2026<a href=\"https:\/\/drive.google.com\/file\/d\/1RKpdRKAQ8pdCwZ5vfSiD_hTEInF-owp6\/view?usp=sharing\"><img loading=\"lazy\" decoding=\"async\" class=\"aligncenter wp-image-4374 size-full\" src=\"https:\/\/agora.xtec.cat\/insponts\/wp-content\/uploads\/usu850\/2025\/11\/Captura-de-pantalla-2025-11-14-103421.png\" alt=\"\" width=\"554\" height=\"628\" srcset=\"https:\/\/agora.xtec.cat\/insponts\/wp-content\/uploads\/usu850\/2025\/11\/Captura-de-pantalla-2025-11-14-103421.png 554w, https:\/\/agora.xtec.cat\/insponts\/wp-content\/uploads\/usu850\/2025\/11\/Captura-de-pantalla-2025-11-14-103421-265x300.png 265w\" sizes=\"auto, (max-width: 554px) 100vw, 554px\" \/><\/a><\/td>\n<td style=\"width: 24.8405%;\">Autor\/a: Berta Criado<\/p>\n<p>T\u00edtol del treball: El consumisme<\/p>\n<p>&nbsp;<\/p>\n<p>&nbsp;<\/p>\n<p>Curs: 2025-2026<\/p>\n<p><a href=\"https:\/\/drive.google.com\/file\/d\/1Uu7JUUHLmjt2XRjweGcBjGrELJoO-hVo\/view?usp=sharing\"><img loading=\"lazy\" decoding=\"async\" class=\"aligncenter wp-image-4376 size-full\" src=\"https:\/\/agora.xtec.cat\/insponts\/wp-content\/uploads\/usu850\/2025\/11\/Captura-de-pantalla-2025-11-14-103307.png\" alt=\"\" width=\"603\" height=\"544\" srcset=\"https:\/\/agora.xtec.cat\/insponts\/wp-content\/uploads\/usu850\/2025\/11\/Captura-de-pantalla-2025-11-14-103307.png 603w, https:\/\/agora.xtec.cat\/insponts\/wp-content\/uploads\/usu850\/2025\/11\/Captura-de-pantalla-2025-11-14-103307-300x271.png 300w\" sizes=\"auto, (max-width: 603px) 100vw, 603px\" \/><\/a><\/td>\n<\/tr>\n<tr>\n<td style=\"width: 25%;\">Autor\/a: Bruna Cerc\u00f3s<\/p>\n<p>T\u00edtol del treball: L&#8217;\u00fas de la publicitat com a eina pol\u00edtica<\/p>\n<p>Curs: 2025-2026<\/p>\n<p>&nbsp;<\/p>\n<p><a href=\"https:\/\/drive.google.com\/file\/d\/1TpKghsheNwGV1sTiQ50ueeCRb4uQzEXc\/view?usp=sharing\"><img loading=\"lazy\" decoding=\"async\" class=\"aligncenter wp-image-4379 size-full\" src=\"https:\/\/agora.xtec.cat\/insponts\/wp-content\/uploads\/usu850\/2025\/11\/Captura-de-pantalla-2025-11-14-103123.png\" alt=\"\" width=\"566\" height=\"496\" srcset=\"https:\/\/agora.xtec.cat\/insponts\/wp-content\/uploads\/usu850\/2025\/11\/Captura-de-pantalla-2025-11-14-103123.png 566w, https:\/\/agora.xtec.cat\/insponts\/wp-content\/uploads\/usu850\/2025\/11\/Captura-de-pantalla-2025-11-14-103123-300x263.png 300w\" sizes=\"auto, (max-width: 566px) 100vw, 566px\" \/><\/a><\/td>\n<td style=\"width: 25%;\">Autor\/a: Gen\u00eds Ros<\/p>\n<p>T\u00edtol del treball: Jocs ol\u00edmpics com a motor de transformaci\u00f3<\/p>\n<p>Curs: 2025-2026<\/p>\n<p>&nbsp;<\/p>\n<p><a href=\"https:\/\/drive.google.com\/file\/d\/155-YDIKQgl57FErOYD8fU_A4vagavUeT\/view?usp=sharing\"><img loading=\"lazy\" decoding=\"async\" class=\"aligncenter wp-image-4382 size-full\" src=\"https:\/\/agora.xtec.cat\/insponts\/wp-content\/uploads\/usu850\/2025\/11\/Captura-de-pantalla-2025-11-14-102957.png\" alt=\"\" width=\"616\" height=\"578\" srcset=\"https:\/\/agora.xtec.cat\/insponts\/wp-content\/uploads\/usu850\/2025\/11\/Captura-de-pantalla-2025-11-14-102957.png 616w, https:\/\/agora.xtec.cat\/insponts\/wp-content\/uploads\/usu850\/2025\/11\/Captura-de-pantalla-2025-11-14-102957-300x281.png 300w\" sizes=\"auto, (max-width: 616px) 100vw, 616px\" \/><\/a><\/td>\n<td style=\"width: 25.1595%;\">Autor\/a: Lara Silva<\/p>\n<p>T\u00edtol del treball: Quan sentir tamb\u00e9 ensenya<\/p>\n<p>Curs: 2025-2026<\/p>\n<p>&nbsp;<\/p>\n<p><a href=\"https:\/\/drive.google.com\/file\/d\/1kpaqlb18MYN56oBOm7zVSkZTOCzA7H3S\/view?usp=sharing\"><img loading=\"lazy\" decoding=\"async\" class=\"aligncenter wp-image-4385 size-full\" src=\"https:\/\/agora.xtec.cat\/insponts\/wp-content\/uploads\/usu850\/2025\/11\/Captura-de-pantalla-2025-11-17-135759.png\" alt=\"\" width=\"504\" height=\"595\" srcset=\"https:\/\/agora.xtec.cat\/insponts\/wp-content\/uploads\/usu850\/2025\/11\/Captura-de-pantalla-2025-11-17-135759.png 504w, https:\/\/agora.xtec.cat\/insponts\/wp-content\/uploads\/usu850\/2025\/11\/Captura-de-pantalla-2025-11-17-135759-254x300.png 254w\" sizes=\"auto, (max-width: 504px) 100vw, 504px\" \/><\/a><\/td>\n<td style=\"width: 24.8405%;\">Autor\/a: Joan Alonso<\/p>\n<p>T\u00edtol del treball: Aerodin\u00e0mica aplicada<\/p>\n<p>Curs: 2025-2026<\/p>\n<p>&nbsp;<\/p>\n<p><a href=\"https:\/\/drive.google.com\/file\/d\/1zZDmVHoPuYOJltpmSKDaFOiW6Zc32XlP\/view?usp=sharing\"><img loading=\"lazy\" decoding=\"async\" class=\"aligncenter wp-image-4387 size-full\" src=\"https:\/\/agora.xtec.cat\/insponts\/wp-content\/uploads\/usu850\/2025\/11\/Captura-de-pantalla-2025-11-17-135920.png\" alt=\"\" width=\"638\" height=\"627\" srcset=\"https:\/\/agora.xtec.cat\/insponts\/wp-content\/uploads\/usu850\/2025\/11\/Captura-de-pantalla-2025-11-17-135920.png 638w, https:\/\/agora.xtec.cat\/insponts\/wp-content\/uploads\/usu850\/2025\/11\/Captura-de-pantalla-2025-11-17-135920-300x295.png 300w\" sizes=\"auto, (max-width: 638px) 100vw, 638px\" \/><\/a><\/td>\n<\/tr>\n<tr>\n<td style=\"width: 25%;\">Autor\/a: Laia Torrent<\/p>\n<p>T\u00edtol del treball: L&#8217;Hidrogen. L&#8217;alternativa del futur<\/p>\n<p>&nbsp;<\/p>\n<p>Curs: 2025-2026<a href=\"https:\/\/drive.google.com\/file\/d\/10Z5TqloKNaNM3pXGrTiSH27w4xvMD6ob\/view?usp=sharing\"><img loading=\"lazy\" decoding=\"async\" class=\"aligncenter wp-image-4389 size-full\" src=\"https:\/\/agora.xtec.cat\/insponts\/wp-content\/uploads\/usu850\/2025\/11\/Captura-de-pantalla-2025-11-17-140032.png\" alt=\"\" width=\"504\" height=\"635\" srcset=\"https:\/\/agora.xtec.cat\/insponts\/wp-content\/uploads\/usu850\/2025\/11\/Captura-de-pantalla-2025-11-17-140032.png 504w, https:\/\/agora.xtec.cat\/insponts\/wp-content\/uploads\/usu850\/2025\/11\/Captura-de-pantalla-2025-11-17-140032-238x300.png 238w\" sizes=\"auto, (max-width: 504px) 100vw, 504px\" \/><\/a><\/td>\n<td style=\"width: 25%;\">Autor\/a: Larisa Radu i Bianca Torrent<\/p>\n<p>T\u00edtol del treball: Evoluci\u00f3 sobre el consum d&#8217;alcohol<\/p>\n<p>&nbsp;<\/p>\n<p>Curs: 2025-2026<a href=\"https:\/\/drive.google.com\/file\/d\/1diYI7S9M58TigUVBwVjCfX0o6LehW4FH\/view?usp=sharing\"><img loading=\"lazy\" decoding=\"async\" class=\"aligncenter wp-image-4391 size-full\" src=\"https:\/\/agora.xtec.cat\/insponts\/wp-content\/uploads\/usu850\/2025\/11\/Captura-de-pantalla-2025-11-17-151459.png\" alt=\"\" width=\"488\" height=\"570\" srcset=\"https:\/\/agora.xtec.cat\/insponts\/wp-content\/uploads\/usu850\/2025\/11\/Captura-de-pantalla-2025-11-17-151459.png 488w, https:\/\/agora.xtec.cat\/insponts\/wp-content\/uploads\/usu850\/2025\/11\/Captura-de-pantalla-2025-11-17-151459-257x300.png 257w\" sizes=\"auto, (max-width: 488px) 100vw, 488px\" \/><\/a><\/td>\n<td style=\"width: 25.1595%;\">Autor\/a: Lluc Inglavaga<\/p>\n<p>T\u00edtol del treball: Val la pena jugar-hi<\/p>\n<p>&nbsp;<\/p>\n<p>&nbsp;<\/p>\n<p>Curs: 2025-2026<a href=\"https:\/\/drive.google.com\/file\/d\/1j-r88E5EyccoEl1D9-p3X0YFlEKQBiLN\/view?usp=sharing\"><img loading=\"lazy\" decoding=\"async\" class=\"aligncenter wp-image-4393 size-full\" src=\"https:\/\/agora.xtec.cat\/insponts\/wp-content\/uploads\/usu850\/2025\/11\/Lluc.png\" alt=\"\" width=\"571\" height=\"624\" srcset=\"https:\/\/agora.xtec.cat\/insponts\/wp-content\/uploads\/usu850\/2025\/11\/Lluc.png 571w, https:\/\/agora.xtec.cat\/insponts\/wp-content\/uploads\/usu850\/2025\/11\/Lluc-275x300.png 275w\" sizes=\"auto, (max-width: 571px) 100vw, 571px\" \/><\/a><\/td>\n<td style=\"width: 24.8405%;\">Autor\/a: Rodrigo Rodrigues<\/p>\n<p>T\u00edtol del treball: Pensar, decidir i jugar<\/p>\n<p>&nbsp;<\/p>\n<p>Curs: 2025-2026<a href=\"https:\/\/drive.google.com\/file\/d\/1E52cLayTSIW0l56wa2e-QZ6mVL02-1-_\/view?usp=sharing\"><img loading=\"lazy\" decoding=\"async\" class=\"aligncenter wp-image-4396 size-full\" src=\"https:\/\/agora.xtec.cat\/insponts\/wp-content\/uploads\/usu850\/2025\/11\/Rodrigo.png\" alt=\"\" width=\"537\" height=\"649\" srcset=\"https:\/\/agora.xtec.cat\/insponts\/wp-content\/uploads\/usu850\/2025\/11\/Rodrigo.png 537w, https:\/\/agora.xtec.cat\/insponts\/wp-content\/uploads\/usu850\/2025\/11\/Rodrigo-248x300.png 248w\" sizes=\"auto, (max-width: 537px) 100vw, 537px\" \/><\/a><\/p>\n<p>&nbsp;<\/td>\n<\/tr>\n<tr>\n<td style=\"width: 25%;\">Autor\/a: Arnau Alay<\/p>\n<p>T\u00edtol del treball: Esclerosi M\u00faltiple. Aspectes psicol\u00f2gics<\/p>\n<p>Curs: 2025-2026<\/p>\n<p><a href=\"https:\/\/drive.google.com\/file\/d\/1KKFc9TYJj4ZgzLGjuqnItiasJ0ySRdrw\/view?usp=sharing\"><img loading=\"lazy\" decoding=\"async\" class=\"aligncenter wp-image-4398 size-full\" src=\"https:\/\/agora.xtec.cat\/insponts\/wp-content\/uploads\/usu850\/2025\/11\/Arnau.png\" alt=\"\" width=\"486\" height=\"616\" srcset=\"https:\/\/agora.xtec.cat\/insponts\/wp-content\/uploads\/usu850\/2025\/11\/Arnau.png 486w, https:\/\/agora.xtec.cat\/insponts\/wp-content\/uploads\/usu850\/2025\/11\/Arnau-237x300.png 237w\" sizes=\"auto, (max-width: 486px) 100vw, 486px\" \/><\/a><\/td>\n<td style=\"width: 25%;\">Autor\/a: Arnau T\u00e0pies<\/p>\n<p>T\u00edtol del treball: Guerra d&#8217;una fam\u00edlia i d&#8217;un poble, el reflex d&#8217;una Naci\u00f3<\/p>\n<p>Curs: 2025-2026<\/p>\n<p><a href=\"https:\/\/drive.google.com\/file\/d\/1X_XysYxw4-snrhucdDQIxa9wCgYQrswY\/view?usp=sharing\"><img loading=\"lazy\" decoding=\"async\" class=\"aligncenter wp-image-4400 size-full\" src=\"https:\/\/agora.xtec.cat\/insponts\/wp-content\/uploads\/usu850\/2025\/11\/Arnau-Tapies.png\" alt=\"\" width=\"564\" height=\"646\" srcset=\"https:\/\/agora.xtec.cat\/insponts\/wp-content\/uploads\/usu850\/2025\/11\/Arnau-Tapies.png 564w, https:\/\/agora.xtec.cat\/insponts\/wp-content\/uploads\/usu850\/2025\/11\/Arnau-Tapies-262x300.png 262w\" sizes=\"auto, (max-width: 564px) 100vw, 564px\" \/><\/a><\/td>\n<td style=\"width: 25.1595%;\">Autor\/a: Pol Jou<\/p>\n<p>T\u00edtol del treball: Nutrici\u00f3 Esportiva<\/p>\n<p>&nbsp;<\/p>\n<p>Curs: 2025-2026<\/p>\n<p><a href=\"https:\/\/drive.google.com\/file\/d\/1yBdG7hoJo9Upo4VEaJiKJZqmmbFZJCaA\/view?usp=sharing\"><img loading=\"lazy\" decoding=\"async\" class=\"aligncenter wp-image-4402 size-full\" src=\"https:\/\/agora.xtec.cat\/insponts\/wp-content\/uploads\/usu850\/2025\/11\/Pol-Jou.png\" alt=\"\" width=\"559\" height=\"634\" srcset=\"https:\/\/agora.xtec.cat\/insponts\/wp-content\/uploads\/usu850\/2025\/11\/Pol-Jou.png 559w, https:\/\/agora.xtec.cat\/insponts\/wp-content\/uploads\/usu850\/2025\/11\/Pol-Jou-265x300.png 265w\" sizes=\"auto, (max-width: 559px) 100vw, 559px\" \/><\/a><\/td>\n<td style=\"width: 24.8405%;\">Autor\/a: Martina Ben\u00edtez<\/p>\n<p>T\u00edtol del treball: Del laboratori a l&#8217;armari, la qu\u00edmica darrera la ind\u00fastria t\u00e8xtil<\/p>\n<p>Curs: 2025-2026<\/p>\n<p><a href=\"https:\/\/drive.google.com\/file\/d\/1Zor5JeY4ApM3ApkkMpnGkIcNojfzIIlP\/view?usp=sharing\"><img loading=\"lazy\" decoding=\"async\" class=\"aligncenter wp-image-4408 size-full\" src=\"https:\/\/agora.xtec.cat\/insponts\/wp-content\/uploads\/usu850\/2025\/11\/Martina-Benitez.png\" alt=\"\" width=\"574\" height=\"640\" srcset=\"https:\/\/agora.xtec.cat\/insponts\/wp-content\/uploads\/usu850\/2025\/11\/Martina-Benitez.png 574w, https:\/\/agora.xtec.cat\/insponts\/wp-content\/uploads\/usu850\/2025\/11\/Martina-Benitez-269x300.png 269w\" sizes=\"auto, (max-width: 574px) 100vw, 574px\" \/><\/a><\/td>\n<\/tr>\n<\/tbody>\n<\/table>\n<p>&nbsp;<\/p>\n","protected":false},"excerpt":{"rendered":"<p>&nbsp;<\/p>\n<p>Autor\/a: Anna T\u00e0pies<br \/>\nT\u00edtol del treball: Obrint portes cap a una educaci\u00f3 m\u00e9s accessible i inclusiva<br \/>\nCurs: 2025-2026<br \/>\n&nbsp;<br \/>\n<a href=\"https:\/\/drive.google.com\/file\/d\/1NvJ24AJZbS93w9KPJLcIiaOuC5TF0MwQ\/view?usp=sharing\"><\/a><br \/>\nAutor\/a: Georgina Calvet<br \/>\nT\u00edtol del treball: El b\u00e0squet com a element de transmissi\u00f3 de valors als infants<br \/>\nCurs: 2025-2026<a href=\"https:\/\/drive.google.com\/file\/d\/11VcHkCVjQQe0p0_2oaKsMY3OT2kaj965\/view?usp=sharing\"><\/a><br \/>\nAutor\/a: Martina Bajona<br \/>\nT\u00edtol del treball: Al\u00b7l\u00e8rgies, la trama del sistema immunitari<br \/>\nCurs 2025-2026<br \/>\n<a&hellip;  <a href=\"https:\/\/agora.xtec.cat\/insponts\/tdr\/\" title=\"Read TdR. Curs 2025-2026\">Llegeix m\u00e9s\u00bb<\/a><\/p>\n","protected":false},"author":1,"featured_media":0,"parent":0,"menu_order":0,"comment_status":"closed","ping_status":"closed","template":"","meta":{"_bbp_topic_count":0,"_bbp_reply_count":0,"_bbp_total_topic_count":0,"_bbp_total_reply_count":0,"_bbp_voice_count":0,"_bbp_anonymous_reply_count":0,"_bbp_topic_count_hidden":0,"_bbp_reply_count_hidden":0,"_bbp_forum_subforum_count":0,"footnotes":""},"class_list":["post-4340","page","type-page","status-publish","hentry"],"post_mailing_queue_ids":[],"_links":{"self":[{"href":"https:\/\/agora.xtec.cat\/insponts\/wp-json\/wp\/v2\/pages\/4340","targetHints":{"allow":["GET"]}}],"collection":[{"href":"https:\/\/agora.xtec.cat\/insponts\/wp-json\/wp\/v2\/pages"}],"about":[{"href":"https:\/\/agora.xtec.cat\/insponts\/wp-json\/wp\/v2\/types\/page"}],"author":[{"embeddable":true,"href":"https:\/\/agora.xtec.cat\/insponts\/wp-json\/wp\/v2\/users\/1"}],"replies":[{"embeddable":true,"href":"https:\/\/agora.xtec.cat\/insponts\/wp-json\/wp\/v2\/comments?post=4340"}],"version-history":[{"count":7,"href":"https:\/\/agora.xtec.cat\/insponts\/wp-json\/wp\/v2\/pages\/4340\/revisions"}],"predecessor-version":[{"id":4544,"href":"https:\/\/agora.xtec.cat\/insponts\/wp-json\/wp\/v2\/pages\/4340\/revisions\/4544"}],"wp:attachment":[{"href":"https:\/\/agora.xtec.cat\/insponts\/wp-json\/wp\/v2\/media?parent=4340"}],"curies":[{"name":"wp","href":"https:\/\/api.w.org\/{rel}","templated":true}]}}