{"id":81,"date":"2014-09-18T10:38:05","date_gmt":"2014-09-18T10:38:05","guid":{"rendered":"http:\/\/agora.xtec.cat\/inspontdeldiable\/?page_id=81"},"modified":"2021-03-03T22:58:47","modified_gmt":"2021-03-03T21:58:47","slug":"secretaria","status":"publish","type":"page","link":"https:\/\/agora.xtec.cat\/inspontdeldiable\/secretaria\/","title":{"rendered":"Secretaria"},"content":{"rendered":"<p>Benvinguts a la p\u00e0gina de Secretaria de l\u2019Institut Pont del Diable. Des d\u2019aqu\u00ed us donarem informaci\u00f3 sobre diferents aspectes que poden ser del vostre inter\u00e8s:<\/p>\n<table style=\"border-style: none;\">\n<tbody>\n<tr>\n<td style=\"border-style: none;\"><a href=\"https:\/\/agora.xtec.cat\/inspontdeldiable\/secretaria\/horari-datencio-al-public\/\"><img loading=\"lazy\" decoding=\"async\" class=\"wp-image-1504 aligncenter\" src=\"https:\/\/agora.xtec.cat\/inspontdeldiable\/wp-content\/uploads\/usu2039\/2020\/06\/HORARI_CONTACTE.png\" alt=\"\" width=\"225\" height=\"274\" srcset=\"https:\/\/agora.xtec.cat\/inspontdeldiable\/wp-content\/uploads\/usu2039\/2020\/06\/HORARI_CONTACTE.png 420w, https:\/\/agora.xtec.cat\/inspontdeldiable\/wp-content\/uploads\/usu2039\/2020\/06\/HORARI_CONTACTE-246x300.png 246w\" sizes=\"auto, (max-width: 225px) 100vw, 225px\" \/><\/a><\/td>\n<td style=\"border-style: none;\"><a href=\"https:\/\/agora.xtec.cat\/inspontdeldiable\/secretaria\/preinscripcio-i-matricula\/\"><img loading=\"lazy\" decoding=\"async\" class=\"wp-image-1505 aligncenter\" src=\"https:\/\/agora.xtec.cat\/inspontdeldiable\/wp-content\/uploads\/usu2039\/2020\/06\/TRAMITS.png\" alt=\"\" width=\"231\" height=\"279\" srcset=\"https:\/\/agora.xtec.cat\/inspontdeldiable\/wp-content\/uploads\/usu2039\/2020\/06\/TRAMITS.png 422w, https:\/\/agora.xtec.cat\/inspontdeldiable\/wp-content\/uploads\/usu2039\/2020\/06\/TRAMITS-248x300.png 248w\" sizes=\"auto, (max-width: 231px) 100vw, 231px\" \/><\/a><\/td>\n<\/tr>\n<tr>\n<td style=\"border-style: none;\"><a href=\"https:\/\/agora.xtec.cat\/inspontdeldiable\/secretaria\/titols-academics\/\"><img loading=\"lazy\" decoding=\"async\" class=\"wp-image-1499 aligncenter\" src=\"https:\/\/agora.xtec.cat\/inspontdeldiable\/wp-content\/uploads\/usu2039\/2020\/06\/SOL\u00b7LICITUD_T\u00cdTOL.png\" alt=\"\" width=\"250\" height=\"268\" \/><\/a><\/td>\n<td style=\"border-style: none;\"><a href=\"https:\/\/agora.xtec.cat\/inspontdeldiable\/secretaria\/tramits-sollicitud-de-certificats\/\"><img loading=\"lazy\" decoding=\"async\" class=\"wp-image-1506 aligncenter\" src=\"https:\/\/agora.xtec.cat\/inspontdeldiable\/wp-content\/uploads\/usu2039\/2020\/06\/PREINSCRIPCI\u00d3_I_MATRICULA.png\" alt=\"\" width=\"233\" height=\"271\" srcset=\"https:\/\/agora.xtec.cat\/inspontdeldiable\/wp-content\/uploads\/usu2039\/2020\/06\/PREINSCRIPCI\u00d3_I_MATRICULA.png 426w, https:\/\/agora.xtec.cat\/inspontdeldiable\/wp-content\/uploads\/usu2039\/2020\/06\/PREINSCRIPCI\u00d3_I_MATRICULA-258x300.png 258w\" sizes=\"auto, (max-width: 233px) 100vw, 233px\" \/><\/a><\/td>\n<\/tr>\n<\/tbody>\n<\/table>\n","protected":false},"excerpt":{"rendered":"<p>Benvinguts a la p\u00e0gina de Secretaria de l\u2019Institut Pont del Diable. Des d\u2019aqu\u00ed us donarem informaci\u00f3 sobre diferents aspectes que poden ser del vostre inter\u00e8s:<\/p>\n<p><a href=\"https:\/\/agora.xtec.cat\/inspontdeldiable\/secretaria\/horari-datencio-al-public\/\"><\/a><br \/>\n<a href=\"https:\/\/agora.xtec.cat\/inspontdeldiable\/secretaria\/preinscripcio-i-matricula\/\"><\/a><\/p>\n<p><a href=\"https:\/\/agora.xtec.cat\/inspontdeldiable\/secretaria\/titols-academics\/\"><\/a><br \/>\n<a href=\"https:\/\/agora.xtec.cat\/inspontdeldiable\/secretaria\/tramits-sollicitud-de-certificats\/\"><\/a><\/p>\n","protected":false},"author":1,"featured_media":0,"parent":0,"menu_order":0,"comment_status":"closed","ping_status":"closed","template":"page-templates\/side-menu.php","meta":{"_bbp_topic_count":0,"_bbp_reply_count":0,"_bbp_total_topic_count":0,"_bbp_total_reply_count":0,"_bbp_voice_count":0,"_bbp_anonymous_reply_count":0,"_bbp_topic_count_hidden":0,"_bbp_reply_count_hidden":0,"_bbp_forum_subforum_count":0,"footnotes":""},"class_list":["post-81","page","type-page","status-publish","hentry"],"post_mailing_queue_ids":[],"_links":{"self":[{"href":"https:\/\/agora.xtec.cat\/inspontdeldiable\/wp-json\/wp\/v2\/pages\/81","targetHints":{"allow":["GET"]}}],"collection":[{"href":"https:\/\/agora.xtec.cat\/inspontdeldiable\/wp-json\/wp\/v2\/pages"}],"about":[{"href":"https:\/\/agora.xtec.cat\/inspontdeldiable\/wp-json\/wp\/v2\/types\/page"}],"author":[{"embeddable":true,"href":"https:\/\/agora.xtec.cat\/inspontdeldiable\/wp-json\/wp\/v2\/users\/1"}],"replies":[{"embeddable":true,"href":"https:\/\/agora.xtec.cat\/inspontdeldiable\/wp-json\/wp\/v2\/comments?post=81"}],"version-history":[{"count":4,"href":"https:\/\/agora.xtec.cat\/inspontdeldiable\/wp-json\/wp\/v2\/pages\/81\/revisions"}],"predecessor-version":[{"id":699,"href":"https:\/\/agora.xtec.cat\/inspontdeldiable\/wp-json\/wp\/v2\/pages\/81\/revisions\/699"}],"wp:attachment":[{"href":"https:\/\/agora.xtec.cat\/inspontdeldiable\/wp-json\/wp\/v2\/media?parent=81"}],"curies":[{"name":"wp","href":"https:\/\/api.w.org\/{rel}","templated":true}]}}