{"id":65,"date":"2014-09-18T10:12:22","date_gmt":"2014-09-18T10:12:22","guid":{"rendered":"http:\/\/agora.xtec.cat\/inspontdeldiable\/?page_id=65"},"modified":"2019-11-12T16:53:58","modified_gmt":"2019-11-12T15:53:58","slug":"serveis-digitals","status":"publish","type":"page","link":"https:\/\/agora.xtec.cat\/inspontdeldiable\/projecte-educatiu\/serveis-digitals\/","title":{"rendered":"Programa Salut i Escola"},"content":{"rendered":"<p style=\"color: #444444;\">Dintre d\u2019aquest programa un mat\u00ed a la setmana ve una infermera del CAP de Sant Salvador per atendre a l\u2019alumnat, professorat i pares que ho requereixin en tots els dubtes i problemes que tinguin dintre de la tem\u00e0tica adolescent, aspectes de prevenci\u00f3 i h\u00e0bits de salut. La visita es sol\u00b7licita pr\u00e8viament i sempre es tractaran els temes de manera discreta i an\u00f2nima.<\/p>\n","protected":false},"excerpt":{"rendered":"<p>Dintre d\u2019aquest programa un mat\u00ed a la setmana ve una infermera del CAP de Sant Salvador per atendre a l\u2019alumnat, professorat i pares que ho requereixin en tots els dubtes i problemes que tinguin dintre de la tem\u00e0tica adolescent, aspectes de prevenci\u00f3 i h\u00e0bits de&hellip;  <a href=\"https:\/\/agora.xtec.cat\/inspontdeldiable\/projecte-educatiu\/serveis-digitals\/\" title=\"Read Programa Salut i Escola\">Llegeix m\u00e9s\u00bb<\/a><\/p>\n","protected":false},"author":1,"featured_media":0,"parent":57,"menu_order":50,"comment_status":"closed","ping_status":"closed","template":"page-templates\/side-menu.php","meta":{"_bbp_topic_count":0,"_bbp_reply_count":0,"_bbp_total_topic_count":0,"_bbp_total_reply_count":0,"_bbp_voice_count":0,"_bbp_anonymous_reply_count":0,"_bbp_topic_count_hidden":0,"_bbp_reply_count_hidden":0,"_bbp_forum_subforum_count":0,"footnotes":""},"class_list":["post-65","page","type-page","status-publish","hentry"],"post_mailing_queue_ids":[],"_links":{"self":[{"href":"https:\/\/agora.xtec.cat\/inspontdeldiable\/wp-json\/wp\/v2\/pages\/65","targetHints":{"allow":["GET"]}}],"collection":[{"href":"https:\/\/agora.xtec.cat\/inspontdeldiable\/wp-json\/wp\/v2\/pages"}],"about":[{"href":"https:\/\/agora.xtec.cat\/inspontdeldiable\/wp-json\/wp\/v2\/types\/page"}],"author":[{"embeddable":true,"href":"https:\/\/agora.xtec.cat\/inspontdeldiable\/wp-json\/wp\/v2\/users\/1"}],"replies":[{"embeddable":true,"href":"https:\/\/agora.xtec.cat\/inspontdeldiable\/wp-json\/wp\/v2\/comments?post=65"}],"version-history":[{"count":1,"href":"https:\/\/agora.xtec.cat\/inspontdeldiable\/wp-json\/wp\/v2\/pages\/65\/revisions"}],"predecessor-version":[{"id":558,"href":"https:\/\/agora.xtec.cat\/inspontdeldiable\/wp-json\/wp\/v2\/pages\/65\/revisions\/558"}],"up":[{"embeddable":true,"href":"https:\/\/agora.xtec.cat\/inspontdeldiable\/wp-json\/wp\/v2\/pages\/57"}],"wp:attachment":[{"href":"https:\/\/agora.xtec.cat\/inspontdeldiable\/wp-json\/wp\/v2\/media?parent=65"}],"curies":[{"name":"wp","href":"https:\/\/api.w.org\/{rel}","templated":true}]}}