{"id":608,"date":"2019-11-11T22:03:37","date_gmt":"2019-11-11T21:03:37","guid":{"rendered":"https:\/\/agora.xtec.cat\/inspontdeldiable\/?page_id=608"},"modified":"2020-01-27T20:19:14","modified_gmt":"2020-01-27T19:19:14","slug":"revista","status":"publish","type":"page","link":"https:\/\/agora.xtec.cat\/inspontdeldiable\/projecte-educatiu\/revista\/","title":{"rendered":"Revista"},"content":{"rendered":"<p style=\"text-align: justify;\">L\u2019Institut Pont del Diable elabora cada any una publicaci\u00f3 que porta per nom <i>Calidoscopi<\/i>. En ella s\u2019intenta reflectir la realitat del centre i del barri, amb la col\u00b7laboraci\u00f3 de tota la comunitat educativa: professorat, alumnat, fam\u00edlies i entorn. Des del 2013 tenim el privilegi de comptar amb el Sr. Rafael Egea, un professional de les Arts Gr\u00e0fiques jubilat, que aporta els seus coneixements en mat\u00e8ria editorial per aconseguir una publicaci\u00f3 de molta qualitat. La revista \u00e9s possible gr\u00e0cies a les aportacions de diverses entitats locals (Esclat, Cobega, Blats &amp; Blend), i especialment de l\u2019empresa REPSOL, principal patrocinadora del projecte.<\/p>\n<table style=\"height: 630px; width: 1033px;\" width=\"1117\">\n<tbody>\n<tr style=\"height: 233px;\">\n<td style=\"width: 169.734375px; height: 233px;\">\n<p style=\"text-align: center;\"><span style=\"color: #0000ff;\"><em><strong>REVISTA 2010<\/strong><\/em><\/span><\/p>\n<p><a style=\"color: #2795b6;\" href=\"https:\/\/drive.google.com\/open?id=1xmAnh1jjMWOueoUyEObQBof9q4Fr5XBR\"><img loading=\"lazy\" decoding=\"async\" class=\"alignnone wp-image-728 size-full\" src=\"https:\/\/agora.xtec.cat\/inspontdeldiable\/wp-content\/uploads\/usu2039\/2020\/01\/portada-revista-2010-250x350.png\" alt=\"\" width=\"250\" height=\"350\" srcset=\"https:\/\/agora.xtec.cat\/inspontdeldiable\/wp-content\/uploads\/usu2039\/2020\/01\/portada-revista-2010-250x350.png 250w, https:\/\/agora.xtec.cat\/inspontdeldiable\/wp-content\/uploads\/usu2039\/2020\/01\/portada-revista-2010-250x350-214x300.png 214w\" sizes=\"auto, (max-width: 250px) 100vw, 250px\" \/><\/a><\/td>\n<td style=\"width: 169.734375px; height: 233px;\">\n<p style=\"text-align: center;\"><em><strong><span style=\"color: #0000ff;\">REVISTA 2011<\/span><\/strong><\/em><\/p>\n<p><a href=\"https:\/\/drive.google.com\/open?id=12l7vu5LzRFkS-CbSuCWysas6g17_kAxr\"><img loading=\"lazy\" decoding=\"async\" class=\"alignnone wp-image-725 size-full\" src=\"https:\/\/agora.xtec.cat\/inspontdeldiable\/wp-content\/uploads\/usu2039\/2020\/01\/portada-2011-250x350.jpg\" alt=\"\" width=\"250\" height=\"350\" srcset=\"https:\/\/agora.xtec.cat\/inspontdeldiable\/wp-content\/uploads\/usu2039\/2020\/01\/portada-2011-250x350.jpg 250w, https:\/\/agora.xtec.cat\/inspontdeldiable\/wp-content\/uploads\/usu2039\/2020\/01\/portada-2011-250x350-214x300.jpg 214w\" sizes=\"auto, (max-width: 250px) 100vw, 250px\" \/><\/a><\/td>\n<td style=\"width: 169.734375px; height: 233px;\">\n<p style=\"text-align: center;\"><span style=\"color: #0000ff;\"><em><strong>REVISTA 2012<\/strong><\/em><\/span><\/p>\n<p><a href=\"https:\/\/drive.google.com\/open?id=13RO0s3Ohq1kFG2077QUXX7LOA748qEsn\"><img loading=\"lazy\" decoding=\"async\" class=\"alignnone wp-image-723 size-full\" src=\"https:\/\/agora.xtec.cat\/inspontdeldiable\/wp-content\/uploads\/usu2039\/2020\/01\/portada-2012-250x350.jpg\" alt=\"\" width=\"250\" height=\"350\" srcset=\"https:\/\/agora.xtec.cat\/inspontdeldiable\/wp-content\/uploads\/usu2039\/2020\/01\/portada-2012-250x350.jpg 250w, https:\/\/agora.xtec.cat\/inspontdeldiable\/wp-content\/uploads\/usu2039\/2020\/01\/portada-2012-250x350-214x300.jpg 214w\" sizes=\"auto, (max-width: 250px) 100vw, 250px\" \/><\/a><\/td>\n<td style=\"width: 169.734375px; height: 233px;\">\n<p style=\"text-align: center;\"><strong><em><span style=\"color: #0000ff;\">REVISTA 2013<\/span><\/em><\/strong><\/p>\n<p><a href=\"https:\/\/drive.google.com\/open?id=1EjIV3TOF-jPYR9KmPyhq0LWtpKmMuYk9\"><img loading=\"lazy\" decoding=\"async\" class=\"alignnone wp-image-729 size-full\" src=\"https:\/\/agora.xtec.cat\/inspontdeldiable\/wp-content\/uploads\/usu2039\/2020\/01\/portada-2013-250x350.jpg\" alt=\"\" width=\"250\" height=\"350\" srcset=\"https:\/\/agora.xtec.cat\/inspontdeldiable\/wp-content\/uploads\/usu2039\/2020\/01\/portada-2013-250x350.jpg 250w, https:\/\/agora.xtec.cat\/inspontdeldiable\/wp-content\/uploads\/usu2039\/2020\/01\/portada-2013-250x350-214x300.jpg 214w\" sizes=\"auto, (max-width: 250px) 100vw, 250px\" \/><\/a><\/td>\n<td style=\"width: 169.734375px; height: 233px;\">\n<p style=\"text-align: center;\"><strong><em><span style=\"color: #0000ff;\">REVISTA 2014<\/span><\/em><\/strong><\/p>\n<p><a href=\"https:\/\/drive.google.com\/open?id=1ESVka0gyrrijN0KkY9SHc1njQlzMNxgz\"><img loading=\"lazy\" decoding=\"async\" class=\"alignnone wp-image-727 size-full\" src=\"https:\/\/agora.xtec.cat\/inspontdeldiable\/wp-content\/uploads\/usu2039\/2020\/01\/portada-2014-250x350.jpg\" alt=\"\" width=\"250\" height=\"350\" srcset=\"https:\/\/agora.xtec.cat\/inspontdeldiable\/wp-content\/uploads\/usu2039\/2020\/01\/portada-2014-250x350.jpg 250w, https:\/\/agora.xtec.cat\/inspontdeldiable\/wp-content\/uploads\/usu2039\/2020\/01\/portada-2014-250x350-214x300.jpg 214w\" sizes=\"auto, (max-width: 250px) 100vw, 250px\" \/><\/a><\/td>\n<td style=\"width: 168.359375px;\">\n<p style=\"text-align: center;\"><strong><em><span style=\"color: #0000ff;\">REVISTA 2015<\/span><\/em><\/strong><\/p>\n<p><a href=\"https:\/\/drive.google.com\/open?id=1AINCowhwhT903m1L39IIE492SqNKNH4p\"><img loading=\"lazy\" decoding=\"async\" class=\"alignnone wp-image-726 size-full\" src=\"https:\/\/agora.xtec.cat\/inspontdeldiable\/wp-content\/uploads\/usu2039\/2020\/01\/portada-2015-250x350.jpg\" alt=\"\" width=\"250\" height=\"350\" srcset=\"https:\/\/agora.xtec.cat\/inspontdeldiable\/wp-content\/uploads\/usu2039\/2020\/01\/portada-2015-250x350.jpg 250w, https:\/\/agora.xtec.cat\/inspontdeldiable\/wp-content\/uploads\/usu2039\/2020\/01\/portada-2015-250x350-214x300.jpg 214w\" sizes=\"auto, (max-width: 250px) 100vw, 250px\" \/><\/a><\/td>\n<\/tr>\n<tr style=\"height: 65px;\">\n<td style=\"width: 169.734375px; height: 65px;\">\n<p style=\"text-align: center;\"><span style=\"color: #0000ff;\"><em><strong>REVISTA 2016<\/strong><\/em><\/span><\/p>\n<p><a href=\"https:\/\/agora.xtec.cat\/inspontdeldiable\/wp-content\/uploads\/usu2039\/2020\/01\/portada-revista-2016-250x350.png\"><img loading=\"lazy\" decoding=\"async\" class=\"alignnone size-full wp-image-724\" src=\"https:\/\/agora.xtec.cat\/inspontdeldiable\/wp-content\/uploads\/usu2039\/2020\/01\/portada-revista-2016-250x350.png\" alt=\"\" width=\"250\" height=\"350\" srcset=\"https:\/\/agora.xtec.cat\/inspontdeldiable\/wp-content\/uploads\/usu2039\/2020\/01\/portada-revista-2016-250x350.png 250w, https:\/\/agora.xtec.cat\/inspontdeldiable\/wp-content\/uploads\/usu2039\/2020\/01\/portada-revista-2016-250x350-214x300.png 214w\" sizes=\"auto, (max-width: 250px) 100vw, 250px\" \/><\/a><\/td>\n<td style=\"width: 169.734375px; height: 65px; text-align: center;\"><span style=\"color: #0000ff;\"><em><strong>REVISTA 2017<\/strong><\/em><\/span><\/p>\n<p>&nbsp;<\/p>\n<p>&nbsp;<\/p>\n<p>&nbsp;<\/p>\n<p>&nbsp;<\/p>\n<p>&nbsp;<\/p>\n<p>&nbsp;<\/p>\n<p>&nbsp;<\/td>\n<td style=\"width: 169.734375px; height: 65px; text-align: center;\"><span style=\"color: #0000ff;\"><em><strong>REVISTA 2018<\/strong><\/em><\/span><\/p>\n<p>&nbsp;<\/p>\n<p>&nbsp;<\/p>\n<p>&nbsp;<\/p>\n<p>&nbsp;<\/p>\n<p>&nbsp;<\/p>\n<p>&nbsp;<\/p>\n<p>&nbsp;<\/td>\n<td style=\"width: 169.734375px; height: 65px; text-align: center;\"><span style=\"color: #0000ff;\"><em><strong>REVISTA 2019<\/strong><\/em><\/span><\/p>\n<p>&nbsp;<\/p>\n<p>&nbsp;<\/p>\n<p>&nbsp;<\/p>\n<p>&nbsp;<\/p>\n<p>&nbsp;<\/p>\n<p>&nbsp;<\/p>\n<p>&nbsp;<\/td>\n<td style=\"width: 169.734375px; height: 65px;\">\n<p style=\"text-align: center;\"><span style=\"color: #0000ff;\"><em><strong>REVISTA 2020<\/strong><\/em><\/span><\/p>\n<p>&nbsp;<\/p>\n<p>&nbsp;<\/p>\n<p>&nbsp;<\/p>\n<p>&nbsp;<\/p>\n<p>&nbsp;<\/p>\n<p>&nbsp;<\/p>\n<p>&nbsp;<\/td>\n<td style=\"width: 168.359375px;\"><\/td>\n<\/tr>\n<\/tbody>\n<\/table>\n","protected":false},"excerpt":{"rendered":"<p>L\u2019Institut Pont del Diable elabora cada any una publicaci\u00f3 que porta per nom Calidoscopi. En ella s\u2019intenta reflectir la realitat del centre i del barri, amb la col\u00b7laboraci\u00f3 de tota la comunitat educativa: professorat, alumnat, fam\u00edlies i entorn. Des del 2013 tenim el privilegi de&hellip;  <a href=\"https:\/\/agora.xtec.cat\/inspontdeldiable\/projecte-educatiu\/revista\/\" title=\"Read Revista\">Llegeix m\u00e9s\u00bb<\/a><\/p>\n","protected":false},"author":1,"featured_media":0,"parent":57,"menu_order":0,"comment_status":"closed","ping_status":"closed","template":"page-templates\/side-menu.php","meta":{"_bbp_topic_count":0,"_bbp_reply_count":0,"_bbp_total_topic_count":0,"_bbp_total_reply_count":0,"_bbp_voice_count":0,"_bbp_anonymous_reply_count":0,"_bbp_topic_count_hidden":0,"_bbp_reply_count_hidden":0,"_bbp_forum_subforum_count":0,"footnotes":""},"class_list":["post-608","page","type-page","status-publish","hentry"],"post_mailing_queue_ids":[],"_links":{"self":[{"href":"https:\/\/agora.xtec.cat\/inspontdeldiable\/wp-json\/wp\/v2\/pages\/608","targetHints":{"allow":["GET"]}}],"collection":[{"href":"https:\/\/agora.xtec.cat\/inspontdeldiable\/wp-json\/wp\/v2\/pages"}],"about":[{"href":"https:\/\/agora.xtec.cat\/inspontdeldiable\/wp-json\/wp\/v2\/types\/page"}],"author":[{"embeddable":true,"href":"https:\/\/agora.xtec.cat\/inspontdeldiable\/wp-json\/wp\/v2\/users\/1"}],"replies":[{"embeddable":true,"href":"https:\/\/agora.xtec.cat\/inspontdeldiable\/wp-json\/wp\/v2\/comments?post=608"}],"version-history":[{"count":3,"href":"https:\/\/agora.xtec.cat\/inspontdeldiable\/wp-json\/wp\/v2\/pages\/608\/revisions"}],"predecessor-version":[{"id":740,"href":"https:\/\/agora.xtec.cat\/inspontdeldiable\/wp-json\/wp\/v2\/pages\/608\/revisions\/740"}],"up":[{"embeddable":true,"href":"https:\/\/agora.xtec.cat\/inspontdeldiable\/wp-json\/wp\/v2\/pages\/57"}],"wp:attachment":[{"href":"https:\/\/agora.xtec.cat\/inspontdeldiable\/wp-json\/wp\/v2\/media?parent=608"}],"curies":[{"name":"wp","href":"https:\/\/api.w.org\/{rel}","templated":true}]}}