{"id":589,"date":"2019-11-11T21:29:33","date_gmt":"2019-11-11T20:29:33","guid":{"rendered":"https:\/\/agora.xtec.cat\/inspontdeldiable\/?page_id=589"},"modified":"2022-11-09T13:17:34","modified_gmt":"2022-11-09T12:17:34","slug":"programacio-general-anual-pga","status":"publish","type":"page","link":"https:\/\/agora.xtec.cat\/inspontdeldiable\/doc-organitzacio-i-gestio\/programacio-general-anual-pga\/","title":{"rendered":"Programaci\u00f3 General Anual (PGA)"},"content":{"rendered":"<p>Per consultar la Programaci\u00f3 General Anual (PGA) clica aqu\u00ed<\/p>\n","protected":false},"excerpt":{"rendered":"<p>Per consultar la Programaci\u00f3 General Anual (PGA) clica aqu\u00ed<\/p>\n","protected":false},"author":1,"featured_media":0,"parent":579,"menu_order":30,"comment_status":"closed","ping_status":"closed","template":"page-templates\/side-menu.php","meta":{"_bbp_topic_count":0,"_bbp_reply_count":0,"_bbp_total_topic_count":0,"_bbp_total_reply_count":0,"_bbp_voice_count":0,"_bbp_anonymous_reply_count":0,"_bbp_topic_count_hidden":0,"_bbp_reply_count_hidden":0,"_bbp_forum_subforum_count":0,"footnotes":""},"class_list":["post-589","page","type-page","status-publish","hentry"],"post_mailing_queue_ids":[],"_links":{"self":[{"href":"https:\/\/agora.xtec.cat\/inspontdeldiable\/wp-json\/wp\/v2\/pages\/589","targetHints":{"allow":["GET"]}}],"collection":[{"href":"https:\/\/agora.xtec.cat\/inspontdeldiable\/wp-json\/wp\/v2\/pages"}],"about":[{"href":"https:\/\/agora.xtec.cat\/inspontdeldiable\/wp-json\/wp\/v2\/types\/page"}],"author":[{"embeddable":true,"href":"https:\/\/agora.xtec.cat\/inspontdeldiable\/wp-json\/wp\/v2\/users\/1"}],"replies":[{"embeddable":true,"href":"https:\/\/agora.xtec.cat\/inspontdeldiable\/wp-json\/wp\/v2\/comments?post=589"}],"version-history":[{"count":3,"href":"https:\/\/agora.xtec.cat\/inspontdeldiable\/wp-json\/wp\/v2\/pages\/589\/revisions"}],"predecessor-version":[{"id":2101,"href":"https:\/\/agora.xtec.cat\/inspontdeldiable\/wp-json\/wp\/v2\/pages\/589\/revisions\/2101"}],"up":[{"embeddable":true,"href":"https:\/\/agora.xtec.cat\/inspontdeldiable\/wp-json\/wp\/v2\/pages\/579"}],"wp:attachment":[{"href":"https:\/\/agora.xtec.cat\/inspontdeldiable\/wp-json\/wp\/v2\/media?parent=589"}],"curies":[{"name":"wp","href":"https:\/\/api.w.org\/{rel}","templated":true}]}}