{"id":560,"date":"2019-11-11T20:16:11","date_gmt":"2019-11-11T19:16:11","guid":{"rendered":"https:\/\/agora.xtec.cat\/inspontdeldiable\/?page_id=560"},"modified":"2020-01-27T19:47:30","modified_gmt":"2020-01-27T18:47:30","slug":"puntedu","status":"publish","type":"page","link":"https:\/\/agora.xtec.cat\/inspontdeldiable\/projecte-educatiu\/puntedu\/","title":{"rendered":"Biblioteca escolar &#8220;Puntedu&#8221;"},"content":{"rendered":"<p>La biblioteca escolar \u00e9s un espai educatiu i din\u00e0mic, un centre de recursos que cont\u00e9 documents en tot tipus de suport per a l\u2019aprenentatge i per a la recerca. \u00c9s un servei per al desenvolupament del curr\u00edculum i del projecte educatiu de centre adre\u00e7at al professorat, a l\u2019alumnat i a tota la comunitat educativa. La seva missi\u00f3 \u00e9s facilitar l\u2019acc\u00e9s i difondre els recursos d\u2019informaci\u00f3, afavorint els processos de creaci\u00f3 del coneixement.<\/p>\n<p>Per consultar el cat\u00e0leg de la nostra biblioteca podeu anar a: <a href=\"https:\/\/aplicacions.gestioeducativa.gencat.cat\/epergam\/web\/biblioteca.jsp?codi=43008501\"><img loading=\"lazy\" decoding=\"async\" class=\"alignnone wp-image-550 size-full\" src=\"http:\/\/www.institutpontdeldiable.cat\/wp-content\/uploads\/2018\/01\/biblioteca-epergam.png\" alt=\"biblioteca epergam\" width=\"150\" height=\"47\" \/><\/a><\/p>\n<p>Aqu\u00ed podeu consultar la <strong><a href=\"https:\/\/drive.google.com\/open?id=1pTlwyx6sDCKwq-8ynWHmkf9nhtyKAX7s\">guia d\u2019\u00fas<\/a>.<\/strong><\/p>\n","protected":false},"excerpt":{"rendered":"<p>La biblioteca escolar \u00e9s un espai educatiu i din\u00e0mic, un centre de recursos que cont\u00e9 documents en tot tipus de suport per a l\u2019aprenentatge i per a la recerca. \u00c9s un servei per al desenvolupament del curr\u00edculum i del projecte educatiu de centre adre\u00e7at al&hellip;  <a href=\"https:\/\/agora.xtec.cat\/inspontdeldiable\/projecte-educatiu\/puntedu\/\" title=\"Read Biblioteca escolar &#8220;Puntedu&#8221;\">Llegeix m\u00e9s\u00bb<\/a><\/p>\n","protected":false},"author":1,"featured_media":0,"parent":57,"menu_order":70,"comment_status":"closed","ping_status":"closed","template":"page-templates\/side-menu.php","meta":{"_bbp_topic_count":0,"_bbp_reply_count":0,"_bbp_total_topic_count":0,"_bbp_total_reply_count":0,"_bbp_voice_count":0,"_bbp_anonymous_reply_count":0,"_bbp_topic_count_hidden":0,"_bbp_reply_count_hidden":0,"_bbp_forum_subforum_count":0,"footnotes":""},"class_list":["post-560","page","type-page","status-publish","hentry"],"post_mailing_queue_ids":[],"_links":{"self":[{"href":"https:\/\/agora.xtec.cat\/inspontdeldiable\/wp-json\/wp\/v2\/pages\/560","targetHints":{"allow":["GET"]}}],"collection":[{"href":"https:\/\/agora.xtec.cat\/inspontdeldiable\/wp-json\/wp\/v2\/pages"}],"about":[{"href":"https:\/\/agora.xtec.cat\/inspontdeldiable\/wp-json\/wp\/v2\/types\/page"}],"author":[{"embeddable":true,"href":"https:\/\/agora.xtec.cat\/inspontdeldiable\/wp-json\/wp\/v2\/users\/1"}],"replies":[{"embeddable":true,"href":"https:\/\/agora.xtec.cat\/inspontdeldiable\/wp-json\/wp\/v2\/comments?post=560"}],"version-history":[{"count":3,"href":"https:\/\/agora.xtec.cat\/inspontdeldiable\/wp-json\/wp\/v2\/pages\/560\/revisions"}],"predecessor-version":[{"id":721,"href":"https:\/\/agora.xtec.cat\/inspontdeldiable\/wp-json\/wp\/v2\/pages\/560\/revisions\/721"}],"up":[{"embeddable":true,"href":"https:\/\/agora.xtec.cat\/inspontdeldiable\/wp-json\/wp\/v2\/pages\/57"}],"wp:attachment":[{"href":"https:\/\/agora.xtec.cat\/inspontdeldiable\/wp-json\/wp\/v2\/media?parent=560"}],"curies":[{"name":"wp","href":"https:\/\/api.w.org\/{rel}","templated":true}]}}