{"id":512,"date":"2019-11-11T17:48:50","date_gmt":"2019-11-11T16:48:50","guid":{"rendered":"https:\/\/agora.xtec.cat\/inspontdeldiable\/?page_id=512"},"modified":"2022-03-30T14:31:10","modified_gmt":"2022-03-30T12:31:10","slug":"beques-i-ajuts","status":"publish","type":"page","link":"https:\/\/agora.xtec.cat\/inspontdeldiable\/secretaria\/beques-i-ajuts\/","title":{"rendered":"Beques i ajuts"},"content":{"rendered":"<h3>Convocat\u00f2ria beques i ajuts MEC curs 2022-2023<\/h3>\n<p>Ha estat publicada la<a href=\"https:\/\/educacio.gencat.cat\/web\/shared\/OVT\/Departaments\/ENS\/TramitOVT\/beques-ministeri\/postobligatoris\/convocatoria-boe-postobligatoris.pdf\">\u00a0Resoluci\u00f3 de 10 de mar\u00e7 de 2022<\/a>,\u00a0de la Secretaria d\u2019Estat d\u2019Educaci\u00f3, per la qual es convoquen beques de car\u00e0cter general per al curs acad\u00e8mic 2022-2023, per a estudiants que cursin estudis postobligatoris (BOE n\u00fam. 61, de 12.3.2022)<\/p>\n<p>Termini presentaci\u00f3 sol\u00b7licituds: des del\u00a0<strong>30 de mar\u00e7 fins al 12 de maig de 2022, ambd\u00f3s inclosos<\/strong>.<\/p>\n<p><a href=\"https:\/\/educacio.gencat.cat\/ca\/tramits\/tramits-temes\/247-beques-ministerio-postobligatoris\">https:\/\/educacio.gencat.cat\/ca\/tramits\/tramits-temes\/247-beques-ministerio-postobligatoris<\/a><\/p>\n","protected":false},"excerpt":{"rendered":"<p>Convocat\u00f2ria beques i ajuts MEC curs 2022-2023<br \/>\nHa estat publicada la<a href=\"https:\/\/educacio.gencat.cat\/web\/shared\/OVT\/Departaments\/ENS\/TramitOVT\/beques-ministeri\/postobligatoris\/convocatoria-boe-postobligatoris.pdf\">\u00a0Resoluci\u00f3 de 10 de mar\u00e7 de 2022<\/a>,\u00a0de la Secretaria d\u2019Estat d\u2019Educaci\u00f3, per la qual es convoquen beques de car\u00e0cter general per al curs acad\u00e8mic 2022-2023, per a estudiants que cursin estudis postobligatoris (BOE n\u00fam. 61,&hellip;  <a href=\"https:\/\/agora.xtec.cat\/inspontdeldiable\/secretaria\/beques-i-ajuts\/\" title=\"Read Beques i ajuts\">Llegeix m\u00e9s\u00bb<\/a><\/p>\n","protected":false},"author":1,"featured_media":0,"parent":81,"menu_order":50,"comment_status":"closed","ping_status":"closed","template":"page-templates\/side-menu.php","meta":{"_bbp_topic_count":0,"_bbp_reply_count":0,"_bbp_total_topic_count":0,"_bbp_total_reply_count":0,"_bbp_voice_count":0,"_bbp_anonymous_reply_count":0,"_bbp_topic_count_hidden":0,"_bbp_reply_count_hidden":0,"_bbp_forum_subforum_count":0,"footnotes":""},"class_list":["post-512","page","type-page","status-publish","hentry"],"post_mailing_queue_ids":[],"_links":{"self":[{"href":"https:\/\/agora.xtec.cat\/inspontdeldiable\/wp-json\/wp\/v2\/pages\/512","targetHints":{"allow":["GET"]}}],"collection":[{"href":"https:\/\/agora.xtec.cat\/inspontdeldiable\/wp-json\/wp\/v2\/pages"}],"about":[{"href":"https:\/\/agora.xtec.cat\/inspontdeldiable\/wp-json\/wp\/v2\/types\/page"}],"author":[{"embeddable":true,"href":"https:\/\/agora.xtec.cat\/inspontdeldiable\/wp-json\/wp\/v2\/users\/1"}],"replies":[{"embeddable":true,"href":"https:\/\/agora.xtec.cat\/inspontdeldiable\/wp-json\/wp\/v2\/comments?post=512"}],"version-history":[{"count":2,"href":"https:\/\/agora.xtec.cat\/inspontdeldiable\/wp-json\/wp\/v2\/pages\/512\/revisions"}],"predecessor-version":[{"id":1967,"href":"https:\/\/agora.xtec.cat\/inspontdeldiable\/wp-json\/wp\/v2\/pages\/512\/revisions\/1967"}],"up":[{"embeddable":true,"href":"https:\/\/agora.xtec.cat\/inspontdeldiable\/wp-json\/wp\/v2\/pages\/81"}],"wp:attachment":[{"href":"https:\/\/agora.xtec.cat\/inspontdeldiable\/wp-json\/wp\/v2\/media?parent=512"}],"curies":[{"name":"wp","href":"https:\/\/api.w.org\/{rel}","templated":true}]}}