{"id":503,"date":"2019-11-11T17:38:14","date_gmt":"2019-11-11T16:38:14","guid":{"rendered":"https:\/\/agora.xtec.cat\/inspontdeldiable\/?page_id=503"},"modified":"2024-09-13T13:52:24","modified_gmt":"2024-09-13T11:52:24","slug":"horari-datencio-al-public","status":"publish","type":"page","link":"https:\/\/agora.xtec.cat\/inspontdeldiable\/secretaria\/horari-datencio-al-public\/","title":{"rendered":"Horari i contacte"},"content":{"rendered":"<p>Per realitzar qualsevol consulta o sol\u00b7licitud podeu trucar al tel\u00e8fon\u00a0<strong>977523011<\/strong>\u00a0(preguntant per Secretaria o Administraci\u00f3) o enviar un correu electr\u00f2nic a\u00a0<a href=\"mailto:secretariapontdeldiable@gmail.com\"><strong>secretariapontdeldiable@gmail.com<\/strong><\/a>\u00a0indicant la vostra consulta.<\/p>\n<p>&nbsp;<\/p>\n<p>L&#8217;horari d&#8217;atenci\u00f3 al p\u00fablic \u00e9s de dilluns a divendres als matins de 8:00 fins a 9:00 hores, i de 11:30 a 13:30.<\/p>\n","protected":false},"excerpt":{"rendered":"<p>Per realitzar qualsevol consulta o sol\u00b7licitud podeu trucar al tel\u00e8fon\u00a0977523011\u00a0(preguntant per Secretaria o Administraci\u00f3) o enviar un correu electr\u00f2nic a\u00a0<a href=\"mailto:secretariapontdeldiable@gmail.com\">secretariapontdeldiable@gmail.com<\/a>\u00a0indicant la vostra consulta.<br \/>\n&nbsp;<br \/>\nL&#8217;horari d&#8217;atenci\u00f3 al p\u00fablic \u00e9s de dilluns a divendres als matins de 8:00 fins a 9:00 hores, i de 11:30 a 13:30.<\/p>\n","protected":false},"author":1,"featured_media":0,"parent":81,"menu_order":10,"comment_status":"closed","ping_status":"closed","template":"page-templates\/side-menu.php","meta":{"_bbp_topic_count":0,"_bbp_reply_count":0,"_bbp_total_topic_count":0,"_bbp_total_reply_count":0,"_bbp_voice_count":0,"_bbp_anonymous_reply_count":0,"_bbp_topic_count_hidden":0,"_bbp_reply_count_hidden":0,"_bbp_forum_subforum_count":0,"footnotes":""},"class_list":["post-503","page","type-page","status-publish","hentry"],"post_mailing_queue_ids":[],"_links":{"self":[{"href":"https:\/\/agora.xtec.cat\/inspontdeldiable\/wp-json\/wp\/v2\/pages\/503","targetHints":{"allow":["GET"]}}],"collection":[{"href":"https:\/\/agora.xtec.cat\/inspontdeldiable\/wp-json\/wp\/v2\/pages"}],"about":[{"href":"https:\/\/agora.xtec.cat\/inspontdeldiable\/wp-json\/wp\/v2\/types\/page"}],"author":[{"embeddable":true,"href":"https:\/\/agora.xtec.cat\/inspontdeldiable\/wp-json\/wp\/v2\/users\/1"}],"replies":[{"embeddable":true,"href":"https:\/\/agora.xtec.cat\/inspontdeldiable\/wp-json\/wp\/v2\/comments?post=503"}],"version-history":[{"count":5,"href":"https:\/\/agora.xtec.cat\/inspontdeldiable\/wp-json\/wp\/v2\/pages\/503\/revisions"}],"predecessor-version":[{"id":2556,"href":"https:\/\/agora.xtec.cat\/inspontdeldiable\/wp-json\/wp\/v2\/pages\/503\/revisions\/2556"}],"up":[{"embeddable":true,"href":"https:\/\/agora.xtec.cat\/inspontdeldiable\/wp-json\/wp\/v2\/pages\/81"}],"wp:attachment":[{"href":"https:\/\/agora.xtec.cat\/inspontdeldiable\/wp-json\/wp\/v2\/media?parent=503"}],"curies":[{"name":"wp","href":"https:\/\/api.w.org\/{rel}","templated":true}]}}