{"id":2372,"date":"2025-05-29T08:30:13","date_gmt":"2025-05-29T06:30:13","guid":{"rendered":"https:\/\/agora.xtec.cat\/inspontdeldiable\/?page_id=2372"},"modified":"2026-04-13T09:39:38","modified_gmt":"2026-04-13T07:39:38","slug":"radio","status":"publish","type":"page","link":"https:\/\/agora.xtec.cat\/inspontdeldiable\/radio\/","title":{"rendered":"R\u00c0DIO"},"content":{"rendered":"<p>En aquesta p\u00e0gina podreu escoltar els diferents programes de r\u00e0dio de l&#8217;alumnat de 4 d&#8217;ESO clicant als seg\u00fcents enlla\u00e7os:<\/p>\n<p><em><strong>CURS 25-26<\/strong><\/em><\/p>\n<p><a href=\"https:\/\/drive.google.com\/file\/d\/1Kt7rD7IGJRgrKFB77s2UuEwvySqXAGoj\/view?usp=drive_link\">Programa 1<\/a><\/p>\n<p><a href=\"https:\/\/drive.google.com\/file\/d\/1FuNhx9wIwFeC8zZxmuBcAvftWs6Y-wlr\/view?usp=sharing\">Programa 2<\/a><\/p>\n<p><a href=\"https:\/\/drive.google.com\/file\/d\/1d1wP4QBmiieay7liO4YYdBXqubiPHuMM\/view?usp=sharing\">Programa 3<\/a><\/p>\n<p><a href=\"https:\/\/drive.google.com\/file\/d\/1fYBRTHeuBk3M6vDJma6L9CBgIHG_1Rne\/view?usp=sharing\">Programa 4<\/a><\/p>\n<p><a href=\"https:\/\/drive.google.com\/file\/d\/1aomQWS5ikwxAYqMtp3RGk50IVTL8F8Lt\/view?usp=sharing\">Programa 5<\/a><\/p>\n<p>Programa 6<\/p>\n<p>Programa 7<\/p>\n<p>Programa 8<\/p>\n<p>Programa 9<\/p>\n<p>Programa 10<\/p>\n<p>Programa 11<\/p>\n<p>Programa 12<\/p>\n<p>Programa 13<\/p>\n<p><em><strong>CURS 24-25<\/strong><\/em><\/p>\n<p><strong><a href=\"https:\/\/drive.google.com\/file\/d\/14_42GBfRMq581_kru5d6IxikyjxSz2IO\/view?usp=drive_link\">Programa 1 (24\/01\/25)<\/a><\/strong><\/p>\n<p><strong><a href=\"https:\/\/drive.google.com\/file\/d\/12w1kgDVypZA3q1YOO7oqvKdAOAP3ICs1\/view?usp=sharing\">Programa 2 (31\/01\/2025)<\/a><\/strong><\/p>\n<p><strong><a href=\"https:\/\/drive.google.com\/file\/d\/12w1kgDVypZA3q1YOO7oqvKdAOAP3ICs1\/view?usp=sharing\">Programa 3 (14\/02\/2025)<\/a><\/strong><\/p>\n<p><strong><a href=\"https:\/\/drive.google.com\/file\/d\/1owdlqjKdt327Jz_AcWJsUC9I5KvKuB-w\/view?usp=sharing\">Programa 4 (21\/02\/2025)<\/a><\/strong><\/p>\n<p><strong><a href=\"https:\/\/drive.google.com\/file\/d\/1owdlqjKdt327Jz_AcWJsUC9I5KvKuB-w\/view?usp=sharing\">Reemissi\u00f3 programa 4 (07\/03\/2025)<\/a><\/strong><\/p>\n<p><strong><a href=\"https:\/\/drive.google.com\/file\/d\/1AsfOoM7ljQ_MhAWwv4JG2SttFeO7m7t5\/view?usp=drive_link\">Programa 5 (14\/03\/2025)<\/a><\/strong><\/p>\n<p><strong><a href=\"https:\/\/drive.google.com\/file\/d\/1eoE-s8z7cZtLycFVGQOB3v_Hh0782zSV\/view?usp=sharing\">Programa 6 (21\/03\/2025)<\/a><\/strong><\/p>\n<p><strong><a href=\"https:\/\/drive.google.com\/file\/d\/1jXpASzBlT1xVlyBGsA5okUaZ3D336_HE\/view?usp=sharing\">Programa 7 (28\/03\/2025)<\/a><\/strong><\/p>\n<p><strong><a href=\"https:\/\/drive.google.com\/file\/d\/1o4nJAzvqhZ-iQTOhbN79wgNH9ubPnfGR\/view?usp=sharing\">Programa 8 ( 04\/04\/2025)<\/a><\/strong><\/p>\n<p><strong><a href=\"https:\/\/drive.google.com\/file\/d\/1Mss7Q-nw7qwSKHEmN3IjfL9Kt7u6vNbO\/view?usp=sharing\">Programa 9 (24\/04\/2025)<\/a><\/strong><\/p>\n<p><strong><a href=\"https:\/\/drive.google.com\/file\/d\/1_LYPmjOKVcSHPp-06rGwcUPAEwsG1cbc\/view?usp=sharing\">Programa 10 (9\/05\/2025)<\/a><\/strong><\/p>\n<p><a href=\"https:\/\/drive.google.com\/file\/d\/1_LYPmjOKVcSHPp-06rGwcUPAEwsG1cbc\/view?usp=sharing\"><strong>Reemissi\u00f3 programa 10 (16\/05\/2025)<\/strong><\/a><\/p>\n<p><a href=\"https:\/\/drive.google.com\/file\/d\/1qgXRCONVg4xu-BU8QsLJyPQBoXMjvCYL\/view?usp=sharing\"><strong>Programa 11 (23\/05\/2025)<\/strong><\/a><\/p>\n<p><a href=\"https:\/\/drive.google.com\/file\/d\/19obnKqxihQnbyfhXdFpcmxg-N2XeJuz0\/view?usp=sharing\"><strong>Programa 12 (30\/05\/2025)<\/strong><\/a><\/p>\n<p><a href=\"https:\/\/drive.google.com\/file\/d\/15hlsE5DD2bByy1OvbVnAWzIGEgrVv82g\/view?usp=sharing\"><strong>Programa 13 (17\/06\/2025)<\/strong><\/a><\/p>\n<p>&nbsp;<\/p>\n<p>&nbsp;<\/p>\n<p><em><strong>CURS 23-24<\/strong><\/em><\/p>\n<p><a href=\"https:\/\/drive.google.com\/file\/d\/11UtiokBe2Vs8HxCDthDIqs1aMEazhNG2\/view?usp=sharing\">Programa 14 (07\/06\/24)<\/a><\/p>\n<p><a href=\"https:\/\/drive.google.com\/file\/d\/15Nfe_DyLp4irSh9KNd1q8sv4oopLw8t0\/view?usp=sharing\">Programa 13 (24\/05\/24)<\/a><\/p>\n<p><a href=\"https:\/\/drive.google.com\/file\/d\/1IGRkyqoKzHwEvsGCb2Nd5k8cveK30ltz\/view?usp=sharing\">Programa 12 (10\/05\/24)<\/a><\/p>\n<p><a href=\"https:\/\/drive.google.com\/file\/d\/1Pa0OcRU4JmspuXJmMjRMkzpb5_LRs3ch\/view?usp=sharing\">Programa 11 (05\/04\/24)<\/a><\/p>\n<p><a href=\"https:\/\/drive.google.com\/file\/d\/1HcqrO5yOrJ25hs70R-CcGPYtMVrl9w-R\/view?usp=sharing\">Programa 10 (15\/03\/24)<\/a><\/p>\n<p><a href=\"https:\/\/drive.google.com\/file\/d\/1dlW17jh8gf3zukzU8fAokwRhG2kRiTW_\/view?usp=sharing\">Programa 9 (01\/03\/24)<\/a><\/p>\n<p><a href=\"https:\/\/drive.google.com\/file\/d\/1EpJ5CgJ_rbu6r4bmhYfcZuSAMEIKnvWZ\/view?usp=sharing\">Programa 8 (23\/02\/24)<\/a><\/p>\n<p><a href=\"https:\/\/drive.google.com\/file\/d\/1SWLbIbgfIXWDXqCBzpkZUDeAbCObxsMx\/view?usp=sharing\">Programa 7 (16\/02\/24)<\/a><\/p>\n<p><a href=\"https:\/\/drive.google.com\/file\/d\/1TwgNenHWmKxVtqCWHQBJu3lUp8jDuH5S\/view?usp=drive_link\">Programa 6 (02\/02\/24)<\/a><\/p>\n<p><a href=\"https:\/\/drive.google.com\/file\/d\/16bjVJXP4P34ZaiQzK9g6VOeAeyCnPM6q\/view?usp=sharing\">Programa 5 (26\/01\/24)<\/a><\/p>\n<p><a href=\"https:\/\/drive.google.com\/file\/d\/1DA8Q-JXmqR5eIC51NU_v0N9auSGTv7xv\/view?usp=sharing\">Programa 4 (12\/01\/24)<\/a><\/p>\n<p><a href=\"https:\/\/drive.google.com\/file\/d\/14fufFa4KXZOvzZZO3-zJEXsfxoyvllco\/view?usp=sharing\">Programa 3 (15\/12\/23)<\/a><\/p>\n<p><a href=\"https:\/\/drive.google.com\/file\/d\/15pMtQf2QY8SSr5ghQ7UGPOF5WckG2KtF\/view?usp=drive_link\">Programa 2 (01\/12\/23)<\/a><\/p>\n<p><a href=\"https:\/\/drive.google.com\/file\/d\/1rdFEjnoCtZoibfm1wHGw7SmTNLJ2aQ-t\/view?usp=drive_link\">Programa 1 (24\/11\/23)<\/a><\/p>\n<p>Esperem que us agradi!<\/p>\n","protected":false},"excerpt":{"rendered":"<p>En aquesta p\u00e0gina podreu escoltar els diferents programes de r\u00e0dio de l&#8217;alumnat de 4 d&#8217;ESO clicant als seg\u00fcents enlla\u00e7os:<br \/>\nCURS 25-26<br \/>\n<a href=\"https:\/\/drive.google.com\/file\/d\/1Kt7rD7IGJRgrKFB77s2UuEwvySqXAGoj\/view?usp=drive_link\">Programa 1<\/a><br \/>\n<a href=\"https:\/\/drive.google.com\/file\/d\/1FuNhx9wIwFeC8zZxmuBcAvftWs6Y-wlr\/view?usp=sharing\">Programa 2<\/a><br \/>\n<a href=\"https:\/\/drive.google.com\/file\/d\/1d1wP4QBmiieay7liO4YYdBXqubiPHuMM\/view?usp=sharing\">Programa 3<\/a><br \/>\n<a href=\"https:\/\/drive.google.com\/file\/d\/1fYBRTHeuBk3M6vDJma6L9CBgIHG_1Rne\/view?usp=sharing\">Programa 4<\/a><br \/>\n<a href=\"https:\/\/drive.google.com\/file\/d\/1aomQWS5ikwxAYqMtp3RGk50IVTL8F8Lt\/view?usp=sharing\">Programa 5<\/a><br \/>\nPrograma 6<br \/>\nPrograma 7<br \/>\nPrograma 8<br \/>\nPrograma 9<br \/>\nPrograma 10<br \/>\nPrograma 11<br \/>\nPrograma 12<br \/>\nPrograma 13<br \/>\nCURS 24-25<br \/>\n<a href=\"https:\/\/drive.google.com\/file\/d\/14_42GBfRMq581_kru5d6IxikyjxSz2IO\/view?usp=drive_link\">Programa 1 (24\/01\/25)<\/a><br \/>\n<a href=\"https:\/\/drive.google.com\/file\/d\/12w1kgDVypZA3q1YOO7oqvKdAOAP3ICs1\/view?usp=sharing\">Programa 2 (31\/01\/2025)<\/a><br \/>\n<a&hellip;  <a href=\"https:\/\/agora.xtec.cat\/inspontdeldiable\/radio\/\" title=\"Read R\u00c0DIO\">Llegeix m\u00e9s\u00bb<\/a><\/p>\n","protected":false},"author":1,"featured_media":0,"parent":0,"menu_order":0,"comment_status":"closed","ping_status":"closed","template":"","meta":{"_bbp_topic_count":0,"_bbp_reply_count":0,"_bbp_total_topic_count":0,"_bbp_total_reply_count":0,"_bbp_voice_count":0,"_bbp_anonymous_reply_count":0,"_bbp_topic_count_hidden":0,"_bbp_reply_count_hidden":0,"_bbp_forum_subforum_count":0,"footnotes":""},"class_list":["post-2372","page","type-page","status-publish","hentry"],"post_mailing_queue_ids":[],"_links":{"self":[{"href":"https:\/\/agora.xtec.cat\/inspontdeldiable\/wp-json\/wp\/v2\/pages\/2372","targetHints":{"allow":["GET"]}}],"collection":[{"href":"https:\/\/agora.xtec.cat\/inspontdeldiable\/wp-json\/wp\/v2\/pages"}],"about":[{"href":"https:\/\/agora.xtec.cat\/inspontdeldiable\/wp-json\/wp\/v2\/types\/page"}],"author":[{"embeddable":true,"href":"https:\/\/agora.xtec.cat\/inspontdeldiable\/wp-json\/wp\/v2\/users\/1"}],"replies":[{"embeddable":true,"href":"https:\/\/agora.xtec.cat\/inspontdeldiable\/wp-json\/wp\/v2\/comments?post=2372"}],"version-history":[{"count":7,"href":"https:\/\/agora.xtec.cat\/inspontdeldiable\/wp-json\/wp\/v2\/pages\/2372\/revisions"}],"predecessor-version":[{"id":2801,"href":"https:\/\/agora.xtec.cat\/inspontdeldiable\/wp-json\/wp\/v2\/pages\/2372\/revisions\/2801"}],"wp:attachment":[{"href":"https:\/\/agora.xtec.cat\/inspontdeldiable\/wp-json\/wp\/v2\/media?parent=2372"}],"curies":[{"name":"wp","href":"https:\/\/api.w.org\/{rel}","templated":true}]}}