{"id":1490,"date":"2020-06-18T13:06:29","date_gmt":"2020-06-18T11:06:29","guid":{"rendered":"https:\/\/agora.xtec.cat\/inspontdeldiable\/?page_id=1490"},"modified":"2020-06-18T17:40:09","modified_gmt":"2020-06-18T15:40:09","slug":"titols-academics","status":"publish","type":"page","link":"https:\/\/agora.xtec.cat\/inspontdeldiable\/secretaria\/titols-academics\/","title":{"rendered":"T\u00edtols acad\u00e8mics"},"content":{"rendered":"<h4>Sol\u00b7licitar t\u00edtols acad\u00e8mics<\/h4>\n<p>Els t\u00edtols es demanen amb un missatge de correu electr\u00f2nic, adjuntant la sol\u00b7licitud i la documentaci\u00f3 escanejada, en un correu adre\u00e7at a <strong><a href=\"mailto:secretariapontdeldiable@gmail.com\">secretariapontdeldiable@gmail.com<\/a><\/strong>, fent constar a l\u2019assumpte \u201c<strong>Sol\u00b7licitud t\u00edtol + Nom i cognoms del sol\u00b7licitant<\/strong>\u201c.<\/p>\n<p>Clicant<a href=\"https:\/\/drive.google.com\/file\/d\/1BcEi6utHrsHnc8gwMdvoL6QjuRhbAubO\/view?usp=sharing\"><strong> aqu\u00ed<\/strong> <\/a>us podeu descarregar la <strong>sol\u00b7licitud<\/strong> del t\u00edtol a complimentar<\/p>\n<p>La <strong>documentaci\u00f3<\/strong> que s\u2019ha d\u2019adjuntar escanejada en el missatge de correu electr\u00f2nic \u00e9s:<\/p>\n<ul>\n<li>Documentaci\u00f3 d\u2019identificaci\u00f3 imprescindible: DNI, NIE O PASSAPORT<\/li>\n<li>Si es t\u00e9 dret a bonificaci\u00f3 (50% del preu) o exempci\u00f3 del pagament: Targeta de fam\u00edlia nombrosa o monoparental en vigor, Targeta de minusvalidesa amb un grau igual o superior al 33% o altres documents que donin dret a descompte.<\/li>\n<\/ul>\n<p>A secretaria es comproven les dades personals que consten a l\u2019aplicaci\u00f3 de Registre de T\u00edtols Acad\u00e8mics i Professional de Catalunya i es treu l\u2019impr\u00e8s de pagament.<\/p>\n<p>Des de secretaria us enviarem un correu electr\u00f2nic amb l&#8217;impr\u00e8s de pagament, en cas de l&#8217;ESO \u00e9s un tr\u00e0mit gratu\u00eft. L\u2019alumne haur\u00e0 d\u2019anar a l\u2019entitat banc\u00e0ria a fer el pagament de les taxes, <strong>escanejar o fotografiar el resguard bancari\u00a0<\/strong> i enviar-lo a <strong><a href=\"mailto:secretariapontdeldiable@gmail.com\">secretariapontdeldiable@gmail.com<\/a><\/strong>, on es registrar\u00e0 la sol\u00b7licitud, que <strong>t\u00e9 la mateixa validesa que el t\u00edtol oficial<\/strong> i que s\u2019haur\u00e0 de <strong>guardar i conservar<\/strong> per poder retirar el t\u00edtol un cop arribi al Centre.<\/p>\n<p>Un cop rebut el t\u00edtol, es comunicar\u00e0 mitjan\u00e7ant un escrit adre\u00e7at al vostre domicili.<\/p>\n<p>\u00c9s important que en cas de variaci\u00f3 d\u2019aquestes dades ens ho feu saber per poder-vos lliurar la comunicaci\u00f3.<\/p>\n<p>Per tal de retirar-lo, haur\u00e0 de venir la persona interessada amb el seu DNI i el resguard del t\u00edtol. En cas que vingui una altra persona, haur\u00e0 de portar la documentaci\u00f3 esmentada juntament amb una autoritzaci\u00f3 del titular.<\/p>\n<p>En recollir el t\u00edtol, el personal de secretaria us demanar\u00e0 que comproveu que les dades siguin correctes.<\/p>\n<p>En cas que hi hagi errades, es retornar\u00e0 el t\u00edtol per a que sigui reexpedit sense cost addicional.<\/p>\n<p><strong>Taxes d\u2019expedici\u00f3 de t\u00edtols<\/strong><\/p>\n<ul>\n<li><strong>ESO: gratu\u00eft<\/strong><\/li>\n<li>Cicles formatius de grau mitj\u00e0 ( t\u00edtol de T\u00e8cnic ) : 66,90 \u20ac<\/li>\n<li>Per disposar del t\u00edtol de fam\u00edlia nombrosa de 1a, cal abonar nom\u00e9s el 50% de les taxes.<\/li>\n<\/ul>\n<p>Estan exempts de pagament de les taxes:<\/p>\n<p>\u2013 Les persones que acrediten una disminuci\u00f3 igual o superior al 33%, d\u2019acord amb l\u2019article 5 de la Llei 5\/2007, de 4 de juliol, de mesures fiscals i financeres publicada al DOGC de 6\/7\/2007.<\/p>\n<p>\u2013 Les persones que formin part d\u2019una fam\u00edlia nombrosa de categoria especial d\u2019acord amb la Llei 40\/2003, de 19 de novembre, de Protecci\u00f3 de les Fam\u00edlies Nombroses (BOE 19\/11\/2003).<\/p>\n<p>\u2013 Les v\u00edctimes d\u2019actes terroristes, aix\u00ed com els seus c\u00f2njuges i fills, d\u2019acord amb la Llei 32\/1999, de 8 d\u2019octubre de Solidaritat amb les v\u00edctimes de terrorisme (BOE 9\/10\/1999).<\/p>\n<p>&nbsp;<\/p>\n<hr \/>\n<h3>Recollida de t\u00edtols<\/h3>\n<p>L\u2019alumne\/a ha de presentar:<\/p>\n<ul>\n<li>Original del document d\u2019identitat (DNI\/NIE).<\/li>\n<li>El resguard de la sol\u00b7licitud\u00a0del t\u00edtol que es va obtenir en el moment de fer el tr\u00e0mit.<\/li>\n<\/ul>\n<p>Pot recollir el t\u00edtol una altra persona si porta:<\/p>\n<ol>\n<li>Una autoritzaci\u00f3 signada per l\u2019alumne\/a, on consti el seu nom, cognom i document d\u2019identitat (DNI\/NIE) i el de la persona autoritzada. (Els t\u00edtols s\u00f3n nominals i, per aquest motiu, el pare\/mare\/o tutor\/a legal de l\u2019alumne\/a tamb\u00e9 ha de portar una autoritzaci\u00f3 per poder recollir un t\u00edtol).<\/li>\n<li>Fotoc\u00f2pia del DNI\/NIE de l\u00b4alumne\/a.<\/li>\n<li>DNI\/NIE de la persona autoritzada.<\/li>\n<li>El resguard de la sol\u00b7licitud\u00a0del t\u00edtol que es va obtenir en el moment de fer el tr\u00e0mit.<\/li>\n<\/ol>\n","protected":false},"excerpt":{"rendered":"<p>Sol\u00b7licitar t\u00edtols acad\u00e8mics<br \/>\nEls t\u00edtols es demanen amb un missatge de correu electr\u00f2nic, adjuntant la sol\u00b7licitud i la documentaci\u00f3 escanejada, en un correu adre\u00e7at a <a href=\"mailto:secretariapontdeldiable@gmail.com\">secretariapontdeldiable@gmail.com<\/a>, fent constar a l\u2019assumpte \u201cSol\u00b7licitud t\u00edtol + Nom i cognoms del sol\u00b7licitant\u201c.<br \/>\nClicant<a href=\"https:\/\/drive.google.com\/file\/d\/1BcEi6utHrsHnc8gwMdvoL6QjuRhbAubO\/view?usp=sharing\"> aqu\u00ed <\/a>us podeu descarregar la sol\u00b7licitud&hellip;  <a href=\"https:\/\/agora.xtec.cat\/inspontdeldiable\/secretaria\/titols-academics\/\" title=\"Read T\u00edtols acad\u00e8mics\">Llegeix m\u00e9s\u00bb<\/a><\/p>\n","protected":false},"author":1,"featured_media":0,"parent":81,"menu_order":0,"comment_status":"closed","ping_status":"closed","template":"","meta":{"_bbp_topic_count":0,"_bbp_reply_count":0,"_bbp_total_topic_count":0,"_bbp_total_reply_count":0,"_bbp_voice_count":0,"_bbp_anonymous_reply_count":0,"_bbp_topic_count_hidden":0,"_bbp_reply_count_hidden":0,"_bbp_forum_subforum_count":0,"footnotes":""},"class_list":["post-1490","page","type-page","status-publish","hentry"],"post_mailing_queue_ids":[],"_links":{"self":[{"href":"https:\/\/agora.xtec.cat\/inspontdeldiable\/wp-json\/wp\/v2\/pages\/1490","targetHints":{"allow":["GET"]}}],"collection":[{"href":"https:\/\/agora.xtec.cat\/inspontdeldiable\/wp-json\/wp\/v2\/pages"}],"about":[{"href":"https:\/\/agora.xtec.cat\/inspontdeldiable\/wp-json\/wp\/v2\/types\/page"}],"author":[{"embeddable":true,"href":"https:\/\/agora.xtec.cat\/inspontdeldiable\/wp-json\/wp\/v2\/users\/1"}],"replies":[{"embeddable":true,"href":"https:\/\/agora.xtec.cat\/inspontdeldiable\/wp-json\/wp\/v2\/comments?post=1490"}],"version-history":[{"count":3,"href":"https:\/\/agora.xtec.cat\/inspontdeldiable\/wp-json\/wp\/v2\/pages\/1490\/revisions"}],"predecessor-version":[{"id":1496,"href":"https:\/\/agora.xtec.cat\/inspontdeldiable\/wp-json\/wp\/v2\/pages\/1490\/revisions\/1496"}],"up":[{"embeddable":true,"href":"https:\/\/agora.xtec.cat\/inspontdeldiable\/wp-json\/wp\/v2\/pages\/81"}],"wp:attachment":[{"href":"https:\/\/agora.xtec.cat\/inspontdeldiable\/wp-json\/wp\/v2\/media?parent=1490"}],"curies":[{"name":"wp","href":"https:\/\/api.w.org\/{rel}","templated":true}]}}