{"id":1119,"date":"2020-04-06T18:18:30","date_gmt":"2020-04-06T16:18:30","guid":{"rendered":"https:\/\/agora.xtec.cat\/inspontdeldiable\/?page_id=1119"},"modified":"2020-04-06T18:29:03","modified_gmt":"2020-04-06T16:29:03","slug":"comparteix-wifi","status":"publish","type":"page","link":"https:\/\/agora.xtec.cat\/inspontdeldiable\/comparteix-wifi\/","title":{"rendered":"COMPARTEIX WIFI"},"content":{"rendered":"<h4 style=\"text-align: left;\"><span style=\"color: #d92727;\"><strong>INFORMACI\u00d3 D\u2019EMPRESES TELEF\u00d2NIQUES SOBRE LA CONFIGURACI\u00d3 DEL ROUTER PER A LA GESTI\u00d3 DEL WIFI<\/strong><\/span><\/h4>\n<table style=\"width: 785px;\">\n<tbody>\n<tr>\n<td style=\"width: 115px;\"><img loading=\"lazy\" decoding=\"async\" class=\"alignnone size-full wp-image-1105\" src=\"https:\/\/agora.xtec.cat\/inspontdeldiable\/wp-content\/uploads\/usu2039\/2020\/04\/EssD23Mh_400x400.jpg\" alt=\"\" width=\"400\" height=\"400\" srcset=\"https:\/\/agora.xtec.cat\/inspontdeldiable\/wp-content\/uploads\/usu2039\/2020\/04\/EssD23Mh_400x400.jpg 400w, https:\/\/agora.xtec.cat\/inspontdeldiable\/wp-content\/uploads\/usu2039\/2020\/04\/EssD23Mh_400x400-150x150.jpg 150w, https:\/\/agora.xtec.cat\/inspontdeldiable\/wp-content\/uploads\/usu2039\/2020\/04\/EssD23Mh_400x400-300x300.jpg 300w\" sizes=\"auto, (max-width: 400px) 100vw, 400px\" \/><\/td>\n<td style=\"width: 662px;\">Entreu en la configuraci\u00f3 del router i poseu-hi el wifi sense contrasenya perqu\u00e8 qualsevol hi pugui connectar-se.<\/p>\n<p>No es pot fer de manera autom\u00e0tica; cada client ho ha de fer manualment al seu router.<\/p>\n<p>Aquests s\u00f3n els manuals dels dos models de router d\u2019Adamo:<\/p>\n<p>manual-zhone-2426.pdf<\/p>\n<p>&lt;<a href=\"https:\/\/adamo-telecom-iberia-sau.intercom-attachments-1.com\/i\/o\/197034511\/114f379805537fbffde6dcf5\/manual-zhone-2426.pdf\">https:\/\/adamo-telecom-iberia-sau.intercom-attachments-1.com\/i\/o\/197034511\/114f379805537fbffde6dcf5\/manual-zhone-2426.pdf<\/a>&gt;<\/p>\n<p>Manual_Inteno_DG200A-Ac.pdf<\/p>\n<p>&lt;<a href=\"https:\/\/adamo-telecom-iberia-sau.intercom-attachments-1.com\/i\/o\/197034919\/baa9e657a03f81ce422cd5fd\/Manual_Inteno_DG200A-Ac.pdf\">https:\/\/adamo-telecom-iberia-sau.intercom-attachments-1.com\/i\/o\/197034919\/baa9e657a03f81ce422cd5fd\/Manual_Inteno_DG200A-Ac.pdf<\/a>&gt;<\/td>\n<\/tr>\n<tr>\n<td style=\"width: 115px;\"><img loading=\"lazy\" decoding=\"async\" class=\"alignnone size-full wp-image-1106\" src=\"https:\/\/agora.xtec.cat\/inspontdeldiable\/wp-content\/uploads\/usu2039\/2020\/04\/414-4145453_imagenes-logotipo-movistar-png-3-movistar-fundacion-telefonica.jpg\" alt=\"\" width=\"820\" height=\"680\" srcset=\"https:\/\/agora.xtec.cat\/inspontdeldiable\/wp-content\/uploads\/usu2039\/2020\/04\/414-4145453_imagenes-logotipo-movistar-png-3-movistar-fundacion-telefonica.jpg 820w, https:\/\/agora.xtec.cat\/inspontdeldiable\/wp-content\/uploads\/usu2039\/2020\/04\/414-4145453_imagenes-logotipo-movistar-png-3-movistar-fundacion-telefonica-300x250.jpg 300w, https:\/\/agora.xtec.cat\/inspontdeldiable\/wp-content\/uploads\/usu2039\/2020\/04\/414-4145453_imagenes-logotipo-movistar-png-3-movistar-fundacion-telefonica-768x637.jpg 768w\" sizes=\"auto, (max-width: 820px) 100vw, 820px\" \/><\/td>\n<td style=\"width: 662px;\"><a href=\"https:\/\/atencionalcliente.movistar.es\/?pid=PA-menu_ATC-enlace-vermas-movistar&amp;_ga=2.100979272.837162660.1585692018-801629197.1585692018\">https:\/\/atencionalcliente.movistar.es\/?pid=PA-menu_ATC-enlace-vermas-movistar&amp;_ga=2.100979272.837162660.1585692018-801629197.1585692018<\/a><\/p>\n<p>Premeu l\u2019opci\u00f3 Wifi\/Contrasenya si voleu modificar la xarxa wifi de 2,4 Ghz, o premeu l\u2019opci\u00f3 Wifi Plus \/ Contrasenya si voleu modificar la xarxa wifi de 5 Ghz (l\u2019opci\u00f3 Wifi Plus \/ Contrasenya nom\u00e9s apareixer\u00e0 si el vostre router hi \u00e9s compatible).<\/p>\n<p>&#8211; Com es pot aconseguir i canviar la contrasenya wifi del router<\/p>\n<p>&#8211; Com es pot entrar i configurar el router a trav\u00e9s de 192.168.1.1 o de 192.168.0.1<\/td>\n<\/tr>\n<tr>\n<td style=\"width: 115px;\"><img loading=\"lazy\" decoding=\"async\" class=\"alignnone size-full wp-image-1107\" src=\"https:\/\/agora.xtec.cat\/inspontdeldiable\/wp-content\/uploads\/usu2039\/2020\/04\/logo_masmovil.png\" alt=\"\" width=\"500\" height=\"500\" srcset=\"https:\/\/agora.xtec.cat\/inspontdeldiable\/wp-content\/uploads\/usu2039\/2020\/04\/logo_masmovil.png 500w, https:\/\/agora.xtec.cat\/inspontdeldiable\/wp-content\/uploads\/usu2039\/2020\/04\/logo_masmovil-150x150.png 150w, https:\/\/agora.xtec.cat\/inspontdeldiable\/wp-content\/uploads\/usu2039\/2020\/04\/logo_masmovil-300x300.png 300w\" sizes=\"auto, (max-width: 500px) 100vw, 500px\" \/><\/td>\n<td style=\"width: 662px;\">Com es poden passar arxius del m\u00f2bil a l\u2019ordinador sense cables:<\/p>\n<p><a href=\"https:\/\/blog.masmovil.es\/pasar-archivos-movil-ordenador-sin-cables\/\">https:\/\/blog.masmovil.es\/pasar-archivos-movil-ordenador-sin-cables\/<\/a><\/p>\n<p>Com puc configurar el router?<\/p>\n<p><a href=\"https:\/\/www.masmovil.es\/ayuda-clientes\/como-configurar-router-adsl\/\">https:\/\/www.masmovil.es\/ayuda-clientes\/como-configurar-router-adsl\/<\/a><\/p>\n<p>No tot se soluciona amb p\u00e0gines d\u2019ajuda, parla amb nosaltres: M\u00c1SM\u00d3VIL @masmovil<\/td>\n<\/tr>\n<tr>\n<td style=\"width: 115px;\"><img loading=\"lazy\" decoding=\"async\" class=\"alignnone wp-image-1108\" src=\"https:\/\/agora.xtec.cat\/inspontdeldiable\/wp-content\/uploads\/usu2039\/2020\/04\/vodafone_logo_portada.jpg\" alt=\"\" width=\"106\" height=\"75\" srcset=\"https:\/\/agora.xtec.cat\/inspontdeldiable\/wp-content\/uploads\/usu2039\/2020\/04\/vodafone_logo_portada.jpg 1000w, https:\/\/agora.xtec.cat\/inspontdeldiable\/wp-content\/uploads\/usu2039\/2020\/04\/vodafone_logo_portada-300x210.jpg 300w, https:\/\/agora.xtec.cat\/inspontdeldiable\/wp-content\/uploads\/usu2039\/2020\/04\/vodafone_logo_portada-768x538.jpg 768w\" sizes=\"auto, (max-width: 106px) 100vw, 106px\" \/><\/td>\n<td style=\"width: 662px;\"><a href=\"https:\/\/ayudacliente.vodafone.es\/particulares\/internet-y-fijo\/wifi-y-router\/\">https:\/\/ayudacliente.vodafone.es\/particulares\/internet-y-fijo\/wifi-y-router\/<\/a><\/p>\n<p>&#8211; Configuraci\u00f3 de m\u00f2dems i routers<\/p>\n<p>&#8211; Passos que s\u2019han de seguir per restablir la configuraci\u00f3 inicial del router<\/p>\n<p>&#8211; Qu\u00e8 \u00e9s Super WiFi Vodafone<\/p>\n<p>&#8211; Resoleu els problemes amb Internet<\/p>\n<p><a href=\"https:\/\/ayudacliente.vodafone.es\/particulares\/internet-y-fijo\/wifi-y-router\/que-es-el-servicio-mi-wifi\/\">https:\/\/ayudacliente.vodafone.es\/particulares\/internet-y-fijo\/wifi-y-router\/que-es-el-servicio-mi-wifi\/<\/a><\/p>\n<p>Opcions disponibles amb Mi WiFi:<\/p>\n<p>&#8211; Canviar el nom de la xarxa wifi (SSID). Si heu canviat el camp SSID, l\u2019heu d\u2019actualitzar en la connexi\u00f3 wifi de l\u2019ordinador.<\/p>\n<p>&#8211; Activar o desactivar el wifi.<\/p>\n<p>&#8211; Ocultar el punt d\u2019acc\u00e9s. Permet ocultar el SSID de la xarxa wifi. El valor est\u00e0 desactivat per defecte, per la qual cosa no \u00e9s recomanable activar-lo si nom\u00e9s teniu connexi\u00f3 wifi.<\/p>\n<p>&#8211; Consultar o canviar la contrasenya del router.<\/p>\n<p>&#8211; Consultar o canviar el tipus de seguretat de la xarxa wifi.<\/p>\n<p>&#8211; Elegir el canal pel qual emet la xarxa wifi en cas que detecteu problemes d\u2019interfer\u00e8ncies amb altres xarxes. \u00c9s recomanable tenir sempre activada l\u2019opci\u00f3 AUTO, ja que selecciona de manera autom\u00e0tica el canal de freq\u00fc\u00e8ncia menys utilitzat, la qual cosa assegura la connexi\u00f3 \u00f2ptima disponible a Internet. Sempre hi ha la possibilitat de canviar el mode AUTO per un canal fix, si ho voleu aix\u00ed, encara que no tingueu la certesa de quin canal \u00e9s el m\u00e9s adequat a l\u2019espai en qu\u00e8 us trobeu o si aquest espai est\u00e0 sotm\u00e8s a interfer\u00e8ncies.<\/p>\n<p>&#8211; Elegir el nombre m\u00e0xim de clients connectats a la xarxa wifi (entre 1 i 8).<\/td>\n<\/tr>\n<tr>\n<td style=\"width: 115px;\"><img loading=\"lazy\" decoding=\"async\" class=\"alignnone size-full wp-image-1109\" src=\"https:\/\/agora.xtec.cat\/inspontdeldiable\/wp-content\/uploads\/usu2039\/2020\/04\/PARLEM.jpg\" alt=\"\" width=\"200\" height=\"200\" srcset=\"https:\/\/agora.xtec.cat\/inspontdeldiable\/wp-content\/uploads\/usu2039\/2020\/04\/PARLEM.jpg 200w, https:\/\/agora.xtec.cat\/inspontdeldiable\/wp-content\/uploads\/usu2039\/2020\/04\/PARLEM-150x150.jpg 150w\" sizes=\"auto, (max-width: 200px) 100vw, 200px\" \/><\/td>\n<td style=\"width: 662px;\"><a href=\"https:\/\/parlem.com\/contactans\">https:\/\/parlem.com\/contactans<\/a><\/p>\n<p>Pots enviar-nos un correu a atencioalclient@parlem.com.<\/td>\n<\/tr>\n<\/tbody>\n<\/table>\n<p>&nbsp;<\/p>\n","protected":false},"excerpt":{"rendered":"<p>INFORMACI\u00d3 D\u2019EMPRESES TELEF\u00d2NIQUES SOBRE LA CONFIGURACI\u00d3 DEL ROUTER PER A LA GESTI\u00d3 DEL WIFI<\/p>\n<p>Entreu en la configuraci\u00f3 del router i poseu-hi el wifi sense contrasenya perqu\u00e8 qualsevol hi pugui connectar-se.<br \/>\nNo es pot fer de manera autom\u00e0tica; cada client ho ha de fer manualment al seu&hellip;  <a href=\"https:\/\/agora.xtec.cat\/inspontdeldiable\/comparteix-wifi\/\" title=\"Read COMPARTEIX WIFI\">Llegeix m\u00e9s\u00bb<\/a><\/p>\n","protected":false},"author":1,"featured_media":0,"parent":0,"menu_order":0,"comment_status":"closed","ping_status":"closed","template":"","meta":{"_bbp_topic_count":0,"_bbp_reply_count":0,"_bbp_total_topic_count":0,"_bbp_total_reply_count":0,"_bbp_voice_count":0,"_bbp_anonymous_reply_count":0,"_bbp_topic_count_hidden":0,"_bbp_reply_count_hidden":0,"_bbp_forum_subforum_count":0,"footnotes":""},"class_list":["post-1119","page","type-page","status-publish","hentry"],"post_mailing_queue_ids":[],"_links":{"self":[{"href":"https:\/\/agora.xtec.cat\/inspontdeldiable\/wp-json\/wp\/v2\/pages\/1119","targetHints":{"allow":["GET"]}}],"collection":[{"href":"https:\/\/agora.xtec.cat\/inspontdeldiable\/wp-json\/wp\/v2\/pages"}],"about":[{"href":"https:\/\/agora.xtec.cat\/inspontdeldiable\/wp-json\/wp\/v2\/types\/page"}],"author":[{"embeddable":true,"href":"https:\/\/agora.xtec.cat\/inspontdeldiable\/wp-json\/wp\/v2\/users\/1"}],"replies":[{"embeddable":true,"href":"https:\/\/agora.xtec.cat\/inspontdeldiable\/wp-json\/wp\/v2\/comments?post=1119"}],"version-history":[{"count":3,"href":"https:\/\/agora.xtec.cat\/inspontdeldiable\/wp-json\/wp\/v2\/pages\/1119\/revisions"}],"predecessor-version":[{"id":1127,"href":"https:\/\/agora.xtec.cat\/inspontdeldiable\/wp-json\/wp\/v2\/pages\/1119\/revisions\/1127"}],"wp:attachment":[{"href":"https:\/\/agora.xtec.cat\/inspontdeldiable\/wp-json\/wp\/v2\/media?parent=1119"}],"curies":[{"name":"wp","href":"https:\/\/api.w.org\/{rel}","templated":true}]}}