{"id":677,"date":"2018-09-29T12:02:52","date_gmt":"2018-09-29T10:02:52","guid":{"rendered":"http:\/\/agora.xtec.cat\/insponsdicart\/?page_id=677"},"modified":"2025-12-01T19:47:19","modified_gmt":"2025-12-01T18:47:19","slug":"depart","status":"publish","type":"page","link":"https:\/\/agora.xtec.cat\/insponsdicart\/depart\/","title":{"rendered":"Departaments"},"content":{"rendered":"<p>Cliqueu al men\u00fa lateral per veure activitats i informaci\u00f3 relacionada amb cada departament.<\/p>\n<p>Aqu\u00ed trobareu els criteris d&#8217;avaluaci\u00f3 per departaments i seminaris:<\/p>\n<ul class=\"sub-menu\">\n<li id=\"menu-item-1036\" class=\"menu-item menu-item-type-taxonomy menu-item-object-category menu-item-1036\"><a href=\"https:\/\/agora.xtec.cat\/insponsdicart\/wp-content\/uploads\/usu1876\/2018\/12\/Criteris-avaluacio-departament-Matematiques-i-Economia-I.pdf\">Matem\u00e0tiques <\/a>\n<ul>\n<li style=\"list-style-type: none;\">\n<ul class=\"sub-menu\">\n<li><a href=\"https:\/\/agora.xtec.cat\/insponsdicart\/wp-content\/uploads\/usu1876\/2018\/12\/Criteris-avaluacio-departament-Matematiques-i-Economia-II.pdf\">Matem\u00e0tiques (optatives)<\/a><\/li>\n<\/ul>\n<\/li>\n<\/ul>\n<\/li>\n<li id=\"menu-item-1033\" class=\"menu-item menu-item-type-taxonomy menu-item-object-category menu-item-1033\"><a href=\"https:\/\/agora.xtec.cat\/insponsdicart\/wp-content\/uploads\/usu1876\/2018\/12\/Criteris-d\u00b4avaluacio-2025-2026-Cast.pdf\">Llengua i literatura castellana<\/a><\/li>\n<li id=\"menu-item-1034\" class=\"menu-item menu-item-type-taxonomy menu-item-object-category menu-item-1034\"><a href=\"https:\/\/agora.xtec.cat\/insponsdicart\/wp-content\/uploads\/usu1876\/2018\/12\/Criteris-d_avaluacio_Catala_2025-2026.pdf\">Llengua i literatura catalana<\/a><\/li>\n<li id=\"menu-item-1035\" class=\"menu-item menu-item-type-taxonomy menu-item-object-category menu-item-1035\"><a href=\"https:\/\/agora.xtec.cat\/insponsdicart\/wp-content\/uploads\/usu1876\/2018\/12\/Criteris-avaluacio-segona-llengua-estrangera-25-26.docx.pdf\">Lleng\u00fces estrangeres<\/a>\n<ul>\n<li style=\"list-style-type: none;\">\n<ul class=\"sub-menu\">\n<li class=\"menu-item menu-item-type-taxonomy menu-item-object-category menu-item-1035\">\u00a0<a href=\"https:\/\/agora.xtec.cat\/insponsdicart\/wp-content\/uploads\/usu1876\/2018\/12\/ANGLES-Criteris-2025-26.pdf\">llengua anglesa<\/a><\/li>\n<\/ul>\n<\/li>\n<\/ul>\n<\/li>\n<li id=\"menu-item-1032\" class=\"menu-item menu-item-type-taxonomy menu-item-object-category menu-item-1032\"><a href=\"https:\/\/agora.xtec.cat\/insponsdicart\/wp-content\/uploads\/usu1876\/2025\/12\/Criteris-Avaluacio-2025-Socials-1.pdf\">Geografia i hist\u00f2ria<\/a><\/li>\n<li id=\"menu-item-1518\" class=\"menu-item menu-item-type-taxonomy menu-item-object-category menu-item-1518\"><a href=\"https:\/\/agora.xtec.cat\/insponsdicart\/wp-content\/uploads\/usu1876\/2018\/12\/CRITERIS-DAVALUACIO-FILOSOFIA-4-ESO-25-26.pdf\">Seminari de filosofia <\/a>\n<ul>\n<li style=\"list-style-type: none;\">\n<ul class=\"sub-menu\">\n<li class=\"menu-item menu-item-type-taxonomy menu-item-object-category menu-item-1518\"><a href=\"https:\/\/agora.xtec.cat\/insponsdicart\/wp-content\/uploads\/usu1876\/2018\/12\/CRITERIS-DAVALUACIO-FILOSOFIA-4-ESO-25-26.pdf\">Filosofia 4t ESO\u00a0 <\/a><\/li>\n<li class=\"menu-item menu-item-type-taxonomy menu-item-object-category menu-item-1518\"><a href=\"https:\/\/agora.xtec.cat\/insponsdicart\/wp-content\/uploads\/usu1876\/2018\/12\/CRITERIS-DAVALUACIO-HISTORIA-FILOSOFIA-2-BAT-25-26.pdf\">Hist\u00f2ria de la Filosofia 2n Bat <\/a><\/li>\n<li class=\"menu-item menu-item-type-taxonomy menu-item-object-category menu-item-1518\"><a href=\"https:\/\/agora.xtec.cat\/insponsdicart\/wp-content\/uploads\/usu1876\/2018\/12\/CRITERIS-DAVALUACIO-EDUCACIO-EN-VALORS-CIVICS-I-ETICS-4-ESO-25-26.pdf\">Educaci\u00f3 en valors c\u00edvics i \u00e8tics 4t<\/a><\/li>\n<li class=\"menu-item menu-item-type-taxonomy menu-item-object-category menu-item-1518\"><a href=\"https:\/\/agora.xtec.cat\/insponsdicart\/wp-content\/uploads\/usu1876\/2025\/12\/CRITERIS-DAVALUACIO-FILOSOFIA-1-BAT-25-26.pdf\">Filosofia 1r Bat<\/a><\/li>\n<li class=\"menu-item menu-item-type-taxonomy menu-item-object-category menu-item-1518\"><a href=\"https:\/\/agora.xtec.cat\/insponsdicart\/wp-content\/uploads\/usu1876\/2025\/12\/CRITERIS-DAVALUACIO-PSICOLOGIA-1-BAT-25-26.pdf\">Psicologia 1r Bat<\/a>.<\/li>\n<\/ul>\n<\/li>\n<\/ul>\n<\/li>\n<li id=\"menu-item-1039\" class=\"menu-item menu-item-type-taxonomy menu-item-object-category menu-item-1039\"><a href=\"https:\/\/agora.xtec.cat\/insponsdicart\/wp-content\/uploads\/usu1876\/2018\/12\/CRITERIS-DAVALUACIO-LLENGUES-CLASSIQUES.pdf\">Seminari de cl\u00e0ssiques\u00a0<\/a>\n<ul>\n<li style=\"list-style-type: none;\">\n<ul class=\"sub-menu\">\n<li class=\"menu-item menu-item-type-taxonomy menu-item-object-category menu-item-1039\"><a href=\"https:\/\/agora.xtec.cat\/insponsdicart\/wp-content\/uploads\/usu1876\/2018\/12\/CRITERIS-DAVALUACIO-CULTURA-CLASSICA-3-ESO.pdf\">Cultura cl\u00e0ssica 3r ESO<\/a><\/li>\n<\/ul>\n<\/li>\n<\/ul>\n<\/li>\n<li id=\"menu-item-1031\" class=\"menu-item menu-item-type-taxonomy menu-item-object-category menu-item-1031\"><a href=\"https:\/\/agora.xtec.cat\/insponsdicart\/wp-content\/uploads\/usu1876\/2018\/12\/25-26-CRITERIS-DAVALUACIO-FiQ.pdf\">F\u00edsica i qu\u00edmica<\/a><\/li>\n<li id=\"menu-item-1038\" class=\"menu-item menu-item-type-taxonomy menu-item-object-category menu-item-1038\"><a href=\"https:\/\/agora.xtec.cat\/insponsdicart\/wp-content\/uploads\/usu1876\/2018\/12\/CRITERIS-AVALUACIO-BIG-25-26.pdf\">Seminari de biologia i geologia<\/a><\/li>\n<li id=\"menu-item-1040\" class=\"menu-item menu-item-type-taxonomy menu-item-object-category menu-item-1040\"><a href=\"https:\/\/agora.xtec.cat\/insponsdicart\/wp-content\/uploads\/usu1876\/2018\/12\/criteris-avaluacio-Dep-Tecnologia-25-26.pdf\">Tecnologia<\/a><\/li>\n<li id=\"menu-item-1029\" class=\"menu-item menu-item-type-taxonomy menu-item-object-category menu-item-1029\"><a href=\"https:\/\/agora.xtec.cat\/insponsdicart\/wp-content\/uploads\/usu1876\/2018\/12\/Criteris-davaluacio-25_26-Departament-Artistic-E.Visual-i-Plastica.pdf\">Art\u00edstic &#8211; Arts pl\u00e0stiques, imatge i disseny<\/a><\/li>\n<li class=\"menu-item menu-item-type-taxonomy menu-item-object-category menu-item-1029\"><a href=\"https:\/\/agora.xtec.cat\/insponsdicart\/wp-content\/uploads\/usu1876\/2018\/12\/Criteris-avaluacio.-2025-26-Departament-Artistic-Musica.pdf\">Art\u00edstic &#8211; M\u00fasica i arts esc\u00e8niques<\/a><\/li>\n<li id=\"menu-item-1030\" class=\"menu-item menu-item-type-taxonomy menu-item-object-category menu-item-1030\"><a href=\"https:\/\/agora.xtec.cat\/insponsdicart\/wp-content\/uploads\/usu1876\/2018\/12\/Criteris-davaluacio-EF.pdf\">Educaci\u00f3 f\u00edsica<\/a><\/li>\n<li id=\"menu-item-1037\" class=\"menu-item menu-item-type-taxonomy menu-item-object-category menu-item-1037\"><a href=\"https:\/\/agora.xtec.cat\/insponsdicart\/wp-content\/uploads\/usu1876\/2018\/12\/CRITERIS-DAVALUACIO-2025-2026.docx.pdf\">Orientaci\u00f3 i diversitat<\/a><\/li>\n<\/ul>\n","protected":false},"excerpt":{"rendered":"<p>Cliqueu al men\u00fa lateral per veure activitats i informaci\u00f3 relacionada amb cada departament.<br \/>\nAqu\u00ed trobareu els criteris d&#8217;avaluaci\u00f3 per departaments i seminaris:<\/p>\n<ul class=\"sub-menu\">\n<li id=\"menu-item-1036\" class=\"menu-item menu-item-type-taxonomy menu-item-object-category menu-item-1036\"><a href=\"https:\/\/agora.xtec.cat\/insponsdicart\/wp-content\/uploads\/usu1876\/2018\/12\/Criteris-avaluacio-departament-Matematiques-i-Economia-I.pdf\">Matem\u00e0tiques <\/a>\n<ul>\n<li style=\"list-style-type: none;\">\n<ul class=\"sub-menu\">\n<li><a href=\"https:\/\/agora.xtec.cat\/insponsdicart\/wp-content\/uploads\/usu1876\/2018\/12\/Criteris-avaluacio-departament-Matematiques-i-Economia-II.pdf\">Matem\u00e0tiques (optatives)<\/a><\/li>\n<\/ul>\n<\/li>\n<\/ul>\n<\/li>\n<li id=\"menu-item-1033\" class=\"menu-item menu-item-type-taxonomy menu-item-object-category menu-item-1033\"><a href=\"https:\/\/agora.xtec.cat\/insponsdicart\/wp-content\/uploads\/usu1876\/2018\/12\/Criteris-d\u00b4avaluacio-2025-2026-Cast.pdf\">Llengua i literatura castellana<\/a><\/li>\n<li id=\"menu-item-1034\" class=\"menu-item&hellip;  <a href=\"https:\/\/agora.xtec.cat\/insponsdicart\/depart\/\" title=\"Read Departaments\">Llegeix m\u00e9s\u00bb<\/a><br \/>\n","protected":false},"author":1,"featured_media":0,"parent":0,"menu_order":0,"comment_status":"closed","ping_status":"closed","template":"","meta":{"_bbp_topic_count":0,"_bbp_reply_count":0,"_bbp_total_topic_count":0,"_bbp_total_reply_count":0,"_bbp_voice_count":0,"_bbp_anonymous_reply_count":0,"_bbp_topic_count_hidden":0,"_bbp_reply_count_hidden":0,"_bbp_forum_subforum_count":0,"footnotes":""},"class_list":["post-677","page","type-page","status-publish","hentry"],"post_mailing_queue_ids":[],"_links":{"self":[{"href":"https:\/\/agora.xtec.cat\/insponsdicart\/wp-json\/wp\/v2\/pages\/677","targetHints":{"allow":["GET"]}}],"collection":[{"href":"https:\/\/agora.xtec.cat\/insponsdicart\/wp-json\/wp\/v2\/pages"}],"about":[{"href":"https:\/\/agora.xtec.cat\/insponsdicart\/wp-json\/wp\/v2\/types\/page"}],"author":[{"embeddable":true,"href":"https:\/\/agora.xtec.cat\/insponsdicart\/wp-json\/wp\/v2\/users\/1"}],"replies":[{"embeddable":true,"href":"https:\/\/agora.xtec.cat\/insponsdicart\/wp-json\/wp\/v2\/comments?post=677"}],"version-history":[{"count":6,"href":"https:\/\/agora.xtec.cat\/insponsdicart\/wp-json\/wp\/v2\/pages\/677\/revisions"}],"predecessor-version":[{"id":6986,"href":"https:\/\/agora.xtec.cat\/insponsdicart\/wp-json\/wp\/v2\/pages\/677\/revisions\/6986"}],"wp:attachment":[{"href":"https:\/\/agora.xtec.cat\/insponsdicart\/wp-json\/wp\/v2\/media?parent=677"}],"curies":[{"name":"wp","href":"https:\/\/api.w.org\/{rel}","templated":true}]}}