{"id":572,"date":"2018-09-27T23:26:11","date_gmt":"2018-09-27T21:26:11","guid":{"rendered":"http:\/\/agora.xtec.cat\/insponsdicart\/?page_id=572"},"modified":"2020-06-22T12:02:03","modified_gmt":"2020-06-22T10:02:03","slug":"horari-datencio-al-public","status":"publish","type":"page","link":"https:\/\/agora.xtec.cat\/insponsdicart\/secretaria\/horari-datencio-al-public\/","title":{"rendered":"Horari d&#8217;atenci\u00f3 al p\u00fablic"},"content":{"rendered":"<p>La secretaria est\u00e0 oberta al p\u00fablic cada dia de 11.00\u00a0a 13:00 h.<\/p>\n","protected":false},"excerpt":{"rendered":"<p>La secretaria est\u00e0 oberta al p\u00fablic cada dia de 11.00\u00a0a 13:00 h.<\/p>\n","protected":false},"author":1,"featured_media":0,"parent":81,"menu_order":10,"comment_status":"closed","ping_status":"closed","template":"page-templates\/side-menu.php","meta":{"_bbp_topic_count":0,"_bbp_reply_count":0,"_bbp_total_topic_count":0,"_bbp_total_reply_count":0,"_bbp_voice_count":0,"_bbp_anonymous_reply_count":0,"_bbp_topic_count_hidden":0,"_bbp_reply_count_hidden":0,"_bbp_forum_subforum_count":0,"footnotes":""},"class_list":["post-572","page","type-page","status-publish","hentry"],"post_mailing_queue_ids":[],"_links":{"self":[{"href":"https:\/\/agora.xtec.cat\/insponsdicart\/wp-json\/wp\/v2\/pages\/572","targetHints":{"allow":["GET"]}}],"collection":[{"href":"https:\/\/agora.xtec.cat\/insponsdicart\/wp-json\/wp\/v2\/pages"}],"about":[{"href":"https:\/\/agora.xtec.cat\/insponsdicart\/wp-json\/wp\/v2\/types\/page"}],"author":[{"embeddable":true,"href":"https:\/\/agora.xtec.cat\/insponsdicart\/wp-json\/wp\/v2\/users\/1"}],"replies":[{"embeddable":true,"href":"https:\/\/agora.xtec.cat\/insponsdicart\/wp-json\/wp\/v2\/comments?post=572"}],"version-history":[{"count":3,"href":"https:\/\/agora.xtec.cat\/insponsdicart\/wp-json\/wp\/v2\/pages\/572\/revisions"}],"predecessor-version":[{"id":4701,"href":"https:\/\/agora.xtec.cat\/insponsdicart\/wp-json\/wp\/v2\/pages\/572\/revisions\/4701"}],"up":[{"embeddable":true,"href":"https:\/\/agora.xtec.cat\/insponsdicart\/wp-json\/wp\/v2\/pages\/81"}],"wp:attachment":[{"href":"https:\/\/agora.xtec.cat\/insponsdicart\/wp-json\/wp\/v2\/media?parent=572"}],"curies":[{"name":"wp","href":"https:\/\/api.w.org\/{rel}","templated":true}]}}