{"id":27,"date":"2014-09-17T16:24:03","date_gmt":"2014-09-17T16:24:03","guid":{"rendered":"http:\/\/agora.xtec.cat\/insponsdicart\/?page_id=27"},"modified":"2019-11-07T22:57:36","modified_gmt":"2019-11-07T21:57:36","slug":"historia","status":"publish","type":"page","link":"https:\/\/agora.xtec.cat\/insponsdicart\/linstitut\/historia\/","title":{"rendered":"Hist\u00f2ria"},"content":{"rendered":"<p>Es tenen poques dades sobre les primeres etapes de la vida de\u00a0<a href=\"http:\/\/www.mnat.cat\/exposic\/pons\/cat\/pons.htm\" target=\"_blank\" rel=\"noopener noreferrer\">Llu\u00eds Pons d&#8217;Icart (1518\/20 &#8211; 1578) <\/a>personatge tarragon\u00ed que d\u00f3na nom al nostre Institut. No es conserva cap retrat ni descripci\u00f3 f\u00edsica del personatge. Trobem els seu bust de pedra en la col\u00b7lecci\u00f3 de bustos de la fa\u00e7ana de l&#8217;Ajuntament de Tarragona, per\u00f2 nom\u00e9s \u00e9s una representaci\u00f3 treta de la imaginaci\u00f3 de l&#8217;escultor vuitcentista Bernat Verderol. Se suposa que devia estudiar lleis a Lleida i que torn\u00e0 a Tarragona l&#8217;any 1545. A partir d&#8217;aquest moment ocup\u00e0 diferents c\u00e0rrecs, com els de jutge de les apel\u00b7lacions de la ciutat i Camp de Tarragona i advocat del cap\u00edtol de la catedral. Tamb\u00e9 exerc\u00ed la seva professi\u00f3 particularment. A part de la seva dedicaci\u00f3 professional a les lleis, fou historiador i epigrafista. Aquesta faceta de la seva personalitat fou probablement influida per la relaci\u00f3 amb el el cavaller Joan de Vallbona, pare de la seva esposa Lucr\u00e8cia i posse\u00efdor d&#8217;antiguitats i propietari de finques on hi havia restes arqueol\u00f2giques, i per l&#8217;acc\u00e9s a la documentaci\u00f3 antiga que li reportaven els seus c\u00e0rrecs i relacions. \u00c9s l&#8217;autor de la primera aproximaci\u00f3 arqueol\u00f2gica a la Tarragona romana i s\u00f3n de gran import\u00e0ncia les seves descripcions f\u00edsiques dels monuments romans, molts d&#8217;ells desapareguts en l&#8217;actualitat. Obres:<\/p>\n<ul>\n<li><i><a href=\"http:\/\/books.google.es\/books?id=0_6o4gAm9WsC&amp;hl=es&amp;pg=PP1#v=onepage&amp;q&amp;f=false\" target=\"_blank\" rel=\"noopener noreferrer\">Libro de las grandezas y cosas memorables de la metropolitana, insigne y famosa ciudad de Tarragona\u00a0<\/a><\/i>. Escrita origin\u00e0riament en catal\u00e0,\u00a0<i>Llibre de les grandeses i coses memorables de l&#8217;antiqu\u00edssima, insigne i famosa ciutat de Tarragona<\/i>, 1564, el manuscrit en castell\u00e0 data dels voltants del 1569. La primera edici\u00f3, en castell\u00e0, es va fer a Lleida el 1572 i l&#8217;\u00faltima, en catal\u00e0, a Barcelona l&#8217;any 1984.<\/li>\n<li><i>Cat\u00e0leg dels arquebisbes de Tarragona<\/i>. \u00c9s un arxiepiscopologi ben documentat i escrit en llengua catalana dedicat l&#8217;any 1552 al cardenal Gaspar Cervantes.<\/li>\n<li><i>Epigrammata antiquae urbis Tarraconnensis<\/i>. Compilaci\u00f3 d&#8217;inscripcions romanes in\u00e8dita fins el dia d&#8217;avui, per\u00f2 utilitzada pels autors posteriors que han escrit sobre l&#8217;epigrafia de T\u00e1rraco.<\/li>\n<\/ul>\n<p><a href=\"http:\/\/agora.xtec.cat\/insponsdicart\/wp-content\/uploads\/usu1876\/2018\/10\/lluisPons.jpg\"><img loading=\"lazy\" decoding=\"async\" class=\"size-full wp-image-759 aligncenter\" src=\"http:\/\/agora.xtec.cat\/insponsdicart\/wp-content\/uploads\/usu1876\/2018\/10\/lluisPons.jpg\" alt=\"\" width=\"350\" height=\"264\" srcset=\"https:\/\/agora.xtec.cat\/insponsdicart\/wp-content\/uploads\/usu1876\/2018\/10\/lluisPons.jpg 350w, https:\/\/agora.xtec.cat\/insponsdicart\/wp-content\/uploads\/usu1876\/2018\/10\/lluisPons-300x226.jpg 300w, https:\/\/agora.xtec.cat\/insponsdicart\/wp-content\/uploads\/usu1876\/2018\/10\/lluisPons-200x150.jpg 200w\" sizes=\"auto, (max-width: 350px) 100vw, 350px\" \/><\/a><\/p>\n","protected":false},"excerpt":{"rendered":"<p>Es tenen poques dades sobre les primeres etapes de la vida de\u00a0<a href=\"http:\/\/www.mnat.cat\/exposic\/pons\/cat\/pons.htm\" target=\"_blank\" rel=\"noopener noreferrer\">Llu\u00eds Pons d&#8217;Icart (1518\/20 &#8211; 1578) <\/a>personatge tarragon\u00ed que d\u00f3na nom al nostre Institut. No es conserva cap retrat ni descripci\u00f3 f\u00edsica del personatge. Trobem els seu bust de pedra&hellip;  <a href=\"https:\/\/agora.xtec.cat\/insponsdicart\/linstitut\/historia\/\" title=\"Read Hist\u00f2ria\">Llegeix m\u00e9s\u00bb<\/a><\/p>\n","protected":false},"author":1,"featured_media":0,"parent":19,"menu_order":20,"comment_status":"closed","ping_status":"closed","template":"page-templates\/side-menu.php","meta":{"_bbp_topic_count":0,"_bbp_reply_count":0,"_bbp_total_topic_count":0,"_bbp_total_reply_count":0,"_bbp_voice_count":0,"_bbp_anonymous_reply_count":0,"_bbp_topic_count_hidden":0,"_bbp_reply_count_hidden":0,"_bbp_forum_subforum_count":0,"footnotes":""},"class_list":["post-27","page","type-page","status-publish","hentry"],"post_mailing_queue_ids":[],"_links":{"self":[{"href":"https:\/\/agora.xtec.cat\/insponsdicart\/wp-json\/wp\/v2\/pages\/27","targetHints":{"allow":["GET"]}}],"collection":[{"href":"https:\/\/agora.xtec.cat\/insponsdicart\/wp-json\/wp\/v2\/pages"}],"about":[{"href":"https:\/\/agora.xtec.cat\/insponsdicart\/wp-json\/wp\/v2\/types\/page"}],"author":[{"embeddable":true,"href":"https:\/\/agora.xtec.cat\/insponsdicart\/wp-json\/wp\/v2\/users\/1"}],"replies":[{"embeddable":true,"href":"https:\/\/agora.xtec.cat\/insponsdicart\/wp-json\/wp\/v2\/comments?post=27"}],"version-history":[{"count":3,"href":"https:\/\/agora.xtec.cat\/insponsdicart\/wp-json\/wp\/v2\/pages\/27\/revisions"}],"predecessor-version":[{"id":3057,"href":"https:\/\/agora.xtec.cat\/insponsdicart\/wp-json\/wp\/v2\/pages\/27\/revisions\/3057"}],"up":[{"embeddable":true,"href":"https:\/\/agora.xtec.cat\/insponsdicart\/wp-json\/wp\/v2\/pages\/19"}],"wp:attachment":[{"href":"https:\/\/agora.xtec.cat\/insponsdicart\/wp-json\/wp\/v2\/media?parent=27"}],"curies":[{"name":"wp","href":"https:\/\/api.w.org\/{rel}","templated":true}]}}