{"id":19,"date":"2014-09-17T14:56:56","date_gmt":"2014-09-17T14:56:56","guid":{"rendered":"http:\/\/agora.xtec.cat\/insponsdicart\/?page_id=19"},"modified":"2018-10-01T18:38:08","modified_gmt":"2018-10-01T16:38:08","slug":"linstitut","status":"publish","type":"page","link":"https:\/\/agora.xtec.cat\/insponsdicart\/linstitut\/","title":{"rendered":"L&#8217;institut"},"content":{"rendered":"<p>L&#8217;Institut va ser inaugurat l&#8217;any 1978, sobre l&#8217;antic Convent de Sant Francesc. D&#8217;aquest \u00faltim nom\u00e9s se&#8217;n conserva el Claustre, actualment en les depend\u00e8ncies de l&#8217;Arxiu Hist\u00f2ric de Tarragona.<\/p>\n<p>Est\u00e0 situat en la Rambla Vella, en ple centre hist\u00f2ric de la ciutat, en un lloc privilegiat, proper a les institucions i als principals equipaments culturals, Conservatori de M\u00fasica, Biblioteca, Teatre Metropol, Palau de Congresos, Escola Municipal de M\u00fasica, Arxiu His\u00f2ric provincial, Auditori Camp de Mart, Museus, Oasi, sales d&#8217;exposicions.\u00a0Aquesta proximitat permet expandir l&#8217;aula i contextualitzar l&#8217;aprenentatge en l&#8217;entorn ciutad\u00e0.<\/p>\n<p>La l\u00ednia de treball que seguim conrea la investigaci\u00f3, l&#8217;adquisici\u00f3 de coneixements i h\u00e0bits, i les t\u00e8cniques d&#8217;estudi. Desenvolupa l&#8217;esperit cr\u00edtic i la capacitat de discussi\u00f3 i de decisi\u00f3. Afavoreix actituds de col\u00b7laboraci\u00f3, toler\u00e0ncia i solidaritat. Tot aix\u00f2 respectant els diferents ritmes evolutius i les capacitats intel\u00b7lectuals dels alumnes; i realitzant un seguiment del seu progr\u00e9s en contacte amb les fam\u00edlies.<\/p>\n<p><a href=\"http:\/\/agora.xtec.cat\/insponsdicart\/wp-content\/uploads\/usu1876\/2018\/10\/insti02a.jpg\"><img loading=\"lazy\" decoding=\"async\" class=\"alignnone size-full wp-image-763\" src=\"http:\/\/agora.xtec.cat\/insponsdicart\/wp-content\/uploads\/usu1876\/2018\/10\/insti02a.jpg\" alt=\"\" width=\"340\" height=\"255\" srcset=\"https:\/\/agora.xtec.cat\/insponsdicart\/wp-content\/uploads\/usu1876\/2018\/10\/insti02a.jpg 340w, https:\/\/agora.xtec.cat\/insponsdicart\/wp-content\/uploads\/usu1876\/2018\/10\/insti02a-300x225.jpg 300w, https:\/\/agora.xtec.cat\/insponsdicart\/wp-content\/uploads\/usu1876\/2018\/10\/insti02a-200x150.jpg 200w\" sizes=\"auto, (max-width: 340px) 100vw, 340px\" \/><\/a> <a href=\"http:\/\/agora.xtec.cat\/insponsdicart\/wp-content\/uploads\/usu1876\/2018\/10\/ClaustreInsti01-1.jpg\"><img loading=\"lazy\" decoding=\"async\" class=\"alignnone wp-image-770\" src=\"http:\/\/agora.xtec.cat\/insponsdicart\/wp-content\/uploads\/usu1876\/2018\/10\/ClaustreInsti01-1.jpg\" alt=\"\" width=\"379\" height=\"255\" srcset=\"https:\/\/agora.xtec.cat\/insponsdicart\/wp-content\/uploads\/usu1876\/2018\/10\/ClaustreInsti01-1.jpg 340w, https:\/\/agora.xtec.cat\/insponsdicart\/wp-content\/uploads\/usu1876\/2018\/10\/ClaustreInsti01-1-300x202.jpg 300w\" sizes=\"auto, (max-width: 379px) 100vw, 379px\" \/><\/a><\/p>\n","protected":false},"excerpt":{"rendered":"<p>L&#8217;Institut va ser inaugurat l&#8217;any 1978, sobre l&#8217;antic Convent de Sant Francesc. D&#8217;aquest \u00faltim nom\u00e9s se&#8217;n conserva el Claustre, actualment en les depend\u00e8ncies de l&#8217;Arxiu Hist\u00f2ric de Tarragona.<br \/>\nEst\u00e0 situat en la Rambla Vella, en ple centre hist\u00f2ric de la ciutat, en un lloc privilegiat, proper&hellip;  <a href=\"https:\/\/agora.xtec.cat\/insponsdicart\/linstitut\/\" title=\"Read L&#8217;institut\">Llegeix m\u00e9s\u00bb<\/a><\/p>\n","protected":false},"author":1,"featured_media":0,"parent":0,"menu_order":0,"comment_status":"closed","ping_status":"closed","template":"page-templates\/side-menu.php","meta":{"_bbp_topic_count":0,"_bbp_reply_count":0,"_bbp_total_topic_count":0,"_bbp_total_reply_count":0,"_bbp_voice_count":0,"_bbp_anonymous_reply_count":0,"_bbp_topic_count_hidden":0,"_bbp_reply_count_hidden":0,"_bbp_forum_subforum_count":0,"footnotes":""},"class_list":["post-19","page","type-page","status-publish","hentry"],"post_mailing_queue_ids":[],"_links":{"self":[{"href":"https:\/\/agora.xtec.cat\/insponsdicart\/wp-json\/wp\/v2\/pages\/19","targetHints":{"allow":["GET"]}}],"collection":[{"href":"https:\/\/agora.xtec.cat\/insponsdicart\/wp-json\/wp\/v2\/pages"}],"about":[{"href":"https:\/\/agora.xtec.cat\/insponsdicart\/wp-json\/wp\/v2\/types\/page"}],"author":[{"embeddable":true,"href":"https:\/\/agora.xtec.cat\/insponsdicart\/wp-json\/wp\/v2\/users\/1"}],"replies":[{"embeddable":true,"href":"https:\/\/agora.xtec.cat\/insponsdicart\/wp-json\/wp\/v2\/comments?post=19"}],"version-history":[{"count":3,"href":"https:\/\/agora.xtec.cat\/insponsdicart\/wp-json\/wp\/v2\/pages\/19\/revisions"}],"predecessor-version":[{"id":771,"href":"https:\/\/agora.xtec.cat\/insponsdicart\/wp-json\/wp\/v2\/pages\/19\/revisions\/771"}],"wp:attachment":[{"href":"https:\/\/agora.xtec.cat\/insponsdicart\/wp-json\/wp\/v2\/media?parent=19"}],"curies":[{"name":"wp","href":"https:\/\/api.w.org\/{rel}","templated":true}]}}