{"id":9811,"date":"2022-11-24T08:49:33","date_gmt":"2022-11-24T07:49:33","guid":{"rendered":"https:\/\/agora.xtec.cat\/inspm\/?page_id=9811"},"modified":"2023-02-01T11:11:09","modified_gmt":"2023-02-01T10:11:09","slug":"estrategia-digital-de-centre","status":"publish","type":"page","link":"https:\/\/agora.xtec.cat\/inspm\/estrategia-digital-de-centre\/","title":{"rendered":"Estrat\u00e8gia Digital de Centre"},"content":{"rendered":"<p>L&#8217;Estrat\u00e8gia Digital de Centre (EDC) de l&#8217;Institut Premi\u00e0 de Mar \u00e9s un instrument pr\u00e0ctic que t\u00e9 fer finalitat formalitzar la governan\u00e7a de la tecnologia en el marc de l&#8217;autonomia de centre i del Projecte Educatiu de Centre (PEC).<\/p>\n<p><strong>OBJECTIUS DE L&#8217;ESTRAT\u00c8GIA DIGITAL DE CENTRE (EDC)<\/strong><\/p>\n<ul>\n<li style=\"font-weight: 400; text-align: justify;\" aria-level=\"1\"><span style=\"font-weight: 400;\">Estendre l&#8217;\u00fas dels entorns d&#8217;aprenentatge en l\u00ednia (Classroom i Moodle).<\/span><\/li>\n<li style=\"font-weight: 400; text-align: justify;\" aria-level=\"1\"><span style=\"font-weight: 400;\">Assegurar el respecte de la propietat intel\u00b7lectual i els drets d&#8217;autor en els continguts digitals intercanviats.<\/span><\/li>\n<li style=\"font-weight: 400; text-align: justify;\" aria-level=\"1\"><span style=\"font-weight: 400;\">Assegurar l&#8217;\u00fas de les tecnologies digitals per proporcionar retroalimentaci\u00f3 i oportunitats de reflexi\u00f3 conduents a un reajustament de les pr\u00e0ctiques d&#8217;ensenyament i aprenentatge.<\/span><\/li>\n<li style=\"font-weight: 400; text-align: justify;\" aria-level=\"1\"><span style=\"font-weight: 400;\">Assegurar l&#8217;\u00fas de tecnologies digitals per proporcionar retroalimentaci\u00f3 a l&#8217;alumnat.<\/span><\/li>\n<li style=\"font-weight: 400; text-align: justify;\" aria-level=\"1\"><span style=\"font-weight: 400;\">Assegurar l&#8217;\u00fas d&#8217;activitats d&#8217;aprenentatge que requereixin a l&#8217;alumnat fer servir les tecnologies digitals per comunicar-se i col\u00b7laborar.<\/span><\/li>\n<\/ul>\n","protected":false},"excerpt":{"rendered":"<p>L&#8217;Estrat\u00e8gia Digital de Centre (EDC) de l&#8217;Institut Premi\u00e0 de Mar \u00e9s un instrument pr\u00e0ctic que t\u00e9 fer finalitat formalitzar la governan\u00e7a de la tecnologia en el marc de l&#8217;autonomia de centre i del Projecte Educatiu de Centre (PEC).<br \/>\nOBJECTIUS DE L&#8217;ESTRAT\u00c8GIA DIGITAL DE CENTRE (EDC)<\/p>\n<ul>\n<li style=\"font-weight:&hellip;  <a href=\"https:\/\/agora.xtec.cat\/inspm\/estrategia-digital-de-centre\/\" title=\"Read Estrat\u00e8gia Digital de Centre\">Llegeix m\u00e9s\u00bb<\/a><br \/>\n","protected":false},"author":502,"featured_media":0,"parent":0,"menu_order":0,"comment_status":"closed","ping_status":"closed","template":"page-templates\/side-menu.php","meta":{"_bbp_topic_count":0,"_bbp_reply_count":0,"_bbp_total_topic_count":0,"_bbp_total_reply_count":0,"_bbp_voice_count":0,"_bbp_anonymous_reply_count":0,"_bbp_topic_count_hidden":0,"_bbp_reply_count_hidden":0,"_bbp_forum_subforum_count":0,"footnotes":""},"class_list":["post-9811","page","type-page","status-publish","hentry"],"post_mailing_queue_ids":[],"_links":{"self":[{"href":"https:\/\/agora.xtec.cat\/inspm\/wp-json\/wp\/v2\/pages\/9811","targetHints":{"allow":["GET"]}}],"collection":[{"href":"https:\/\/agora.xtec.cat\/inspm\/wp-json\/wp\/v2\/pages"}],"about":[{"href":"https:\/\/agora.xtec.cat\/inspm\/wp-json\/wp\/v2\/types\/page"}],"author":[{"embeddable":true,"href":"https:\/\/agora.xtec.cat\/inspm\/wp-json\/wp\/v2\/users\/502"}],"replies":[{"embeddable":true,"href":"https:\/\/agora.xtec.cat\/inspm\/wp-json\/wp\/v2\/comments?post=9811"}],"version-history":[{"count":4,"href":"https:\/\/agora.xtec.cat\/inspm\/wp-json\/wp\/v2\/pages\/9811\/revisions"}],"predecessor-version":[{"id":10013,"href":"https:\/\/agora.xtec.cat\/inspm\/wp-json\/wp\/v2\/pages\/9811\/revisions\/10013"}],"wp:attachment":[{"href":"https:\/\/agora.xtec.cat\/inspm\/wp-json\/wp\/v2\/media?parent=9811"}],"curies":[{"name":"wp","href":"https:\/\/api.w.org\/{rel}","templated":true}]}}