{"id":9419,"date":"2022-06-09T14:17:56","date_gmt":"2022-06-09T12:17:56","guid":{"rendered":"https:\/\/agora.xtec.cat\/inspm\/?page_id=9419"},"modified":"2025-10-01T11:27:09","modified_gmt":"2025-10-01T09:27:09","slug":"matricula-cicles-formatius-de-grau-mitja-exclusiu-per-al-cicle-desports-guia-en-el-medi-natural-i-de-temps-de-lleure","status":"publish","type":"page","link":"https:\/\/agora.xtec.cat\/inspm\/secretaria\/matriculacions\/matricula-cicles-formatius-de-grau-mitja-exclusiu-per-al-cicle-desports-guia-en-el-medi-natural-i-de-temps-de-lleure\/","title":{"rendered":"Matr\u00edcula \u2013 Cicles Formatius de Grau Mitj\u00e0 exclusiu per al cicle d&#8217;esports (Guia en el medi natural i de temps de lleure)"},"content":{"rendered":"<p style=\"text-align: justify;\">Si has sortit adm\u00e8s a la llista d&#8217;admesos del 10 de juliol, has de formalitzar la matr\u00edcula presencialment al centre, de l&#8217;<strong>11\u00a0al 23 de juliol <\/strong>(1a opci\u00f3 en la 1a assignaci\u00f3) en horari de 9h a 13h, seguint les instruccions del full de matr\u00edcula.<\/p>\n<p style=\"text-align: justify;\">Si has sortit adm\u00e8s a la llista d&#8217;admesos del 18 de juliol, ho has de fer del<strong>\u00a0<\/strong> <strong>21 al 23 de juliol <\/strong> <strong>\u00a0<\/strong>(2a assignaci\u00f3).<\/p>\n<p style=\"text-align: justify;\">Si has sortit adm\u00e8s a la llista d&#8217;admesos del 29 de juliol, ho has de fer de l&#8217;<strong>1\u00a0al 4 de setembre<\/strong><strong>\u00a0<\/strong>(3a assignaci\u00f3).<\/p>\n<ul style=\"text-align: justify;\">\n<li><strong>ALUMNES NOUS 1r CURS<br \/>\n<\/strong><\/li>\n<\/ul>\n<ul style=\"text-align: justify;\">\n<li style=\"list-style-type: none;\">\n<ul>\n<li><a href=\"https:\/\/drive.google.com\/file\/d\/1swu_OEJlq7PzZDgYiabEtasKLPcItSXC\/view?usp=drive_link\" target=\"_blank\" rel=\"noopener\">Full de matr\u00edcula<\/a><\/li>\n<li><a href=\"https:\/\/drive.google.com\/file\/d\/1eP1OvDztK4kMmAjm_YhENFUpk5RIkc26\/view?usp=drive_link\" target=\"_blank\" rel=\"noopener\">01 Caracter\u00edstiques del cicle<\/a><\/li>\n<li><a href=\"https:\/\/drive.google.com\/file\/d\/1PWRwEyX6q88EHeI0g7Ivj_GGflIX_Edo\/view?usp=drive_link\" target=\"_blank\" rel=\"noopener\">02 Carta de comprom\u00eds de treball responsable<\/a><\/li>\n<li><a href=\"https:\/\/drive.google.com\/file\/d\/11cgT7xSuo7wDQq2rpVq6p-FJGCapRjnO\/view?usp=drive_link\" target=\"_blank\" rel=\"noopener\">03 Informaci\u00f3 material obligatori<\/a><\/li>\n<li><a href=\"https:\/\/drive.google.com\/file\/d\/1FpHt1rjl2Jqjp2IKJrxQhKg8gzYFHeBQ\/view?usp=drive_link\" target=\"_blank\" rel=\"noopener\">04 Informaci\u00f3 pagaments de sortides i activitats<\/a><\/li>\n<li><a href=\"https:\/\/drive.google.com\/file\/d\/1nCvtgQcaJAh-AHFdB69lXq_aucoWBok8\/view?usp=drive_link\" target=\"_blank\" rel=\"noopener\">Autoritzaci\u00f3 imatges p\u00fabliques (majors de 14 anys)<\/a><\/li>\n<li><a href=\"https:\/\/drive.google.com\/file\/d\/1Z_fd21pPj7crgrS2leYpLRraCrNYCGkK\/view?usp=drive_link\" target=\"_blank\" rel=\"noopener\">Carta de comprom\u00eds educatiu<\/a><\/li>\n<\/ul>\n<\/li>\n<\/ul>\n<p style=\"text-align: justify;\">Si ets alumne del centre i vols continuar els estudis, has de confirmar la matr\u00edcula per al curs vinent, presencialment a la secretaria del centre, <strong>fins al 30 de maig\u00a0<\/strong>en horari de 9h a 13h.<\/p>\n<ul style=\"text-align: justify;\">\n<li><strong> ALUMNES DE CONTINU\u00cfTAT DEL CENTRE (que passen de 1r a 2n o repeteixen) <\/strong><\/li>\n<\/ul>\n<ul>\n<li style=\"list-style-type: none;\">\n<ul>\n<li style=\"text-align: justify;\"><a href=\"https:\/\/drive.google.com\/file\/d\/1liz_JR_iYG9aqCo5qTtEid-bDP4Bf1Dq\/view?usp=drive_link\" target=\"_blank\" rel=\"noopener\">Full de matr\u00edcula<\/a><\/li>\n<li style=\"text-align: justify;\"><a href=\"https:\/\/drive.google.com\/file\/d\/1hk2yZFbTd3oYdWq9zMJAeb4DzLGtvK4y\/view?usp=drive_link\" target=\"_blank\" rel=\"noopener\">Informaci\u00f3 material obligatori (nom\u00e9s per a 2n curs)\u00a0<\/a><\/li>\n<li style=\"text-align: justify;\"><a href=\"https:\/\/drive.google.com\/file\/d\/1u6_i4D04S1hyTfBl_Bg--5rfBagLTqbE\/view?usp=drive_link\" target=\"_blank\" rel=\"noopener\">Informaci\u00f3 pagaments de sortides i activitats\u00a0 (nom\u00e9s per a 2n curs)<\/a><\/li>\n<\/ul>\n<\/li>\n<\/ul>\n<div class=\"gmail_default\" style=\"text-align: justify;\">\n<p><b>NOVETAT!<\/b><\/p>\n<p>Els alumnes que tenen mat\u00e8ries pendents de 2n de Cicle Formatiu de Grau Mitj\u00e0 o Superior i volen finalitzar els seus estudis (pla d&#8217;estudis en extinci\u00f3), han de seguir el procediment de\u00a0<b><u>compleci\u00f3 d\u2019estudis:<\/u><\/b><\/p>\n<p>&#8211; Ara al juny, nom\u00e9s es poden matricular de la FCT.<\/p>\n<p>&#8211; Per a matricular-se d\u2019altres UF o m\u00f2duls pendents, hi ha dos terminis:<\/p>\n<p>1 al 15 d&#8217;octubre de 2025\u00a0\u00a0(2 convocat\u00f2ries: novembre i abril):\u00a0 <a href=\"https:\/\/drive.google.com\/file\/d\/17sUbVUdkFtYzUKvY4giTun7iXYMHTJJy\/view?usp=drive_link\" target=\"_blank\" rel=\"noopener\">Full de matr\u00edcula<\/a><\/p>\n<p>1 al 15 de mar\u00e7 de 2026\u00a0\u00a0(1 convocat\u00f2ria: abril): <a href=\"https:\/\/drive.google.com\/file\/d\/1iuuPVEjbqPY-1O8-FoUbPcmMjZ1ycVc4\/view?usp=drive_link\" target=\"_blank\" rel=\"noopener\">Full de matr\u00edcula<\/a><\/p>\n<\/div>\n<div class=\"gmail_default\" style=\"text-align: justify;\"><b>NO HI HAUR\u00c0 ACTIVITAT DOCENT<\/b>\u00a0(classes presencials)<\/div>\n","protected":false},"excerpt":{"rendered":"<p>Si has sortit adm\u00e8s a la llista d&#8217;admesos del 10 de juliol, has de formalitzar la matr\u00edcula presencialment al centre, de l&#8217;11\u00a0al 23 de juliol (1a opci\u00f3 en la 1a assignaci\u00f3) en horari de 9h a 13h, seguint les instruccions del full de matr\u00edcula.<br \/>\nSi has&hellip;  <a href=\"https:\/\/agora.xtec.cat\/inspm\/secretaria\/matriculacions\/matricula-cicles-formatius-de-grau-mitja-exclusiu-per-al-cicle-desports-guia-en-el-medi-natural-i-de-temps-de-lleure\/\" title=\"Read Matr\u00edcula \u2013 Cicles Formatius de Grau Mitj\u00e0 exclusiu per al cicle d&#8217;esports (Guia en el medi natural i de temps de lleure)\">Llegeix m\u00e9s\u00bb<\/a><\/p>\n","protected":false},"author":502,"featured_media":0,"parent":508,"menu_order":51,"comment_status":"closed","ping_status":"closed","template":"page-templates\/side-menu.php","meta":{"_bbp_topic_count":0,"_bbp_reply_count":0,"_bbp_total_topic_count":0,"_bbp_total_reply_count":0,"_bbp_voice_count":0,"_bbp_anonymous_reply_count":0,"_bbp_topic_count_hidden":0,"_bbp_reply_count_hidden":0,"_bbp_forum_subforum_count":0,"footnotes":""},"class_list":["post-9419","page","type-page","status-publish","hentry"],"post_mailing_queue_ids":[],"_links":{"self":[{"href":"https:\/\/agora.xtec.cat\/inspm\/wp-json\/wp\/v2\/pages\/9419","targetHints":{"allow":["GET"]}}],"collection":[{"href":"https:\/\/agora.xtec.cat\/inspm\/wp-json\/wp\/v2\/pages"}],"about":[{"href":"https:\/\/agora.xtec.cat\/inspm\/wp-json\/wp\/v2\/types\/page"}],"author":[{"embeddable":true,"href":"https:\/\/agora.xtec.cat\/inspm\/wp-json\/wp\/v2\/users\/502"}],"replies":[{"embeddable":true,"href":"https:\/\/agora.xtec.cat\/inspm\/wp-json\/wp\/v2\/comments?post=9419"}],"version-history":[{"count":7,"href":"https:\/\/agora.xtec.cat\/inspm\/wp-json\/wp\/v2\/pages\/9419\/revisions"}],"predecessor-version":[{"id":13016,"href":"https:\/\/agora.xtec.cat\/inspm\/wp-json\/wp\/v2\/pages\/9419\/revisions\/13016"}],"up":[{"embeddable":true,"href":"https:\/\/agora.xtec.cat\/inspm\/wp-json\/wp\/v2\/pages\/508"}],"wp:attachment":[{"href":"https:\/\/agora.xtec.cat\/inspm\/wp-json\/wp\/v2\/media?parent=9419"}],"curies":[{"name":"wp","href":"https:\/\/api.w.org\/{rel}","templated":true}]}}