{"id":9323,"date":"2022-05-12T17:52:55","date_gmt":"2022-05-12T15:52:55","guid":{"rendered":"https:\/\/agora.xtec.cat\/inspm\/?page_id=9323"},"modified":"2022-05-12T18:00:05","modified_gmt":"2022-05-12T16:00:05","slug":"homologacions","status":"publish","type":"page","link":"https:\/\/agora.xtec.cat\/inspm\/secretaria\/homologacions\/","title":{"rendered":"Homologacions"},"content":{"rendered":"<p style=\"text-align: justify;\">L\u2019homologaci\u00f3 \u00e9s un procediment que permet convalidar els t\u00edtols o estudis no universitaris cursats a l\u2019estranger amb els t\u00edtols equivalents espanyols i recon\u00e8ixer la seva validesa oficial a Espanya.<\/p>\n<p style=\"text-align: justify;\">Des del web <a href=\"http:\/\/homologacio.triaeducativa.gencat.cat\" target=\"_blank\" rel=\"noopener\">homologacio.triaeducativa.gencat.cat<\/a> es pot accedir directament a la sol\u00b7licitud d&#8217;homologaci\u00f3 i consultar tota la informaci\u00f3 que cal con\u00e8ixer, classificada per pa\u00efsos.<\/p>\n","protected":false},"excerpt":{"rendered":"<p>L\u2019homologaci\u00f3 \u00e9s un procediment que permet convalidar els t\u00edtols o estudis no universitaris cursats a l\u2019estranger amb els t\u00edtols equivalents espanyols i recon\u00e8ixer la seva validesa oficial a Espanya.<br \/>\nDes del web <a href=\"http:\/\/homologacio.triaeducativa.gencat.cat\" target=\"_blank\" rel=\"noopener\">homologacio.triaeducativa.gencat.cat<\/a> es pot accedir directament a la sol\u00b7licitud d&#8217;homologaci\u00f3 i consultar&hellip;  <a href=\"https:\/\/agora.xtec.cat\/inspm\/secretaria\/homologacions\/\" title=\"Read Homologacions\">Llegeix m\u00e9s\u00bb<\/a><\/p>\n","protected":false},"author":502,"featured_media":0,"parent":81,"menu_order":51,"comment_status":"closed","ping_status":"closed","template":"page-templates\/side-menu.php","meta":{"_bbp_topic_count":0,"_bbp_reply_count":0,"_bbp_total_topic_count":0,"_bbp_total_reply_count":0,"_bbp_voice_count":0,"_bbp_anonymous_reply_count":0,"_bbp_topic_count_hidden":0,"_bbp_reply_count_hidden":0,"_bbp_forum_subforum_count":0,"footnotes":""},"class_list":["post-9323","page","type-page","status-publish","hentry"],"post_mailing_queue_ids":[],"_links":{"self":[{"href":"https:\/\/agora.xtec.cat\/inspm\/wp-json\/wp\/v2\/pages\/9323","targetHints":{"allow":["GET"]}}],"collection":[{"href":"https:\/\/agora.xtec.cat\/inspm\/wp-json\/wp\/v2\/pages"}],"about":[{"href":"https:\/\/agora.xtec.cat\/inspm\/wp-json\/wp\/v2\/types\/page"}],"author":[{"embeddable":true,"href":"https:\/\/agora.xtec.cat\/inspm\/wp-json\/wp\/v2\/users\/502"}],"replies":[{"embeddable":true,"href":"https:\/\/agora.xtec.cat\/inspm\/wp-json\/wp\/v2\/comments?post=9323"}],"version-history":[{"count":3,"href":"https:\/\/agora.xtec.cat\/inspm\/wp-json\/wp\/v2\/pages\/9323\/revisions"}],"predecessor-version":[{"id":9330,"href":"https:\/\/agora.xtec.cat\/inspm\/wp-json\/wp\/v2\/pages\/9323\/revisions\/9330"}],"up":[{"embeddable":true,"href":"https:\/\/agora.xtec.cat\/inspm\/wp-json\/wp\/v2\/pages\/81"}],"wp:attachment":[{"href":"https:\/\/agora.xtec.cat\/inspm\/wp-json\/wp\/v2\/media?parent=9323"}],"curies":[{"name":"wp","href":"https:\/\/api.w.org\/{rel}","templated":true}]}}