{"id":8846,"date":"2022-01-24T13:31:31","date_gmt":"2022-01-24T12:31:31","guid":{"rendered":"https:\/\/agora.xtec.cat\/inspm\/?page_id=8846"},"modified":"2024-09-23T13:41:35","modified_gmt":"2024-09-23T11:41:35","slug":"mobilitats-curs-2021-2022","status":"publish","type":"page","link":"https:\/\/agora.xtec.cat\/inspm\/serveis\/erasmus-plus\/mobilitats-curs-2021-2022\/","title":{"rendered":"Mobilitats curs 2021-2022"},"content":{"rendered":"<ul style=\"list-style-type: square; text-align: justify;\">\n<li>Per formalitzar la vostra sol\u00b7licitud per participar al projecte Erasmus+ heu d&#8217;omplir el seg\u00fcent <a href=\"https:\/\/forms.gle\/7AhcfsJknY8rgiYBA\" target=\"_blank\" rel=\"noopener noreferrer\"><strong>formulari<\/strong><\/a>.<\/li>\n<\/ul>\n<p style=\"text-align: justify;\">Per tal de poder fer la vostra sol\u00b7licitud abans necessitareu tenir:<\/p>\n<ul style=\"text-align: justify;\">\n<li>Carta de motivaci\u00f3 en angl\u00e8s. En aquesta has d&#8217;explicar els motius que et porten a participar en el programa Erasmus.<\/li>\n<li><a href=\"https:\/\/drive.google.com\/file\/d\/1M_bcQxdWZH0KUWZvA0QHZcOuDJctibq4\/view?usp=sharing\" target=\"_blank\" rel=\"noopener noreferrer\">Carta de comprom\u00eds<\/a>. Heu d&#8217;omplir el document i escanejar-lo.<\/li>\n<li><a href=\"https:\/\/drive.google.com\/file\/d\/1kn_RRyhZfQYYGFEZQD2mmFZ9IFCmek8I\/view?usp=sharing\" target=\"_blank\" rel=\"noopener noreferrer\">Curr\u00edculum Europass en angl\u00e8s<\/a>.<\/li>\n<\/ul>\n<p style=\"text-align: justify;\">La carta de motivaci\u00f3, de comprom\u00eds i el curr\u00edculum Europass els heu d&#8217;omplir, guardar en PDF i adjuntar al formulari. Si disposeu d&#8217;algun certificat oficial d&#8217;idiomes tamb\u00e9 el podeu adjuntar.<\/p>\n<p style=\"text-align: justify;\">Un cop rebudes totes les sol\u00b7licituds, se us convocar\u00e0 a una entrevista personal.<\/p>\n<p style=\"text-align: justify;\">Tota la informaci\u00f3 sobre el procediment per a l&#8217;assignaci\u00f3 dels ajuts Erasmus+ la teniu al corresponent document de la <a href=\"https:\/\/drive.google.com\/file\/d\/1gVYGx5Wx1wu0aetcm0BA7XZSsaWMwiMH\/view?usp=sharing\" target=\"_blank\" rel=\"noopener noreferrer\"><strong>normativa<\/strong><\/a>.<\/p>\n<p style=\"text-align: justify;\">Un cop valorades totes les sol\u00b7licituds es publicar\u00e0 un llistat ordenat per punts. Les places s&#8217;assignaran en funci\u00f3 d&#8217;aquest llistat. Els alumnes que no obtinguin pla\u00e7a quedaran com reserves.<\/p>\n<p><strong><a href=\"https:\/\/drive.google.com\/file\/d\/1225pg06vHm74koXqhsi7QX7A_e6RI7Iv\/view?usp=sharing\" target=\"_blank\" rel=\"noopener\">Resoluci\u00f3 de la baremaci\u00f3 sol\u00b7licituds, resultat definitiu Erasmus+ 2021\/2022<\/a><\/strong><\/p>\n<p>&nbsp;<\/p>\n","protected":false},"excerpt":{"rendered":"<ul style=\"list-style-type: square; text-align: justify;\">\n<li>Per formalitzar la vostra sol\u00b7licitud per participar al projecte Erasmus+ heu d&#8217;omplir el seg\u00fcent <a href=\"https:\/\/forms.gle\/7AhcfsJknY8rgiYBA\" target=\"_blank\" rel=\"noopener noreferrer\">formulari<\/a>.<\/li>\n<\/ul>\n<p>Per tal de poder fer la vostra sol\u00b7licitud abans necessitareu tenir:<\/p>\n<ul style=\"text-align: justify;\">\n<li>Carta de motivaci\u00f3 en angl\u00e8s. En aquesta has d&#8217;explicar els motius&hellip;  <a href=\"https:\/\/agora.xtec.cat\/inspm\/serveis\/erasmus-plus\/mobilitats-curs-2021-2022\/\" title=\"Read Mobilitats curs 2021-2022\">Llegeix m\u00e9s\u00bb<\/a><br \/>\n","protected":false},"author":502,"featured_media":0,"parent":5126,"menu_order":90,"comment_status":"closed","ping_status":"closed","template":"page-templates\/side-menu.php","meta":{"_bbp_topic_count":0,"_bbp_reply_count":0,"_bbp_total_topic_count":0,"_bbp_total_reply_count":0,"_bbp_voice_count":0,"_bbp_anonymous_reply_count":0,"_bbp_topic_count_hidden":0,"_bbp_reply_count_hidden":0,"_bbp_forum_subforum_count":0,"footnotes":""},"class_list":["post-8846","page","type-page","status-publish","hentry"],"post_mailing_queue_ids":[],"_links":{"self":[{"href":"https:\/\/agora.xtec.cat\/inspm\/wp-json\/wp\/v2\/pages\/8846","targetHints":{"allow":["GET"]}}],"collection":[{"href":"https:\/\/agora.xtec.cat\/inspm\/wp-json\/wp\/v2\/pages"}],"about":[{"href":"https:\/\/agora.xtec.cat\/inspm\/wp-json\/wp\/v2\/types\/page"}],"author":[{"embeddable":true,"href":"https:\/\/agora.xtec.cat\/inspm\/wp-json\/wp\/v2\/users\/502"}],"replies":[{"embeddable":true,"href":"https:\/\/agora.xtec.cat\/inspm\/wp-json\/wp\/v2\/comments?post=8846"}],"version-history":[{"count":4,"href":"https:\/\/agora.xtec.cat\/inspm\/wp-json\/wp\/v2\/pages\/8846\/revisions"}],"predecessor-version":[{"id":11058,"href":"https:\/\/agora.xtec.cat\/inspm\/wp-json\/wp\/v2\/pages\/8846\/revisions\/11058"}],"up":[{"embeddable":true,"href":"https:\/\/agora.xtec.cat\/inspm\/wp-json\/wp\/v2\/pages\/5126"}],"wp:attachment":[{"href":"https:\/\/agora.xtec.cat\/inspm\/wp-json\/wp\/v2\/media?parent=8846"}],"curies":[{"name":"wp","href":"https:\/\/api.w.org\/{rel}","templated":true}]}}