{"id":81,"date":"2014-09-18T10:38:05","date_gmt":"2014-09-18T10:38:05","guid":{"rendered":"http:\/\/agora.xtec.cat\/inspm\/?page_id=81"},"modified":"2025-07-28T22:32:03","modified_gmt":"2025-07-28T20:32:03","slug":"secretaria","status":"publish","type":"page","link":"https:\/\/agora.xtec.cat\/inspm\/secretaria\/","title":{"rendered":"Secretaria"},"content":{"rendered":"<div class=\"section noChildren\">\n<ul>\n<li class=\"page_item page-item-7604 title\"><a title=\"Horari\" href=\"https:\/\/agora.xtec.cat\/inspm\/secretaria\/horari\/\" target=\"_blank\" rel=\"noopener\">Horari<\/a><\/li>\n<\/ul>\n<\/div>\n<div class=\"section\">\n<ul>\n<li class=\"page_item page-item-473 title\"><a href=\"https:\/\/agora.xtec.cat\/inspm\/secretaria\/preinscripcions\/\" target=\"_blank\" rel=\"noopener\">Preinscripcions<\/a><\/li>\n<\/ul>\n<\/div>\n<div class=\"section\">\n<ul>\n<li><a href=\"https:\/\/agora.xtec.cat\/inspm\/secretaria\/llistes\/\">Llistes proc\u00e9s preinscripci\u00f3 i matr\u00edcula<\/a><\/li>\n<\/ul>\n<\/div>\n<div class=\"section\">\n<ul>\n<li><a href=\"https:\/\/agora.xtec.cat\/inspm\/secretaria\/matriculacions\/\">Matr\u00edcula<\/a><\/li>\n<\/ul>\n<\/div>\n<div class=\"section noChildren\">\n<ul>\n<li><a title=\"Documents secretaria\" href=\"https:\/\/agora.xtec.cat\/inspm\/secretaria\/documents-secretaria\/\" target=\"_blank\" rel=\"noopener\">Documents secretaria<\/a><\/li>\n<\/ul>\n<\/div>\n<div class=\"section\">\n<ul>\n<li><a href=\"https:\/\/agora.xtec.cat\/inspm\/secretaria\/homologacions\/\" target=\"_blank\" rel=\"noopener\">Homologacions<\/a><\/li>\n<\/ul>\n<\/div>\n<div class=\"section\">\n<ul>\n<li><a title=\"Proves d'acc\u00e9s a Cicles\" href=\"https:\/\/agora.xtec.cat\/inspm\/secretaria\/proves-dacces\/\" target=\"_blank\" rel=\"noopener\">Proves d&#8217;acc\u00e9s<\/a><\/li>\n<\/ul>\n<\/div>\n<div class=\"section\">\n<ul>\n<li><a href=\"https:\/\/agora.xtec.cat\/inspm\/secretaria\/beques-i-ajuts\/\" target=\"_blank\" rel=\"noopener\">Beques i ajuts<\/a><\/li>\n<\/ul>\n<\/div>\n","protected":false},"excerpt":{"rendered":"<ul>\n<li class=\"page_item page-item-7604 title\"><a title=\"Horari\" href=\"https:\/\/agora.xtec.cat\/inspm\/secretaria\/horari\/\" target=\"_blank\" rel=\"noopener\">Horari<\/a><\/li>\n<\/ul>\n<ul>\n<li class=\"page_item page-item-473 title\"><a href=\"https:\/\/agora.xtec.cat\/inspm\/secretaria\/preinscripcions\/\" target=\"_blank\" rel=\"noopener\">Preinscripcions<\/a><\/li>\n<\/ul>\n<ul>\n<li><a href=\"https:\/\/agora.xtec.cat\/inspm\/secretaria\/llistes\/\">Llistes proc\u00e9s preinscripci\u00f3 i matr\u00edcula<\/a><\/li>\n<\/ul>\n<ul>\n<li><a href=\"https:\/\/agora.xtec.cat\/inspm\/secretaria\/matriculacions\/\">Matr\u00edcula<\/a><\/li>\n<\/ul>\n<ul>\n<li><a title=\"Documents secretaria\" href=\"https:\/\/agora.xtec.cat\/inspm\/secretaria\/documents-secretaria\/\" target=\"_blank\" rel=\"noopener\">Documents secretaria<\/a><\/li>\n<\/ul>\n<ul>\n<li><a href=\"https:\/\/agora.xtec.cat\/inspm\/secretaria\/homologacions\/\" target=\"_blank\" rel=\"noopener\">Homologacions<\/a><\/li>\n<\/ul>\n<ul>\n<li><a title=\"Proves d'acc\u00e9s a Cicles\" href=\"https:\/\/agora.xtec.cat\/inspm\/secretaria\/proves-dacces\/\" target=\"_blank\" rel=\"noopener\">Proves d&#8217;acc\u00e9s<\/a><\/li>\n<\/ul>\n<ul>\n<li><a href=\"https:\/\/agora.xtec.cat\/inspm\/secretaria\/beques-i-ajuts\/\" target=\"_blank\" rel=\"noopener\">Beques i ajuts<\/a><\/li>\n<\/ul>\n","protected":false},"author":1,"featured_media":0,"parent":0,"menu_order":0,"comment_status":"closed","ping_status":"closed","template":"page-templates\/side-menu.php","meta":{"_bbp_topic_count":0,"_bbp_reply_count":0,"_bbp_total_topic_count":0,"_bbp_total_reply_count":0,"_bbp_voice_count":0,"_bbp_anonymous_reply_count":0,"_bbp_topic_count_hidden":0,"_bbp_reply_count_hidden":0,"_bbp_forum_subforum_count":0,"footnotes":""},"class_list":["post-81","page","type-page","status-publish","hentry"],"post_mailing_queue_ids":[],"_links":{"self":[{"href":"https:\/\/agora.xtec.cat\/inspm\/wp-json\/wp\/v2\/pages\/81","targetHints":{"allow":["GET"]}}],"collection":[{"href":"https:\/\/agora.xtec.cat\/inspm\/wp-json\/wp\/v2\/pages"}],"about":[{"href":"https:\/\/agora.xtec.cat\/inspm\/wp-json\/wp\/v2\/types\/page"}],"author":[{"embeddable":true,"href":"https:\/\/agora.xtec.cat\/inspm\/wp-json\/wp\/v2\/users\/1"}],"replies":[{"embeddable":true,"href":"https:\/\/agora.xtec.cat\/inspm\/wp-json\/wp\/v2\/comments?post=81"}],"version-history":[{"count":6,"href":"https:\/\/agora.xtec.cat\/inspm\/wp-json\/wp\/v2\/pages\/81\/revisions"}],"predecessor-version":[{"id":12883,"href":"https:\/\/agora.xtec.cat\/inspm\/wp-json\/wp\/v2\/pages\/81\/revisions\/12883"}],"wp:attachment":[{"href":"https:\/\/agora.xtec.cat\/inspm\/wp-json\/wp\/v2\/media?parent=81"}],"curies":[{"name":"wp","href":"https:\/\/api.w.org\/{rel}","templated":true}]}}