{"id":7723,"date":"2021-02-01T13:17:46","date_gmt":"2021-02-01T12:17:46","guid":{"rendered":"http:\/\/agora.xtec.cat\/inspm\/?page_id=7723"},"modified":"2025-07-04T08:57:11","modified_gmt":"2025-07-04T06:57:11","slug":"matricula-programa-de-formacio-i-insercio","status":"publish","type":"page","link":"https:\/\/agora.xtec.cat\/inspm\/secretaria\/matriculacions\/matricula-programa-de-formacio-i-insercio\/","title":{"rendered":"Matr\u00edcula &#8211; Programa de Formaci\u00f3 i Inserci\u00f3"},"content":{"rendered":"<p style=\"font-weight: 400; text-align: justify;\">Si has sortit adm\u00e8s a la llista d&#8217;admesos del dia\u00a04\u00a0de juliol, has de formalitzar la\u00a0matr\u00edcula\u00a0presencialment al centre,\u00a0del<strong>\u00a07\u00a0a\u00a0l&#8217;11\u00a0de juliol\u00a0<\/strong>en horari de 9h a 13h, seguint les instruccions del full de\u00a0matr\u00edcula.<\/p>\n<ul style=\"font-weight: 400;\">\n<li><a href=\"https:\/\/drive.google.com\/file\/d\/1MG5lgoiAsx1Ytv2HOSvu9A7kICm_bXsi\/view?usp=drive_link\" target=\"_blank\" rel=\"noopener\">Full de\u00a0matr\u00edcula<\/a><\/li>\n<li><a href=\"https:\/\/drive.google.com\/file\/d\/1XjmFaw72PaJVZA1jvkbk2f9ChNNCiqru\/view?usp=drive_link\" target=\"_blank\" rel=\"noopener\">Autoritzaci\u00f3 imatges p\u00fabliques (majors de 14 anys)<\/a><\/li>\n<li><a href=\"https:\/\/drive.google.com\/file\/d\/1k2oZO5NdjLPO18BZYRbO8nrWUXvZjZOp\/view?usp=drive_link\" target=\"_blank\" rel=\"noopener\">Carta de comprom\u00eds educatiu<\/a><\/li>\n<li><a href=\"https:\/\/drive.google.com\/file\/d\/1FEo3ljDS66SRlxBb2CDojpiETvZJ9stq\/view?usp=drive_link\" target=\"_blank\" rel=\"noopener\">Acord formatiu<\/a><\/li>\n<\/ul>\n","protected":false},"excerpt":{"rendered":"<p>Si has sortit adm\u00e8s a la llista d&#8217;admesos del dia\u00a04\u00a0de juliol, has de formalitzar la\u00a0matr\u00edcula\u00a0presencialment al centre,\u00a0del\u00a07\u00a0a\u00a0l&#8217;11\u00a0de juliol\u00a0en horari de 9h a 13h, seguint les instruccions del full de\u00a0matr\u00edcula.<\/p>\n<ul style=\"font-weight: 400;\">\n<li><a href=\"https:\/\/drive.google.com\/file\/d\/1MG5lgoiAsx1Ytv2HOSvu9A7kICm_bXsi\/view?usp=drive_link\" target=\"_blank\" rel=\"noopener\">Full de\u00a0matr\u00edcula<\/a><\/li>\n<li><a href=\"https:\/\/drive.google.com\/file\/d\/1XjmFaw72PaJVZA1jvkbk2f9ChNNCiqru\/view?usp=drive_link\" target=\"_blank\" rel=\"noopener\">Autoritzaci\u00f3 imatges p\u00fabliques (majors de 14 anys)<\/a><\/li>\n<li><a href=\"https:\/\/drive.google.com\/file\/d\/1k2oZO5NdjLPO18BZYRbO8nrWUXvZjZOp\/view?usp=drive_link\"&hellip;  <a href=\"https:\/\/agora.xtec.cat\/inspm\/secretaria\/matriculacions\/matricula-programa-de-formacio-i-insercio\/\" title=\"Read Matr\u00edcula &#8211; Programa de Formaci\u00f3 i Inserci\u00f3\">Llegeix m\u00e9s\u00bb<\/a><br \/>\n","protected":false},"author":502,"featured_media":0,"parent":508,"menu_order":30,"comment_status":"closed","ping_status":"closed","template":"page-templates\/side-menu.php","meta":{"_bbp_topic_count":0,"_bbp_reply_count":0,"_bbp_total_topic_count":0,"_bbp_total_reply_count":0,"_bbp_voice_count":0,"_bbp_anonymous_reply_count":0,"_bbp_topic_count_hidden":0,"_bbp_reply_count_hidden":0,"_bbp_forum_subforum_count":0,"footnotes":""},"class_list":["post-7723","page","type-page","status-publish","hentry"],"post_mailing_queue_ids":[],"_links":{"self":[{"href":"https:\/\/agora.xtec.cat\/inspm\/wp-json\/wp\/v2\/pages\/7723","targetHints":{"allow":["GET"]}}],"collection":[{"href":"https:\/\/agora.xtec.cat\/inspm\/wp-json\/wp\/v2\/pages"}],"about":[{"href":"https:\/\/agora.xtec.cat\/inspm\/wp-json\/wp\/v2\/types\/page"}],"author":[{"embeddable":true,"href":"https:\/\/agora.xtec.cat\/inspm\/wp-json\/wp\/v2\/users\/502"}],"replies":[{"embeddable":true,"href":"https:\/\/agora.xtec.cat\/inspm\/wp-json\/wp\/v2\/comments?post=7723"}],"version-history":[{"count":6,"href":"https:\/\/agora.xtec.cat\/inspm\/wp-json\/wp\/v2\/pages\/7723\/revisions"}],"predecessor-version":[{"id":12859,"href":"https:\/\/agora.xtec.cat\/inspm\/wp-json\/wp\/v2\/pages\/7723\/revisions\/12859"}],"up":[{"embeddable":true,"href":"https:\/\/agora.xtec.cat\/inspm\/wp-json\/wp\/v2\/pages\/508"}],"wp:attachment":[{"href":"https:\/\/agora.xtec.cat\/inspm\/wp-json\/wp\/v2\/media?parent=7723"}],"curies":[{"name":"wp","href":"https:\/\/api.w.org\/{rel}","templated":true}]}}