{"id":7716,"date":"2021-02-01T13:06:28","date_gmt":"2021-02-01T12:06:28","guid":{"rendered":"http:\/\/agora.xtec.cat\/inspm\/?page_id=7716"},"modified":"2025-10-01T11:27:06","modified_gmt":"2025-10-01T09:27:06","slug":"matricula-cf-de-grau-mitja","status":"publish","type":"page","link":"https:\/\/agora.xtec.cat\/inspm\/secretaria\/matriculacions\/matricula-cf-de-grau-mitja\/","title":{"rendered":"Matr\u00edcula \u2013 Cicles Formatius de Grau Mitj\u00e0 (resta de cicles)"},"content":{"rendered":"<p style=\"text-align: justify;\">Si has sortit adm\u00e8s a la llista d&#8217;admesos del 10 de juliol, has de formalitzar la matr\u00edcula presencialment al centre, de l&#8217;<strong>11\u00a0al 23 de juliol <\/strong>(1a opci\u00f3 en la 1a assignaci\u00f3) en horari de 9h a 13h, seguint les instruccions del full de matr\u00edcula.<\/p>\n<p style=\"text-align: justify;\">Si has sortit adm\u00e8s a la llista d&#8217;admesos del 18 de juliol, ho has de fer del<strong>\u00a0<\/strong> <strong>21 al 23 de juliol <\/strong> <strong>\u00a0<\/strong>(2a assignaci\u00f3).<\/p>\n<p style=\"text-align: justify;\">Si has sortit adm\u00e8s a la llista d&#8217;admesos del 29 de juliol, ho has de fer de l&#8217;<strong>1\u00a0al 4 de setembre<\/strong><strong>\u00a0<\/strong>(3a assignaci\u00f3).<\/p>\n<ul style=\"text-align: justify;\">\n<li><strong>ALUMNES NOUS AL CENTRE<br \/>\n<\/strong><\/li>\n<\/ul>\n<ul style=\"text-align: justify;\">\n<li style=\"list-style-type: none;\">\n<ul>\n<li><a href=\"https:\/\/drive.google.com\/file\/d\/1HK9zD1JOCITG0P0IWvE8oKe9UcDfnwYi\/view?usp=drive_link\" target=\"_blank\" rel=\"noopener\">Full de matr\u00edcula<\/a><\/li>\n<li><a href=\"https:\/\/drive.google.com\/file\/d\/1R7wciAJ4mh4eZZ8AURNJvp_KyfCF5GdO\/view?usp=drive_link\" target=\"_blank\" rel=\"noopener\">Autoritzaci\u00f3 imatges p\u00fabliques<\/a><\/li>\n<li><a href=\"https:\/\/drive.google.com\/file\/d\/1lEfzDsvXUbBrVdVCakoWHadVQIYfnX7D\/view?usp=drive_link\" target=\"_blank\" rel=\"noopener\">Carta de comprom\u00eds educatiu omplert i signat<\/a><\/li>\n<\/ul>\n<\/li>\n<\/ul>\n<p style=\"text-align: justify;\">Si ets alumne del centre i vols continuar els estudis, has de confirmar la matr\u00edcula per al curs vinent, presencialment a la secretaria del centre, <strong>fins al 26 de maig\u00a0<\/strong>en horari de 9h a 13h.<\/p>\n<ul style=\"text-align: justify;\">\n<li><strong> ALUMNES DE CONTINU\u00cfTAT DEL CENTRE (que passen de 1r a 2n o repeteixen) <\/strong><\/li>\n<\/ul>\n<ul>\n<li style=\"list-style-type: none;\">\n<ul>\n<li style=\"text-align: justify;\"><a href=\"https:\/\/drive.google.com\/file\/d\/1_Oo9k4ZQVrUoTziWRLiHCEVCv3132A2O\/view?usp=drive_link\" target=\"_blank\" rel=\"noopener\">Full de matr\u00edcula<\/a><\/li>\n<\/ul>\n<\/li>\n<\/ul>\n<div class=\"gmail_default\" style=\"text-align: justify;\">\n<p><b>NOVETAT!<\/b><\/p>\n<p>Els alumnes que tenen mat\u00e8ries pendents de 2n de Cicle Formatiu de Grau Mitj\u00e0 o Superior i volen finalitzar els seus estudis (pla d&#8217;estudis en extinci\u00f3), han de seguir el procediment de\u00a0<b><u>compleci\u00f3 d\u2019estudis:<\/u><\/b><\/p>\n<p>&#8211; Ara al juny, nom\u00e9s es poden matricular de la FCT.<\/p>\n<p>&#8211; Per a matricular-se d\u2019altres UF o m\u00f2duls pendents, hi ha dos terminis:<\/p>\n<p>1 al 15 d&#8217;octubre de 2025\u00a0\u00a0(2 convocat\u00f2ries: novembre i abril):\u00a0 <a href=\"https:\/\/drive.google.com\/file\/d\/17sUbVUdkFtYzUKvY4giTun7iXYMHTJJy\/view?usp=drive_link\" target=\"_blank\" rel=\"noopener\">Full de matr\u00edcula<\/a><\/p>\n<p>1 al 15 de mar\u00e7 de 2026\u00a0\u00a0(1 convocat\u00f2ria: abril): <a href=\"https:\/\/drive.google.com\/file\/d\/1iuuPVEjbqPY-1O8-FoUbPcmMjZ1ycVc4\/view?usp=drive_link\" target=\"_blank\" rel=\"noopener\">Full de matr\u00edcula<\/a><\/p>\n<\/div>\n<div class=\"gmail_default\" style=\"text-align: justify;\"><b>NO HI HAUR\u00c0 ACTIVITAT DOCENT<\/b>\u00a0(classes presencials)<\/div>\n","protected":false},"excerpt":{"rendered":"<p>Si has sortit adm\u00e8s a la llista d&#8217;admesos del 10 de juliol, has de formalitzar la matr\u00edcula presencialment al centre, de l&#8217;11\u00a0al 23 de juliol (1a opci\u00f3 en la 1a assignaci\u00f3) en horari de 9h a 13h, seguint les instruccions del full de matr\u00edcula.<br \/>\nSi has&hellip;  <a href=\"https:\/\/agora.xtec.cat\/inspm\/secretaria\/matriculacions\/matricula-cf-de-grau-mitja\/\" title=\"Read Matr\u00edcula \u2013 Cicles Formatius de Grau Mitj\u00e0 (resta de cicles)\">Llegeix m\u00e9s\u00bb<\/a><\/p>\n","protected":false},"author":502,"featured_media":0,"parent":508,"menu_order":53,"comment_status":"closed","ping_status":"closed","template":"page-templates\/side-menu.php","meta":{"_bbp_topic_count":0,"_bbp_reply_count":0,"_bbp_total_topic_count":0,"_bbp_total_reply_count":0,"_bbp_voice_count":0,"_bbp_anonymous_reply_count":0,"_bbp_topic_count_hidden":0,"_bbp_reply_count_hidden":0,"_bbp_forum_subforum_count":0,"footnotes":""},"class_list":["post-7716","page","type-page","status-publish","hentry"],"post_mailing_queue_ids":[],"_links":{"self":[{"href":"https:\/\/agora.xtec.cat\/inspm\/wp-json\/wp\/v2\/pages\/7716","targetHints":{"allow":["GET"]}}],"collection":[{"href":"https:\/\/agora.xtec.cat\/inspm\/wp-json\/wp\/v2\/pages"}],"about":[{"href":"https:\/\/agora.xtec.cat\/inspm\/wp-json\/wp\/v2\/types\/page"}],"author":[{"embeddable":true,"href":"https:\/\/agora.xtec.cat\/inspm\/wp-json\/wp\/v2\/users\/502"}],"replies":[{"embeddable":true,"href":"https:\/\/agora.xtec.cat\/inspm\/wp-json\/wp\/v2\/comments?post=7716"}],"version-history":[{"count":7,"href":"https:\/\/agora.xtec.cat\/inspm\/wp-json\/wp\/v2\/pages\/7716\/revisions"}],"predecessor-version":[{"id":13017,"href":"https:\/\/agora.xtec.cat\/inspm\/wp-json\/wp\/v2\/pages\/7716\/revisions\/13017"}],"up":[{"embeddable":true,"href":"https:\/\/agora.xtec.cat\/inspm\/wp-json\/wp\/v2\/pages\/508"}],"wp:attachment":[{"href":"https:\/\/agora.xtec.cat\/inspm\/wp-json\/wp\/v2\/media?parent=7716"}],"curies":[{"name":"wp","href":"https:\/\/api.w.org\/{rel}","templated":true}]}}