{"id":7712,"date":"2021-02-01T13:04:09","date_gmt":"2021-02-01T12:04:09","guid":{"rendered":"http:\/\/agora.xtec.cat\/inspm\/?page_id=7712"},"modified":"2025-06-26T09:55:56","modified_gmt":"2025-06-26T07:55:56","slug":"matricula-batxillerat","status":"publish","type":"page","link":"https:\/\/agora.xtec.cat\/inspm\/secretaria\/matriculacions\/matricula-batxillerat\/","title":{"rendered":"Matr\u00edcula &#8211; Batxillerat"},"content":{"rendered":"<p style=\"font-weight: 400; text-align: justify;\"><strong>ALUMNES NOUS AL CENTRE 1r curs<\/strong><\/p>\n<p style=\"text-align: justify;\">Si has sortit adm\u00e8s a la llista d&#8217;admesos del dia\u00a019\u00a0de juny, has de formalitzar la\u00a0matr\u00edcula\u00a0\u00a0presencialment al centre,\u00a0del\u00a0<strong>20 al 30\u00a0de juny\u00a0<\/strong>en horari de 9h a 13h, seguint les instruccions del full de\u00a0matr\u00edcula.<\/p>\n<ul style=\"text-align: justify;\">\n<li><a href=\"https:\/\/drive.google.com\/file\/d\/1_jBe-5tOQGf6bLzb6SUuo_JA19TEaTHz\/view?usp=drive_link\" target=\"_blank\" rel=\"noopener\">Full de matr\u00edcula<\/a><\/li>\n<li><a href=\"https:\/\/drive.google.com\/file\/d\/1JsatSPEWdS13bHgzBJDS1qhLDxy-VPyY\/view?usp=drive_link\" target=\"_blank\" rel=\"noopener\">Full de tria de les mat\u00e8ries de modalitat i optatives<\/a><\/li>\n<li><a href=\"https:\/\/drive.google.com\/file\/d\/1KsFEJeP9NQsDrINyAe9nGKNLhj98rqw8\/view?usp=drive_link\" target=\"_blank\" rel=\"noopener\">Autoritzaci\u00f3 imatges p\u00fabliques (majors de 14 anys)<\/a><\/li>\n<li><a href=\"https:\/\/drive.google.com\/file\/d\/1yOmzqQUD29_sjFJvLE2srzL3yGWoeYeE\/view?usp=drive_link\" target=\"_blank\" rel=\"noopener\">Carta de comprom\u00eds educatiu<\/a><strong>\u00a0<\/strong><\/li>\n<\/ul>\n<p style=\"text-align: justify;\"><strong>ALUMNES DE CONTINU\u00cfTAT DEL CENTRE<\/strong><\/p>\n<p style=\"text-align: justify;\">Si ets alumne del centre i encara no has fet la confirmaci\u00f3 de pla\u00e7a per l&#8217;any vinent, has de presentar la seg\u00fcent documentaci\u00f3 a la secretaria del centre, en horari de 9h a 13h<strong>.<br \/>\n<\/strong><\/p>\n<ul>\n<li style=\"text-align: justify;\"><a href=\"https:\/\/drive.google.com\/file\/d\/1NaBTRjUqWhhZJsxTZuixiMD6OtaJO_2z\/view?usp=drive_link\" target=\"_blank\" rel=\"noopener\">Full de\u00a0confirmaci\u00f3 de pla\u00e7a\u00a0i\u00a0matr\u00edcula\u00a0(que passen de 1r a 2n o repeteixen)\u00a0<strong>fins\u00a0al\u00a030\u00a0de juny<\/strong>\u00a0<\/a><\/li>\n<li style=\"text-align: justify;\"><a href=\"https:\/\/drive.google.com\/file\/d\/1O_yjmci9P2VrZSXCmro6RWFZtK338KMM\/view?usp=drive_link\" target=\"_blank\" rel=\"noopener\">Full de\u00a0matr\u00edcula\u00a0(que passen de 4t d&#8217;ESO\u00a0a 1r\u00a0BATX)\u00a0<strong>fins al 30<\/strong><strong>\u00a0de juny<\/strong><\/a><\/li>\n<li style=\"text-align: justify;\"><a href=\"https:\/\/drive.google.com\/file\/d\/1JsatSPEWdS13bHgzBJDS1qhLDxy-VPyY\/view?usp=drive_link\" target=\"_blank\" rel=\"noopener\">Full de tria de les mat\u00e8ries de modalitat i optatives<\/a><\/li>\n<li style=\"text-align: justify;\"><a href=\"https:\/\/drive.google.com\/file\/d\/1KsFEJeP9NQsDrINyAe9nGKNLhj98rqw8\/view?usp=drive_link\" target=\"_blank\" rel=\"noopener\">Autoritzaci\u00f3 imatges p\u00fabliques (majors de 14 anys)\u00a0<\/a><\/li>\n<li style=\"text-align: justify;\"><a href=\"https:\/\/drive.google.com\/file\/d\/1yOmzqQUD29_sjFJvLE2srzL3yGWoeYeE\/view?usp=drive_link\" target=\"_blank\" rel=\"noopener\">Carta de comprom\u00eds educatiu<\/a><strong>\u00a0<\/strong><\/li>\n<\/ul>\n","protected":false},"excerpt":{"rendered":"<p>ALUMNES NOUS AL CENTRE 1r curs<br \/>\nSi has sortit adm\u00e8s a la llista d&#8217;admesos del dia\u00a019\u00a0de juny, has de formalitzar la\u00a0matr\u00edcula\u00a0\u00a0presencialment al centre,\u00a0del\u00a020 al 30\u00a0de juny\u00a0en horari de 9h a 13h, seguint les instruccions del full de\u00a0matr\u00edcula.<\/p>\n<ul style=\"text-align: justify;\">\n<li><a href=\"https:\/\/drive.google.com\/file\/d\/1_jBe-5tOQGf6bLzb6SUuo_JA19TEaTHz\/view?usp=drive_link\" target=\"_blank\" rel=\"noopener\">Full de matr\u00edcula<\/a><\/li>\n<li><a href=\"https:\/\/drive.google.com\/file\/d\/1JsatSPEWdS13bHgzBJDS1qhLDxy-VPyY\/view?usp=drive_link\" target=\"_blank\"&hellip;  <a href=\"https:\/\/agora.xtec.cat\/inspm\/secretaria\/matriculacions\/matricula-batxillerat\/\" title=\"Read Matr\u00edcula &#8211; Batxillerat\">Llegeix m\u00e9s\u00bb<\/a><br \/>\n","protected":false},"author":502,"featured_media":0,"parent":508,"menu_order":20,"comment_status":"closed","ping_status":"closed","template":"page-templates\/side-menu.php","meta":{"_bbp_topic_count":0,"_bbp_reply_count":0,"_bbp_total_topic_count":0,"_bbp_total_reply_count":0,"_bbp_voice_count":0,"_bbp_anonymous_reply_count":0,"_bbp_topic_count_hidden":0,"_bbp_reply_count_hidden":0,"_bbp_forum_subforum_count":0,"footnotes":""},"class_list":["post-7712","page","type-page","status-publish","hentry"],"post_mailing_queue_ids":[],"_links":{"self":[{"href":"https:\/\/agora.xtec.cat\/inspm\/wp-json\/wp\/v2\/pages\/7712","targetHints":{"allow":["GET"]}}],"collection":[{"href":"https:\/\/agora.xtec.cat\/inspm\/wp-json\/wp\/v2\/pages"}],"about":[{"href":"https:\/\/agora.xtec.cat\/inspm\/wp-json\/wp\/v2\/types\/page"}],"author":[{"embeddable":true,"href":"https:\/\/agora.xtec.cat\/inspm\/wp-json\/wp\/v2\/users\/502"}],"replies":[{"embeddable":true,"href":"https:\/\/agora.xtec.cat\/inspm\/wp-json\/wp\/v2\/comments?post=7712"}],"version-history":[{"count":6,"href":"https:\/\/agora.xtec.cat\/inspm\/wp-json\/wp\/v2\/pages\/7712\/revisions"}],"predecessor-version":[{"id":12836,"href":"https:\/\/agora.xtec.cat\/inspm\/wp-json\/wp\/v2\/pages\/7712\/revisions\/12836"}],"up":[{"embeddable":true,"href":"https:\/\/agora.xtec.cat\/inspm\/wp-json\/wp\/v2\/pages\/508"}],"wp:attachment":[{"href":"https:\/\/agora.xtec.cat\/inspm\/wp-json\/wp\/v2\/media?parent=7712"}],"curies":[{"name":"wp","href":"https:\/\/api.w.org\/{rel}","templated":true}]}}