{"id":7708,"date":"2021-02-01T12:55:54","date_gmt":"2021-02-01T11:55:54","guid":{"rendered":"http:\/\/agora.xtec.cat\/inspm\/?page_id=7708"},"modified":"2025-06-16T08:15:27","modified_gmt":"2025-06-16T06:15:27","slug":"matricula-eso","status":"publish","type":"page","link":"https:\/\/agora.xtec.cat\/inspm\/secretaria\/matriculacions\/matricula-eso\/","title":{"rendered":"Matr\u00edcula &#8211; ESO"},"content":{"rendered":"<p style=\"font-weight: 400;\"><strong>ALUMNES NOUS AL CENTRE<\/strong><\/p>\n<p style=\"text-align: justify;\"><strong>Si has sortit adm\u00e8s a la llista d&#8217;admesos del dia 16 de juny, has de formalitzar la matr\u00edcula presencialment al centre,\u00a0del 25 de juny al 3 de juliol\u00a0de 2025 en horari de 9h a 13h, seguint les instruccions del full de matr\u00edcula.<\/strong><\/p>\n<ul style=\"font-weight: 400;\">\n<li><a href=\"https:\/\/drive.google.com\/file\/d\/1gsU8jJzXL65jGPyE8PtopI4yWB5tVDxO\/view?usp=drive_link\" target=\"_blank\" rel=\"noopener\">Full de matr\u00edcula.<\/a><\/li>\n<li><a href=\"https:\/\/drive.google.com\/file\/d\/1ZqL4eFD5vEAe0VDsod1fV47tjO2zZZvu\/view?usp=drive_link\" target=\"_blank\" rel=\"noopener\">Autoritzaci\u00f3 imatges p\u00fabliques (menors de 14 anys).<\/a><\/li>\n<li><a href=\"https:\/\/drive.google.com\/file\/d\/1FEUNZcGqKPzOcTUeGex5Vu5h2WFsWjOx\/view?usp=drive_link\" target=\"_blank\" rel=\"noopener\">Autoritzaci\u00f3 imatges p\u00fabliques (majors de 14 anys).<\/a><\/li>\n<\/ul>\n<ul style=\"font-weight: 400;\">\n<li><a href=\"https:\/\/drive.google.com\/file\/d\/1yRVbVYqKSUeEQlL0LZI8vrTpg2hcrwjk\/view?usp=drive_link\" target=\"_blank\" rel=\"noopener\">Declaraci\u00f3 sobre l\u2019opci\u00f3 de rebre l\u2019ensenyament de la religi\u00f3 o l\u2019atenci\u00f3 educativa alternativa.<\/a><\/li>\n<li><a href=\"https:\/\/drive.google.com\/file\/d\/1GT_8cmeMovNBIPdT3J0XK0bbKA2wnD68\/view?usp=drive_link\" target=\"_blank\" rel=\"noopener\">Carta de comprom\u00eds educatiu.<\/a><\/li>\n<\/ul>\n<p style=\"font-weight: 400;\"><strong>ALUMNES DE CONTINU\u00cfTAT DEL CENTRE<\/strong><\/p>\n<p style=\"text-align: justify;\"><strong>Si ets alumne del centre i encara no has fet la confirmaci\u00f3 de pla\u00e7a per l&#8217;any vinent, has de formalitzar la matr\u00edcula presencialment al centre, fins al 30 de juny de 2025 en horari de 9h a 13h, seguint les instruccions del full de matr\u00edcula.<\/strong><\/p>\n<p style=\"font-weight: 400;\">Alumnes que repeteixen 4t d&#8217;ESO:\u00a0\u00a0<a href=\"https:\/\/drive.google.com\/file\/d\/1CRQU3iG7zJEQN7E1sNARixsV4dD5ZBm5\/view?usp=drive_link\" target=\"_blank\" rel=\"noopener\">Full de matr\u00edcula.<\/a><\/p>\n<p style=\"font-weight: 400;\">Resta de cursos de l&#8217;ESO (1r, 2n i 3r):\u00a0\u00a0<a href=\"https:\/\/drive.google.com\/file\/d\/10n-1e0VmKCDhjMeeCElO7WOTvvkZ1b_P\/view?usp=drive_link\" target=\"_blank\" rel=\"noopener\">Full de matr\u00edcula.<\/a><\/p>\n","protected":false},"excerpt":{"rendered":"<p>ALUMNES NOUS AL CENTRE<br \/>\nSi has sortit adm\u00e8s a la llista d&#8217;admesos del dia 16 de juny, has de formalitzar la matr\u00edcula presencialment al centre,\u00a0del 25 de juny al 3 de juliol\u00a0de 2025 en horari de 9h a 13h, seguint les instruccions del full de matr\u00edcula.\n<ul&hellip;  <a href=\"https:\/\/agora.xtec.cat\/inspm\/secretaria\/matriculacions\/matricula-eso\/\" title=\"Read Matr\u00edcula &#8211; ESO\">Llegeix m\u00e9s\u00bb<\/a><\/p>\n","protected":false},"author":502,"featured_media":0,"parent":508,"menu_order":10,"comment_status":"closed","ping_status":"closed","template":"page-templates\/side-menu.php","meta":{"_bbp_topic_count":0,"_bbp_reply_count":0,"_bbp_total_topic_count":0,"_bbp_total_reply_count":0,"_bbp_voice_count":0,"_bbp_anonymous_reply_count":0,"_bbp_topic_count_hidden":0,"_bbp_reply_count_hidden":0,"_bbp_forum_subforum_count":0,"footnotes":""},"class_list":["post-7708","page","type-page","status-publish","hentry"],"post_mailing_queue_ids":[],"_links":{"self":[{"href":"https:\/\/agora.xtec.cat\/inspm\/wp-json\/wp\/v2\/pages\/7708","targetHints":{"allow":["GET"]}}],"collection":[{"href":"https:\/\/agora.xtec.cat\/inspm\/wp-json\/wp\/v2\/pages"}],"about":[{"href":"https:\/\/agora.xtec.cat\/inspm\/wp-json\/wp\/v2\/types\/page"}],"author":[{"embeddable":true,"href":"https:\/\/agora.xtec.cat\/inspm\/wp-json\/wp\/v2\/users\/502"}],"replies":[{"embeddable":true,"href":"https:\/\/agora.xtec.cat\/inspm\/wp-json\/wp\/v2\/comments?post=7708"}],"version-history":[{"count":6,"href":"https:\/\/agora.xtec.cat\/inspm\/wp-json\/wp\/v2\/pages\/7708\/revisions"}],"predecessor-version":[{"id":12783,"href":"https:\/\/agora.xtec.cat\/inspm\/wp-json\/wp\/v2\/pages\/7708\/revisions\/12783"}],"up":[{"embeddable":true,"href":"https:\/\/agora.xtec.cat\/inspm\/wp-json\/wp\/v2\/pages\/508"}],"wp:attachment":[{"href":"https:\/\/agora.xtec.cat\/inspm\/wp-json\/wp\/v2\/media?parent=7708"}],"curies":[{"name":"wp","href":"https:\/\/api.w.org\/{rel}","templated":true}]}}