{"id":7647,"date":"2021-01-26T14:30:25","date_gmt":"2021-01-26T13:30:25","guid":{"rendered":"http:\/\/agora.xtec.cat\/inspm\/?page_id=7647"},"modified":"2026-03-26T09:55:07","modified_gmt":"2026-03-26T08:55:07","slug":"preinscripcio-cicles-formatius-de-grau-basic","status":"publish","type":"page","link":"https:\/\/agora.xtec.cat\/inspm\/secretaria\/preinscripcions\/preinscripcio-cicles-formatius-de-grau-basic\/","title":{"rendered":"Preinscripci\u00f3 &#8211; Cicles Formatius de Grau B\u00e0sic"},"content":{"rendered":"<p style=\"text-align: justify;\">La sol\u00b7licitud de preinscripci\u00f3 \u00e9s electr\u00f2nica i es formalitza utilitzant el formulari electr\u00f2nic disponible al web gencat juntament amb la documentaci\u00f3 requerida.<\/p>\n<p style=\"text-align: justify;\">Nom\u00e9s es pot presentar una sol\u00b7licitud de preinscripci\u00f3 per persona per a cicles formatius de grau b\u00e0sic, on s\u2019ha de demanar en la primera petici\u00f3 un cicle que pertanyi a una de les tres fam\u00edlies a les quals s\u2019ha orientat a l\u2019alumne\/a mitjan\u00e7ant el consell orientador. Si es demana en primer lloc un cicle que no pertany a cap de les fam\u00edlies professionals indicades en el consell orientar, la sol\u00b7licitud quedar\u00e0 exclosa del proc\u00e9s de preinscripci\u00f3.<\/p>\n<table style=\"width: 92.5796%;\" border=\"0\" cellspacing=\"0\">\n<colgroup width=\"166\"><\/colgroup>\n<colgroup width=\"135\"><\/colgroup>\n<tbody>\n<tr>\n<td style=\"width: 54.7855%;\" align=\"left\" valign=\"top\" height=\"30\" data-sheets-value=\"{ &quot;1&quot;: 2, &quot;2&quot;: &quot;Termini de presentaci\u00f3 de sol\u00b7licituds&quot;}\"><span style=\"font-family: Arial;\">Termini de presentaci\u00f3 de sol\u00b7licituds<\/span><\/td>\n<td style=\"width: 109.901%;\" align=\"left\" valign=\"top\" data-sheets-value=\"{ &quot;1&quot;: 2, &quot;2&quot;: &quot;4 al 13 de maig de 2026&quot;}\"><span style=\"font-family: Arial;\">4 al 13 de maig de 2026<\/span><\/td>\n<\/tr>\n<tr>\n<td style=\"width: 54.7855%;\" align=\"left\" valign=\"top\" height=\"30\" data-sheets-value=\"{ &quot;1&quot;: 2, &quot;2&quot;: &quot;Publicaci\u00f3 de llistes amb el barem provisional&quot;}\"><span style=\"font-family: Arial;\">Publicaci\u00f3 de llistes amb el barem provisional<\/span><\/td>\n<td style=\"width: 109.901%;\" align=\"left\" valign=\"top\" data-sheets-value=\"{ &quot;1&quot;: 2, &quot;2&quot;: &quot;28 de maig de 2026&quot;}\"><span style=\"font-family: Arial;\">28 de maig de 2026<\/span><\/td>\n<\/tr>\n<tr>\n<td style=\"width: 54.7855%;\" align=\"left\" valign=\"top\" height=\"30\" data-sheets-value=\"{ &quot;1&quot;: 2, &quot;2&quot;: &quot;Per\u00edode de reclamacions&quot;}\"><span style=\"font-family: Arial;\">Per\u00edode de reclamacions<\/span><\/td>\n<td style=\"width: 109.901%;\" align=\"left\" valign=\"top\" data-sheets-value=\"{ &quot;1&quot;: 2, &quot;2&quot;: &quot;28 de maig al 2 de juny de 2026&quot;}\"><span style=\"font-family: Arial;\">28 de maig al 2 de juny de 2026<\/span><\/td>\n<\/tr>\n<tr>\n<td style=\"width: 54.7855%;\" align=\"left\" valign=\"top\" height=\"58\" data-sheets-value=\"{ &quot;1&quot;: 2, &quot;2&quot;: &quot;Sorteig p\u00fablic\u00a0(Departament d'Educaci\u00f3 -Via Augusta, 202-220, Barcelona)&quot;}\"><span style=\"font-family: Arial;\">Sorteig p\u00fablic\u00a0(Departament d&#8217;Educaci\u00f3 -Via Augusta, 202-220, Barcelona)<\/span><\/td>\n<td style=\"width: 109.901%;\" align=\"left\" valign=\"top\" data-sheets-value=\"{ &quot;1&quot;: 2, &quot;2&quot;: &quot;8 de juny de 2026&quot;}\"><span style=\"font-family: Arial;\">8 de juny de 2026<\/span><\/td>\n<\/tr>\n<tr>\n<td style=\"width: 54.7855%;\" align=\"left\" valign=\"top\" height=\"44\" data-sheets-value=\"{ &quot;1&quot;: 2, &quot;2&quot;: &quot;Publicaci\u00f3 llista ordenada un cop resoltes les reclamacions&quot;}\"><span style=\"font-family: Arial;\">Publicaci\u00f3 llista ordenada un cop resoltes les reclamacions<\/span><\/td>\n<td style=\"width: 109.901%;\" align=\"left\" valign=\"top\" data-sheets-value=\"{ &quot;1&quot;: 2, &quot;2&quot;: &quot;8 de juny de 2026&quot;}\"><span style=\"font-family: Arial;\">8 de juny de 2026<\/span><\/td>\n<\/tr>\n<tr>\n<td style=\"width: 54.7855%;\" align=\"left\" valign=\"top\" height=\"30\" data-sheets-value=\"{ &quot;1&quot;: 2, &quot;2&quot;: &quot;Publicaci\u00f3 de la llista ordenada definitiva&quot;}\"><span style=\"font-family: Arial;\">Publicaci\u00f3 de la llista ordenada definitiva<\/span><\/td>\n<td style=\"width: 109.901%;\" align=\"left\" valign=\"top\" data-sheets-value=\"{ &quot;1&quot;: 2, &quot;2&quot;: &quot;12 de juny de 2026&quot;}\"><span style=\"font-family: Arial;\">12 de juny de 2026<\/span><\/td>\n<\/tr>\n<tr>\n<td style=\"width: 54.7855%;\" align=\"left\" valign=\"top\" height=\"30\" data-sheets-value=\"{ &quot;1&quot;: 2, &quot;2&quot;: &quot;Publicaci\u00f3 de la llista d\u2019admesos&quot;}\"><span style=\"font-family: Arial;\">Publicaci\u00f3 de la llista d\u2019admesos<\/span><\/td>\n<td style=\"width: 109.901%;\" align=\"left\" valign=\"top\" data-sheets-value=\"{ &quot;1&quot;: 2, &quot;2&quot;: &quot;26 \u00a0juny de 2026&quot;}\"><span style=\"font-family: Arial;\">26 \u00a0juny de 2026<\/span><\/td>\n<\/tr>\n<tr>\n<td style=\"width: 54.7855%;\" align=\"left\" valign=\"top\" height=\"30\" data-sheets-value=\"{ &quot;1&quot;: 2, &quot;2&quot;: &quot;Per\u00edode de matr\u00edcula&quot;}\"><span style=\"font-family: Arial;\">Per\u00edode de matr\u00edcula<\/span><\/td>\n<td style=\"width: 109.901%;\" align=\"left\" valign=\"top\" data-sheets-value=\"{ &quot;1&quot;: 2, &quot;2&quot;: &quot;29 de juny al 3 de juliol de 2026&quot;}\"><span style=\"font-family: Arial;\">29 de juny al 3 de juliol de 2026<\/span><\/td>\n<\/tr>\n<\/tbody>\n<\/table>\n<p><span style=\"font-family: inherit; font-size: 1em;\">\u2013 <\/span><a style=\"font-family: inherit; font-size: 1em; text-align: justify;\" href=\"https:\/\/drive.google.com\/file\/d\/1b5v6qeMZE7pYI-uTH2jDXpsqw9ZT5fOr\/view?usp=drive_link\" target=\"_blank\" rel=\"noopener\">Informaci\u00f3 sobre la preinscripci\u00f3<\/a><\/p>\n<p>\u2013\u00a0<a href=\"https:\/\/preinscripcio.gencat.cat\/ca\/estudis\/fp-basica\/inici\/\" target=\"_blank\" rel=\"noopener\">Informaci\u00f3 preinscripci\u00f3 web gencat<\/a><\/p>\n<p style=\"font-weight: 400;\">\u2013 <a href=\"https:\/\/preinscripcio.gencat.cat\/ca\/estudis\/fp-basica\/informat\/criteris-assignacio\/\">Consulta els criteris d\u2019assignaci\u00f3 de pla\u00e7a<\/a><\/p>\n<p>\u2013 <a href=\"https:\/\/educacio.gencat.cat\/ca\/tramits\/tramits-temes\/fp-grau-basic?category=74447ed8-a82c-11e3-a972-000c29052e2c\" target=\"_blank\" rel=\"noopener noreferrer\" data-saferedirecturl=\"https:\/\/www.google.com\/url?q=https:\/\/educacio.gencat.cat\/ca\/tramits\/tramits-temes\/fp-grau-basic?category%3D74447ed8-a82c-11e3-a972-000c29052e2c&amp;source=gmail&amp;ust=1684315550689000&amp;usg=AOvVaw10KXiFqt47gpo3zA8AOuEj\">Qu\u00e8 has de saber?<\/a><\/p>\n<p>\u2013 <a href=\"https:\/\/tramits.gencat.cat\/ca\/tramits\/tramits-temes\/preinscripcio-fp-gb\" target=\"_blank\" rel=\"noopener\">Sol\u00b7licitud de preinscripci\u00f3<\/a><\/p>\n<p>&nbsp;<\/p>\n","protected":false},"excerpt":{"rendered":"<p>La sol\u00b7licitud de preinscripci\u00f3 \u00e9s electr\u00f2nica i es formalitza utilitzant el formulari electr\u00f2nic disponible al web gencat juntament amb la documentaci\u00f3 requerida.<br \/>\nNom\u00e9s es pot presentar una sol\u00b7licitud de preinscripci\u00f3 per persona per a cicles formatius de grau b\u00e0sic, on s\u2019ha de demanar en la primera&hellip;  <a href=\"https:\/\/agora.xtec.cat\/inspm\/secretaria\/preinscripcions\/preinscripcio-cicles-formatius-de-grau-basic\/\" title=\"Read Preinscripci\u00f3 &#8211; Cicles Formatius de Grau B\u00e0sic\">Llegeix m\u00e9s\u00bb<\/a><\/p>\n","protected":false},"author":502,"featured_media":0,"parent":473,"menu_order":40,"comment_status":"closed","ping_status":"closed","template":"page-templates\/side-menu.php","meta":{"_bbp_topic_count":0,"_bbp_reply_count":0,"_bbp_total_topic_count":0,"_bbp_total_reply_count":0,"_bbp_voice_count":0,"_bbp_anonymous_reply_count":0,"_bbp_topic_count_hidden":0,"_bbp_reply_count_hidden":0,"_bbp_forum_subforum_count":0,"footnotes":""},"class_list":["post-7647","page","type-page","status-publish","hentry"],"post_mailing_queue_ids":[],"_links":{"self":[{"href":"https:\/\/agora.xtec.cat\/inspm\/wp-json\/wp\/v2\/pages\/7647","targetHints":{"allow":["GET"]}}],"collection":[{"href":"https:\/\/agora.xtec.cat\/inspm\/wp-json\/wp\/v2\/pages"}],"about":[{"href":"https:\/\/agora.xtec.cat\/inspm\/wp-json\/wp\/v2\/types\/page"}],"author":[{"embeddable":true,"href":"https:\/\/agora.xtec.cat\/inspm\/wp-json\/wp\/v2\/users\/502"}],"replies":[{"embeddable":true,"href":"https:\/\/agora.xtec.cat\/inspm\/wp-json\/wp\/v2\/comments?post=7647"}],"version-history":[{"count":6,"href":"https:\/\/agora.xtec.cat\/inspm\/wp-json\/wp\/v2\/pages\/7647\/revisions"}],"predecessor-version":[{"id":13427,"href":"https:\/\/agora.xtec.cat\/inspm\/wp-json\/wp\/v2\/pages\/7647\/revisions\/13427"}],"up":[{"embeddable":true,"href":"https:\/\/agora.xtec.cat\/inspm\/wp-json\/wp\/v2\/pages\/473"}],"wp:attachment":[{"href":"https:\/\/agora.xtec.cat\/inspm\/wp-json\/wp\/v2\/media?parent=7647"}],"curies":[{"name":"wp","href":"https:\/\/api.w.org\/{rel}","templated":true}]}}