{"id":7645,"date":"2021-01-26T14:29:37","date_gmt":"2021-01-26T13:29:37","guid":{"rendered":"http:\/\/agora.xtec.cat\/inspm\/?page_id=7645"},"modified":"2026-03-26T09:53:38","modified_gmt":"2026-03-26T08:53:38","slug":"preinscripcio-programa-de-formacio-i-insercio","status":"publish","type":"page","link":"https:\/\/agora.xtec.cat\/inspm\/secretaria\/preinscripcions\/preinscripcio-programa-de-formacio-i-insercio\/","title":{"rendered":"Preinscripci\u00f3 &#8211; Programa de Formaci\u00f3 i Inserci\u00f3"},"content":{"rendered":"<p style=\"text-align: justify;\">Poden participar-hi els joves no ocupats que compleixin com a m\u00ednim 16 anys d\u2019edat i com a m\u00e0xim 21 l\u2019any d\u2019inici del programa, que hagin deixat l\u2019ESO sense obtenir-ne el t\u00edtol i que en el moment d\u2019iniciar els programes no segueixen estudis en el sistema educatiu ni participen en altres accions de formaci\u00f3.<\/p>\n<p style=\"text-align: justify;\">La sol\u00b7licitud de preinscripci\u00f3 s&#8217;ha de a trav\u00e9s del formulari electr\u00f2nic de la p\u00e0gina web de gencat. No s&#8217;accepten sol\u00b7licituds que es presentin en paper, ni per correu electr\u00f2nic.<\/p>\n<table border=\"0\" cellspacing=\"0\">\n<colgroup span=\"2\" width=\"236\"><\/colgroup>\n<tbody>\n<tr>\n<td align=\"left\" valign=\"top\" height=\"17\" data-sheets-value=\"{ &quot;1&quot;: 2, &quot;2&quot;: &quot;Termini de presentaci\u00f3 de sol\u00b7licituds&quot;}\"><span style=\"font-family: Arial;\">Termini de presentaci\u00f3 de sol\u00b7licituds<\/span><\/td>\n<td align=\"left\" valign=\"top\" data-sheets-value=\"{ &quot;1&quot;: 2, &quot;2&quot;: &quot;4 al 13 de maig de 2026&quot;}\"><span style=\"font-family: Arial;\">4 al 13 de maig de 2026<\/span><\/td>\n<\/tr>\n<tr>\n<td align=\"left\" valign=\"top\" height=\"17\" data-sheets-value=\"{ &quot;1&quot;: 2, &quot;2&quot;: &quot;Termini per adjuntar la documentaci\u00f3&quot;}\"><span style=\"font-family: Arial;\">Termini per adjuntar la documentaci\u00f3<\/span><\/td>\n<td align=\"left\" valign=\"top\" data-sheets-value=\"{ &quot;1&quot;: 2, &quot;2&quot;: &quot;14 de maig de 2026&quot;}\"><span style=\"font-family: Arial;\">14 de maig de 2026<\/span><\/td>\n<\/tr>\n<tr>\n<td align=\"left\" valign=\"top\" height=\"30\" data-sheets-value=\"{ &quot;1&quot;: 2, &quot;2&quot;: &quot;Entrevistes d'orientaci\u00f3 i valoraci\u00f3 de l'adequaci\u00f3 del programa&quot;}\"><span style=\"font-family: Arial;\">Entrevistes d&#8217;orientaci\u00f3 i valoraci\u00f3 de l&#8217;adequaci\u00f3 del programa<\/span><\/td>\n<td align=\"left\" valign=\"top\" data-sheets-value=\"{ &quot;1&quot;: 2, &quot;2&quot;: &quot;4 al 26 de maig 2026, a les 14h&quot;}\"><span style=\"font-family: Arial;\">4 al 26 de maig 2026, a les 14h<\/span><\/td>\n<\/tr>\n<tr>\n<td align=\"left\" valign=\"top\" height=\"30\" data-sheets-value=\"{ &quot;1&quot;: 2, &quot;2&quot;: &quot;Publicaci\u00f3 de llistes amb el barem provisional&quot;}\"><span style=\"font-family: Arial;\">Publicaci\u00f3 de llistes amb el barem provisional<\/span><\/td>\n<td align=\"left\" valign=\"top\" data-sheets-value=\"{ &quot;1&quot;: 2, &quot;2&quot;: &quot;28 de maig de 2026&quot;}\"><span style=\"font-family: Arial;\">28 de maig de 2026<\/span><\/td>\n<\/tr>\n<tr>\n<td align=\"left\" valign=\"top\" height=\"30\" data-sheets-value=\"{ &quot;1&quot;: 2, &quot;2&quot;: &quot;Per\u00edode de reclamacions (eina electr\u00f2nica)&quot;}\"><span style=\"font-family: Arial;\">Per\u00edode de reclamacions (eina electr\u00f2nica)<\/span><\/td>\n<td align=\"left\" valign=\"top\" data-sheets-value=\"{ &quot;1&quot;: 2, &quot;2&quot;: &quot;28 de maig al 3 de juny de 2026&quot;}\"><span style=\"font-family: Arial;\">28 de maig al 3 de juny de 2026<\/span><\/td>\n<\/tr>\n<tr>\n<td align=\"left\" valign=\"top\" height=\"44\" data-sheets-value=\"{ &quot;1&quot;: 2, &quot;2&quot;: &quot;Sorteig p\u00fablic\u00a0(Departament d'Educaci\u00f3 -Via Augusta, 202-220, Barcelona)&quot;}\"><span style=\"font-family: Arial;\">Sorteig p\u00fablic\u00a0(Departament d&#8217;Educaci\u00f3 -Via Augusta, 202-220, Barcelona)<\/span><\/td>\n<td align=\"left\" valign=\"top\" data-sheets-value=\"{ &quot;1&quot;: 2, &quot;2&quot;: &quot;8 de juny de 2026 a les 11h&quot;}\"><span style=\"font-family: Arial;\">8 de juny de 2026 a les 11h<\/span><\/td>\n<\/tr>\n<tr>\n<td align=\"left\" valign=\"top\" height=\"44\" data-sheets-value=\"{ &quot;1&quot;: 2, &quot;2&quot;: &quot;Publicaci\u00f3 llista amb la puntuaci\u00f3 definitiva un cop resoltes les reclamacions&quot;}\"><span style=\"font-family: Arial;\">Publicaci\u00f3 llista amb la puntuaci\u00f3 definitiva un cop resoltes les reclamacions<\/span><\/td>\n<td align=\"left\" valign=\"top\" data-sheets-value=\"{ &quot;1&quot;: 2, &quot;2&quot;: &quot;8 de juny de 2026&quot;}\"><span style=\"font-family: Arial;\">8 de juny de 2026<\/span><\/td>\n<\/tr>\n<tr>\n<td align=\"left\" valign=\"top\" height=\"17\" data-sheets-value=\"{ &quot;1&quot;: 2, &quot;2&quot;: &quot;Publicaci\u00f3 de la llista ordenada&quot;}\"><span style=\"font-family: Arial;\">Publicaci\u00f3 de la llista ordenada<\/span><\/td>\n<td align=\"left\" valign=\"top\" data-sheets-value=\"{ &quot;1&quot;: 2, &quot;2&quot;: &quot;11 de juny de 2026&quot;}\"><span style=\"font-family: Arial;\">11 de juny de 2026<\/span><\/td>\n<\/tr>\n<tr>\n<td align=\"left\" valign=\"top\" height=\"44\" data-sheets-value=\"{ &quot;1&quot;: 2, &quot;2&quot;: &quot;Per\u00edode d\u2019ampliaci\u00f3 de peticions per a les sol\u00b7licituds de preinscripci\u00f3 sense assignaci\u00f3&quot;}\"><span style=\"font-family: Arial;\">Per\u00edode d\u2019ampliaci\u00f3 de peticions per a les sol\u00b7licituds de preinscripci\u00f3 sense assignaci\u00f3<\/span><\/td>\n<td align=\"left\" valign=\"top\" data-sheets-value=\"{ &quot;1&quot;: 2, &quot;2&quot;: &quot;25 al 29 \u00a0de juny de 2026&quot;}\"><span style=\"font-family: Arial;\">25 al 29 \u00a0de juny de 2026<\/span><\/td>\n<\/tr>\n<tr>\n<td align=\"left\" valign=\"top\" height=\"30\" data-sheets-value=\"{ &quot;1&quot;: 2, &quot;2&quot;: &quot;Publicaci\u00f3 alumnes admesos i llista d\u2019espera&quot;}\"><span style=\"font-family: Arial;\">Publicaci\u00f3 alumnes admesos i llista d\u2019espera<\/span><\/td>\n<td align=\"left\" valign=\"top\" data-sheets-value=\"{ &quot;1&quot;: 2, &quot;2&quot;: &quot;3 de juliol de 2025&quot;}\"><span style=\"font-family: Arial;\">3 de juliol de 2025<\/span><\/td>\n<\/tr>\n<tr>\n<td align=\"left\" valign=\"top\" height=\"17\" data-sheets-value=\"{ &quot;1&quot;: 2, &quot;2&quot;: &quot;Per\u00edode de matr\u00edcula&quot;}\"><span style=\"font-family: Arial;\">Per\u00edode de matr\u00edcula<\/span><\/td>\n<td align=\"left\" valign=\"top\" data-sheets-value=\"{ &quot;1&quot;: 2, &quot;2&quot;: &quot;6 al 10 de juliol de 2026&quot;}\"><span style=\"font-family: Arial;\">6 al 10 de juliol de 2026<\/span><\/td>\n<\/tr>\n<\/tbody>\n<\/table>\n<p style=\"font-weight: 400;\">\u2013 Oferta inicial<\/p>\n<p style=\"font-weight: 400;\">\u2013 <a href=\"https:\/\/drive.google.com\/file\/d\/1pKJifIir3iZXV1rDu6kQK8MYGrbNAa4A\/view?usp=drive_link\" target=\"_blank\" rel=\"noopener\">Informaci\u00f3 sobre la preinscripci\u00f3<\/a><\/p>\n<p style=\"font-weight: 400;\">\u2013 <a href=\"https:\/\/preinscripcio.gencat.cat\/ca\/estudis\/pfi\/informat\/criteris-assignacio\/\" target=\"_blank\" rel=\"noopener\">Consulta els criteris d\u2019assignaci\u00f3 de pla\u00e7a<\/a><\/p>\n<p style=\"font-weight: 400;\">\u2013 <a href=\"https:\/\/preinscripcio.gencat.cat\/ca\/estudis\/pfi\/preinscriute\/sollicitud\/\" target=\"_blank\" rel=\"noopener\">Fes la sol\u00b7licitud<\/a><\/p>\n","protected":false},"excerpt":{"rendered":"<p>Poden participar-hi els joves no ocupats que compleixin com a m\u00ednim 16 anys d\u2019edat i com a m\u00e0xim 21 l\u2019any d\u2019inici del programa, que hagin deixat l\u2019ESO sense obtenir-ne el t\u00edtol i que en el moment d\u2019iniciar els programes no segueixen estudis en el sistema&hellip;  <a href=\"https:\/\/agora.xtec.cat\/inspm\/secretaria\/preinscripcions\/preinscripcio-programa-de-formacio-i-insercio\/\" title=\"Read Preinscripci\u00f3 &#8211; Programa de Formaci\u00f3 i Inserci\u00f3\">Llegeix m\u00e9s\u00bb<\/a><\/p>\n","protected":false},"author":502,"featured_media":0,"parent":473,"menu_order":30,"comment_status":"closed","ping_status":"closed","template":"page-templates\/side-menu.php","meta":{"_bbp_topic_count":0,"_bbp_reply_count":0,"_bbp_total_topic_count":0,"_bbp_total_reply_count":0,"_bbp_voice_count":0,"_bbp_anonymous_reply_count":0,"_bbp_topic_count_hidden":0,"_bbp_reply_count_hidden":0,"_bbp_forum_subforum_count":0,"footnotes":""},"class_list":["post-7645","page","type-page","status-publish","hentry"],"post_mailing_queue_ids":[],"_links":{"self":[{"href":"https:\/\/agora.xtec.cat\/inspm\/wp-json\/wp\/v2\/pages\/7645","targetHints":{"allow":["GET"]}}],"collection":[{"href":"https:\/\/agora.xtec.cat\/inspm\/wp-json\/wp\/v2\/pages"}],"about":[{"href":"https:\/\/agora.xtec.cat\/inspm\/wp-json\/wp\/v2\/types\/page"}],"author":[{"embeddable":true,"href":"https:\/\/agora.xtec.cat\/inspm\/wp-json\/wp\/v2\/users\/502"}],"replies":[{"embeddable":true,"href":"https:\/\/agora.xtec.cat\/inspm\/wp-json\/wp\/v2\/comments?post=7645"}],"version-history":[{"count":6,"href":"https:\/\/agora.xtec.cat\/inspm\/wp-json\/wp\/v2\/pages\/7645\/revisions"}],"predecessor-version":[{"id":13426,"href":"https:\/\/agora.xtec.cat\/inspm\/wp-json\/wp\/v2\/pages\/7645\/revisions\/13426"}],"up":[{"embeddable":true,"href":"https:\/\/agora.xtec.cat\/inspm\/wp-json\/wp\/v2\/pages\/473"}],"wp:attachment":[{"href":"https:\/\/agora.xtec.cat\/inspm\/wp-json\/wp\/v2\/media?parent=7645"}],"curies":[{"name":"wp","href":"https:\/\/api.w.org\/{rel}","templated":true}]}}