{"id":7637,"date":"2021-01-26T14:20:24","date_gmt":"2021-01-26T13:20:24","guid":{"rendered":"http:\/\/agora.xtec.cat\/inspm\/?page_id=7637"},"modified":"2026-03-24T13:51:29","modified_gmt":"2026-03-24T12:51:29","slug":"preinscripcio-cicles-formatius-de-grau-mitja","status":"publish","type":"page","link":"https:\/\/agora.xtec.cat\/inspm\/secretaria\/preinscripcions\/preinscripcio-cicles-formatius-de-grau-mitja\/","title":{"rendered":"Preinscripci\u00f3 &#8211; Cicles Formatius de Grau Mitj\u00e0"},"content":{"rendered":"<p style=\"text-align: justify;\" align=\"justify\"><span style=\"font-family: Arial, sans-serif;\"><span style=\"font-size: small;\"><span style=\"font-size: medium;\">Els alumnes que estan cursant un CFGM al centre, que passen de 1r a 2n o repeteixen curs (1r o 2n),\u00a0<\/span><span style=\"font-size: medium;\"><b>NO han de fer la preinscripci\u00f3<\/b><\/span><span style=\"font-size: medium;\">\u00a0si volen continuar els estudis en el nostre centre. El\/la tutor\/a els informar\u00e0 del per\u00edode de matr\u00edcula.<\/span><\/span><\/span><\/p>\n<p style=\"text-align: justify;\" align=\"justify\"><span style=\"font-family: Arial, sans-serif;\"><span style=\"font-size: medium;\">La resta d&#8217;alumnes, han de fer la preinscripci\u00f3 i seguir el calendari.<\/span><\/span><\/p>\n<table border=\"0\" cellspacing=\"0\">\n<colgroup span=\"2\" width=\"242\"><\/colgroup>\n<tbody>\n<tr>\n<td align=\"left\" valign=\"middle\" height=\"17\" data-sheets-value=\"{ &quot;1&quot;: 2, &quot;2&quot;: &quot;Presentaci\u00f3 de les sol\u00b7licituds&quot;}\"><span style=\"font-family: Arial;\">Presentaci\u00f3 de les sol\u00b7licituds<\/span><\/td>\n<td align=\"left\" valign=\"middle\" data-sheets-value=\"{ &quot;1&quot;: 2, &quot;2&quot;: &quot;26 de maig a l\u20191 de juny de 2026&quot;}\"><span style=\"font-family: Arial;\">26 de maig a l\u20191 de juny de 2026<\/span><\/td>\n<\/tr>\n<tr>\n<td align=\"left\" valign=\"middle\" height=\"17\" data-sheets-value=\"{ &quot;1&quot;: 2, &quot;2&quot;: &quot;Termini per adjuntar la documentaci\u00f3&quot;}\"><span style=\"font-family: Arial;\">Termini per adjuntar la documentaci\u00f3<\/span><\/td>\n<td align=\"left\" valign=\"middle\" data-sheets-value=\"{ &quot;1&quot;: 2, &quot;2&quot;: &quot;2 de juny de 2026&quot;}\"><span style=\"font-family: Arial;\">2 de juny de 2026<\/span><\/td>\n<\/tr>\n<tr>\n<td align=\"left\" valign=\"middle\" height=\"17\" data-sheets-value=\"{ &quot;1&quot;: 2, &quot;2&quot;: &quot;Llistes amb el barem provisional&quot;}\"><span style=\"font-family: Arial;\">Llistes amb el barem provisional<\/span><\/td>\n<td align=\"left\" valign=\"middle\" data-sheets-value=\"{ &quot;1&quot;: 2, &quot;2&quot;: &quot;29 de juny de 2026&quot;}\"><span style=\"font-family: Arial;\">29 de juny de 2026<\/span><\/td>\n<\/tr>\n<tr>\n<td align=\"left\" valign=\"middle\" height=\"17\" data-sheets-value=\"{ &quot;1&quot;: 2, &quot;2&quot;: &quot;Presentaci\u00f3 de reclamacions&quot;}\"><span style=\"font-family: Arial;\">Presentaci\u00f3 de reclamacions<\/span><\/td>\n<td align=\"left\" valign=\"middle\" data-sheets-value=\"{ &quot;1&quot;: 2, &quot;2&quot;: &quot;29 de juny al 2 de juliol 2026&quot;}\"><span style=\"font-family: Arial;\">29 de juny al 2 de juliol 2026<\/span><\/td>\n<\/tr>\n<tr>\n<td align=\"left\" valign=\"middle\" height=\"30\" data-sheets-value=\"{ &quot;1&quot;: 2, &quot;2&quot;: &quot;Sorteig\u00a0(Departament d'Educaci\u00f3 -Via Augusta, 202-226, Barcelona)&quot;}\"><span style=\"font-family: Arial;\">Sorteig\u00a0(Departament d&#8217;Educaci\u00f3 -Via Augusta, 202-226, Barcelona)<\/span><\/td>\n<td align=\"left\" valign=\"middle\" data-sheets-value=\"{ &quot;1&quot;: 2, &quot;2&quot;: &quot;6 de juliol de 2026, 11 h&quot;}\"><span style=\"font-family: Arial;\">6 de juliol de 2026, 11 h<\/span><\/td>\n<\/tr>\n<tr>\n<td align=\"left\" valign=\"middle\" height=\"30\" data-sheets-value=\"{ &quot;1&quot;: 2, &quot;2&quot;: &quot;Llistes amb puntuaci\u00f3 un cop resoltes les reclamacions&quot;}\"><span style=\"font-family: Arial;\">Llistes amb puntuaci\u00f3 un cop resoltes les reclamacions<\/span><\/td>\n<td align=\"left\" valign=\"middle\" data-sheets-value=\"{ &quot;1&quot;: 2, &quot;2&quot;: &quot;7 de juliol de 2026&quot;}\"><span style=\"font-family: Arial;\">7 de juliol de 2026<\/span><\/td>\n<\/tr>\n<tr>\n<td align=\"left\" valign=\"middle\" height=\"44\" data-sheets-value=\"{ &quot;1&quot;: 2, &quot;2&quot;: &quot;Primera assignaci\u00f3 de places amb indicaci\u00f3 del n\u00famero de la petici\u00f3 atesa&quot;}\"><span style=\"font-family: Arial;\">Primera assignaci\u00f3 de places amb indicaci\u00f3 del n\u00famero de la petici\u00f3 atesa<\/span><\/td>\n<td align=\"left\" valign=\"middle\" data-sheets-value=\"{ &quot;1&quot;: 2, &quot;2&quot;: &quot;10 de juliol de 2026&quot;}\"><span style=\"font-family: Arial;\">10 de juliol de 2026<\/span><\/td>\n<\/tr>\n<tr>\n<td align=\"left\" valign=\"middle\" height=\"44\" data-sheets-value=\"{ &quot;1&quot;: 2, &quot;2&quot;: &quot;Per\u00edode de confirmaci\u00f3 matr\u00edcula online: per al alumnes que han obtingut pla\u00e7a en la 1a assignaci\u00f3&quot;}\"><span style=\"font-family: Arial;\">Per\u00edode de confirmaci\u00f3 matr\u00edcula online: per al alumnes que han obtingut pla\u00e7a en la 1a assignaci\u00f3<\/span><\/td>\n<td align=\"left\" valign=\"middle\" data-sheets-value=\"{ &quot;1&quot;: 2, &quot;2&quot;: &quot;10 al 14 de juliol de 2026. Completar la matr\u00edcula al centre presencialment fins al 16 de juliol de 2026&quot;}\"><span style=\"font-family: Arial;\">10 al 14 de juliol de 2026. Completar la matr\u00edcula al centre presencialment fins al 16 de juliol de 2026<\/span><\/td>\n<\/tr>\n<tr>\n<td align=\"left\" valign=\"middle\" height=\"72\" data-sheets-value=\"{ &quot;1&quot;: 2, &quot;2&quot;: &quot;Segona assignaci\u00f3 de places, amb indicaci\u00f3 del n\u00famero de la petici\u00f3 atesa, i de la proposta d\u2019assignaci\u00f3 del Departament d\u2019Educaci\u00f3 i FP\\n\u00a0&quot;}\"><span style=\"font-family: Arial;\">Segona assignaci\u00f3 de places, amb indicaci\u00f3 del n\u00famero de la petici\u00f3 atesa, i de la proposta d\u2019assignaci\u00f3 del Departament d\u2019Educaci\u00f3 i FP<br \/>\n<\/span><\/td>\n<td align=\"left\" valign=\"middle\" data-sheets-value=\"{ &quot;1&quot;: 2, &quot;2&quot;: &quot;24 de juliol de 2026&quot;}\"><span style=\"font-family: Arial;\">24 de juliol de 2026<\/span><\/td>\n<\/tr>\n<tr>\n<td align=\"left\" valign=\"middle\" height=\"72\" data-sheets-value=\"{ &quot;1&quot;: 2, &quot;2&quot;: &quot;Per\u00edode de confirmaci\u00f3 matr\u00edcula online: per als alumnes amb pla\u00e7a assignada en la 2a assignaci\u00f3 i en la proposta d\u2019assignaci\u00f3 del Departament d\u2019Educaci\u00f3 i FP&quot;}\"><span style=\"font-family: Arial;\">Per\u00edode de confirmaci\u00f3 matr\u00edcula online: per als alumnes amb pla\u00e7a assignada en la 2a assignaci\u00f3 i en la proposta d\u2019assignaci\u00f3 del Departament d\u2019Educaci\u00f3 i FP<\/span><\/td>\n<td align=\"left\" valign=\"middle\" data-sheets-value=\"{ &quot;1&quot;: 2, &quot;2&quot;: &quot;24 al 28 de juliol de 2026. Completar la matr\u00edcula al centre presencialment de l\u20191 al 3 de setembre de 2026&quot;}\"><span style=\"font-family: Arial;\">24 al 28 de juliol de 2026. Completar la matr\u00edcula al centre presencialment de l\u20191 al 3 de setembre de 2026<\/span><\/td>\n<\/tr>\n<\/tbody>\n<\/table>\n<p style=\"font-weight: 400;\">\u2013 Oferta inicial de places<\/p>\n<p style=\"font-weight: 400;\">\u2013<a href=\"https:\/\/drive.google.com\/file\/d\/1bWrf_5EJ2Vr0JFa_vwB9VFWO9hUXLfaB\/view?usp=drive_link\"> Informaci\u00f3 sobre la preinscripci\u00f3<\/a><\/p>\n<p>\u2013 <a href=\"https:\/\/preinscripcio.gencat.cat\/ca\/estudis\/fp-grau-mitja\/inici\/\" target=\"_blank\" rel=\"noopener\">Informaci\u00f3 preinscripci\u00f3 web gencat<\/a><\/p>\n<p style=\"font-weight: 400;\">\u2013 <a href=\"https:\/\/preinscripcio.gencat.cat\/ca\/estudis\/fp-grau-mitja\/informat\/criteris-assignacio\/\" target=\"_blank\" rel=\"noopener\">Consulta els criteris d\u2019assignaci\u00f3 de pla\u00e7a<\/a><\/p>\n<p style=\"font-weight: 400;\">\u2013 <a href=\"https:\/\/preinscripcio.gencat.cat\/ca\/estudis\/fp-grau-mitja\/preinscriute\/sollicitud\/\" target=\"_blank\" rel=\"noopener\">Fes la sol\u00b7licitud<\/a><\/p>\n<p>&nbsp;<\/p>\n","protected":false},"excerpt":{"rendered":"<p>Els alumnes que estan cursant un CFGM al centre, que passen de 1r a 2n o repeteixen curs (1r o 2n),\u00a0NO han de fer la preinscripci\u00f3\u00a0si volen continuar els estudis en el nostre centre. El\/la tutor\/a els informar\u00e0 del per\u00edode de matr\u00edcula.<br \/>\nLa resta d&#8217;alumnes, han&hellip;  <a href=\"https:\/\/agora.xtec.cat\/inspm\/secretaria\/preinscripcions\/preinscripcio-cicles-formatius-de-grau-mitja\/\" title=\"Read Preinscripci\u00f3 &#8211; Cicles Formatius de Grau Mitj\u00e0\">Llegeix m\u00e9s\u00bb<\/a><\/p>\n","protected":false},"author":502,"featured_media":0,"parent":473,"menu_order":50,"comment_status":"closed","ping_status":"closed","template":"page-templates\/side-menu.php","meta":{"_bbp_topic_count":0,"_bbp_reply_count":0,"_bbp_total_topic_count":0,"_bbp_total_reply_count":0,"_bbp_voice_count":0,"_bbp_anonymous_reply_count":0,"_bbp_topic_count_hidden":0,"_bbp_reply_count_hidden":0,"_bbp_forum_subforum_count":0,"footnotes":""},"class_list":["post-7637","page","type-page","status-publish","hentry"],"post_mailing_queue_ids":[],"_links":{"self":[{"href":"https:\/\/agora.xtec.cat\/inspm\/wp-json\/wp\/v2\/pages\/7637","targetHints":{"allow":["GET"]}}],"collection":[{"href":"https:\/\/agora.xtec.cat\/inspm\/wp-json\/wp\/v2\/pages"}],"about":[{"href":"https:\/\/agora.xtec.cat\/inspm\/wp-json\/wp\/v2\/types\/page"}],"author":[{"embeddable":true,"href":"https:\/\/agora.xtec.cat\/inspm\/wp-json\/wp\/v2\/users\/502"}],"replies":[{"embeddable":true,"href":"https:\/\/agora.xtec.cat\/inspm\/wp-json\/wp\/v2\/comments?post=7637"}],"version-history":[{"count":7,"href":"https:\/\/agora.xtec.cat\/inspm\/wp-json\/wp\/v2\/pages\/7637\/revisions"}],"predecessor-version":[{"id":13415,"href":"https:\/\/agora.xtec.cat\/inspm\/wp-json\/wp\/v2\/pages\/7637\/revisions\/13415"}],"up":[{"embeddable":true,"href":"https:\/\/agora.xtec.cat\/inspm\/wp-json\/wp\/v2\/pages\/473"}],"wp:attachment":[{"href":"https:\/\/agora.xtec.cat\/inspm\/wp-json\/wp\/v2\/media?parent=7637"}],"curies":[{"name":"wp","href":"https:\/\/api.w.org\/{rel}","templated":true}]}}