{"id":7633,"date":"2021-01-26T14:16:52","date_gmt":"2021-01-26T13:16:52","guid":{"rendered":"http:\/\/agora.xtec.cat\/inspm\/?page_id=7633"},"modified":"2026-04-08T10:31:07","modified_gmt":"2026-04-08T08:31:07","slug":"preinscripcio-batxillerat","status":"publish","type":"page","link":"https:\/\/agora.xtec.cat\/inspm\/secretaria\/preinscripcions\/preinscripcio-batxillerat\/","title":{"rendered":"Preinscripci\u00f3 &#8211; Batxillerat"},"content":{"rendered":"<p><span style=\"color: #000000;\">Els alumnes que estan cursant 4t d&#8217;ESO al centre, i els alumnes que estan cursant Batxillerat al centre, que passin de 1r a 2n o repeteixin curs (1r o 2n),\u00a0<strong>NO han de fer la preinscripci\u00f3<\/strong>\u00a0si volen continuar els estudis en el nostre centre. El\/la tutor\/a els informar\u00e0 del per\u00edode de matr\u00edcula.<\/span><\/p>\n<p><span style=\"color: #000000;\">La resta d&#8217;alumnes, han de fer la preinscripci\u00f3 i seguir el seg\u00fcent calendari:<\/span><\/p>\n<table width=\"612\" cellspacing=\"0\" cellpadding=\"7\">\n<tbody>\n<tr valign=\"top\">\n<td bgcolor=\"#e6eed5\" width=\"380\" height=\"11\"><span style=\"font-family: Arial, sans-serif;\"><span style=\"color: #000000;\"><b>Presentaci\u00f3 de sol\u00b7licituds<\/b><\/span><\/span><\/td>\n<td bgcolor=\"#e6eed5\" width=\"202\"><span style=\"font-family: Arial, sans-serif;\"><span style=\"color: #000000;\"><b>9 al 16 d\u2019abril de 2026<\/b><\/span><\/span><\/td>\n<\/tr>\n<tr valign=\"top\">\n<td bgcolor=\"#ffffff\" width=\"380\" height=\"12\"><span style=\"font-family: Arial, sans-serif;\"><span style=\"color: #000000;\">Termini per adjuntar la documentaci\u00f3<\/span><\/span><\/td>\n<td bgcolor=\"#ffffff\" width=\"202\"><span style=\"font-family: Arial, sans-serif;\"><span style=\"color: #222222;\">Fins al 17 d\u2019abril de 2026<\/span><\/span><\/td>\n<\/tr>\n<tr valign=\"top\">\n<td bgcolor=\"#e6eed5\" width=\"380\" height=\"12\"><span style=\"font-family: Arial, sans-serif;\"><span style=\"color: #000000;\">Llistes amb el barem provisional<\/span><\/span><\/td>\n<td bgcolor=\"#e6eed5\" width=\"202\"><span style=\"font-family: Arial, sans-serif;\"><span style=\"color: #000000;\">14 de maig de 2026<\/span><\/span><\/td>\n<\/tr>\n<tr valign=\"top\">\n<td bgcolor=\"#ffffff\" width=\"380\" height=\"12\"><span style=\"font-family: Arial, sans-serif;\"><span style=\"color: #000000;\">Presentaci\u00f3 de reclamacions (eina electr\u00f2nica)<\/span><\/span><\/td>\n<td bgcolor=\"#ffffff\" width=\"202\"><span style=\"font-family: Arial, sans-serif;\"><span style=\"color: #222222;\">del 14 al 20 de maig de 2026<\/span><\/span><\/td>\n<\/tr>\n<tr valign=\"top\">\n<td bgcolor=\"#e6eed5\" width=\"380\" height=\"12\"><span style=\"font-family: Arial, sans-serif;\"><span style=\"color: #000000;\">Llistes amb puntuaci\u00f3 un cop resoltes les reclamacions<\/span><\/span><\/td>\n<td bgcolor=\"#e6eed5\" width=\"202\"><span style=\"font-family: Arial, sans-serif;\"><span style=\"color: #000000;\">26 de maig de 2026<\/span><\/span><\/td>\n<\/tr>\n<tr valign=\"top\">\n<td bgcolor=\"#ffffff\" width=\"380\" height=\"12\"><span style=\"font-family: Arial, sans-serif;\"><span style=\"color: #000000;\">Sorteig\u00a0<\/span><span style=\"color: #000000;\"><span style=\"font-size: small;\">(Departament d&#8217;Educaci\u00f3 -Via Augusta, 214, Barcelona)<\/span><\/span><\/span><\/td>\n<td bgcolor=\"#ffffff\" width=\"202\"><span style=\"font-family: Arial, sans-serif;\"><span style=\"color: #222222;\">26 de maig de 2026, a les 11h<\/span><\/span><\/td>\n<\/tr>\n<tr valign=\"top\">\n<td bgcolor=\"#e6eed5\" width=\"380\" height=\"12\"><span style=\"font-family: Arial, sans-serif;\"><span style=\"color: #000000;\">Llista ordenada<\/span><\/span><\/td>\n<td bgcolor=\"#e6eed5\" width=\"202\"><span style=\"font-family: Arial, sans-serif;\"><span style=\"color: #000000;\">29 de maig de 2026<\/span><\/span><\/td>\n<\/tr>\n<tr valign=\"top\">\n<td bgcolor=\"#ffffff\" width=\"380\" height=\"12\"><span style=\"font-family: Arial, sans-serif;\"><span style=\"color: #000000;\">Llista d&#8217;alumnes admesos i llista d&#8217;espera<\/span><\/span><\/td>\n<td bgcolor=\"#ffffff\" width=\"202\"><span style=\"font-family: Arial, sans-serif;\"><span style=\"color: #222222;\">17 de juny de 2026<\/span><\/span><\/td>\n<\/tr>\n<tr valign=\"top\">\n<td bgcolor=\"#e6eed5\" width=\"380\" height=\"11\"><span style=\"font-family: Arial, sans-serif;\"><span style=\"color: #000000;\"><b>Per\u00edode de matriculaci\u00f3<\/b><\/span><\/span><\/td>\n<td bgcolor=\"#e6eed5\" width=\"202\"><span style=\"font-family: Arial, sans-serif;\"><span style=\"color: #000000;\"><b>18 al 30 de juny de 2026<\/b><\/span><\/span><\/td>\n<\/tr>\n<\/tbody>\n<\/table>\n<p><span style=\"font-family: inherit; font-size: 1em;\">\u2013 <a href=\"https:\/\/drive.google.com\/file\/d\/1yjgLM4nNw6al7fdyxW7qOLjkij8docKO\/view?usp=drive_link\" target=\"_blank\" rel=\"noopener\">Oferta inicial de places<\/a><\/span><\/p>\n<p style=\"font-weight: 400;\">\u2013 <a href=\"https:\/\/drive.google.com\/file\/d\/17uakm-S8IqcNgH8_pfDFA_EZzJQuSNjW\/view?usp=drive_link\" target=\"_blank\" rel=\"noopener\">Informaci\u00f3 sobre la preinscripci\u00f3<\/a><\/p>\n<p style=\"font-weight: 400;\">\u2013 <a href=\"https:\/\/preinscripcio.gencat.cat\/ca\/estudis\/batxillerat\/informat\/criteris-assignacio\/\" target=\"_blank\" rel=\"noopener\">Consulta els criteris d\u2019assignaci\u00f3 de pla\u00e7a<\/a><\/p>\n<p style=\"font-weight: 400;\">\u2013 <a href=\"http:\/\/educacio.gencat.cat\/ca\/tramits\/tramits-temes\/9388-batxillerat?moda=1\" target=\"_blank\" rel=\"noopener noreferrer\"><span style=\"font-family: Arial, serif;\">Fes la sol\u00b7licitud<\/span><\/a><\/p>\n<p style=\"font-weight: 400; text-align: justify;\"><span style=\"color: #ff0000;\">\u00a0 <\/span><\/p>\n","protected":false},"excerpt":{"rendered":"<p>Els alumnes que estan cursant 4t d&#8217;ESO al centre, i els alumnes que estan cursant Batxillerat al centre, que passin de 1r a 2n o repeteixin curs (1r o 2n),\u00a0NO han de fer la preinscripci\u00f3\u00a0si volen continuar els estudis en el nostre centre. El\/la tutor\/a&hellip;  <a href=\"https:\/\/agora.xtec.cat\/inspm\/secretaria\/preinscripcions\/preinscripcio-batxillerat\/\" title=\"Read Preinscripci\u00f3 &#8211; Batxillerat\">Llegeix m\u00e9s\u00bb<\/a><\/p>\n","protected":false},"author":502,"featured_media":0,"parent":473,"menu_order":20,"comment_status":"closed","ping_status":"closed","template":"page-templates\/side-menu.php","meta":{"_bbp_topic_count":0,"_bbp_reply_count":0,"_bbp_total_topic_count":0,"_bbp_total_reply_count":0,"_bbp_voice_count":0,"_bbp_anonymous_reply_count":0,"_bbp_topic_count_hidden":0,"_bbp_reply_count_hidden":0,"_bbp_forum_subforum_count":0,"footnotes":""},"class_list":["post-7633","page","type-page","status-publish","hentry"],"post_mailing_queue_ids":[],"_links":{"self":[{"href":"https:\/\/agora.xtec.cat\/inspm\/wp-json\/wp\/v2\/pages\/7633","targetHints":{"allow":["GET"]}}],"collection":[{"href":"https:\/\/agora.xtec.cat\/inspm\/wp-json\/wp\/v2\/pages"}],"about":[{"href":"https:\/\/agora.xtec.cat\/inspm\/wp-json\/wp\/v2\/types\/page"}],"author":[{"embeddable":true,"href":"https:\/\/agora.xtec.cat\/inspm\/wp-json\/wp\/v2\/users\/502"}],"replies":[{"embeddable":true,"href":"https:\/\/agora.xtec.cat\/inspm\/wp-json\/wp\/v2\/comments?post=7633"}],"version-history":[{"count":7,"href":"https:\/\/agora.xtec.cat\/inspm\/wp-json\/wp\/v2\/pages\/7633\/revisions"}],"predecessor-version":[{"id":13473,"href":"https:\/\/agora.xtec.cat\/inspm\/wp-json\/wp\/v2\/pages\/7633\/revisions\/13473"}],"up":[{"embeddable":true,"href":"https:\/\/agora.xtec.cat\/inspm\/wp-json\/wp\/v2\/pages\/473"}],"wp:attachment":[{"href":"https:\/\/agora.xtec.cat\/inspm\/wp-json\/wp\/v2\/media?parent=7633"}],"curies":[{"name":"wp","href":"https:\/\/api.w.org\/{rel}","templated":true}]}}