{"id":75,"date":"2014-09-18T10:21:02","date_gmt":"2014-09-18T10:21:02","guid":{"rendered":"http:\/\/agora.xtec.cat\/inspm\/?page_id=75"},"modified":"2023-03-30T13:08:31","modified_gmt":"2023-03-30T11:08:31","slug":"activitats-extraescolars","status":"publish","type":"page","link":"https:\/\/agora.xtec.cat\/inspm\/serveis\/activitats-extraescolars\/","title":{"rendered":"Activitats extraescolars"},"content":{"rendered":"<p style=\"text-align: justify;\">L&#8217;institut admet i promociona dues menes de sortides: les relacionades amb una \u00e0rea i les relacionades amb la tutoria. L&#8217;educaci\u00f3 integral dels alumnes no est\u00e0 basada exclusivament en l&#8217;adquisici\u00f3 i interioritzaci\u00f3 de coneixements que normalment s&#8217;adquireixen a l&#8217;aula. Les activitats extraescolars i culturals han d\u2019estimular les inquietuds de l\u2019alumnat, canalitzar-les i reflectir-les en activitats que puguin refor\u00e7ar la\u00a0sensibilitat, la creativitat, la integraci\u00f3, la participaci\u00f3, la toler\u00e0ncia, la solidaritat, la\u00a0comunicaci\u00f3 entre ells. A banda de les iniciatives puntuals associades a esdeveniments\u00a0de car\u00e0cter local o mundial (com les diades tem\u00e0tiques), cada curs programa jornades\u00a0especials amb activitats fora i dins les aules, activitats sempre relacionades amb la\u00a0conviv\u00e8ncia, l&#8217;ensenyament o els costums i les tradicions.<\/p>\n","protected":false},"excerpt":{"rendered":"<p>L&#8217;institut admet i promociona dues menes de sortides: les relacionades amb una \u00e0rea i les relacionades amb la tutoria. L&#8217;educaci\u00f3 integral dels alumnes no est\u00e0 basada exclusivament en l&#8217;adquisici\u00f3 i interioritzaci\u00f3 de coneixements que normalment s&#8217;adquireixen a l&#8217;aula. Les activitats extraescolars i culturals han d\u2019estimular&hellip;  <a href=\"https:\/\/agora.xtec.cat\/inspm\/serveis\/activitats-extraescolars\/\" title=\"Read Activitats extraescolars\">Llegeix m\u00e9s\u00bb<\/a><\/p>\n","protected":false},"author":2,"featured_media":0,"parent":63,"menu_order":40,"comment_status":"closed","ping_status":"closed","template":"page-templates\/side-menu.php","meta":{"_bbp_topic_count":0,"_bbp_reply_count":0,"_bbp_total_topic_count":0,"_bbp_total_reply_count":0,"_bbp_voice_count":0,"_bbp_anonymous_reply_count":0,"_bbp_topic_count_hidden":0,"_bbp_reply_count_hidden":0,"_bbp_forum_subforum_count":0,"footnotes":""},"class_list":["post-75","page","type-page","status-publish","hentry"],"post_mailing_queue_ids":[],"_links":{"self":[{"href":"https:\/\/agora.xtec.cat\/inspm\/wp-json\/wp\/v2\/pages\/75","targetHints":{"allow":["GET"]}}],"collection":[{"href":"https:\/\/agora.xtec.cat\/inspm\/wp-json\/wp\/v2\/pages"}],"about":[{"href":"https:\/\/agora.xtec.cat\/inspm\/wp-json\/wp\/v2\/types\/page"}],"author":[{"embeddable":true,"href":"https:\/\/agora.xtec.cat\/inspm\/wp-json\/wp\/v2\/users\/2"}],"replies":[{"embeddable":true,"href":"https:\/\/agora.xtec.cat\/inspm\/wp-json\/wp\/v2\/comments?post=75"}],"version-history":[{"count":3,"href":"https:\/\/agora.xtec.cat\/inspm\/wp-json\/wp\/v2\/pages\/75\/revisions"}],"predecessor-version":[{"id":10348,"href":"https:\/\/agora.xtec.cat\/inspm\/wp-json\/wp\/v2\/pages\/75\/revisions\/10348"}],"up":[{"embeddable":true,"href":"https:\/\/agora.xtec.cat\/inspm\/wp-json\/wp\/v2\/pages\/63"}],"wp:attachment":[{"href":"https:\/\/agora.xtec.cat\/inspm\/wp-json\/wp\/v2\/media?parent=75"}],"curies":[{"name":"wp","href":"https:\/\/api.w.org\/{rel}","templated":true}]}}