{"id":67,"date":"2014-09-18T10:14:18","date_gmt":"2014-09-18T10:14:18","guid":{"rendered":"http:\/\/agora.xtec.cat\/inspm\/?page_id=67"},"modified":"2018-09-24T12:41:48","modified_gmt":"2018-09-24T10:41:48","slug":"acollida","status":"publish","type":"page","link":"https:\/\/agora.xtec.cat\/inspm\/serveis\/acollida\/","title":{"rendered":"Coordinaci\u00f3 prim\u00e0ria-secund\u00e0ria \/ Acollida"},"content":{"rendered":"<p style=\"text-align: justify;\">Des del curs 2012-13, els centres de prim\u00e0ria i secund\u00e0ria de Premi\u00e0 de Mar treballem en una experi\u00e8ncia d&#8217;acostament que faciliti la transici\u00f3 de l&#8217;alumnat entre les diferents etapes educatives, a m\u00e9s de posar en com\u00fa continguts i metodologies integradores. Aquesta experi\u00e8ncia es concreta en el funcionament regular del Seminari de Coordinaci\u00f3 Prim-Sec i en diverses activitats, com es pot observar a la seg\u00fcent presentaci\u00f3:<\/p>\n<p><a href=\"https:\/\/drive.google.com\/file\/d\/1awTZR33_pPv1i0bMtRtg_2Rf-ILgQZBR\/view?usp=sharing\" target=\"_blank\" rel=\"noopener\"><img loading=\"lazy\" decoding=\"async\" class=\"alignnone wp-image-476 size-full\" src=\"http:\/\/agora.xtec.cat\/inspm\/wp-content\/uploads\/usu581\/2016\/04\/Next.png\" alt=\"\" width=\"32\" height=\"32\" \/><\/a><\/p>\n","protected":false},"excerpt":{"rendered":"<p>Des del curs 2012-13, els centres de prim\u00e0ria i secund\u00e0ria de Premi\u00e0 de Mar treballem en una experi\u00e8ncia d&#8217;acostament que faciliti la transici\u00f3 de l&#8217;alumnat entre les diferents etapes educatives, a m\u00e9s de posar en com\u00fa continguts i metodologies integradores. Aquesta experi\u00e8ncia es concreta en&hellip;  <a href=\"https:\/\/agora.xtec.cat\/inspm\/serveis\/acollida\/\" title=\"Read Coordinaci\u00f3 prim\u00e0ria-secund\u00e0ria \/ Acollida\">Llegeix m\u00e9s\u00bb<\/a><\/p>\n","protected":false},"author":2,"featured_media":0,"parent":63,"menu_order":20,"comment_status":"closed","ping_status":"closed","template":"page-templates\/side-menu.php","meta":{"_bbp_topic_count":0,"_bbp_reply_count":0,"_bbp_total_topic_count":0,"_bbp_total_reply_count":0,"_bbp_voice_count":0,"_bbp_anonymous_reply_count":0,"_bbp_topic_count_hidden":0,"_bbp_reply_count_hidden":0,"_bbp_forum_subforum_count":0,"footnotes":""},"class_list":["post-67","page","type-page","status-publish","hentry"],"post_mailing_queue_ids":[],"_links":{"self":[{"href":"https:\/\/agora.xtec.cat\/inspm\/wp-json\/wp\/v2\/pages\/67","targetHints":{"allow":["GET"]}}],"collection":[{"href":"https:\/\/agora.xtec.cat\/inspm\/wp-json\/wp\/v2\/pages"}],"about":[{"href":"https:\/\/agora.xtec.cat\/inspm\/wp-json\/wp\/v2\/types\/page"}],"author":[{"embeddable":true,"href":"https:\/\/agora.xtec.cat\/inspm\/wp-json\/wp\/v2\/users\/2"}],"replies":[{"embeddable":true,"href":"https:\/\/agora.xtec.cat\/inspm\/wp-json\/wp\/v2\/comments?post=67"}],"version-history":[{"count":3,"href":"https:\/\/agora.xtec.cat\/inspm\/wp-json\/wp\/v2\/pages\/67\/revisions"}],"predecessor-version":[{"id":4870,"href":"https:\/\/agora.xtec.cat\/inspm\/wp-json\/wp\/v2\/pages\/67\/revisions\/4870"}],"up":[{"embeddable":true,"href":"https:\/\/agora.xtec.cat\/inspm\/wp-json\/wp\/v2\/pages\/63"}],"wp:attachment":[{"href":"https:\/\/agora.xtec.cat\/inspm\/wp-json\/wp\/v2\/media?parent=67"}],"curies":[{"name":"wp","href":"https:\/\/api.w.org\/{rel}","templated":true}]}}