{"id":663,"date":"2016-06-21T08:21:10","date_gmt":"2016-06-21T07:21:10","guid":{"rendered":"http:\/\/agora.xtec.cat\/inspm\/?page_id=663"},"modified":"2024-02-20T17:35:42","modified_gmt":"2024-02-20T16:35:42","slug":"assessorament-i-reconeixement-2","status":"publish","type":"page","link":"https:\/\/agora.xtec.cat\/inspm\/serveis\/assessorament-i-reconeixement-2\/","title":{"rendered":"Assessorament i Reconeixement"},"content":{"rendered":"<p style=\"text-align: justify;\"><strong><a href=\"https:\/\/agora.xtec.cat\/inspm\/wp-content\/uploads\/usu581\/2020\/05\/Assessorament-i-iReconeixement.jpg\"><img loading=\"lazy\" decoding=\"async\" class=\"wp-image-6937 size-medium alignnone\" src=\"https:\/\/agora.xtec.cat\/inspm\/wp-content\/uploads\/usu581\/2020\/05\/Assessorament-i-iReconeixement-300x149.jpg\" alt=\"\" width=\"300\" height=\"149\" srcset=\"https:\/\/agora.xtec.cat\/inspm\/wp-content\/uploads\/usu581\/2020\/05\/Assessorament-i-iReconeixement-300x149.jpg 300w, https:\/\/agora.xtec.cat\/inspm\/wp-content\/uploads\/usu581\/2020\/05\/Assessorament-i-iReconeixement.jpg 683w\" sizes=\"auto, (max-width: 300px) 100vw, 300px\" \/><\/a><\/strong><\/p>\n<p style=\"text-align: justify;\"><strong>SERVEI D&#8217;ASSESSORAMENT EN LA FORMACI\u00d3 PROFESSIONAL DEL SISTEMA EDUCATIU<\/strong><\/p>\n<p style=\"text-align: justify;\">S&#8217;adre\u00e7a a les persones adultes interessades a obtenir la diagnosi de les seves possibilitats formatives i de promoci\u00f3 professional i l&#8217;itinerari formatiu m\u00e9s adequat per aconseguir l&#8217;objectiu de qualificaci\u00f3 m\u00e9s idoni. Al finalitzar se li lliura un informe personalitzat d&#8217;assessorament.<\/p>\n<p style=\"text-align: justify;\">Aquesta diagnosi \u00e9s un requisit previ per participar en el reconeixement acad\u00e8mic dels aprenentatges assolits mitjan\u00e7ant l&#8217;experi\u00e8ncia laboral o en activitats.<\/p>\n<p style=\"text-align: justify;\">Aquest servei t\u00e9 un preu p\u00fablic de\u00a0<strong>60,00 \u20ac<\/strong><\/p>\n<p style=\"text-align: justify;\"><strong>SERVEI DE RECONEIXEMENT ACAD\u00c8MIC DELS APRENENTATGES ASSOLITS MITJAN\u00c7ANT L&#8217;EXPERI\u00c8NCIA LABORAL O EN ACTIVITATS SOCIALS<\/strong><\/p>\n<p style=\"text-align: justify;\">S&#8217;adre\u00e7a a les persones amb experi\u00e8ncia laboral o en activitats socials que vulguin un reconeixement acad\u00e8mic dels aprenentatges adquirits relacionats amb un determinat cicle formatiu.<\/p>\n<p style=\"text-align: justify;\">Les persones destinat\u00e0ries han d&#8217;haver complert 18 anys i han d&#8217;acreditar una experi\u00e8ncia laboral o en activitats socials d&#8217;almenys 2 anys en el sector.<\/p>\n<p style=\"text-align: justify;\">\u00c9s imprescindible disposar de l&#8217;informe del servei d&#8217;assessorament o document equivalent de convocat\u00f2ries d&#8217;acreditaci\u00f3 o validaci\u00f3 amb l&#8217;orientaci\u00f3 i\/o assessorament fet del mateix t\u00edtol o d&#8217;un t\u00edtol af\u00ed.<\/p>\n<p style=\"text-align: justify;\">Aquest servei t\u00e9 un preu p\u00fablic de\u00a0<strong>18,00 \u20ac<\/strong>\u00a0per unitat formativa<\/p>\n<p style=\"text-align: justify;\"><strong>OFERTA DEL SERVEI D&#8217;ASSESSORAMENT<\/strong><\/p>\n<p style=\"text-align: justify;\"><strong>Com podeu sol\u00b7licitar aquest servei?<\/strong>\u00a0Cal fer una\u00a0<a href=\"https:\/\/drive.google.com\/file\/d\/1c5HY2aNqrOe08NcaZdY1KSdq7VVbZvS4\/view?usp=drive_link\" target=\"_blank\" rel=\"noopener\"><strong>sol\u00b7licitud<\/strong><\/a>\u00a0de forma presencial a la secretaria del centre.<\/p>\n<p style=\"text-align: justify;\"><strong>Per\u00edode d&#8217;admissi\u00f3 de les sol\u00b7licituds pel servei d&#8217;assessorament:<\/strong>\u00a0Del 12 de setembre al 15 d\u2019octubre de cada any.<\/p>\n<p style=\"text-align: justify;\"><strong>Criteris d&#8217;admissi\u00f3:<\/strong>\u00a0L&#8217;ordre d&#8217;admissi\u00f3 es realitzar\u00e0 d&#8217;acord amb la major edat de la persona sol\u00b7licitant.<\/p>\n<p style=\"text-align: justify;\"><strong>Publicaci\u00f3 de les\u00a0llistes provisionals d&#8217;admesos i places de reserva, si hi ha m\u00e9s de tres pel mateix cicle:\u00a0<\/strong>El dia 18 d\u2019octubre.<\/p>\n<p style=\"text-align: justify;\"><strong>Reclamacions a la llista provisional de persones admeses:<\/strong>\u00a0Del 19 al 21 d\u2019octubre.<\/p>\n<p style=\"text-align: justify;\"><strong>Publicaci\u00f3 de les\u00a0llistes d&#8217;admesos i places de reserva si hi ha m\u00e9s de tres al mateix cicle:<\/strong>\u00a0El dia 25 d\u2019octubre.<\/p>\n<p style=\"text-align: justify;\"><strong>Pagament del servei:<\/strong>\u00a0S&#8217;haur\u00e0 de fer un ingr\u00e9s de 60 \u20ac en el n\u00famero de compte designat pel Centre Educatiu indicant en el concepte \u201cservei d&#8217;assessorament\u201d.<\/p>\n<p style=\"text-align: justify;\"><strong>Inscripci\u00f3 al servei d&#8217;assessorament i presentaci\u00f3 de la documentaci\u00f3:<\/strong>\u00a0Del 1 al 6 de novembre. S&#8217;haur\u00e0 de presentar a la secretaria del centre la seg\u00fcent documentaci\u00f3:<\/p>\n<ul style=\"text-align: justify;\">\n<li><a href=\"https:\/\/drive.google.com\/file\/d\/1KbzruTPrzGWNk-kOd3HU8lJhKDYq7LgW\/view?usp=drive_link\" target=\"_blank\" rel=\"noopener\"><strong>Full d&#8217;inscripci\u00f3<\/strong><\/a>\u00a0al servei d&#8217;assessorament.<\/li>\n<li>Fotoc\u00f2pia del DNI, NIE o Passaport, acompanyat de l&#8217;original per a la seva verificaci\u00f3.<\/li>\n<li>Document justificatiu de la bonificaci\u00f3 o l&#8217;exempci\u00f3 del preu p\u00fablic, si \u00e9s el cas.<\/li>\n<li>Resguard de pagament del preu establert.<\/li>\n<\/ul>\n<p style=\"text-align: justify;\"><strong>Calendari del servei d&#8217;assessorament:<\/strong>\u00a0A partir del 9 de novembre s&#8217;iniciaran les sessions d&#8217;assessorament. Rebreu un correu electr\u00f2nic amb informaci\u00f3 m\u00e9s concreta. En cas que no pugueu assistir a la sessi\u00f3 cal que ho comuniqueu amb antelaci\u00f3. La no assist\u00e8ncia sense justificaci\u00f3 comportar\u00e0 la p\u00e8rdua dels drets a rebre l&#8217;assessorament i el reemborsament del preu p\u00fablic.<\/p>\n<p style=\"text-align: justify;\"><strong>Bonificacions i exempcions del preu p\u00fablic.<\/strong>\u00a0Les persones membres de fam\u00edlies nombroses classificades en la categoria general i les persones membres de fam\u00edlies monoparentals, tenen una bonificaci\u00f3 del 50% dels imports dels preus p\u00fablics, sense que ambdues bonificacions siguin acumulables. Estaran exemptes de pagament les persones membres de fam\u00edlies nombroses de categoria especial, les v\u00edctimes d&#8217;actes terroristes, els seus c\u00f2njuges i els seus fills, les persones que posseeixen la declaraci\u00f3 legal de minusv\u00e0lua en un grau igual o superior al 33%, i les persones subjectes a mesures privatives de llibertat.<\/p>\n<p style=\"text-align: justify;\"><strong>Publicaci\u00f3 de l\u2019oferta.<\/strong> A l\u2019inici de curs i abans del dia 12 de setembre, es publicar\u00e0 l\u2019oferta.<\/p>\n<p style=\"text-align: justify;\"><strong>OFERTA DEL SERVEI DE RECONEIXEMENT<\/strong><\/p>\n<p style=\"text-align: justify;\"><strong>Com podeu sol\u00b7licitar aquest servei?<\/strong>\u00a0La sol\u00b7licitud del servei es realitzar\u00e0 de forma presencial a la secretaria del centre una vegada acabat el proc\u00e9s d&#8217;assessorament.<\/p>\n<p style=\"text-align: justify;\">S&#8217;ha de presentar la seg\u00fcent documentaci\u00f3:<\/p>\n<ul style=\"text-align: justify;\">\n<li>La\u00a0<a href=\"https:\/\/drive.google.com\/file\/d\/1lIWJLt7cxzd3X1tB81sHybSAiJ7FPD33\/view?usp=drive_link\" target=\"_blank\" rel=\"noopener\"><strong>sol\u00b7licitud<\/strong><\/a>\u00a0al servei de reconeixement acad\u00e8mic dels aprenentatges indicant el cicle formatiu del que es vol fer el reconeixement.<\/li>\n<li>Fotoc\u00f2pia del document nacional d&#8217;identitat o document d&#8217;identitat equivalent.<\/li>\n<li>Informe de vida laboral (treball assalariat) o certificat de la Tresoreria General de la Seguretat Social o de la mutualitat laboral (aut\u00f2noms) o certificat d&#8217;empresa (activitats socials sense relaci\u00f3 laboral).<\/li>\n<\/ul>\n<p style=\"text-align: justify;\"><strong>Criteris d&#8217;admissi\u00f3: <\/strong>Si el nombre de sol\u00b7licituds al servei supera l&#8217;oferta de places del centre s&#8217;aplicaran, successivament, els seg\u00fcents criteris:<\/p>\n<ul style=\"text-align: justify;\">\n<li>Haver fet la fase d&#8217;orientaci\u00f3 i assessorament o la fase d&#8217;orientaci\u00f3, en qualsevol convocat\u00f2ria del proc\u00e9s per a l&#8217;acreditaci\u00f3 de les compet\u00e8ncies professionals relatives a les unitats de compet\u00e8ncia establertes en els t\u00edtols de t\u00e8cnic i t\u00e8cnic superior de determinats cicles formatius o b\u00e9 el servei d&#8217;assessorament; en cas d&#8217;empat es prioritzar\u00e0 la major edat.<\/li>\n<li>El major temps de desenvolupament d&#8217;experi\u00e8ncia laboral o en activitats socials relacionades amb el cicle formatiu.<\/li>\n<\/ul>\n<p style=\"text-align: justify;\"><strong>Pagament del servei:<\/strong>\u00a0S&#8217;haur\u00e0 de fer un ingr\u00e9s de 18 \u20ac (per unitat formativa a recon\u00e8ixer) en el n\u00famero de compte designat pel Centre Educatiu indicant en el concepte \u201cservei de reconeixement\u201d.<\/p>\n<p style=\"text-align: justify;\"><strong>Inscripci\u00f3 al servei de reconeixement i presentaci\u00f3 de la documentaci\u00f3:\u00a0<\/strong>S&#8217;haur\u00e0 de presentar a la secretaria del centre la seg\u00fcent documentaci\u00f3:<\/p>\n<ul style=\"text-align: justify;\">\n<li><a href=\"https:\/\/drive.google.com\/file\/d\/1kwPKCrTNUbAbomm2tfDY09goIH_MVH1Z\/view?usp=drive_link\" target=\"_blank\" rel=\"noopener\"><strong>Full d&#8217;inscripci\u00f3<\/strong><\/a>\u00a0impr\u00e8s amb les dades personals i el cicle formatiu seleccionat.<\/li>\n<li>Fotoc\u00f2pia del DNI, NIE o Passaport, acompanyat de l&#8217;original per a la seva verificaci\u00f3.<\/li>\n<li>Titulaci\u00f3 original i fotoc\u00f2pia en cas de disposar dels requisits d&#8217;acc\u00e9s.<\/li>\n<li>Informe d&#8217;assessorament.<\/li>\n<li>Document justificatiu de la bonificaci\u00f3 o l&#8217;exempci\u00f3 del preu p\u00fablic, si \u00e9s el cas.<\/li>\n<li>Resguard de pagament del preu establert.<\/li>\n<\/ul>\n<p style=\"text-align: justify;\"><strong>Calendari del servei de reconeixement:<\/strong>\u00a0L\u2019usuari rebr\u00e0 un correu electr\u00f2nic amb el calendari per iniciar les sessions de reconeixement acad\u00e8mic dels aprenentatges assolits mitjan\u00e7ant l&#8217;experi\u00e8ncia laboral. En cas que no pugueu assistir a la sessi\u00f3 cal que ho comuniqueu amb antelaci\u00f3. La no assist\u00e8ncia sense justificaci\u00f3 comportar\u00e0 la p\u00e8rdua dels drets a rebre l&#8217;assessorament i el reemborsament del preu p\u00fablic.<\/p>\n<p style=\"text-align: justify;\"><strong>Bonificacions i exempcions del preu p\u00fablic.<\/strong>\u00a0Les persones membres de fam\u00edlies nombroses classificades en la categoria general i les persones membres de fam\u00edlies monoparentals, tenen una bonificaci\u00f3 del 50% dels imports dels preus p\u00fablics, sense que ambdues bonificacions siguin acumulables. Estaran exemptes de pagament les persones membres de fam\u00edlies nombroses de categoria especial, les v\u00edctimes d&#8217;actes terroristes, els seus c\u00f2njuges i els seus fills, les persones que posseeixen la declaraci\u00f3 legal de minusv\u00e0lua en un grau igual o superior al 33%, i les persones subjectes a mesures privatives de llibertat.<\/p>\n<p style=\"text-align: justify;\"><strong>Publicaci\u00f3 de l\u2019oferta.<\/strong> A l\u2019inici de curs i abans del dia 12 de setembre, es publicar\u00e0 l\u2019oferta.<\/p>\n<p style=\"text-align: justify;\"><a href=\"https:\/\/drive.google.com\/file\/d\/1KLWYIi4Ad79hgsREf1rSjAXvRAQVu5TH\/view?usp=drive_link\" target=\"_blank\" rel=\"noopener\"><strong>CARTA DE COMPROM\u00cdS AMB EL SERVEI<\/strong><\/a><\/p>\n<p style=\"text-align: justify;\"><strong>NORMATIVA<\/strong><\/p>\n<p style=\"text-align: justify;\"><strong>Resoluci\u00f3 ENS\/1891\/2012, de 23 d&#8217;agost<\/strong>, d&#8217;organitzaci\u00f3 de diverses mesures flexibilitzadores i actuacions en la formaci\u00f3 professional inicial.<\/p>\n<p style=\"text-align: justify;\"><a href=\"http:\/\/portaldogc.gencat.cat\/utilsEADOP\/PDF\/6220\/1261908.pdf\" target=\"_blank\" rel=\"noopener\"><strong>DOGC n\u00fam. 6220, de 26.9.2012<\/strong><\/a><\/p>\n<p style=\"text-align: justify;\"><strong>Ordre ENS\/270\/2012, de 31 d&#8217;agost<\/strong>, de creaci\u00f3 de preus p\u00fablics per diversos serveis relacionats amb els ensenyaments de formaci\u00f3 professional inicial que es presten als centres educatius dependents del Departament d&#8217;Ensenyament.<\/p>\n<p style=\"text-align: justify;\"><a href=\"http:\/\/portaldogc.gencat.cat\/utilsEADOP\/PDF\/6221\/1262247.pdf\" target=\"_blank\" rel=\"noopener\"><strong>DOGC n\u00fam. 6221, de 27.9.2012<\/strong><\/a><\/p>\n<p style=\"text-align: center;\"><iframe loading=\"lazy\" src=\" https:\/\/drive.google.com\/file\/d\/1QXtCL8DIs6ZGY7sdxHa8vn40EB4ilHIs\/preview\" width=\"900\" height=\"800\"><\/iframe><\/p>\n<p>&nbsp;<\/p>\n","protected":false},"excerpt":{"rendered":"<p><a href=\"https:\/\/agora.xtec.cat\/inspm\/wp-content\/uploads\/usu581\/2020\/05\/Assessorament-i-iReconeixement.jpg\"><\/a><br \/>\nSERVEI D&#8217;ASSESSORAMENT EN LA FORMACI\u00d3 PROFESSIONAL DEL SISTEMA EDUCATIU<br \/>\nS&#8217;adre\u00e7a a les persones adultes interessades a obtenir la diagnosi de les seves possibilitats formatives i de promoci\u00f3 professional i l&#8217;itinerari formatiu m\u00e9s adequat per aconseguir l&#8217;objectiu de qualificaci\u00f3 m\u00e9s idoni. Al finalitzar se li lliura&hellip;  <a href=\"https:\/\/agora.xtec.cat\/inspm\/serveis\/assessorament-i-reconeixement-2\/\" title=\"Read Assessorament i Reconeixement\">Llegeix m\u00e9s\u00bb<\/a><\/p>\n","protected":false},"author":502,"featured_media":0,"parent":63,"menu_order":40,"comment_status":"closed","ping_status":"closed","template":"page-templates\/side-menu.php","meta":{"_bbp_topic_count":0,"_bbp_reply_count":0,"_bbp_total_topic_count":0,"_bbp_total_reply_count":0,"_bbp_voice_count":0,"_bbp_anonymous_reply_count":0,"_bbp_topic_count_hidden":0,"_bbp_reply_count_hidden":0,"_bbp_forum_subforum_count":0,"footnotes":""},"class_list":["post-663","page","type-page","status-publish","hentry"],"post_mailing_queue_ids":[],"_links":{"self":[{"href":"https:\/\/agora.xtec.cat\/inspm\/wp-json\/wp\/v2\/pages\/663","targetHints":{"allow":["GET"]}}],"collection":[{"href":"https:\/\/agora.xtec.cat\/inspm\/wp-json\/wp\/v2\/pages"}],"about":[{"href":"https:\/\/agora.xtec.cat\/inspm\/wp-json\/wp\/v2\/types\/page"}],"author":[{"embeddable":true,"href":"https:\/\/agora.xtec.cat\/inspm\/wp-json\/wp\/v2\/users\/502"}],"replies":[{"embeddable":true,"href":"https:\/\/agora.xtec.cat\/inspm\/wp-json\/wp\/v2\/comments?post=663"}],"version-history":[{"count":8,"href":"https:\/\/agora.xtec.cat\/inspm\/wp-json\/wp\/v2\/pages\/663\/revisions"}],"predecessor-version":[{"id":11379,"href":"https:\/\/agora.xtec.cat\/inspm\/wp-json\/wp\/v2\/pages\/663\/revisions\/11379"}],"up":[{"embeddable":true,"href":"https:\/\/agora.xtec.cat\/inspm\/wp-json\/wp\/v2\/pages\/63"}],"wp:attachment":[{"href":"https:\/\/agora.xtec.cat\/inspm\/wp-json\/wp\/v2\/media?parent=663"}],"curies":[{"name":"wp","href":"https:\/\/api.w.org\/{rel}","templated":true}]}}