{"id":6388,"date":"2019-11-21T10:36:47","date_gmt":"2019-11-21T09:36:47","guid":{"rendered":"http:\/\/agora.xtec.cat\/inspm\/?page_id=6388"},"modified":"2026-03-16T12:12:43","modified_gmt":"2026-03-16T11:12:43","slug":"biblioteca","status":"publish","type":"page","link":"https:\/\/agora.xtec.cat\/inspm\/serveis\/biblioteca\/","title":{"rendered":"Biblioteca"},"content":{"rendered":"<p><a href=\"https:\/\/agora.xtec.cat\/inspm\/wp-content\/uploads\/usu581\/2026\/03\/Biblioteca_IPM_2026-scaled.jpg\"><img loading=\"lazy\" decoding=\"async\" class=\"aligncenter size-large wp-image-13378\" src=\"https:\/\/agora.xtec.cat\/inspm\/wp-content\/uploads\/usu581\/2026\/03\/Biblioteca_IPM_2026-1024x576.jpg\" alt=\"\" width=\"1024\" height=\"576\" srcset=\"https:\/\/agora.xtec.cat\/inspm\/wp-content\/uploads\/usu581\/2026\/03\/Biblioteca_IPM_2026-1024x576.jpg 1024w, https:\/\/agora.xtec.cat\/inspm\/wp-content\/uploads\/usu581\/2026\/03\/Biblioteca_IPM_2026-300x169.jpg 300w, https:\/\/agora.xtec.cat\/inspm\/wp-content\/uploads\/usu581\/2026\/03\/Biblioteca_IPM_2026-768x432.jpg 768w, https:\/\/agora.xtec.cat\/inspm\/wp-content\/uploads\/usu581\/2026\/03\/Biblioteca_IPM_2026-1536x864.jpg 1536w, https:\/\/agora.xtec.cat\/inspm\/wp-content\/uploads\/usu581\/2026\/03\/Biblioteca_IPM_2026-2048x1152.jpg 2048w\" sizes=\"auto, (max-width: 1024px) 100vw, 1024px\" \/><\/a><\/p>\n<p style=\"text-align: justify;\">La biblioteca de l\u2019IPM ofereix a tothom tot un seguit de t\u00edtols de mat\u00e8ries ben diferents: narrativa, poesia, filosofia, hist\u00f2ria, ci\u00e8ncies&#8230;<\/p>\n<p style=\"text-align: justify;\">El servei de consulta i de pr\u00e9stec\u00a0 \u00e9s obert a tothom:<\/p>\n<p><a href=\"https:\/\/aplicacions.gestioeducativa.gencat.cat\/epergam\/web\/biblioteca.jsp?codi=08072255\"><img loading=\"lazy\" decoding=\"async\" class=\"aligncenter size-full wp-image-6391\" src=\"https:\/\/agora.xtec.cat\/inspm\/wp-content\/uploads\/usu581\/2019\/11\/t_epergam.gif\" alt=\"\" width=\"390\" height=\"130\" \/><\/a><\/p>\n<p>&nbsp;<\/p>\n<p>&nbsp;<\/p>\n","protected":false},"excerpt":{"rendered":"<p><a href=\"https:\/\/agora.xtec.cat\/inspm\/wp-content\/uploads\/usu581\/2026\/03\/Biblioteca_IPM_2026-scaled.jpg\"><\/a><br \/>\nLa biblioteca de l\u2019IPM ofereix a tothom tot un seguit de t\u00edtols de mat\u00e8ries ben diferents: narrativa, poesia, filosofia, hist\u00f2ria, ci\u00e8ncies&#8230;<br \/>\nEl servei de consulta i de pr\u00e9stec\u00a0 \u00e9s obert a tothom:<br \/>\n<a href=\"https:\/\/aplicacions.gestioeducativa.gencat.cat\/epergam\/web\/biblioteca.jsp?codi=08072255\"><\/a><br \/>\n&nbsp;<br \/>\n&nbsp;<\/p>\n","protected":false},"author":502,"featured_media":0,"parent":63,"menu_order":0,"comment_status":"closed","ping_status":"closed","template":"page-templates\/side-menu.php","meta":{"_bbp_topic_count":0,"_bbp_reply_count":0,"_bbp_total_topic_count":0,"_bbp_total_reply_count":0,"_bbp_voice_count":0,"_bbp_anonymous_reply_count":0,"_bbp_topic_count_hidden":0,"_bbp_reply_count_hidden":0,"_bbp_forum_subforum_count":0,"footnotes":""},"class_list":["post-6388","page","type-page","status-publish","hentry"],"post_mailing_queue_ids":[],"_links":{"self":[{"href":"https:\/\/agora.xtec.cat\/inspm\/wp-json\/wp\/v2\/pages\/6388","targetHints":{"allow":["GET"]}}],"collection":[{"href":"https:\/\/agora.xtec.cat\/inspm\/wp-json\/wp\/v2\/pages"}],"about":[{"href":"https:\/\/agora.xtec.cat\/inspm\/wp-json\/wp\/v2\/types\/page"}],"author":[{"embeddable":true,"href":"https:\/\/agora.xtec.cat\/inspm\/wp-json\/wp\/v2\/users\/502"}],"replies":[{"embeddable":true,"href":"https:\/\/agora.xtec.cat\/inspm\/wp-json\/wp\/v2\/comments?post=6388"}],"version-history":[{"count":4,"href":"https:\/\/agora.xtec.cat\/inspm\/wp-json\/wp\/v2\/pages\/6388\/revisions"}],"predecessor-version":[{"id":13379,"href":"https:\/\/agora.xtec.cat\/inspm\/wp-json\/wp\/v2\/pages\/6388\/revisions\/13379"}],"up":[{"embeddable":true,"href":"https:\/\/agora.xtec.cat\/inspm\/wp-json\/wp\/v2\/pages\/63"}],"wp:attachment":[{"href":"https:\/\/agora.xtec.cat\/inspm\/wp-json\/wp\/v2\/media?parent=6388"}],"curies":[{"name":"wp","href":"https:\/\/api.w.org\/{rel}","templated":true}]}}