{"id":6322,"date":"2019-11-11T12:34:28","date_gmt":"2019-11-11T11:34:28","guid":{"rendered":"http:\/\/agora.xtec.cat\/inspm\/?page_id=6322"},"modified":"2023-03-30T12:44:04","modified_gmt":"2023-03-30T10:44:04","slug":"programa-experimental-de-certificacio-de-llengues-estrangeres","status":"publish","type":"page","link":"https:\/\/agora.xtec.cat\/inspm\/serveis\/programa-experimental-de-certificacio-de-llengues-estrangeres\/","title":{"rendered":"Programa experimental de certificaci\u00f3 de lleng\u00fces estrangeres"},"content":{"rendered":"<p style=\"text-align: justify;\"><a href=\"https:\/\/agora.xtec.cat\/inspm\/wp-content\/uploads\/usu581\/2019\/11\/programa_llengues.jpg\"><img loading=\"lazy\" decoding=\"async\" class=\"size-full wp-image-6325 alignleft\" src=\"https:\/\/agora.xtec.cat\/inspm\/wp-content\/uploads\/usu581\/2019\/11\/programa_llengues.jpg\" alt=\"\" width=\"80\" height=\"80\" \/><\/a>L\u2019Institut Premi\u00e0 de Mar ofereix opcions per a certificar el nivell de lleng\u00fces estrangeres al nostre alumnat. Aquestes certificacions, dins del <a href=\"https:\/\/ca.wikipedia.org\/wiki\/Marc_europeu_com%C3%BA_de_refer%C3%A8ncia_per_a_les_lleng%C3%BCes\">Marc Com\u00fa Europeu de Refer\u00e8ncia<\/a>, ens permeten fer una gradaci\u00f3 del nivell que tenim en una determinada llengua des de l\u2019A1 (nivell d\u2019inici o b\u00e0sic) fins al nivell C2 (usuari avan\u00e7at\/nadiu).<\/p>\n<p style=\"text-align: justify;\">Els darrers cursos hem estat seleccionats per participar en el programa experimental de certificaci\u00f3 de lleng\u00fces estrangeres impulsat pel Departament d\u2019Educaci\u00f3. La finalitat d\u2019aquest programa \u00e9s <strong>fomentar\u00a0<\/strong>als centres participants, amb el suport de les Escoles Oficials d\u2019Idiomes als centres, <strong>la certificaci\u00f3 dels coneixements de llengua estrangera<\/strong>, adquirits per l\u2019alumnat de determinats ensenyaments de forma que s\u2019afavoreixi, el progr\u00e9s del rendiment acad\u00e8mic en les lleng\u00fces estrangeres i la millora de la transpar\u00e8ncia de les compet\u00e8ncies adquirides.<\/p>\n<p style=\"text-align: justify;\">Els nivells d&#8217;<strong>Angl\u00e8s<\/strong> que entren dins d\u2019aquest programa s\u00f3n <em>l\u2019Intermedi B1<\/em>\u00a0(antic 3r d\u2019EOI, equivalent a PET de Cambridge o ISE I de Trinity)\u00a0<em>i l\u2019Intermedi B2<\/em>\u00a0(antic 5\u00e8 d\u2019EOI, equival a First Certificate o ISE II).<\/p>\n<p style=\"text-align: justify;\">Alternativament pels idiomes <strong>Franc\u00e8s<\/strong> i <strong>Alemany<\/strong> el centre ofereix la possibilitat d&#8217;obtenir certificacions amb <a href=\"https:\/\/www.delfscolaire.cat\/\" target=\"_blank\" rel=\"noopener noreferrer\">DELF scolaire<\/a> i amb l\u2019<a href=\"https:\/\/www.goethe.de\/ins\/es\/es\/sta\/bcn.html\" target=\"_blank\" rel=\"noopener noreferrer\">Institut Goethe<\/a>.<\/p>\n<table>\n<tbody>\n<tr>\n<td style=\"text-align: center;\">Alemany:<\/td>\n<td style=\"text-align: center;\">Franc\u00e8s:<\/td>\n<\/tr>\n<tr>\n<td style=\"text-align: center;\"><a href=\"https:\/\/www.goethe.de\/ins\/es\/es\/sta\/bcn.html\"><img loading=\"lazy\" decoding=\"async\" class=\"aligncenter wp-image-6367\" src=\"https:\/\/agora.xtec.cat\/inspm\/wp-content\/uploads\/usu581\/2019\/11\/baner-goethe.png\" alt=\"\" width=\"190\" height=\"136\" \/><\/a><\/td>\n<td style=\"text-align: center;\"><a href=\"https:\/\/www.delfscolaire.cat\/\"><img loading=\"lazy\" decoding=\"async\" class=\"aligncenter wp-image-5903 size-thumbnail\" src=\"https:\/\/agora.xtec.cat\/inspm\/wp-content\/uploads\/usu581\/2019\/05\/Delf-Scolaire-CMJN-150x150.jpg\" alt=\"\" width=\"150\" height=\"150\" \/><\/a><\/td>\n<\/tr>\n<\/tbody>\n<\/table>\n<p>&nbsp;<\/p>\n","protected":false},"excerpt":{"rendered":"<p><a href=\"https:\/\/agora.xtec.cat\/inspm\/wp-content\/uploads\/usu581\/2019\/11\/programa_llengues.jpg\"><\/a>L\u2019Institut Premi\u00e0 de Mar ofereix opcions per a certificar el nivell de lleng\u00fces estrangeres al nostre alumnat. Aquestes certificacions, dins del <a href=\"https:\/\/ca.wikipedia.org\/wiki\/Marc_europeu_com%C3%BA_de_refer%C3%A8ncia_per_a_les_lleng%C3%BCes\">Marc Com\u00fa Europeu de Refer\u00e8ncia<\/a>, ens permeten fer una gradaci\u00f3 del nivell que tenim en una determinada llengua des de l\u2019A1 (nivell&hellip;  <a href=\"https:\/\/agora.xtec.cat\/inspm\/serveis\/programa-experimental-de-certificacio-de-llengues-estrangeres\/\" title=\"Read Programa experimental de certificaci\u00f3 de lleng\u00fces estrangeres\">Llegeix m\u00e9s\u00bb<\/a><\/p>\n","protected":false},"author":502,"featured_media":0,"parent":63,"menu_order":0,"comment_status":"closed","ping_status":"closed","template":"page-templates\/side-menu.php","meta":{"_bbp_topic_count":0,"_bbp_reply_count":0,"_bbp_total_topic_count":0,"_bbp_total_reply_count":0,"_bbp_voice_count":0,"_bbp_anonymous_reply_count":0,"_bbp_topic_count_hidden":0,"_bbp_reply_count_hidden":0,"_bbp_forum_subforum_count":0,"footnotes":""},"class_list":["post-6322","page","type-page","status-publish","hentry"],"post_mailing_queue_ids":[],"_links":{"self":[{"href":"https:\/\/agora.xtec.cat\/inspm\/wp-json\/wp\/v2\/pages\/6322","targetHints":{"allow":["GET"]}}],"collection":[{"href":"https:\/\/agora.xtec.cat\/inspm\/wp-json\/wp\/v2\/pages"}],"about":[{"href":"https:\/\/agora.xtec.cat\/inspm\/wp-json\/wp\/v2\/types\/page"}],"author":[{"embeddable":true,"href":"https:\/\/agora.xtec.cat\/inspm\/wp-json\/wp\/v2\/users\/502"}],"replies":[{"embeddable":true,"href":"https:\/\/agora.xtec.cat\/inspm\/wp-json\/wp\/v2\/comments?post=6322"}],"version-history":[{"count":4,"href":"https:\/\/agora.xtec.cat\/inspm\/wp-json\/wp\/v2\/pages\/6322\/revisions"}],"predecessor-version":[{"id":10345,"href":"https:\/\/agora.xtec.cat\/inspm\/wp-json\/wp\/v2\/pages\/6322\/revisions\/10345"}],"up":[{"embeddable":true,"href":"https:\/\/agora.xtec.cat\/inspm\/wp-json\/wp\/v2\/pages\/63"}],"wp:attachment":[{"href":"https:\/\/agora.xtec.cat\/inspm\/wp-json\/wp\/v2\/media?parent=6322"}],"curies":[{"name":"wp","href":"https:\/\/api.w.org\/{rel}","templated":true}]}}