{"id":63,"date":"2014-09-18T10:06:31","date_gmt":"2014-09-18T10:06:31","guid":{"rendered":"http:\/\/agora.xtec.cat\/inspm\/?page_id=63"},"modified":"2023-03-30T13:10:53","modified_gmt":"2023-03-30T11:10:53","slug":"serveis","status":"publish","type":"page","link":"https:\/\/agora.xtec.cat\/inspm\/serveis\/","title":{"rendered":"Serveis"},"content":{"rendered":"<div class=\"section\">\n<p><a title=\"Erasmus +\" href=\"https:\/\/agora.xtec.cat\/inspm\/serveis\/erasmus-plus\/\">Erasmus +<\/a><\/p>\n<\/div>\n<div class=\"section noChildren\">\n<p class=\"page_item page-item-5431 title\" data-section-title=\"\"><a title=\"Programa Salut i Escola de l\u2019Equip d\u2019Atenci\u00f3 Prim\u00e0ria Premi\u00e0 de Mar\" href=\"https:\/\/agora.xtec.cat\/inspm\/serveis\/salut-i-escola\/\">Programa Salut i Escola de l\u2019Equip d\u2019Atenci\u00f3 Prim\u00e0ria Premi\u00e0 de Mar<\/a><\/p>\n<\/div>\n<div class=\"section noChildren\">\n<p class=\"page_item page-item-6322 title\" data-section-title=\"\"><a title=\"Programa experimental de certificaci\u00f3 de lleng\u00fces estrangeres\" href=\"https:\/\/agora.xtec.cat\/inspm\/serveis\/programa-experimental-de-certificacio-de-llengues-estrangeres\/\">Programa experimental de certificaci\u00f3 de lleng\u00fces estrangeres<\/a><\/p>\n<\/div>\n<div class=\"section noChildren\">\n<p class=\"page_item page-item-6388 title\" data-section-title=\"\"><a title=\"Biblioteca\" href=\"https:\/\/agora.xtec.cat\/inspm\/serveis\/biblioteca\/\">Biblioteca<\/a><\/p>\n<\/div>\n<div class=\"section noChildren\">\n<p class=\"page_item page-item-4863 title\" data-section-title=\"\"><a title=\"Borsa de treball\" href=\"https:\/\/agora.xtec.cat\/inspm\/serveis\/borsa-de-treball\/\">Borsa de treball<\/a><\/p>\n<\/div>\n<div class=\"section\">\n<p class=\"page_item page-item-65 title\" data-section-title=\"\"><a title=\"Serveis digitals\" href=\"https:\/\/agora.xtec.cat\/inspm\/serveis\/serveis-digitals\/\">Serveis digitals<\/a><\/p>\n<\/div>\n<div class=\"section noChildren\">\n<p class=\"page_item page-item-67 title\" data-section-title=\"\"><a title=\"Coordinaci\u00f3 prim\u00e0ria-secund\u00e0ria \/ Acollida\" href=\"https:\/\/agora.xtec.cat\/inspm\/serveis\/acollida\/\">Coordinaci\u00f3 prim\u00e0ria-secund\u00e0ria \/ Acollida<\/a><\/p>\n<\/div>\n<div class=\"section noChildren\">\n<p class=\"page_item page-item-75 title\" data-section-title=\"\"><a title=\"Activitats extraescolars\" href=\"https:\/\/agora.xtec.cat\/inspm\/serveis\/activitats-extraescolars\/\">Activitats extraescolars<\/a><\/p>\n<\/div>\n<div class=\"section noChildren\">\n<p class=\"page_item page-item-663 title\" data-section-title=\"\"><a title=\"Assessorament i reconeixement\" href=\"https:\/\/agora.xtec.cat\/inspm\/serveis\/assessorament-i-reconeixement-2\/\">Assessorament i reconeixement<\/a><\/p>\n<\/div>\n<div class=\"section noChildren\">\n<p class=\"page_item page-item-2819 title\" data-section-title=\"\"><a title=\"Centre formador\" href=\"https:\/\/agora.xtec.cat\/inspm\/serveis\/centre-formador\/\">Centre formador<\/a><\/p>\n<\/div>\n<div id=\"content\" role=\"main\">\n<div class=\"row\">\n<div id=\"side-menu\" class=\"large-3 small-12 pull-9 columns pull-9\">\n<div class=\"section-container accordion\" data-section=\"accordion\" data-section-small-style=\"true\">\n<div class=\"section noChildren\">\n<p class=\"page_item page-item-2819 title\" data-section-title=\"\">\n<\/div>\n<\/div>\n<\/div>\n<\/div>\n<\/div>\n","protected":false},"excerpt":{"rendered":"<p><a title=\"Erasmus +\" href=\"https:\/\/agora.xtec.cat\/inspm\/serveis\/erasmus-plus\/\">Erasmus +<\/a><\/p>\n<p><a title=\"Programa Salut i Escola de l\u2019Equip d\u2019Atenci\u00f3 Prim\u00e0ria Premi\u00e0 de Mar\" href=\"https:\/\/agora.xtec.cat\/inspm\/serveis\/salut-i-escola\/\">Programa Salut i Escola de l\u2019Equip d\u2019Atenci\u00f3 Prim\u00e0ria Premi\u00e0 de Mar<\/a><\/p>\n<p><a title=\"Programa experimental de certificaci\u00f3 de lleng\u00fces estrangeres\" href=\"https:\/\/agora.xtec.cat\/inspm\/serveis\/programa-experimental-de-certificacio-de-llengues-estrangeres\/\">Programa experimental de certificaci\u00f3 de lleng\u00fces estrangeres<\/a><\/p>\n<p><a title=\"Biblioteca\" href=\"https:\/\/agora.xtec.cat\/inspm\/serveis\/biblioteca\/\">Biblioteca<\/a><\/p>\n<p><a title=\"Borsa de&hellip;  <a href=\"https:\/\/agora.xtec.cat\/inspm\/serveis\/\" title=\"Read Serveis\">Llegeix m\u00e9s\u00bb<\/a><\/p>\n","protected":false},"author":1,"featured_media":0,"parent":0,"menu_order":0,"comment_status":"closed","ping_status":"closed","template":"page-templates\/side-menu.php","meta":{"_bbp_topic_count":0,"_bbp_reply_count":0,"_bbp_total_topic_count":0,"_bbp_total_reply_count":0,"_bbp_voice_count":0,"_bbp_anonymous_reply_count":0,"_bbp_topic_count_hidden":0,"_bbp_reply_count_hidden":0,"_bbp_forum_subforum_count":0,"footnotes":""},"class_list":["post-63","page","type-page","status-publish","hentry"],"post_mailing_queue_ids":[],"_links":{"self":[{"href":"https:\/\/agora.xtec.cat\/inspm\/wp-json\/wp\/v2\/pages\/63","targetHints":{"allow":["GET"]}}],"collection":[{"href":"https:\/\/agora.xtec.cat\/inspm\/wp-json\/wp\/v2\/pages"}],"about":[{"href":"https:\/\/agora.xtec.cat\/inspm\/wp-json\/wp\/v2\/types\/page"}],"author":[{"embeddable":true,"href":"https:\/\/agora.xtec.cat\/inspm\/wp-json\/wp\/v2\/users\/1"}],"replies":[{"embeddable":true,"href":"https:\/\/agora.xtec.cat\/inspm\/wp-json\/wp\/v2\/comments?post=63"}],"version-history":[{"count":4,"href":"https:\/\/agora.xtec.cat\/inspm\/wp-json\/wp\/v2\/pages\/63\/revisions"}],"predecessor-version":[{"id":10349,"href":"https:\/\/agora.xtec.cat\/inspm\/wp-json\/wp\/v2\/pages\/63\/revisions\/10349"}],"wp:attachment":[{"href":"https:\/\/agora.xtec.cat\/inspm\/wp-json\/wp\/v2\/media?parent=63"}],"curies":[{"name":"wp","href":"https:\/\/api.w.org\/{rel}","templated":true}]}}