{"id":5535,"date":"2019-03-03T20:19:09","date_gmt":"2019-03-03T19:19:09","guid":{"rendered":"http:\/\/agora.xtec.cat\/inspm\/?page_id=5535"},"modified":"2021-04-06T13:13:16","modified_gmt":"2021-04-06T11:13:16","slug":"cfgm-conduccio-dactivitats-fisicoesportives-en-el-medi-natural","status":"publish","type":"page","link":"https:\/\/agora.xtec.cat\/inspm\/cfgm-conduccio-dactivitats-fisicoesportives-en-el-medi-natural\/","title":{"rendered":"Conducci\u00f3 d&#8217;activitats fisicoesportives en el medi natural"},"content":{"rendered":"<p><strong>DURADA<\/strong>: 1.400 hores (990 en un centre educatiu i 410 en un centre de treball) distribu\u00efdes en <strong>un curs <\/strong>acad\u00e8mic.<\/p>\n<p><strong>FAM\u00cdLIA PROFESSIONAL<\/strong>: Activitats f\u00edsiques i esportives<\/p>\n<p>Aquests estudis capaciten per fer de guia per senders i zones de muntanya a peu, en bicicleta o a cavall, on no s\u00f3n necess\u00e0ries t\u00e8cniques d\u2019escalada ni d&#8217;alpinisme.<\/p>\n<div class=\"slideshow_container slideshow_container_style-light\" data-slideshow-id=\"306\" data-style-name=\"style-light\" data-style-version=\"2.3.1\" data-slideshow-active=\"1\">\n<div class=\"slideshow_content\"><\/div>\n<\/div>\n<p><strong>COMPET\u00c8NCIA GENERAL:<\/strong><\/p>\n<p>Conduir clients en condicions de seguretat per senders o zones de muntanya (on no s\u2019hagin d\u2019utilitzar t\u00e8cniques d\u2019escalada i alpinisme) a peu, en bicicleta o a cavall, aconseguint la satisfacci\u00f3 dels usuaris i un nivell de qualitat dins dels l\u00edmits de cost previstos.<\/p>\n<p><iframe loading=\"lazy\" src=\" https:\/\/drive.google.com\/file\/d\/1x0dyOGeT1eXfTqtaH92hbaqvL7VmaEdx\/preview\" width=\"900\" height=\"500\"><span style=\"display: inline-block; width: 0px; overflow: hidden; line-height: 0;\" data-mce-type=\"bookmark\" class=\"mce_SELRES_start\"><\/span><\/iframe><\/p>\n<p><strong>\u00c0MBIT PROFESSIONAL DE TREBALL:<\/strong><\/p>\n<ul style=\"list-style-type: circle;\">\n<li>Empreses d\u2019esports d\u2019aventures.<\/li>\n<li>Empreses tur\u00edstiques: hotels, c\u00e0mpings, albergs o cases de col\u00f2nies, refugis.<\/li>\n<li>Ag\u00e8ncies de viatges.<\/li>\n<li>Empreses de gesti\u00f3 de parcs naturals o zones protegides.<\/li>\n<li>Clubs esportius.<\/li>\n<li>Escoles.<\/li>\n<li>Estacions d\u2019esqu\u00ed amb oferta complement\u00e0ria d\u2019activitats.<\/li>\n<li>Entitats p\u00fabliques que ofereixin programes d\u2019activitats en el medi natural.<\/li>\n<\/ul>\n\r\n\t<div class=\"slideshow_container slideshow_container_style-light\" style=\"height: 400px; \" data-slideshow-id=\"5554\" data-style-name=\"style-light\" data-style-version=\"2.3.1\" >\r\n\r\n\t\t\t\t\t<div class=\"slideshow_loading_icon\"><\/div>\r\n\t\t\r\n\t\t<div class=\"slideshow_content\" style=\"display: none;\">\r\n\r\n\t\t\t<div class=\"slideshow_view\">\r\n\t\t\t\t<div class=\"slideshow_slide slideshow_slide_image\">\r\n\t\t\t\t\t\t\t\t\t\t\t<img src=\"https:\/\/agora.xtec.cat\/inspm\/wp-content\/uploads\/usu581\/2020\/02\/cafemn1111.jpg\" alt=\"cafemn1111\" width=\"1024\" height=\"468\" \/>\r\n\t\t\t\t\t\t\t\t\t\t<div class=\"slideshow_description_box slideshow_transparent\">\r\n\t\t\t\t\t\t<div class=\"slideshow_title\">cafemn1111<\/div>\t\t\t\t\t\t\t\t\t\t\t<\/div>\r\n\t\t\t\t<\/div>\r\n\r\n\t\t\t\t\t\t<div style=\"clear: both;\"><\/div><\/div><div class=\"slideshow_view\">\r\n\t\t\t\t<div class=\"slideshow_slide slideshow_slide_image\">\r\n\t\t\t\t\t\t\t\t\t\t\t<img src=\"https:\/\/agora.xtec.cat\/inspm\/wp-content\/uploads\/usu581\/2020\/02\/cafemn3.jpg\" alt=\"cafemn3\" width=\"1024\" height=\"438\" \/>\r\n\t\t\t\t\t\t\t\t\t\t<div class=\"slideshow_description_box slideshow_transparent\">\r\n\t\t\t\t\t\t<div class=\"slideshow_title\">cafemn3<\/div>\t\t\t\t\t\t\t\t\t\t\t<\/div>\r\n\t\t\t\t<\/div>\r\n\r\n\t\t\t\t\t\t<div style=\"clear: both;\"><\/div><\/div><div class=\"slideshow_view\">\r\n\t\t\t\t<div class=\"slideshow_slide slideshow_slide_image\">\r\n\t\t\t\t\t\t\t\t\t\t\t<img src=\"https:\/\/agora.xtec.cat\/inspm\/wp-content\/uploads\/usu581\/2020\/02\/cafemn5.jpg\" alt=\"cafemn5\" width=\"1024\" height=\"669\" \/>\r\n\t\t\t\t\t\t\t\t\t\t<div class=\"slideshow_description_box slideshow_transparent\">\r\n\t\t\t\t\t\t<div class=\"slideshow_title\">cafemn5<\/div>\t\t\t\t\t\t\t\t\t\t\t<\/div>\r\n\t\t\t\t<\/div>\r\n\r\n\t\t\t\t\t\t<div style=\"clear: both;\"><\/div><\/div><div class=\"slideshow_view\">\r\n\t\t\t\t<div class=\"slideshow_slide slideshow_slide_image\">\r\n\t\t\t\t\t\t\t\t\t\t\t<img src=\"https:\/\/agora.xtec.cat\/inspm\/wp-content\/uploads\/usu581\/2020\/02\/cafemn22.jpg\" alt=\"cafemn22\" width=\"1024\" height=\"740\" \/>\r\n\t\t\t\t\t\t\t\t\t\t<div class=\"slideshow_description_box slideshow_transparent\">\r\n\t\t\t\t\t\t<div class=\"slideshow_title\">cafemn22<\/div>\t\t\t\t\t\t\t\t\t\t\t<\/div>\r\n\t\t\t\t<\/div>\r\n\r\n\t\t\t\t\t\t<div style=\"clear: both;\"><\/div><\/div><div class=\"slideshow_view\">\r\n\t\t\t\t<div class=\"slideshow_slide slideshow_slide_image\">\r\n\t\t\t\t\t\t\t\t\t\t\t<img src=\"https:\/\/agora.xtec.cat\/inspm\/wp-content\/uploads\/usu581\/2020\/02\/cafemn44.jpg\" alt=\"cafemn44\" width=\"1024\" height=\"563\" \/>\r\n\t\t\t\t\t\t\t\t\t\t<div class=\"slideshow_description_box slideshow_transparent\">\r\n\t\t\t\t\t\t<div class=\"slideshow_title\">cafemn44<\/div>\t\t\t\t\t\t\t\t\t\t\t<\/div>\r\n\t\t\t\t<\/div>\r\n\r\n\t\t\t\t\t\t<div style=\"clear: both;\"><\/div><\/div>\r\n\t\t<\/div>\r\n\r\n\t\t<div class=\"slideshow_controlPanel slideshow_transparent\" style=\"display: none;\"><ul><li class=\"slideshow_togglePlay\" data-play-text=\"Visualitza\" data-pause-text=\"Pausa\"><\/li><\/ul><\/div>\r\n\r\n\t\t<div class=\"slideshow_button slideshow_previous slideshow_transparent\" role=\"button\" data-previous-text=\"Anterior\" style=\"display: none;\"><\/div>\r\n\t\t<div class=\"slideshow_button slideshow_next slideshow_transparent\" role=\"button\" data-next-text=\"Seg\u00fcent\" style=\"display: none;\"><\/div>\r\n\r\n\t\t<div class=\"slideshow_pagination\" style=\"display: none;\" data-go-to-text=\"V\u00e9s a la diapositiva\"><div class=\"slideshow_pagination_center\"><\/div><\/div>\r\n\r\n\t\t<!-- WordPress Slideshow Version 2.3.1 -->\r\n\r\n\t\t\t<\/div>\r\n\r\n\n<p><strong>Continguts:<\/strong><\/p>\n<ul>\n<li>El Medi Natural (60 hores)<\/li>\n<li>Conducci\u00f3 de Grups i Activitats en el Medi Natural (120 hores)<\/li>\n<li>Seguretat i Superviv\u00e8ncia en Muntanya (90 hores)<\/li>\n<li>Conducci\u00f3 de Grups en Bicicletes (120 hores)<\/li>\n<li>Conducci\u00f3 de Grups a Cavall i Atencions Equines B\u00e0siques (180 hores)<\/li>\n<li>Administraci\u00f3, Gesti\u00f3 i Comercialitzaci\u00f3 en la Petita Empresa (60 hores)<\/li>\n<li>Fonaments de l&#8217;Activitat F\u00edsica (30 hores)<\/li>\n<li>Primers Auxilis (30 hores)<\/li>\n<li>Activitats F\u00edsiques per a Persones amb Discapacitats (30 hores)<\/li>\n<li>Din\u00e0mica de Grups (60 hores)<\/li>\n<li>Formaci\u00f3 i Orientaci\u00f3 Laboral (60 hores)<\/li>\n<li>Formaci\u00f3 en Centres de Treball (410 hores)<\/li>\n<li>S\u00edntesi (60 hores)<\/li>\n<\/ul>\n<p>&nbsp;<\/p>\n<p><strong>Sortides professionals:<\/strong><\/p>\n<p>La superaci\u00f3 d&#8217;aquest cicle formatiu permet accedir al <strong>m\u00f3n laboral<\/strong> com a:<\/p>\n<ul>\n<li>guia de turisme eq\u00fcestre,<\/li>\n<li>guia d&#8217;itineraris en bicicleta,<\/li>\n<li>acompanyador o acompanyadora de muntanya i<\/li>\n<li>coordinador o coordinadora d&#8217;activitats de conducci\u00f3 i guiatge en la natura.<\/li>\n<\/ul>\n","protected":false},"excerpt":{"rendered":"<p>DURADA: 1.400 hores (990 en un centre educatiu i 410 en un centre de treball) distribu\u00efdes en un curs acad\u00e8mic.<br \/>\nFAM\u00cdLIA PROFESSIONAL: Activitats f\u00edsiques i esportives<br \/>\nAquests estudis capaciten per fer de guia per senders i zones de muntanya a peu, en bicicleta o a cavall, on&hellip;  <a href=\"https:\/\/agora.xtec.cat\/inspm\/cfgm-conduccio-dactivitats-fisicoesportives-en-el-medi-natural\/\" title=\"Read Conducci\u00f3 d&#8217;activitats fisicoesportives en el medi natural\">Llegeix m\u00e9s\u00bb<\/a><\/p>\n","protected":false},"author":502,"featured_media":0,"parent":0,"menu_order":1,"comment_status":"closed","ping_status":"closed","template":"page-templates\/side-menu.php","meta":{"_bbp_topic_count":0,"_bbp_reply_count":0,"_bbp_total_topic_count":0,"_bbp_total_reply_count":0,"_bbp_voice_count":0,"_bbp_anonymous_reply_count":0,"_bbp_topic_count_hidden":0,"_bbp_reply_count_hidden":0,"_bbp_forum_subforum_count":0,"footnotes":""},"class_list":["post-5535","page","type-page","status-publish","hentry"],"post_mailing_queue_ids":[],"_links":{"self":[{"href":"https:\/\/agora.xtec.cat\/inspm\/wp-json\/wp\/v2\/pages\/5535","targetHints":{"allow":["GET"]}}],"collection":[{"href":"https:\/\/agora.xtec.cat\/inspm\/wp-json\/wp\/v2\/pages"}],"about":[{"href":"https:\/\/agora.xtec.cat\/inspm\/wp-json\/wp\/v2\/types\/page"}],"author":[{"embeddable":true,"href":"https:\/\/agora.xtec.cat\/inspm\/wp-json\/wp\/v2\/users\/502"}],"replies":[{"embeddable":true,"href":"https:\/\/agora.xtec.cat\/inspm\/wp-json\/wp\/v2\/comments?post=5535"}],"version-history":[{"count":3,"href":"https:\/\/agora.xtec.cat\/inspm\/wp-json\/wp\/v2\/pages\/5535\/revisions"}],"predecessor-version":[{"id":7916,"href":"https:\/\/agora.xtec.cat\/inspm\/wp-json\/wp\/v2\/pages\/5535\/revisions\/7916"}],"wp:attachment":[{"href":"https:\/\/agora.xtec.cat\/inspm\/wp-json\/wp\/v2\/media?parent=5535"}],"curies":[{"name":"wp","href":"https:\/\/api.w.org\/{rel}","templated":true}]}}