{"id":5183,"date":"2018-11-17T19:22:20","date_gmt":"2018-11-17T18:22:20","guid":{"rendered":"http:\/\/agora.xtec.cat\/inspm\/?page_id=5183"},"modified":"2024-09-23T13:40:01","modified_gmt":"2024-09-23T11:40:01","slug":"mobilitats-curs-2015-2016","status":"publish","type":"page","link":"https:\/\/agora.xtec.cat\/inspm\/serveis\/erasmus-plus\/mobilitats-curs-2015-2016\/","title":{"rendered":"Mobilitats curs 2015-2016"},"content":{"rendered":"<p style=\"text-align: justify;\"><strong><em>Juliol 2015<\/em><\/strong><\/p>\n<p style=\"text-align: justify;\">El projecte presentat a la convocat\u00f2ria Erasmus + 2015 pel nostre Institut\u00a0 ha estat SELECCIONAT.<\/p>\n<p style=\"text-align: justify;\">Aquest projecte \u00e9s per alumnes de 2n curs de CFGM per anar a fer pr\u00e0ctiques a la empresa durant 3 mesos del curs 2015-2016 al Regne Unit.<\/p>\n<p style=\"text-align: justify;\">El soci a trav\u00e9s del qual es far\u00e0 aquest projecte \u201cColeg Gwent\u201d del Regne Unit a la regi\u00f3 de Gales. Aquest centre tamb\u00e9 te alumnes de formaci\u00f3 professional i ens buscar\u00e0 les empreses on faran pr\u00e0ctiques els nostres alumnes.<\/p>\n<p style=\"text-align: justify;\">Totes les despeses de la estada, viatges, manutenci\u00f3 , classes d\u2019angl\u00e8s i altres depeses que puguin tenir els alumnes estan subvencionades.<\/p>\n<p style=\"text-align: justify;\">La p\u00e0gina web d\u2019aquest centre \u00e9s <a href=\"http:\/\/www.coleggwent.ac.uk\/\">www.coleggwent.ac.uk<\/a><\/p>\n<p style=\"text-align: justify;\">Al setembre es comen\u00e7ar\u00e0 a treballar amb aquest projecte.<\/p>\n<p style=\"text-align: justify;\">Seguidament, es mostra la resoluci\u00f3 de la convocat\u00f2ria conforme el projecte ha estat seleccionat:<\/p>\n<table>\n<tbody>\n<tr>\n<td width=\"156\">Asunto<\/td>\n<td width=\"425\">Comunicaci\u00f3n de resoluci\u00f3n de la Convocatoria 2015. Acci\u00f3n clave 1 \u2013 Movilidad para el aprendizaje (KA102). Formaci\u00f3n profesional.<\/p>\n<p>Proyecto Seleccionado<\/td>\n<\/tr>\n<tr>\n<td width=\"156\">Instituci\u00f3n solicitante<\/td>\n<td width=\"425\">INSTITUT PREMI\u00c0 DE MAR<\/td>\n<\/tr>\n<tr>\n<td width=\"156\">Comunidad Aut\u00f3noma<\/td>\n<td width=\"425\">Catalu\u00f1a<\/td>\n<\/tr>\n<tr>\n<td width=\"156\">N\u00famero de proyecto<\/td>\n<td width=\"425\">2015-1-ES01-KA102-015393<\/td>\n<\/tr>\n<tr>\n<td width=\"156\">T\u00edtulo del proyecto<\/td>\n<td width=\"425\">TRAINEES IN WENT<\/td>\n<\/tr>\n<\/tbody>\n<\/table>\n<p style=\"text-align: justify;\">En relaci\u00f3n con su solicitud de subvenci\u00f3n del proyecto de movilidad referenciado m\u00e1s arriba, le comunicamos que, tras el proceso de evaluaci\u00f3n de la calidad y la decisi\u00f3n del Comit\u00e9 de Evaluaci\u00f3n, el proyecto indicado ha resultado\u00a0<strong>Seleccionado<\/strong>.<\/p>\n<p style=\"text-align: justify;\">La calificaci\u00f3n obtenida en la evaluaci\u00f3n de calidad ha sido de\u00a0<strong>78<\/strong>\u00a0puntos sobre un m\u00e1ximo de 100. Le se\u00f1alamos m\u00e1s adelante los resultados de la evaluaci\u00f3n de la calidad, as\u00ed como los comentarios se\u00f1alados por los expertos externos sobre su proyecto.<\/p>\n<p style=\"text-align: justify;\">La Resoluci\u00f3n de la convocatoria se publicar\u00e1 en los pr\u00f3ximos d\u00edas en la p\u00e1gina Web del SEPIE:<\/p>\n<p style=\"text-align: justify;\"><a href=\"http:\/\/www.sepie.es\/oapee\/inicio\/ErasmusPlus\/resoluciones2015.html%0d\">http:\/\/www.sepie.es\/oapee\/inicio\/ErasmusPlus\/resoluciones2015.html<\/a><\/p>\n<p style=\"text-align: justify;\">La Unidad de Formaci\u00f3n Profesional queda a su disposici\u00f3n para cualquier informaci\u00f3n complementaria, en el tel\u00e9fono 915506753 y en la direcci\u00f3n de correo electr\u00f3nico:\u00a0<a href=\"mailto:movilidad.fp@oapee.es\">movilidad.fp@oapee.es<\/a>.<\/p>\n<p style=\"text-align: justify;\">Madrid, 10 de junio de 2015<\/p>\n<p style=\"text-align: justify;\">M\u00aa Goretti Alonso de Castro<\/p>\n<p style=\"text-align: justify;\">Directora de la Unidad de Formaci\u00f3n Profesional<\/p>\n<p style=\"text-align: justify;\"><strong>RESULTADO DE LA ELEGIBILIDAD Y\/O EVALUACI\u00d3N DE LA CALIDAD DEL PROYECTO<\/strong><\/p>\n<table>\n<tbody>\n<tr>\n<td width=\"78\"><strong>Criterio<\/strong><\/td>\n<td width=\"84\"><strong>Puntuaci\u00f3n<\/strong><\/td>\n<td width=\"518\"><strong>Comentarios<\/strong><\/td>\n<\/tr>\n<tr>\n<td width=\"78\">Relevancia<\/td>\n<td width=\"84\">26<\/td>\n<td width=\"518\">Valoraci\u00f3n: BIEN<\/p>\n<p>Puntos fuertes: La propuesta responde a los objetivos de la acci\u00f3n.\u00a0 Las necesidades de las instituciones, as\u00ed como las de los participantes se consideran suficientemente satisfechas con la movilidad, La propuesta proporciona a los estudiantes oportunidades adecuadas para la adquisici\u00f3n de competencias (conocimientos + habilidades) que propicien su desarrollo personal y empleabilidad. Teniendo en cuenta el tama\u00f1o del socio de env\u00edo, se considera que la propuesta apoya claramente a las organizaciones participantes reforzando su capacidad y habilidad para cooperar con \u00e9xito con socios internacionales en el \u00e1mbito de la formaci\u00f3n profesional. Los resultados de aprendizaje est\u00e1n suficientemente detallados.<\/p>\n<p>Aspectos de mejora: La movilidad podr\u00eda dirigirse tambi\u00e9n al personal. Se podr\u00edan detallar las empresas donde se va a realizar la formaci\u00f3n<\/p>\n<p>Puntos d\u00e9biles: No se observan<\/td>\n<\/tr>\n<tr>\n<td width=\"78\">Calidad del dise\u00f1o y ejecuci\u00f3n del proyecto<\/td>\n<td width=\"84\">30<\/td>\n<td width=\"518\">Valoraci\u00f3n: BIEN<\/p>\n<p>Puntos fuertes:\u00a0 El calendario es claro y bien planificado, Las actividades que desarrollar\u00e1n los participantes se concretar\u00e1n en un documento espec\u00edfico. El tipo, n\u00famero y duraci\u00f3n de las movilidades que se solicita es adecuado, realista y acorde con la capacidad de las organizaciones participantes. La solicitud de fondos es adecuada. La propuesta demuestra que los participantes recibir\u00e1n una preparaci\u00f3n de calidad antes de iniciar su movilidad, incluidas la preparaci\u00f3n ling\u00fc\u00edstica, cultural y\/o pedag\u00f3gica en la medida que sea necesaria. La propuesta demuestra que las organizaciones participantes aplicar\u00e1n medidas eficaces y asignar\u00e1n recursos adecuados para garantizar una movilidad de calidad,\u00a0 detallando suficientemente los datos de alojamiento y seguro. Se concretan las medidas de comunicaci\u00f3n entre los socios.\u00a0 El seguimiento del proyecto es claro y las responsabilidades est\u00e1n definidas.<\/p>\n<p>Aspectos de mejora: Las comunicaciones entre socios adolecen de registros e hitos concretos de las comunicaciones que plantean, aunque las comunicaciones sean adecuadas. La propuesta no establece que los resultados de aprendizaje de los participantes ser\u00e1n debidamente reconocidos o validados mediante EUROPASS u otro elemento institucional. Las fases del proyecto no est\u00e1n claramente definidas, y deben deducirse del calendario de actividades. Se podr\u00edan vincular las fases del proyecto con los objetivos. No se definen planes de contingencia ante posibles problemas.\u00a0 No est\u00e1n definidos todos los socios de acogida, el socio intermediarios tienen excesivo peso. La propuesta define\u00a0 criterios sobre los que la organizaci\u00f3n fundamentar\u00e1 la selecci\u00f3n de estudiantes que participar\u00e1n en las movilidades, pero los criterios no son cuantificables, ni se identifica a los responsables de la selecci\u00f3n.<\/p>\n<p>Puntos d\u00e9biles: No se aprecian<\/td>\n<\/tr>\n<tr>\n<td width=\"78\">Impacto y difusi\u00f3n<\/td>\n<td width=\"84\">22<\/td>\n<td width=\"518\">Valoraci\u00f3n: BIEN<\/p>\n<p>Puntos fuertes: El proyecto puede tener un impacto positivo sustancial en las organizaciones participantes y los participantes. La propuesta incluye un plan claro para la difusi\u00f3n de los resultados del proyecto, concretamente, describe las actividades de difusi\u00f3n, y se consideran adecuadas al tama\u00f1o de la organizaci\u00f3n. La propuesta incluye una evaluaci\u00f3n adecuada del proyecto en sus diferentes fases.<\/p>\n<p>Aspectos de mejora:\u00a0No se hace referencia suficiente al impacto esperado en los socios. La propuesta no describe las medidas que se tomar\u00e1n para garantizar los efectos duraderos del proyecto, incluso despu\u00e9s de la finalizaci\u00f3n del proyecto.\u00a0 No queda claro el beneficio sobre los no participantes, solo se hacen referencias gen\u00e9ricas demasiado amplias.<\/p>\n<p>Puntos d\u00e9biles: Realmente no hay una evaluaci\u00f3n del proyecto. Se hace referencia a indicadores de impacto, pero los aspectos continuos, formativos de la evaluaci\u00f3n parecen omitirse, tanto sobre el proyecto en su conjunto como sobre las diferentes actividades y fases.<\/td>\n<\/tr>\n<tr>\n<td width=\"78\"><strong>Resultado global<\/strong><\/td>\n<td width=\"84\">78<\/td>\n<td width=\"518\">Propuesta acorde a los objetivos de la acci\u00f3n, dirigida a alumnado y profesorado, que satisface sus necesidades y con un n\u00famero de movilidades acorde al tama\u00f1o del Instituto. Los socios son adecuados. Calendario y actividades son claros y adecuados. La preparaci\u00f3n de los participantes es adecuada.\u00a0 La movilidad es de calidad. La difusi\u00f3n es acorde al tama\u00f1o del solicitante.<\/p>\n<p>Aspectos de mejora: Intentar concretar las empresas donde se va a desarrollar la formaci\u00f3n del alumnado. Definir planes de contingencia ante posibles problemas. Debe definirse de forma m\u00e1s concreta y con par\u00e1metros cuantitativos la selecci\u00f3n de los participantes, estableciendo responsables.\u00a0 Valorar el impacto sobre socios y no participantes.<\/p>\n<p>Se echa en falta una evaluaci\u00f3n real del proyecto, que tenga car\u00e1cter continuo y formativo, en las diferentes fases, sobre las diferentes actividades y sobre los diferentes agentes, y tambi\u00e9n sobre el proyecto en su conjunto, que permita detectar en cada momento las mejoras a implementar, y que permita, en sucesivas convocatorias, determinar aspectos de mejora para llegar a movilidades de gran impacto.<\/td>\n<\/tr>\n<\/tbody>\n<\/table>\n<p style=\"text-align: justify;\"><strong><em><u>Curs 2015-2016<\/u><\/em><\/strong><\/p>\n<p style=\"text-align: justify;\"><strong><em>Setembre<\/em><\/strong><\/p>\n<p style=\"text-align: justify;\">Selecci\u00f3 d\u2019alumnes<\/p>\n<p style=\"text-align: justify;\">Despr\u00e8s de fer les proves de nivell de llengua anglesa i aplicant els barems acordats i exposats a la informaci\u00f3 general d\u2019aquesta p\u00e0gina s\u2019ha procedit a la selecci\u00f3 dels alumnes.<\/p>\n<p style=\"text-align: justify;\">Els alumnes seleccionats han estat:<\/p>\n<table>\n<tbody>\n<tr>\n<td width=\"187\">Marina Bonamusa Caballero<\/td>\n<td width=\"227\">2n CFGM Gesti\u00f3 Administrativa<\/td>\n<\/tr>\n<tr>\n<td width=\"187\">Karen Casta\u00f1eda Quintero<\/td>\n<td width=\"227\">2n CFGM Gesti\u00f3 Administrativa<\/td>\n<\/tr>\n<tr>\n<td width=\"187\">Adri\u00e1n Esteban Hern\u00e1ndez<\/td>\n<td width=\"227\">2n CFGM Gesti\u00f3 Administrativa<\/td>\n<\/tr>\n<tr>\n<td width=\"187\">Francisco Fern\u00e1ndez Abril<\/td>\n<td width=\"227\">2n CFGM Gesti\u00f3 Administrativa<\/td>\n<\/tr>\n<tr>\n<td width=\"187\">Natalia Blanco Pallar\u00e9s<\/td>\n<td width=\"227\">2n CFGM Gesti\u00f3 Administrativa<\/td>\n<\/tr>\n<tr>\n<td width=\"187\">Montserrat Berr\u00edos Curto<\/td>\n<td width=\"227\">2n CFGM Jaridineria i floristeria<\/td>\n<\/tr>\n<\/tbody>\n<\/table>\n<p style=\"text-align: justify;\"><strong><em>Desembre <\/em><\/strong><\/p>\n<p style=\"text-align: justify;\">Amb la subvenci\u00f3 concedida per l\u2019Agencia Nacional tamb\u00e9 han donat acc\u00e9s als alumnes a un programa on line per fer una avaluaci\u00f3 ling\u00fc\u00edstica i en funci\u00f3 del nivell obtingut seguir un curs fins al final del projecte, quan tornaran a ser avaluats per veure com han avan\u00e7at, tant amb el curs com amb la mobilitat que faran.<\/p>\n<p style=\"text-align: justify;\"><strong><em>Gener<\/em><\/strong><\/p>\n<p style=\"text-align: justify;\">Comunicacions amb el soci angl\u00e8s per preparar la mobilitat:<\/p>\n<ul style=\"text-align: justify;\">\n<li>&#8211; Allotjament<\/li>\n<li>&#8211; Empreses de pr\u00e0ctiques<\/li>\n<li>&#8211; Preparar documentaci\u00f3 exigida per l\u2019agencia Nacional<\/li>\n<li>&#8211; Preparar i signar convenis amb el programa Qbid, etc<\/li>\n<li><\/li>\n<\/ul>\n<p style=\"text-align: justify;\"><strong><em>Mar\u00e7<\/em><\/strong><\/p>\n<p style=\"text-align: justify;\">Concreci\u00f3 de la mobilitat<\/p>\n<p style=\"text-align: justify;\"><strong>Per\u00edode de la mobilitat<\/strong>: del 31 de mar\u00e7 a l\u20191 de juliol 2016<\/p>\n<p style=\"text-align: justify;\"><strong>Lloc<\/strong>: Newport Regi\u00f3 de Gales al Regne Unit<\/p>\n<p style=\"text-align: justify;\"><strong>Empreses on faran pr\u00e0ctiques<\/strong>:<\/p>\n<p style=\"text-align: justify;\">\u201cColeggwent\u201d departaments de Marketing Internacional i Departament de Administraci\u00f3.<\/p>\n<p style=\"text-align: justify;\">\u201cSunyside Nursery\u201d, empresa de cultius de flors, plantes i horta.<\/p>\n<p style=\"text-align: justify;\"><strong>Allotjament<\/strong>: Resid\u00e8ncia d\u2019estudiants <a href=\"https:\/\/www.mystudentvillage.com\/uk\/newportstudentvillage\/\">https:\/\/www.mystudentvillage.com\/uk\/newportstudentvillage\/<\/a><\/p>\n<p style=\"text-align: justify;\"><strong>2 professors acompanyants : <\/strong>El primers quatre dies per deixar als alumnes instal\u00b7lats i visitar a les empreses per con\u00e8ixer als tutors de pr\u00e0ctiques.<\/p>\n<p style=\"text-align: justify;\">Si \u00e9s possible, tamb\u00e9 aniran a meitat de les pr\u00e0ctiques i al final per fer les valoracions i l\u2019avaluaci\u00f3 final.<\/p>\n<p style=\"text-align: justify;\"><strong><em>Juny<\/em><\/strong><\/p>\n<p style=\"text-align: justify;\"><strong>Finalitzaci\u00f3 de les pr\u00e0ctiques: <\/strong>El dia 30 han acabat les pr\u00e0ctiques i han anat dos professors del nostre centre a fer la valoraci\u00f3 final de les pr\u00e0ctiques i a recollir-los.<\/p>\n<p style=\"text-align: justify;\">Les pr\u00e0ctiques han resultat tot un \u00e8xit i la valoraci\u00f3 ha estat la m\u00e0xima, tots els alumnes son aptes i amb nota final \u201cmolt bona\u201d.<\/p>\n<p style=\"text-align: justify;\">Tots han obtingut un certificat de participaci\u00f3 d\u2019 aquest projecte i a m\u00e9s una carta de recomanaci\u00f3 feta per les empreses per poder adjuntar amb els seus curr\u00edculums.<\/p>\n<p style=\"text-align: justify;\">Han fet una avaluaci\u00f3 final de llengua anglesa, a trav\u00e9s d\u2019una plataforma on line que facilita l\u2019 Ag\u00e8ncia Nacional als participants d\u2019 Erasmus+. Comparant aquesta avaluaci\u00f3 amb la primera que van fer abans de l\u2019 estada, tots han pujat de nivell.<\/p>\n<p style=\"text-align: justify;\"><strong><em>Juliol<\/em><\/strong><\/p>\n<p style=\"text-align: justify;\">El dia 1 han arribat a Premi\u00e0 rebuts per les seves fam\u00edlies. Per tots ha estat una experi\u00e8ncia molt bona que tornarien a repetir.<\/p>\n<p style=\"text-align: justify;\">Tamb\u00e9 les fam\u00edlies han mostrat a l\u2019institut la seva satisfacci\u00f3.<\/p>\n","protected":false},"excerpt":{"rendered":"<p>Juliol 2015<br \/>\nEl projecte presentat a la convocat\u00f2ria Erasmus + 2015 pel nostre Institut\u00a0 ha estat SELECCIONAT.<br \/>\nAquest projecte \u00e9s per alumnes de 2n curs de CFGM per anar a fer pr\u00e0ctiques a la empresa durant 3 mesos del curs 2015-2016 al Regne Unit.<br \/>\nEl soci a trav\u00e9s&hellip;  <a href=\"https:\/\/agora.xtec.cat\/inspm\/serveis\/erasmus-plus\/mobilitats-curs-2015-2016\/\" title=\"Read Mobilitats curs 2015-2016\">Llegeix m\u00e9s\u00bb<\/a><\/p>\n","protected":false},"author":502,"featured_media":0,"parent":5126,"menu_order":60,"comment_status":"closed","ping_status":"closed","template":"page-templates\/side-menu.php","meta":{"_bbp_topic_count":0,"_bbp_reply_count":0,"_bbp_total_topic_count":0,"_bbp_total_reply_count":0,"_bbp_voice_count":0,"_bbp_anonymous_reply_count":0,"_bbp_topic_count_hidden":0,"_bbp_reply_count_hidden":0,"_bbp_forum_subforum_count":0,"footnotes":""},"class_list":["post-5183","page","type-page","status-publish","hentry"],"post_mailing_queue_ids":[],"_links":{"self":[{"href":"https:\/\/agora.xtec.cat\/inspm\/wp-json\/wp\/v2\/pages\/5183","targetHints":{"allow":["GET"]}}],"collection":[{"href":"https:\/\/agora.xtec.cat\/inspm\/wp-json\/wp\/v2\/pages"}],"about":[{"href":"https:\/\/agora.xtec.cat\/inspm\/wp-json\/wp\/v2\/types\/page"}],"author":[{"embeddable":true,"href":"https:\/\/agora.xtec.cat\/inspm\/wp-json\/wp\/v2\/users\/502"}],"replies":[{"embeddable":true,"href":"https:\/\/agora.xtec.cat\/inspm\/wp-json\/wp\/v2\/comments?post=5183"}],"version-history":[{"count":3,"href":"https:\/\/agora.xtec.cat\/inspm\/wp-json\/wp\/v2\/pages\/5183\/revisions"}],"predecessor-version":[{"id":12049,"href":"https:\/\/agora.xtec.cat\/inspm\/wp-json\/wp\/v2\/pages\/5183\/revisions\/12049"}],"up":[{"embeddable":true,"href":"https:\/\/agora.xtec.cat\/inspm\/wp-json\/wp\/v2\/pages\/5126"}],"wp:attachment":[{"href":"https:\/\/agora.xtec.cat\/inspm\/wp-json\/wp\/v2\/media?parent=5183"}],"curies":[{"name":"wp","href":"https:\/\/api.w.org\/{rel}","templated":true}]}}