{"id":5144,"date":"2018-11-17T13:45:29","date_gmt":"2018-11-17T12:45:29","guid":{"rendered":"http:\/\/agora.xtec.cat\/inspm\/?page_id=5144"},"modified":"2024-09-23T13:40:18","modified_gmt":"2024-09-23T11:40:18","slug":"mobilitats-curs-2016-2017","status":"publish","type":"page","link":"https:\/\/agora.xtec.cat\/inspm\/serveis\/erasmus-plus\/mobilitats-curs-2016-2017\/","title":{"rendered":"Mobilitats curs 2016-2017"},"content":{"rendered":"<div id=\"lipsum\">\n<p>A la convocat\u00f2ria de l\u2019Ag\u00e8ncia Nacional pel curs vinent 2016-2017 s\u2019han fet les seg\u00fcents sol\u00b7licituds:<\/p>\n<p><strong><em>Mobilitat de Professors<\/em><\/strong><\/p>\n<p>A trav\u00e9s del Departament d\u2019Ensenyament s\u2019han demanat les seg\u00fcents mobilitats:<\/p>\n<ul>\n<li>3 professors de formaci\u00f3 professional per anar a Alemanya per con\u00e8ixer les caracter\u00edstiques i el funcionament de la formaci\u00f3 en alternan\u00e7a simple o dual.<\/li>\n<li>2 professors de formaci\u00f3 professional per con\u00e8ixer models, experi\u00e8ncies i pr\u00e0ctiques d\u2019altres pa\u00efsos de parla no angles de com es realitza la impartici\u00f3 de continguts en llengua anglesa.<\/li>\n<\/ul>\n<p><strong><em>Mobilitat d\u2019alumnes<\/em><\/strong><\/p>\n<p>Directament a l\u2019Ag\u00e8ncia Nacional (SEPIE) s\u2019han demanat dues mobilitats d\u2019alumnes de grau superior del cicle d\u2019Administraci\u00f3 i finances per anar a fer les pr\u00e0ctiques en centres de treball a un altre pa\u00eds de la Uni\u00f3 Europea de parla anglesa.<\/p>\n<p>&nbsp;<\/p>\n<p>Per el moment, les sol\u00b7licituds han estat admeses, falta esperar l\u2019aprovaci\u00f3.<\/p>\n<p>Actualitzaci\u00f3 informaci\u00f3 a 7 d&#8217;abril de 2017<\/p>\n<p><em><strong>Mobilitat de professors<\/strong><\/em><\/p>\n<p><strong>&#8211; <\/strong>La mobilitat dels professors de formaci\u00f3 professional demanada a trav\u00e9s del Departament d&#8217;Ensenyament per anar a Alemanya ha estat concedida, i concretament ser\u00e0 a Stuttgart del 9 al 14 de juliol. Es tracta de dos professors del cicle de Jardineria i un d&#8217;Administraci\u00f3, el Vicent Mart\u00ednez, el Joan de Quadras i el Sergi Miranda.<\/p>\n<p>&#8211; La mobilitat dels 2 professors de formaci\u00f3 professional per impartir continguts en llengua anglesa no ha estat finalment concedida.<\/p>\n<p><em><strong>Mobilitat d&#8217;alumnes<\/strong><\/em><\/p>\n<p>Les sol\u00b7licituds realitzades directament a l&#8217;Ag\u00e8ncia Nacional (SEPIE) han estat concedides i els dos alumnes faran les pr\u00e0ctiques durant els mesos de Juny i Juliol a Anglaterra, concretament a l&#8217;illa de Wight, despr\u00e9s d&#8217;entrar en contacte amb l&#8217;Isle of Wight College.<\/p>\n<\/div>\n","protected":false},"excerpt":{"rendered":"<p>A la convocat\u00f2ria de l\u2019Ag\u00e8ncia Nacional pel curs vinent 2016-2017 s\u2019han fet les seg\u00fcents sol\u00b7licituds:<br \/>\nMobilitat de Professors<br \/>\nA trav\u00e9s del Departament d\u2019Ensenyament s\u2019han demanat les seg\u00fcents mobilitats:<\/p>\n<ul>\n<li>3 professors de formaci\u00f3 professional per anar a Alemanya per con\u00e8ixer les caracter\u00edstiques i el funcionament de la formaci\u00f3 en&hellip;  <a href=\"https:\/\/agora.xtec.cat\/inspm\/serveis\/erasmus-plus\/mobilitats-curs-2016-2017\/\" title=\"Read Mobilitats curs 2016-2017\">Llegeix m\u00e9s\u00bb<\/a><br \/>\n","protected":false},"author":502,"featured_media":0,"parent":5126,"menu_order":70,"comment_status":"closed","ping_status":"closed","template":"page-templates\/side-menu.php","meta":{"_bbp_topic_count":0,"_bbp_reply_count":0,"_bbp_total_topic_count":0,"_bbp_total_reply_count":0,"_bbp_voice_count":0,"_bbp_anonymous_reply_count":0,"_bbp_topic_count_hidden":0,"_bbp_reply_count_hidden":0,"_bbp_forum_subforum_count":0,"footnotes":""},"class_list":["post-5144","page","type-page","status-publish","hentry"],"post_mailing_queue_ids":[],"_links":{"self":[{"href":"https:\/\/agora.xtec.cat\/inspm\/wp-json\/wp\/v2\/pages\/5144","targetHints":{"allow":["GET"]}}],"collection":[{"href":"https:\/\/agora.xtec.cat\/inspm\/wp-json\/wp\/v2\/pages"}],"about":[{"href":"https:\/\/agora.xtec.cat\/inspm\/wp-json\/wp\/v2\/types\/page"}],"author":[{"embeddable":true,"href":"https:\/\/agora.xtec.cat\/inspm\/wp-json\/wp\/v2\/users\/502"}],"replies":[{"embeddable":true,"href":"https:\/\/agora.xtec.cat\/inspm\/wp-json\/wp\/v2\/comments?post=5144"}],"version-history":[{"count":4,"href":"https:\/\/agora.xtec.cat\/inspm\/wp-json\/wp\/v2\/pages\/5144\/revisions"}],"predecessor-version":[{"id":5187,"href":"https:\/\/agora.xtec.cat\/inspm\/wp-json\/wp\/v2\/pages\/5144\/revisions\/5187"}],"up":[{"embeddable":true,"href":"https:\/\/agora.xtec.cat\/inspm\/wp-json\/wp\/v2\/pages\/5126"}],"wp:attachment":[{"href":"https:\/\/agora.xtec.cat\/inspm\/wp-json\/wp\/v2\/media?parent=5144"}],"curies":[{"name":"wp","href":"https:\/\/api.w.org\/{rel}","templated":true}]}}