{"id":5126,"date":"2018-11-17T12:57:22","date_gmt":"2018-11-17T11:57:22","guid":{"rendered":"http:\/\/agora.xtec.cat\/inspm\/?page_id=5126"},"modified":"2026-03-07T13:10:56","modified_gmt":"2026-03-07T12:10:56","slug":"erasmus-plus","status":"publish","type":"page","link":"https:\/\/agora.xtec.cat\/inspm\/serveis\/erasmus-plus\/","title":{"rendered":"Erasmus+\/ Mobilitats internacionals \/ GEP"},"content":{"rendered":"<p style=\"text-align: center;\"><iframe loading=\"lazy\" src=\" https:\/\/drive.google.com\/file\/d\/1rMCXa7Ttzf5fI_rNJ_RLoFtY-8wm99Gr\/preview\" width=\"100%\" height=\"1200\"><\/iframe><\/p>\n<p style=\"text-align: justify;\">El programa Erasmus+ vol ser una ajuda en l&#8217;\u00e0mbit de la educaci\u00f3, la formaci\u00f3, la joventut i l&#8217;esport per abordar els canvis socioecon\u00f2mics, els principals reptes als que s&#8217;enfrontar\u00e0 Europa fins el final d&#8217;aquesta d\u00e8cada i per recolzar l&#8217; Agenda Pol\u00edtica Europea destinada al creixement, l&#8217;ocupaci\u00f3 ,l&#8217;equitat i inclusi\u00f3.<\/p>\n<p style=\"text-align: justify;\">El nostre Institut l\u2019any 2013 va fer la sol\u00b7licitud per poder adherir-se a aquest programa i a trav\u00e9s de la qual va aconseguir la carta ECHE, requisit que es necessita per poder presentar qualsevol projecte Erasmus+.<\/p>\n<p style=\"text-align: justify;\">Aquests projectes promouen les mobilitats a altres pa\u00efsos de la Uni\u00f3 Europea o d\u2019altres pa\u00efsos associats.<\/p>\n<p style=\"text-align: justify;\"><strong>Qui pot participar en un projecte\u00a0 Erasmus+ en el nostre centre?<\/strong><\/p>\n<p style=\"text-align: justify;\">En termes generales:<\/p>\n<p style=\"text-align: justify;\">-En projectes d\u2019\u00e0mbit de l\u2019 educaci\u00f3 superior, els estudiants de educaci\u00f3 superior (cicles formatius de grau superior), primer, segon o tercer cicle, professors i d\u2019educaci\u00f3 superior, el personal de les institucions d\u2019 educaci\u00f3 superior, els formadors i els professionals d\u2019empreses.<\/p>\n<p style=\"text-align: justify;\">&#8211; En els projecte de l\u2019\u00e0mbit de la formaci\u00f3 professional, els destinataris principals son els aprenents i estudiants de educaci\u00f3 professional, els professionals i formadors de formaci\u00f3 professional, el personal de les institucions de educaci\u00f3 professional inicial, els formadors i els professionals d\u2019 empreses.<\/p>\n<p style=\"text-align: justify;\">&#8211; En els projectes de l\u2019\u00e0mbit escolar, els destinataris principals son els directors de centres escolars, el professorat i el personal dels centres i els alumnes d\u2019 educaci\u00f3 infantil, prim\u00e0ria i secundaria.<\/p>\n<p style=\"text-align: justify;\">&#8211; En els projectes de l\u2019\u00e0mbit de la joventut, els destinataris principals son els joves de 13 a 30 anys , els treballadors en l\u2019 \u00e0mbit de la joventut i el personal i els membres de les organitzacions actives en l\u2019 \u00e0mbit de la joventut.<\/p>\n<p style=\"text-align: justify;\"><strong>Convocat\u00f2ries<\/strong><\/p>\n<p style=\"text-align: justify;\">La convocat\u00f2ria per fer la sol\u00b7licitud d\u2019un projecte Erasmus+ surt entre els mesos d\u2019octubre i novembre de cada any i la data l\u00edmit per presentar-la \u00e9s entre els mesos de febrer i mar\u00e7 dels seg\u00fcent any. Aquestes sol\u00b7licituds son per fer el projecte proposat en el curs seg\u00fcent al de la convocat\u00f2ria.<\/p>\n<p style=\"text-align: justify;\"><strong>Actuaci\u00f3 del nostre centre com a partner (soci) d\u2019una altra instituci\u00f3<\/strong><\/p>\n<p style=\"text-align: justify;\">El nostre institut tamb\u00e9 est\u00e0 disposat a actuar com a soci de dest\u00ed d\u2019alguna altra instituci\u00f3 que vulgui fer una mobilitat al nostre pa\u00eds, sigui d\u2019alumnes o de professors.<\/p>\n<p style=\"text-align: justify;\">Ja ha tingut experi\u00e8ncies en aquest sentit, en altres projectes amb Brussel\u00b7les, Fran\u00e7a, Alemanya, Hongria, i Romania.<\/p>\n<p style=\"text-align: justify;\">El nostre institut est\u00e0 molt be ubicat, prop d\u2019una ciutat com Barcelona i molt be comunicat.<\/p>\n<p style=\"text-align: justify;\"><strong>M\u00e9s informacions sobre Erasmus+ i Mobilitats internacionals:<\/strong><\/p>\n<p><a href=\"https:\/\/drive.google.com\/file\/d\/1dXl5ByvwBiJiY8wnZ2bXv2KqC747KRhB\/view?usp=sharing\" target=\"_blank\" rel=\"noopener noreferrer\">AJUTS I BEQUES PERA A LA REALITZACI\u00d3 D\u2019ESTUDIS I PR\u00c0CTIQUES PROFESSIONALS A INSTITUCIONS I CENTRES ASSOCIATS INTERNACIONALS.<\/a><\/p>\n<p style=\"text-align: justify;\">P\u00e0gina SEPIE (Servicio Espa\u00f1ol para la Internacionalizaci\u00f3n de la Educaci\u00f3n) : <a href=\"http:\/\/www.sepie.es\/\">http:\/\/www.sepie.es\/<\/a><\/p>\n<p>Coordinaci\u00f3 de MobilitatFP a l&#8217;Institut Premi\u00e0 de Mar. Correu de contacte:\u00a0<a href=\"mailto:intmob@ipm.cat\" target=\"_blank\" rel=\"noopener\">intmob@ipm.cat<\/a><\/p>\n","protected":false},"excerpt":{"rendered":"<p>El programa Erasmus+ vol ser una ajuda en l&#8217;\u00e0mbit de la educaci\u00f3, la formaci\u00f3, la joventut i l&#8217;esport per abordar els canvis socioecon\u00f2mics, els principals reptes als que s&#8217;enfrontar\u00e0 Europa fins el final d&#8217;aquesta d\u00e8cada i per recolzar l&#8217; Agenda Pol\u00edtica Europea destinada al creixement,&hellip;  <a href=\"https:\/\/agora.xtec.cat\/inspm\/serveis\/erasmus-plus\/\" title=\"Read Erasmus+\/ Mobilitats internacionals \/ GEP\">Llegeix m\u00e9s\u00bb<\/a><\/p>\n","protected":false},"author":502,"featured_media":0,"parent":63,"menu_order":0,"comment_status":"closed","ping_status":"closed","template":"page-templates\/side-menu.php","meta":{"_bbp_topic_count":0,"_bbp_reply_count":0,"_bbp_total_topic_count":0,"_bbp_total_reply_count":0,"_bbp_voice_count":0,"_bbp_anonymous_reply_count":0,"_bbp_topic_count_hidden":0,"_bbp_reply_count_hidden":0,"_bbp_forum_subforum_count":0,"footnotes":""},"class_list":["post-5126","page","type-page","status-publish","hentry"],"post_mailing_queue_ids":[],"_links":{"self":[{"href":"https:\/\/agora.xtec.cat\/inspm\/wp-json\/wp\/v2\/pages\/5126","targetHints":{"allow":["GET"]}}],"collection":[{"href":"https:\/\/agora.xtec.cat\/inspm\/wp-json\/wp\/v2\/pages"}],"about":[{"href":"https:\/\/agora.xtec.cat\/inspm\/wp-json\/wp\/v2\/types\/page"}],"author":[{"embeddable":true,"href":"https:\/\/agora.xtec.cat\/inspm\/wp-json\/wp\/v2\/users\/502"}],"replies":[{"embeddable":true,"href":"https:\/\/agora.xtec.cat\/inspm\/wp-json\/wp\/v2\/comments?post=5126"}],"version-history":[{"count":7,"href":"https:\/\/agora.xtec.cat\/inspm\/wp-json\/wp\/v2\/pages\/5126\/revisions"}],"predecessor-version":[{"id":13358,"href":"https:\/\/agora.xtec.cat\/inspm\/wp-json\/wp\/v2\/pages\/5126\/revisions\/13358"}],"up":[{"embeddable":true,"href":"https:\/\/agora.xtec.cat\/inspm\/wp-json\/wp\/v2\/pages\/63"}],"wp:attachment":[{"href":"https:\/\/agora.xtec.cat\/inspm\/wp-json\/wp\/v2\/media?parent=5126"}],"curies":[{"name":"wp","href":"https:\/\/api.w.org\/{rel}","templated":true}]}}