{"id":4863,"date":"2018-09-24T12:23:36","date_gmt":"2018-09-24T10:23:36","guid":{"rendered":"http:\/\/agora.xtec.cat\/inspm\/?page_id=4863"},"modified":"2020-02-11T18:19:09","modified_gmt":"2020-02-11T17:19:09","slug":"borsa-de-treball","status":"publish","type":"page","link":"https:\/\/agora.xtec.cat\/inspm\/serveis\/borsa-de-treball\/","title":{"rendered":"Borsa de treball"},"content":{"rendered":"<h5 style=\"text-align: right;\"><a href=\"http:\/\/agora.xtec.cat\/inspm\/categoria\/borsa-de-treball\/\"><strong>Ofertes de treball<\/strong><\/a> <strong><a href=\"http:\/\/agora.xtec.cat\/inspm\/categoria\/borsa-de-treball\/\"><img loading=\"lazy\" decoding=\"async\" class=\"alignnone wp-image-476 size-full\" src=\"http:\/\/agora.xtec.cat\/inspm\/wp-content\/uploads\/usu581\/2016\/04\/Next.png\" alt=\"Obrir\" width=\"32\" height=\"32\" \/><\/a><\/strong><\/h5>\n<p style=\"text-align: justify;\">La Borsa de treball de l\u2019Institut Premi\u00e0 de Mar neix amb l\u2019objectiu de posar en contacte aquells alumnes o ex-alumnes que ho sol\u00b7licitin amb les empreses del sector que necessiten professionals formats a l\u2019IPM.<\/p>\n<p style=\"text-align: justify;\">Amb les sol\u00b7licituds d\u2019acc\u00e9s a la borsa de treball es genera una borsa de demanda de treball, quan qualsevol empresa genera una oferta se li envien filtrats aquells candidats que s\u2019adeq\u00fcen al perfil sol\u00b7licitat. Tant les ofertes com les sol\u00b7licituds tenen data de caducitat.<\/p>\n<p style=\"text-align: justify;\">Els perfils dels alumnes i ex-alumnes s\u2019hauran de renovar anualment. S\u2019esborraran de la base de dades els perfils que portin ja un any a la borsa.<\/p>\n<p style=\"text-align: justify;\">La borsa s&#8217;articula amb aquests elements:<\/p>\n<ul style=\"text-align: justify;\">\n<li><a href=\"https:\/\/goo.gl\/forms\/fzUWc8I7gPQI35Yr1\" target=\"_blank\" rel=\"noopener noreferrer\"><strong>Formulari per empreses<\/strong><\/a> (Espai destinat a les empreses per a que emplenin el formulari, que generar\u00e0 una oferta de treball).<\/li>\n<li><a href=\"https:\/\/goo.gl\/forms\/vMnqOuZ3mRWGCf3F2\" target=\"_blank\" rel=\"noopener noreferrer\"><strong>Sol\u00b7licitud acc\u00e9s a la borsa de treball<\/strong><\/a> (Espai destinat als alumnes i ex-alumnes per a que emplenin el formulari. Es important acceptar que les teves dades s\u2019envi\u00efn a l\u2019empresa per poder fer arribar la teva informaci\u00f3 a l\u2019empresa).<\/li>\n<\/ul>\n<p style=\"text-align: justify;\">Tenim ganes de millorar, si creus que tens quelcom a dir sobre el funcionament de la borsa, aqu\u00ed tens un <a href=\"https:\/\/goo.gl\/forms\/OH6i9nmOs0hnSjVt1\" target=\"_blank\" rel=\"noopener noreferrer\"><strong>questionari de millora<\/strong><\/a>.<\/p>\n<p style=\"text-align: justify;\">Podeu consultar tamb\u00e9 la <a href=\"http:\/\/www.aemifesa.org\/ca\/serveis-ciutada\/borsa-treball\" target=\"_blank\" rel=\"noopener noreferrer\">borsa de treball d&#8217;Aemifesa<\/a>, que \u00e9s un gremi d&#8217;instal\u00b7ladors de Fontaneria, Electricitat Sanejament, Gas, Calefacci\u00f3, Climatitzaci\u00f3, Manteniment i Afins del Barcelon\u00e8s Nord i Baix Maresme.<\/p>\n","protected":false},"excerpt":{"rendered":"<p><a href=\"http:\/\/agora.xtec.cat\/inspm\/categoria\/borsa-de-treball\/\">Ofertes de treball<\/a> <a href=\"http:\/\/agora.xtec.cat\/inspm\/categoria\/borsa-de-treball\/\"><\/a><br \/>\nLa Borsa de treball de l\u2019Institut Premi\u00e0 de Mar neix amb l\u2019objectiu de posar en contacte aquells alumnes o ex-alumnes que ho sol\u00b7licitin amb les empreses del sector que necessiten professionals formats a l\u2019IPM.<br \/>\nAmb les sol\u00b7licituds d\u2019acc\u00e9s a la borsa&hellip;  <a href=\"https:\/\/agora.xtec.cat\/inspm\/serveis\/borsa-de-treball\/\" title=\"Read Borsa de treball\">Llegeix m\u00e9s\u00bb<\/a><\/p>\n","protected":false},"author":502,"featured_media":0,"parent":63,"menu_order":0,"comment_status":"closed","ping_status":"closed","template":"page-templates\/side-menu.php","meta":{"_bbp_topic_count":0,"_bbp_reply_count":0,"_bbp_total_topic_count":0,"_bbp_total_reply_count":0,"_bbp_voice_count":0,"_bbp_anonymous_reply_count":0,"_bbp_topic_count_hidden":0,"_bbp_reply_count_hidden":0,"_bbp_forum_subforum_count":0,"footnotes":""},"class_list":["post-4863","page","type-page","status-publish","hentry"],"post_mailing_queue_ids":[],"_links":{"self":[{"href":"https:\/\/agora.xtec.cat\/inspm\/wp-json\/wp\/v2\/pages\/4863","targetHints":{"allow":["GET"]}}],"collection":[{"href":"https:\/\/agora.xtec.cat\/inspm\/wp-json\/wp\/v2\/pages"}],"about":[{"href":"https:\/\/agora.xtec.cat\/inspm\/wp-json\/wp\/v2\/types\/page"}],"author":[{"embeddable":true,"href":"https:\/\/agora.xtec.cat\/inspm\/wp-json\/wp\/v2\/users\/502"}],"replies":[{"embeddable":true,"href":"https:\/\/agora.xtec.cat\/inspm\/wp-json\/wp\/v2\/comments?post=4863"}],"version-history":[{"count":4,"href":"https:\/\/agora.xtec.cat\/inspm\/wp-json\/wp\/v2\/pages\/4863\/revisions"}],"predecessor-version":[{"id":6667,"href":"https:\/\/agora.xtec.cat\/inspm\/wp-json\/wp\/v2\/pages\/4863\/revisions\/6667"}],"up":[{"embeddable":true,"href":"https:\/\/agora.xtec.cat\/inspm\/wp-json\/wp\/v2\/pages\/63"}],"wp:attachment":[{"href":"https:\/\/agora.xtec.cat\/inspm\/wp-json\/wp\/v2\/media?parent=4863"}],"curies":[{"name":"wp","href":"https:\/\/api.w.org\/{rel}","templated":true}]}}