{"id":473,"date":"2016-04-04T10:52:31","date_gmt":"2016-04-04T09:52:31","guid":{"rendered":"http:\/\/agora.xtec.cat\/inspm\/?page_id=473"},"modified":"2023-06-27T12:53:47","modified_gmt":"2023-06-27T10:53:47","slug":"preinscripcions","status":"publish","type":"page","link":"https:\/\/agora.xtec.cat\/inspm\/secretaria\/preinscripcions\/","title":{"rendered":"Preinscripcions"},"content":{"rendered":"<h3 style=\"text-align: justify;\"><a href=\"https:\/\/educacio.gencat.cat\/ca\/tramits\/tramits-temes\/admissio-centre-fora-proces-preinscripcio\" target=\"_blank\" rel=\"noopener\">Admissi\u00f3 a un centre educatiu fora del proc\u00e9s de preinscripci\u00f3 (nom\u00e9s ESO)<\/a><\/h3>\n<ul class=\"side-nav\">\n<li class=\"page_item page-item-7631\"><a title=\"Preinscripci\u00f3 - ESO\" href=\"https:\/\/agora.xtec.cat\/inspm\/secretaria\/preinscripcions\/preinscripcio-eso\/\">Preinscripci\u00f3 &#8211; ESO<\/a><\/li>\n<li class=\"page_item page-item-7633\"><a href=\"https:\/\/agora.xtec.cat\/inspm\/secretaria\/preinscripcions\/preinscripcio-batxillerat\/\">Preinscripci\u00f3 &#8211; Batxillerat<\/a><\/li>\n<li class=\"page_item page-item-7631\"><a href=\"https:\/\/agora.xtec.cat\/inspm\/secretaria\/preinscripcions\/preinscripcio-batxillerat-i-ensenyaments-esportius-doble-titulacio\/\">Preinscripci\u00f3 &#8211; Batxillerat i ensenyaments esportius (doble titulaci\u00f3)<\/a><\/li>\n<li class=\"page_item page-item-7633\"><a href=\"https:\/\/agora.xtec.cat\/inspm\/secretaria\/preinscripcions\/preinscripcio-cicles-formatius-densenyaments-esportius\/\">Preinscripci\u00f3 &#8211; Cicles Formatius d&#8217;ensenyaments esportius<\/a><\/li>\n<li><a href=\"https:\/\/agora.xtec.cat\/inspm\/secretaria\/preinscripcions\/preinscripcio-programa-de-formacio-i-insercio\/\">Preinscripci\u00f3 &#8211; Programa de Formaci\u00f3 i Inserci\u00f3<\/a><\/li>\n<li class=\"page_item page-item-7647\"><a href=\"https:\/\/agora.xtec.cat\/inspm\/secretaria\/preinscripcions\/preinscripcio-cicles-formatius-de-grau-basic\/\">Preinscripci\u00f3 &#8211; Cicles Formatius de Grau B\u00e0sic<\/a><\/li>\n<li><a href=\"https:\/\/agora.xtec.cat\/inspm\/secretaria\/preinscripcions\/preinscripcio-cicles-formatius-de-grau-mitja\/\">Preinscripci\u00f3 &#8211; Cicles Formatius de Grau Mitj\u00e0<\/a><\/li>\n<li class=\"page_item page-item-7641\"><a href=\"https:\/\/agora.xtec.cat\/inspm\/secretaria\/preinscripcions\/preinscripcio-cicles-formatius-de-grau-superior\/\">Preinscripci\u00f3 &#8211; Cicles Formatius de Grau Superior<\/a><\/li>\n<li class=\"page_item page-item-7647\"><\/li>\n<\/ul>\n","protected":false},"excerpt":{"rendered":"<p><a href=\"https:\/\/educacio.gencat.cat\/ca\/tramits\/tramits-temes\/admissio-centre-fora-proces-preinscripcio\" target=\"_blank\" rel=\"noopener\">Admissi\u00f3 a un centre educatiu fora del proc\u00e9s de preinscripci\u00f3 (nom\u00e9s ESO)<\/a><\/p>\n<ul class=\"side-nav\">\n<li class=\"page_item page-item-7631\"><a title=\"Preinscripci\u00f3 - ESO\" href=\"https:\/\/agora.xtec.cat\/inspm\/secretaria\/preinscripcions\/preinscripcio-eso\/\">Preinscripci\u00f3 &#8211; ESO<\/a><\/li>\n<li class=\"page_item page-item-7633\"><a href=\"https:\/\/agora.xtec.cat\/inspm\/secretaria\/preinscripcions\/preinscripcio-batxillerat\/\">Preinscripci\u00f3 &#8211; Batxillerat<\/a><\/li>\n<li class=\"page_item page-item-7631\"><a href=\"https:\/\/agora.xtec.cat\/inspm\/secretaria\/preinscripcions\/preinscripcio-batxillerat-i-ensenyaments-esportius-doble-titulacio\/\">Preinscripci\u00f3 &#8211; Batxillerat i ensenyaments esportius (doble titulaci\u00f3)<\/a><\/li>\n<li class=\"page_item page-item-7633\"><a href=\"https:\/\/agora.xtec.cat\/inspm\/secretaria\/preinscripcions\/preinscripcio-cicles-formatius-densenyaments-esportius\/\">Preinscripci\u00f3 &#8211; Cicles Formatius&hellip;  <a href=\"https:\/\/agora.xtec.cat\/inspm\/secretaria\/preinscripcions\/\" title=\"Read Preinscripcions\">Llegeix m\u00e9s\u00bb<\/a><br \/>\n","protected":false},"author":502,"featured_media":0,"parent":81,"menu_order":20,"comment_status":"closed","ping_status":"closed","template":"page-templates\/side-menu.php","meta":{"_bbp_topic_count":0,"_bbp_reply_count":0,"_bbp_total_topic_count":0,"_bbp_total_reply_count":0,"_bbp_voice_count":0,"_bbp_anonymous_reply_count":0,"_bbp_topic_count_hidden":0,"_bbp_reply_count_hidden":0,"_bbp_forum_subforum_count":0,"footnotes":""},"class_list":["post-473","page","type-page","status-publish","hentry"],"post_mailing_queue_ids":[],"_links":{"self":[{"href":"https:\/\/agora.xtec.cat\/inspm\/wp-json\/wp\/v2\/pages\/473","targetHints":{"allow":["GET"]}}],"collection":[{"href":"https:\/\/agora.xtec.cat\/inspm\/wp-json\/wp\/v2\/pages"}],"about":[{"href":"https:\/\/agora.xtec.cat\/inspm\/wp-json\/wp\/v2\/types\/page"}],"author":[{"embeddable":true,"href":"https:\/\/agora.xtec.cat\/inspm\/wp-json\/wp\/v2\/users\/502"}],"replies":[{"embeddable":true,"href":"https:\/\/agora.xtec.cat\/inspm\/wp-json\/wp\/v2\/comments?post=473"}],"version-history":[{"count":6,"href":"https:\/\/agora.xtec.cat\/inspm\/wp-json\/wp\/v2\/pages\/473\/revisions"}],"predecessor-version":[{"id":10803,"href":"https:\/\/agora.xtec.cat\/inspm\/wp-json\/wp\/v2\/pages\/473\/revisions\/10803"}],"up":[{"embeddable":true,"href":"https:\/\/agora.xtec.cat\/inspm\/wp-json\/wp\/v2\/pages\/81"}],"wp:attachment":[{"href":"https:\/\/agora.xtec.cat\/inspm\/wp-json\/wp\/v2\/media?parent=473"}],"curies":[{"name":"wp","href":"https:\/\/api.w.org\/{rel}","templated":true}]}}