{"id":4120,"date":"2018-03-12T09:36:51","date_gmt":"2018-03-12T08:36:51","guid":{"rendered":"http:\/\/agora.xtec.cat\/inspm\/?page_id=4120"},"modified":"2025-01-16T12:13:26","modified_gmt":"2025-01-16T11:13:26","slug":"politica-de-qualitat","status":"publish","type":"page","link":"https:\/\/agora.xtec.cat\/inspm\/linstitut\/politica-de-qualitat\/","title":{"rendered":"Pol\u00edtica de Qualitat"},"content":{"rendered":"<p><a href=\"https:\/\/agora.xtec.cat\/inspm\/wp-content\/uploads\/usu581\/2019\/07\/pqimc_logo-1.jpg\"><img loading=\"lazy\" decoding=\"async\" class=\"aligncenter size-full wp-image-6118\" src=\"https:\/\/agora.xtec.cat\/inspm\/wp-content\/uploads\/usu581\/2019\/07\/pqimc_logo-1.jpg\" alt=\"\" width=\"638\" height=\"255\" srcset=\"https:\/\/agora.xtec.cat\/inspm\/wp-content\/uploads\/usu581\/2019\/07\/pqimc_logo-1.jpg 638w, https:\/\/agora.xtec.cat\/inspm\/wp-content\/uploads\/usu581\/2019\/07\/pqimc_logo-1-300x120.jpg 300w\" sizes=\"auto, (max-width: 638px) 100vw, 638px\" \/><\/a><\/p>\n<p style=\"text-align: justify;\">Per a l\u2019 Institut Premi\u00e0 de Mar la qualitat \u00e9s la part fonamental i priorit\u00e0ria de la seva filosofia I estrat\u00e8gia.<\/p>\n<p style=\"text-align: justify;\">L\u2019actuaci\u00f3 de l\u2019institut, d\u2019acord amb el projecte educatiu del centre, est\u00e0 dirigida a:<\/p>\n<ul>\n<li>Satisfer les expectatives i necessitats educatives de l\u2019alumnat.<\/li>\n<li>Contribuir a l\u2019assoliment dels objectius que la societat li assigna com a instituci\u00f3 educativa i centre de formaci\u00f3.<\/li>\n<li>Desenvolupar i implicar el conjunt de l\u2019equip hum\u00e0 que forma part de l\u2019Institut per tal d\u2019assegurar un alt nivell de satisfacci\u00f3 de tota la comunitat educativa.<\/li>\n<li>Complir amb els requisits i la millora cont\u00ednua de les activitats i els serveis que desenvolupa i presta a la comunitat.<\/li>\n<li>El comprom\u00eds amb la qualitat afecta tota l\u2019organitzaci\u00f3, i la millora cont\u00ednua \u00e9s una responsabilitat de tot l\u2019equip professional del centre. L\u2019equip directiu vetllar\u00e0 i facilitar\u00e0 el seu assoliment a trav\u00e9s de la seva gesti\u00f3 i amb els mitjans al seu abast.<\/li>\n<li><a href=\"https:\/\/drive.google.com\/file\/d\/1ZzIKyxAPvZdhUN_Ef0SkNMeWs4VKbX8q\/view\" target=\"_blank\" rel=\"noopener\">Es va iniciar al curs 2011-12.<\/a><\/li>\n<\/ul>\n<p style=\"text-align: right;\"><em>Equip directiu<\/em><\/p>\n","protected":false},"excerpt":{"rendered":"<p><a href=\"https:\/\/agora.xtec.cat\/inspm\/wp-content\/uploads\/usu581\/2019\/07\/pqimc_logo-1.jpg\"><\/a><br \/>\nPer a l\u2019 Institut Premi\u00e0 de Mar la qualitat \u00e9s la part fonamental i priorit\u00e0ria de la seva filosofia I estrat\u00e8gia.<br \/>\nL\u2019actuaci\u00f3 de l\u2019institut, d\u2019acord amb el projecte educatiu del centre, est\u00e0 dirigida a:<\/p>\n<ul>\n<li>Satisfer les expectatives i necessitats educatives de l\u2019alumnat.<\/li>\n<li>Contribuir a l\u2019assoliment dels objectius&hellip;  <a href=\"https:\/\/agora.xtec.cat\/inspm\/linstitut\/politica-de-qualitat\/\" title=\"Read Pol\u00edtica de Qualitat\">Llegeix m\u00e9s\u00bb<\/a><br \/>\n","protected":false},"author":502,"featured_media":0,"parent":19,"menu_order":100,"comment_status":"closed","ping_status":"closed","template":"page-templates\/side-menu.php","meta":{"_bbp_topic_count":0,"_bbp_reply_count":0,"_bbp_total_topic_count":0,"_bbp_total_reply_count":0,"_bbp_voice_count":0,"_bbp_anonymous_reply_count":0,"_bbp_topic_count_hidden":0,"_bbp_reply_count_hidden":0,"_bbp_forum_subforum_count":0,"footnotes":""},"class_list":["post-4120","page","type-page","status-publish","hentry"],"post_mailing_queue_ids":[],"_links":{"self":[{"href":"https:\/\/agora.xtec.cat\/inspm\/wp-json\/wp\/v2\/pages\/4120","targetHints":{"allow":["GET"]}}],"collection":[{"href":"https:\/\/agora.xtec.cat\/inspm\/wp-json\/wp\/v2\/pages"}],"about":[{"href":"https:\/\/agora.xtec.cat\/inspm\/wp-json\/wp\/v2\/types\/page"}],"author":[{"embeddable":true,"href":"https:\/\/agora.xtec.cat\/inspm\/wp-json\/wp\/v2\/users\/502"}],"replies":[{"embeddable":true,"href":"https:\/\/agora.xtec.cat\/inspm\/wp-json\/wp\/v2\/comments?post=4120"}],"version-history":[{"count":5,"href":"https:\/\/agora.xtec.cat\/inspm\/wp-json\/wp\/v2\/pages\/4120\/revisions"}],"predecessor-version":[{"id":12321,"href":"https:\/\/agora.xtec.cat\/inspm\/wp-json\/wp\/v2\/pages\/4120\/revisions\/12321"}],"up":[{"embeddable":true,"href":"https:\/\/agora.xtec.cat\/inspm\/wp-json\/wp\/v2\/pages\/19"}],"wp:attachment":[{"href":"https:\/\/agora.xtec.cat\/inspm\/wp-json\/wp\/v2\/media?parent=4120"}],"curies":[{"name":"wp","href":"https:\/\/api.w.org\/{rel}","templated":true}]}}