{"id":2819,"date":"2017-05-11T18:41:18","date_gmt":"2017-05-11T16:41:18","guid":{"rendered":"http:\/\/agora.xtec.cat\/inspm\/?page_id=2819"},"modified":"2018-03-05T16:14:01","modified_gmt":"2018-03-05T15:14:01","slug":"centre-formador","status":"publish","type":"page","link":"https:\/\/agora.xtec.cat\/inspm\/serveis\/centre-formador\/","title":{"rendered":"Centre formador"},"content":{"rendered":"<p style=\"text-align: justify;\">L&#8217;INS Premi\u00e0 de Mar \u00e9s centre formador de futurs docents. Cada curs hi passen uns 8 alumnes de mitjana, procedents dels m\u00e0sters de diverses universitats i diferents disciplines, per exercir les seves pr\u00e0ctiques.<br \/>\nEl Departament d&#8217;Ensenyament considera fonamental que els futurs mestres i professors facin les pr\u00e0ctiques en centres educatius sostinguts amb fons p\u00fablics, per tal que puguin assolir les compet\u00e8ncies necess\u00e0ries per exercir una doc\u00e8ncia de qualitat. L&#8217;organitzaci\u00f3 de les pr\u00e0ctiques en centres formadors ha de permetre la simultane\u00eftat entre la teoria i la pr\u00e0ctica, i ha de facilitar l&#8217;acompanyament professional des de la universitat i des del centre educatiu.<br \/>\n<img loading=\"lazy\" decoding=\"async\" class=\"size-full wp-image-2821 alignleft\" src=\"http:\/\/agora.xtec.cat\/inspm\/wp-content\/uploads\/usu581\/2017\/05\/centres_formadors-100.jpg\" alt=\"centres_formadors 100\" width=\"100\" height=\"100\" \/>Aquestes pr\u00e0ctiques es realitzen en el marc de convenis de col\u00b7laboraci\u00f3 entre el Departament d\u2019Ensenyament i les universitats per una durada de quatre anys amb possibilitat de renovaci\u00f3.<\/p>\n","protected":false},"excerpt":{"rendered":"<p>L&#8217;INS Premi\u00e0 de Mar \u00e9s centre formador de futurs docents. Cada curs hi passen uns 8 alumnes de mitjana, procedents dels m\u00e0sters de diverses universitats i diferents disciplines, per exercir les seves pr\u00e0ctiques.<br \/>\nEl Departament d&#8217;Ensenyament considera fonamental que els futurs mestres i professors facin les&hellip;  <a href=\"https:\/\/agora.xtec.cat\/inspm\/serveis\/centre-formador\/\" title=\"Read Centre formador\">Llegeix m\u00e9s\u00bb<\/a><\/p>\n","protected":false},"author":502,"featured_media":0,"parent":63,"menu_order":50,"comment_status":"closed","ping_status":"closed","template":"page-templates\/side-menu.php","meta":{"_bbp_topic_count":0,"_bbp_reply_count":0,"_bbp_total_topic_count":0,"_bbp_total_reply_count":0,"_bbp_voice_count":0,"_bbp_anonymous_reply_count":0,"_bbp_topic_count_hidden":0,"_bbp_reply_count_hidden":0,"_bbp_forum_subforum_count":0,"footnotes":""},"class_list":["post-2819","page","type-page","status-publish","hentry"],"post_mailing_queue_ids":[],"_links":{"self":[{"href":"https:\/\/agora.xtec.cat\/inspm\/wp-json\/wp\/v2\/pages\/2819","targetHints":{"allow":["GET"]}}],"collection":[{"href":"https:\/\/agora.xtec.cat\/inspm\/wp-json\/wp\/v2\/pages"}],"about":[{"href":"https:\/\/agora.xtec.cat\/inspm\/wp-json\/wp\/v2\/types\/page"}],"author":[{"embeddable":true,"href":"https:\/\/agora.xtec.cat\/inspm\/wp-json\/wp\/v2\/users\/502"}],"replies":[{"embeddable":true,"href":"https:\/\/agora.xtec.cat\/inspm\/wp-json\/wp\/v2\/comments?post=2819"}],"version-history":[{"count":3,"href":"https:\/\/agora.xtec.cat\/inspm\/wp-json\/wp\/v2\/pages\/2819\/revisions"}],"predecessor-version":[{"id":4064,"href":"https:\/\/agora.xtec.cat\/inspm\/wp-json\/wp\/v2\/pages\/2819\/revisions\/4064"}],"up":[{"embeddable":true,"href":"https:\/\/agora.xtec.cat\/inspm\/wp-json\/wp\/v2\/pages\/63"}],"wp:attachment":[{"href":"https:\/\/agora.xtec.cat\/inspm\/wp-json\/wp\/v2\/media?parent=2819"}],"curies":[{"name":"wp","href":"https:\/\/api.w.org\/{rel}","templated":true}]}}