{"id":2737,"date":"2017-04-26T09:27:16","date_gmt":"2017-04-26T07:27:16","guid":{"rendered":"http:\/\/agora.xtec.cat\/inspm\/?page_id=2737"},"modified":"2026-03-21T10:56:24","modified_gmt":"2026-03-21T09:56:24","slug":"programes-de-formacio-i-insercio","status":"publish","type":"page","link":"https:\/\/agora.xtec.cat\/inspm\/estudis\/programes-de-formacio-i-insercio\/","title":{"rendered":"Programes de Formaci\u00f3 i Inserci\u00f3"},"content":{"rendered":"<p style=\"text-align: center;\"><iframe loading=\"lazy\" src=\" https:\/\/drive.google.com\/file\/d\/1Mll2z4HJnXI_VevBt346pvKOAp3ybDUm\/preview\" width=\"100%\" height=\"600\"><\/iframe><\/p>\n<p style=\"text-align: center;\"><iframe loading=\"lazy\" src=\" https:\/\/drive.google.com\/file\/d\/1yXzSzhl3Fq_4NWSRAcZ5ucOp0BuLjOV8\/preview\" width=\"100%\" height=\"1200\"><\/iframe><\/p>\n<p>&nbsp;<\/p>\n<h5 style=\"text-align: right;\"><a href=\"http:\/\/agora.xtec.cat\/inspm\/secretaria\/preinscripcions\/\" target=\"_blank\" rel=\"noopener noreferrer\"><strong>Acc\u00e9s a la preinscripci\u00f3<\/strong><\/a>\u00a0<strong><a href=\"http:\/\/agora.xtec.cat\/inspm\/secretaria\/preinscripcions\/\" target=\"_blank\" rel=\"noopener noreferrer\"><img loading=\"lazy\" decoding=\"async\" class=\"alignnone wp-image-476 size-full\" src=\"http:\/\/agora.xtec.cat\/inspm\/wp-content\/uploads\/usu581\/2016\/04\/Next.png\" alt=\"Obrir\" width=\"32\" height=\"32\" \/><\/a><\/strong><\/h5>\n<p style=\"text-align: justify;\"><a href=\"https:\/\/agora.xtec.cat\/inspm\/wp-content\/uploads\/usu581\/2026\/03\/image.png\"><img loading=\"lazy\" decoding=\"async\" class=\"alignleft wp-image-13339 size-thumbnail\" src=\"https:\/\/agora.xtec.cat\/inspm\/wp-content\/uploads\/usu581\/2026\/03\/image-150x150.png\" alt=\"\" width=\"150\" height=\"150\" \/><\/a>Els <strong>programes de formaci\u00f3 i inserci\u00f3<\/strong> s\u00f3n voluntaris i estan adre\u00e7ats als joves que compleixin com a m\u00ednim 16 anys d&#8217;edat i com a m\u00e0xim 21 en l&#8217;any d&#8217;inici del programa, que hagin deixat l&#8217;educaci\u00f3 secund\u00e0ria obligat\u00f2ria (ESO) sense obtenir-ne el t\u00edtol i que, en el moment d&#8217;iniciar els programes, no segueixin estudis en el sistema educatiu ni participin en altres accions de formaci\u00f3.<\/p>\n<h3 style=\"text-align: justify;\">Estructura<\/h3>\n<p>Els programes de formaci\u00f3 i inserci\u00f3 tenen una durada d\u2019un curs acad\u00e8mic, i s\u2019estructuren de la seg\u00fcent forma:<\/p>\n<ul>\n<li>M\u00f2duls de formaci\u00f3 professional, per a l&#8217;assoliment de les compet\u00e8ncies professionals, que inclouen un m\u00f2dul de pr\u00e0ctiques en alternan\u00e7a en centres de treball.<\/li>\n<li>M\u00f2duls de formaci\u00f3 general per a l&#8217;adquisici\u00f3 de compet\u00e8ncies instrumentals b\u00e0siques.<\/li>\n<li>Accions de seguiment i orientaci\u00f3 de l&#8217;alumne.<\/li>\n<\/ul>\n<h3>Continu\u00eftat<\/h3>\n<p>La superaci\u00f3 d&#8217;aquest programa de formaci\u00f3 i inserci\u00f3 (PFI) comporta el seg\u00fcent:<\/p>\n<ul style=\"list-style-type: disc;\">\n<li>Certificat acad\u00e8mic i professional, que cont\u00e9 la qualificaci\u00f3 final obtinguda en el PFI i acredita les compet\u00e8ncies professionals assolides.<\/li>\n<li>Certificat del Curs d\u2019acc\u00e9s als cicles formatius de grau mitj\u00e0 (CAM), si el PFI s\u2019ha cursat en un centre autoritzat a impartir aquest Curs d\u2019acc\u00e9s.<\/li>\n<li>Acc\u00e9s als cicles formatius de grau mitj\u00e0, d\u2019acord amb la Resoluci\u00f3 EDU\/2638\/2020, de 26 d&#8217;octubre.<\/li>\n<li>Reconeixement dels m\u00f2duls professionals superats en el PFI per a l&#8217;obtenci\u00f3 del t\u00edtol professional b\u00e0sic associat al perfil.<\/li>\n<li>Certificat de professionalitat que emet l&#8217;Administraci\u00f3 laboral.<\/li>\n<li>Acc\u00e9s als centres de formaci\u00f3 d&#8217;adults per obtenir el graduat en educaci\u00f3 secund\u00e0ria obligat\u00f2ria (GESO), sense complir el requisit de tenir 18 anys.<\/li>\n<\/ul>\n<p><a href=\"http:\/\/agora.xtec.cat\/inspm\/estudis\/programes-de-formacio-i-insercio\/pfi-auxiliar-dactivitats-doficina-i-en-serveis-administratius-generals\/\" target=\"_blank\" rel=\"noopener noreferrer\"><strong>PFI Auxiliar d\u2019activitats d&#8217;oficina i en serveis administratius generals<\/strong><\/a><\/p>\n<p><a href=\"https:\/\/agora.xtec.cat\/inspm\/?page_id=5524&amp;preview=true\" target=\"_blank\" rel=\"noopener noreferrer\"><strong>PFI Auxiliar de vivers i jardins<\/strong><\/a><\/p>\n<h5 style=\"text-align: right;\"><a href=\"https:\/\/projectes.xtec.cat\/pfi\/formacio\/autoaprenentatge\/\" target=\"_blank\" rel=\"noopener noreferrer\"><strong>Projectes d&#8217;Autoaprenentatge<\/strong><\/a>\u00a0<strong><a href=\"https:\/\/projectes.xtec.cat\/pfi\/formacio\/autoaprenentatge\/\" target=\"_blank\" rel=\"noopener noreferrer\"><img loading=\"lazy\" decoding=\"async\" class=\"alignnone wp-image-476 size-full\" src=\"http:\/\/agora.xtec.cat\/inspm\/wp-content\/uploads\/usu581\/2016\/04\/Next.png\" alt=\"Obrir\" width=\"32\" height=\"32\" \/><\/a><\/strong><\/h5>\n","protected":false},"excerpt":{"rendered":"<p>&nbsp;<br \/>\n<a href=\"http:\/\/agora.xtec.cat\/inspm\/secretaria\/preinscripcions\/\" target=\"_blank\" rel=\"noopener noreferrer\">Acc\u00e9s a la preinscripci\u00f3<\/a>\u00a0<a href=\"http:\/\/agora.xtec.cat\/inspm\/secretaria\/preinscripcions\/\" target=\"_blank\" rel=\"noopener noreferrer\"><\/a><br \/>\n<a href=\"https:\/\/agora.xtec.cat\/inspm\/wp-content\/uploads\/usu581\/2026\/03\/image.png\"><\/a>Els programes de formaci\u00f3 i inserci\u00f3 s\u00f3n voluntaris i estan adre\u00e7ats als joves que compleixin com a m\u00ednim 16 anys d&#8217;edat i com a m\u00e0xim 21 en l&#8217;any d&#8217;inici del programa, que hagin&hellip;  <a href=\"https:\/\/agora.xtec.cat\/inspm\/estudis\/programes-de-formacio-i-insercio\/\" title=\"Read Programes de Formaci\u00f3 i Inserci\u00f3\">Llegeix m\u00e9s\u00bb<\/a><\/p>\n","protected":false},"author":502,"featured_media":0,"parent":195,"menu_order":30,"comment_status":"closed","ping_status":"closed","template":"page-templates\/side-menu.php","meta":{"_bbp_topic_count":0,"_bbp_reply_count":0,"_bbp_total_topic_count":0,"_bbp_total_reply_count":0,"_bbp_voice_count":0,"_bbp_anonymous_reply_count":0,"_bbp_topic_count_hidden":0,"_bbp_reply_count_hidden":0,"_bbp_forum_subforum_count":0,"footnotes":""},"class_list":["post-2737","page","type-page","status-publish","hentry"],"post_mailing_queue_ids":[],"_links":{"self":[{"href":"https:\/\/agora.xtec.cat\/inspm\/wp-json\/wp\/v2\/pages\/2737","targetHints":{"allow":["GET"]}}],"collection":[{"href":"https:\/\/agora.xtec.cat\/inspm\/wp-json\/wp\/v2\/pages"}],"about":[{"href":"https:\/\/agora.xtec.cat\/inspm\/wp-json\/wp\/v2\/types\/page"}],"author":[{"embeddable":true,"href":"https:\/\/agora.xtec.cat\/inspm\/wp-json\/wp\/v2\/users\/502"}],"replies":[{"embeddable":true,"href":"https:\/\/agora.xtec.cat\/inspm\/wp-json\/wp\/v2\/comments?post=2737"}],"version-history":[{"count":8,"href":"https:\/\/agora.xtec.cat\/inspm\/wp-json\/wp\/v2\/pages\/2737\/revisions"}],"predecessor-version":[{"id":13406,"href":"https:\/\/agora.xtec.cat\/inspm\/wp-json\/wp\/v2\/pages\/2737\/revisions\/13406"}],"up":[{"embeddable":true,"href":"https:\/\/agora.xtec.cat\/inspm\/wp-json\/wp\/v2\/pages\/195"}],"wp:attachment":[{"href":"https:\/\/agora.xtec.cat\/inspm\/wp-json\/wp\/v2\/media?parent=2737"}],"curies":[{"name":"wp","href":"https:\/\/api.w.org\/{rel}","templated":true}]}}