{"id":195,"date":"2014-09-22T10:39:39","date_gmt":"2014-09-22T10:39:39","guid":{"rendered":"http:\/\/agora.xtec.cat\/inspm\/?page_id=195"},"modified":"2026-01-18T18:28:47","modified_gmt":"2026-01-18T17:28:47","slug":"estudis","status":"publish","type":"page","link":"https:\/\/agora.xtec.cat\/inspm\/estudis\/","title":{"rendered":"Estudis"},"content":{"rendered":"<p style=\"text-align: justify;\">L\u2019institut Premi\u00e0 de Mar pertany a la xarxa p\u00fablica d\u2019equipaments escolars del Departament d\u2019Ensenyament de la Generalitat de Catalunya. Com a centre educatiu es regeix per la Llei Org\u00e0nica d\u2019Educaci\u00f3 (LOE) i per la Llei d\u2019Educaci\u00f3 de Catalunya (LEC), a partir del seu desplegament normatiu.<\/p>\n<p style=\"text-align: justify;\">L\u2019institut neix de la fusi\u00f3 de dos centres adjacents (Instituts Serra de Marina i Crist\u00f2fol Ferrer) el curs 2011-2012, de la qual en resulta un centre d\u2019excepcionals dimensions i l\u2019\u00fanic centre de secund\u00e0ria p\u00fablic a Premi\u00e0 de Mar.<\/p>\n<p style=\"text-align: justify;\">Imparteix ESO, Batxillerat, Cicles Formatius de Grau Mitj\u00e0 (CFGM) i Superior (CFGS) en modalitat DUAL, Programes de formaci\u00f3 i inserci\u00f3 (PFI) i Formaci\u00f3 Professional B\u00e0sica (CFFPB). Participa de diversos programes d\u2019innovaci\u00f3 pedag\u00f2gica, dels quals en destaca l\u2019adscripci\u00f3 a un Pla de Qualitat i Millora (PQiM). El centre tamb\u00e9 ofereix formaci\u00f3 en <a href=\"https:\/\/agora.xtec.cat\/inspm\/estudis\/llengues-estrangeres\/\" target=\"_blank\" rel=\"noopener noreferrer\">lleng\u00fces estrangeres<\/a>: Angl\u00e8s, Franc\u00e8s i Alemany.<\/p>\n<p style=\"text-align: justify;\">Els cicles formatius ofereixen pr\u00e0ctiques a empreses (FCT), projectes de mobilitat i mesures flexibilitzadores: servei d\u2019assessorament, servei de reconeixement acad\u00e8mic i formaci\u00f3 dual.<\/p>\n<p style=\"text-align: justify;\">El centre s\u2019organitza a l\u2019entorn de dos edificis principals: Serra de Marina (SdM) per a l\u2019ESO i Crist\u00f2fol Ferrer (CF) per a BATX, CC.FF. i PFI.<\/p>\n<ul>\n<li><a href=\"https:\/\/agora.xtec.cat\/inspm\/estudis\/eso\/\"><b>ESO<\/b><\/a><\/li>\n<li><a href=\"https:\/\/agora.xtec.cat\/inspm\/estudis\/batxillerat\/\"><b>Batxillerat<\/b><\/a><\/li>\n<li><a href=\"https:\/\/agora.xtec.cat\/inspm\/estudis\/batxillerat-i-ensenyaments-esportius-doble-titulacio\/\"><b>Batxillerat i ensenyaments esportius (doble titulaci\u00f3)<\/b><\/a><\/li>\n<\/ul>\n<p>Programes de Formaci\u00f3 i Inserci\u00f3:<\/p>\n<ul>\n<li>\n<div><a href=\"http:\/\/agora.xtec.cat\/inspm\/estudis\/programes-de-formacio-i-insercio\/pfi-auxiliar-dactivitats-doficina-i-en-serveis-administratius-generals\/\"><strong>PFI Auxiliar d\u2019activitats d&#8217;oficina i en serveis administratius generals<\/strong><\/a><\/div>\n<\/li>\n<li><a href=\"https:\/\/agora.xtec.cat\/inspm\/estudis\/programes-de-formacio-i-insercio\/pfi-auxiliar-de-vivers-i-jardins\/\"><strong>PFI Auxiliar de Vivers i Jardins<\/strong> <\/a><\/li>\n<\/ul>\n<p>Cicles formatius de grau b\u00e0sic:<\/p>\n<ul>\n<li><a href=\"http:\/\/agora.xtec.cat\/inspm\/estudis\/formacio-professional-basica\/cffpb-electricitat-i-electronica\/\"><strong>CFGB Electricitat i electr\u00f2nica<\/strong><\/a><\/li>\n<\/ul>\n<p>Cicles formatius d&#8217;ensenyaments esportius:<\/p>\n<ul>\n<li><a href=\"https:\/\/agora.xtec.cat\/inspm\/estudis\/cicles-formatius-de-grau-mitja\/ensenyaments-esportius\/\"><b>CFGM Ensenyaments esportius<\/b><\/a><\/li>\n<\/ul>\n<p>Cicles formatius de grau mitj\u00e0:<\/p>\n<ul>\n<li><a href=\"https:\/\/agora.xtec.cat\/inspm\/estudis\/cicles-formatius-de-grau-mitja\/activitats-comercials\/\"><b>CFGM Activitats comercials<\/b><\/a><\/li>\n<li><a href=\"http:\/\/agora.xtec.cat\/inspm\/estudis\/cicles-formatius-de-grau-mitja\/electromecanica-de-vehicles\/\"><b>CFGM Electromec\u00e0nica de vehicles autom\u00f2bils<\/b><\/a><\/li>\n<li><a href=\"http:\/\/agora.xtec.cat\/inspm\/estudis\/cicles-formatius-de-grau-mitja\/gestio-administrativa\/\"><b>CFGM Gesti\u00f3 administrativa<\/b><\/a><\/li>\n<li><a href=\"https:\/\/agora.xtec.cat\/inspm\/estudis\/cicles-formatius-de-grau-mitja\/guia-en-el-medi-natural-i-de-temps-de-lleure\/\"><b>CFGM Guia en el medi natural i de temps de lleure<\/b><\/a><\/li>\n<li><a href=\"http:\/\/agora.xtec.cat\/inspm\/estudis\/cicles-formatius-de-grau-mitja\/instal%C2%B7lacions-electriques-i-automatiques\/\"><b>CFGM Instal\u00b7lacions el\u00e8ctriques i autom\u00e0tiques<\/b><\/a><\/li>\n<li><a href=\"http:\/\/agora.xtec.cat\/inspm\/estudis\/cicles-formatius-de-grau-mitja\/jardineria-i-floristeria\/\"><b>CFGM Jardineria i floristeria<\/b><\/a><\/li>\n<\/ul>\n<p>Cicles formatius de grau superior:<\/p>\n<ul>\n<li><a href=\"http:\/\/agora.xtec.cat\/inspm\/estudis\/cicles-formatius-de-grau-superior\/administracio-i-finances\/\"><b>CFGS Administraci\u00f3 i finances<\/b><\/a><\/li>\n<li><a href=\"https:\/\/agora.xtec.cat\/inspm\/estudis\/cicles-formatius-de-grau-superior\/marqueting-i-publicitat\/\"><strong>CFGS M\u00e0rqueting i Publicitat<\/strong><\/a><\/li>\n<\/ul>\n<p><iframe loading=\"lazy\" src=\"https:\/\/www.youtube.com\/embed\/LkjGbHY7IQQ\" width=\"100%\" height=\"480\" frameborder=\"0\"><\/iframe><\/p>\n","protected":false},"excerpt":{"rendered":"<p>L\u2019institut Premi\u00e0 de Mar pertany a la xarxa p\u00fablica d\u2019equipaments escolars del Departament d\u2019Ensenyament de la Generalitat de Catalunya. Com a centre educatiu es regeix per la Llei Org\u00e0nica d\u2019Educaci\u00f3 (LOE) i per la Llei d\u2019Educaci\u00f3 de Catalunya (LEC), a partir del seu desplegament normatiu.<br \/>\nL\u2019institut&hellip;  <a href=\"https:\/\/agora.xtec.cat\/inspm\/estudis\/\" title=\"Read Estudis\">Llegeix m\u00e9s\u00bb<\/a><\/p>\n","protected":false},"author":1,"featured_media":0,"parent":0,"menu_order":0,"comment_status":"closed","ping_status":"closed","template":"page-templates\/side-menu.php","meta":{"_bbp_topic_count":0,"_bbp_reply_count":0,"_bbp_total_topic_count":0,"_bbp_total_reply_count":0,"_bbp_voice_count":0,"_bbp_anonymous_reply_count":0,"_bbp_topic_count_hidden":0,"_bbp_reply_count_hidden":0,"_bbp_forum_subforum_count":0,"footnotes":""},"class_list":["post-195","page","type-page","status-publish","hentry"],"post_mailing_queue_ids":[],"_links":{"self":[{"href":"https:\/\/agora.xtec.cat\/inspm\/wp-json\/wp\/v2\/pages\/195","targetHints":{"allow":["GET"]}}],"collection":[{"href":"https:\/\/agora.xtec.cat\/inspm\/wp-json\/wp\/v2\/pages"}],"about":[{"href":"https:\/\/agora.xtec.cat\/inspm\/wp-json\/wp\/v2\/types\/page"}],"author":[{"embeddable":true,"href":"https:\/\/agora.xtec.cat\/inspm\/wp-json\/wp\/v2\/users\/1"}],"replies":[{"embeddable":true,"href":"https:\/\/agora.xtec.cat\/inspm\/wp-json\/wp\/v2\/comments?post=195"}],"version-history":[{"count":6,"href":"https:\/\/agora.xtec.cat\/inspm\/wp-json\/wp\/v2\/pages\/195\/revisions"}],"predecessor-version":[{"id":13235,"href":"https:\/\/agora.xtec.cat\/inspm\/wp-json\/wp\/v2\/pages\/195\/revisions\/13235"}],"wp:attachment":[{"href":"https:\/\/agora.xtec.cat\/inspm\/wp-json\/wp\/v2\/media?parent=195"}],"curies":[{"name":"wp","href":"https:\/\/api.w.org\/{rel}","templated":true}]}}