{"id":1496,"date":"2016-11-02T10:10:50","date_gmt":"2016-11-02T09:10:50","guid":{"rendered":"http:\/\/agora.xtec.cat\/inspm\/?page_id=1496"},"modified":"2025-11-05T14:14:31","modified_gmt":"2025-11-05T13:14:31","slug":"enllacos","status":"publish","type":"page","link":"https:\/\/agora.xtec.cat\/inspm\/linstitut\/enllacos\/","title":{"rendered":"Enlla\u00e7os"},"content":{"rendered":"<hr \/>\n<h3><\/h3>\n<hr \/>\n<h3>\u2022 Angl\u00e8s<\/h3>\n<p style=\"padding-left: 40px;\"><a class=\"GAuSPc\" tabindex=\"0\" href=\"https:\/\/sites.google.com\/xtec.cat\/premia-de-mar-efl\/home?authuser=0\" aria-hidden=\"false\"><span class=\"QTKDff p46B7e\"><strong>Premi\u00e0 de Mar EFL (English as a Foreign Language)<\/strong><\/span><\/a><\/p>\n<hr \/>\n<h3>\u2022 Art i geometria<\/h3>\n<p style=\"padding-left: 30px;\"><a href=\"http:\/\/art-geometria.jimdo.com\/\" target=\"_blank\" rel=\"noopener noreferrer\"><strong>Art i geometria<\/strong><\/a><\/p>\n<p style=\"padding-left: 60px;\">&#8220;Ning\u00fa pot saber per tu. Ning\u00fa pot cr\u00e9ixer per tu. Ning\u00fa pot buscar per tu. Ning\u00fa pot fer per tu all\u00f2 que tu mateix has de fer. La exist\u00e8ncia no admet representants.&#8221;<br \/>\nJ.Bucay<\/p>\n<hr \/>\n<h3>\u2022 Ci\u00e8ncies<\/h3>\n<p style=\"padding-left: 30px;\"><a href=\"http:\/\/www.genmagic.net\/educa\/\" target=\"_blank\" rel=\"noopener noreferrer\"><strong>Genmagic<\/strong><\/a><\/p>\n<p style=\"padding-left: 60px;\">Autors: Fernando Romero i Roger Rey.<br \/>\nEntorn d&#8217;investigaci\u00f3 i desenvolupament d&#8217;aplicacions multim\u00e8dia din\u00e0miques.<\/p>\n<hr \/>\n<h3>\u2022 Lleng\u00fces<\/h3>\n<p style=\"padding-left: 30px;\"><a href=\"http:\/\/blocs.xtec.cat\/elfildelesclassiques\/\" target=\"_blank\" rel=\"noopener noreferrer\"><strong>El Fil de les Cl\u00e0ssiques<\/strong><\/a><\/p>\n<p style=\"padding-left: 60px;\">Autora: Margalida Capell\u00e0 i Soler.<\/p>\n<p style=\"padding-left: 30px;\"><a href=\"http:\/\/blocs.xtec.cat\/aracnefilaifila\/\" target=\"_blank\" rel=\"noopener noreferrer\"><strong>Aracne fila i fila<\/strong><\/a><\/p>\n<p style=\"padding-left: 60px;\">Aracne fila i fila, bloc dels estudiants de cl\u00e0ssiques de l&#8217;IES Crist\u00f2fol Ferrer obert a la col\u00b7laboraci\u00f3 d&#8217;altres centres.<\/p>\n<p style=\"padding-left: 30px;\"><a href=\"http:\/\/blocs.xtec.cat\/catalacferrer\/\" target=\"_blank\" rel=\"noopener noreferrer\"><strong>Llegir molt i escriure b\u00e9\u00a0<\/strong><\/a><\/p>\n<p style=\"padding-left: 60px;\">Autor: Joan Marc Ramos del Departament de catal\u00e0.<br \/>\nLa seva principal finalitat \u00e9s millorar la comunicaci\u00f3 i la transmissi\u00f3 d\u2019informacions amb tots els alumnes de l\u2019institut.<\/p>\n<p style=\"padding-left: 30px;\"><a href=\"http:\/\/carrersdepremia.blogspot.com.es\/\" target=\"_blank\" rel=\"noopener noreferrer\"><strong>Carrers de Premi\u00e0<\/strong><\/a><\/p>\n<p style=\"padding-left: 60px;\">\u00c9s un bloc elaborat amb els alumnes de 1r d&#8217;ESO de les \u00faltimes promocions centrat en els carrers de la ciutat.<\/p>\n<p style=\"padding-left: 30px;\"><a href=\"http:\/\/blocs.xtec.cat\/jmrs\/\" target=\"_blank\" rel=\"noopener noreferrer\"><strong>Did\u00e0ctica<\/strong><\/a><\/p>\n<p style=\"padding-left: 60px;\">Autor: Joan Marc Ramos.<\/p>\n<p style=\"padding-left: 60px;\">Dedicat a tots els aspectes relacionats amb l&#8217;educaci\u00f3 i, especialment, amb la did\u00e0ctica de la Llengua.<\/p>\n<p style=\"padding-left: 30px;\"><a href=\"http:\/\/lecoindepremia.blogspot.com.es\/\" target=\"_blank\" rel=\"noopener noreferrer\"><strong>Le coin de Premi\u00e0<\/strong><\/a><\/p>\n<p style=\"padding-left: 60px;\">Els alumnes de franc\u00e8s i tothom que ho desitgi, poden visitar el blog de Franc\u00e8s de la M\u00e9lanie.<\/p>\n<hr \/>\n<h3>\u2022\u00a0M\u00e0rqueting digital<\/h3>\n<p style=\"padding-left: 30px;\"><strong><a href=\"https:\/\/marquetingdigitalipm.wordpress.com\/\" target=\"_blank\" rel=\"noopener noreferrer\">Enlla\u00e7<\/a><\/strong><\/p>\n<hr \/>\n<h3><\/h3>\n<h3>\u2022 Socials<\/h3>\n<p style=\"padding-left: 30px;\"><a href=\"http:\/\/www.xtec.cat\/~mcodina3\/\" target=\"_blank\" rel=\"noopener noreferrer\"><strong>Filosofia a trav\u00e9s dels textos<\/strong><\/a><\/p>\n<p style=\"padding-left: 60px;\">Autor: Manel Codina.<\/p>\n<p style=\"padding-left: 30px;\"><a href=\"http:\/\/serramarinageobat.blogspot.com.es\/\" target=\"_blank\" rel=\"noopener noreferrer\"><strong>Geografia Batxillerat<\/strong><\/a><\/p>\n<p style=\"padding-left: 60px;\">Autor: Jordi Manero.<br \/>\nAquest \u00e9s un bloc adre\u00e7at als alumnes que cursen la mat\u00e8ria de Geografia de Segon de Batxillerat, especialment als de l&#8217;Institut Premi\u00e0 de Mar.<\/p>\n<hr \/>\n<h3>\u2022 Tecnologia<\/h3>\n<p style=\"padding-left: 30px;\"><a href=\"http:\/\/innovatecnologies.blogspot.com.es\/\" target=\"_blank\" rel=\"noopener noreferrer\"><strong>Tecnologia i innovaci\u00f3<\/strong><\/a><\/p>\n<p style=\"padding-left: 60px;\">Autora: Cristina Blaya.<\/p>\n<p style=\"padding-left: 30px;\"><a href=\"https:\/\/sites.google.com\/ipm.cat\/tecnoipm\/inici\" target=\"_blank\" rel=\"noopener\"><strong>Departament de Tecnologia<\/strong><\/a><\/p>\n<p style=\"padding-left: 60px;\">Web del departament de Tecnologia de l&#8217;Institut Premi\u00e0 de Mar.<\/p>\n","protected":false},"excerpt":{"rendered":"<p>\u2022 Angl\u00e8s<br \/>\n<a class=\"GAuSPc\" tabindex=\"0\" href=\"https:\/\/sites.google.com\/xtec.cat\/premia-de-mar-efl\/home?authuser=0\" aria-hidden=\"false\">Premi\u00e0 de Mar EFL (English as a Foreign Language)<\/a><\/p>\n<p>\u2022 Art i geometria<br \/>\n<a href=\"http:\/\/art-geometria.jimdo.com\/\" target=\"_blank\" rel=\"noopener noreferrer\">Art i geometria<\/a><br \/>\n&#8220;Ning\u00fa pot saber per tu. Ning\u00fa pot cr\u00e9ixer per tu. Ning\u00fa pot buscar per tu. Ning\u00fa pot fer per tu all\u00f2 que tu&hellip;  <a href=\"https:\/\/agora.xtec.cat\/inspm\/linstitut\/enllacos\/\" title=\"Read Enlla\u00e7os\">Llegeix m\u00e9s\u00bb<\/a><\/p>\n","protected":false},"author":502,"featured_media":0,"parent":19,"menu_order":140,"comment_status":"closed","ping_status":"closed","template":"page-templates\/side-menu.php","meta":{"_bbp_topic_count":0,"_bbp_reply_count":0,"_bbp_total_topic_count":0,"_bbp_total_reply_count":0,"_bbp_voice_count":0,"_bbp_anonymous_reply_count":0,"_bbp_topic_count_hidden":0,"_bbp_reply_count_hidden":0,"_bbp_forum_subforum_count":0,"footnotes":""},"class_list":["post-1496","page","type-page","status-publish","hentry"],"post_mailing_queue_ids":[],"_links":{"self":[{"href":"https:\/\/agora.xtec.cat\/inspm\/wp-json\/wp\/v2\/pages\/1496","targetHints":{"allow":["GET"]}}],"collection":[{"href":"https:\/\/agora.xtec.cat\/inspm\/wp-json\/wp\/v2\/pages"}],"about":[{"href":"https:\/\/agora.xtec.cat\/inspm\/wp-json\/wp\/v2\/types\/page"}],"author":[{"embeddable":true,"href":"https:\/\/agora.xtec.cat\/inspm\/wp-json\/wp\/v2\/users\/502"}],"replies":[{"embeddable":true,"href":"https:\/\/agora.xtec.cat\/inspm\/wp-json\/wp\/v2\/comments?post=1496"}],"version-history":[{"count":7,"href":"https:\/\/agora.xtec.cat\/inspm\/wp-json\/wp\/v2\/pages\/1496\/revisions"}],"predecessor-version":[{"id":13105,"href":"https:\/\/agora.xtec.cat\/inspm\/wp-json\/wp\/v2\/pages\/1496\/revisions\/13105"}],"up":[{"embeddable":true,"href":"https:\/\/agora.xtec.cat\/inspm\/wp-json\/wp\/v2\/pages\/19"}],"wp:attachment":[{"href":"https:\/\/agora.xtec.cat\/inspm\/wp-json\/wp\/v2\/media?parent=1496"}],"curies":[{"name":"wp","href":"https:\/\/api.w.org\/{rel}","templated":true}]}}