{"id":12394,"date":"2025-02-10T12:16:31","date_gmt":"2025-02-10T11:16:31","guid":{"rendered":"https:\/\/agora.xtec.cat\/inspm\/?page_id=12394"},"modified":"2025-02-13T10:37:17","modified_gmt":"2025-02-13T09:37:17","slug":"geso-graduat-en-educacio-secundaria-obligatoria-alumnes-que-no-lhan-obtingut-en-finalitzar-letapa","status":"publish","type":"page","link":"https:\/\/agora.xtec.cat\/inspm\/estudis\/geso-graduat-en-educacio-secundaria-obligatoria-alumnes-que-no-lhan-obtingut-en-finalitzar-letapa\/","title":{"rendered":"GESO: Graduat en educaci\u00f3 secund\u00e0ria obligat\u00f2ria (alumnes que no l&#8217;han obtingut en finalitzar l&#8217;etapa)"},"content":{"rendered":"<p style=\"text-align: justify;\">Els alumnes que no obtenen el t\u00edtol de graduat o graduada en educaci\u00f3 secund\u00e0ria obligat\u00f2ria en finalitzar l&#8217;etapa es poden presentar a la prova que els centres organitzen el mes de mar\u00e7 de cada any.<\/p>\n<div class=\"panel-heading\" style=\"text-align: justify;\">\n<h3 class=\"panel-title\">Requisits<\/h3>\n<\/div>\n<div id=\"bloc1_c8377201-6585-11e4-b4dc-000c29cdf219\" class=\"panel-collapse collapsible collapse in\" style=\"text-align: justify;\">\n<div class=\"col-xs-12 columna_esquerra\">\n<div class=\"cos_bloc basic_text_peq pd-15 link-dotted\">\n<p>Es poden presentar a la prova les persones que compleixen els\u00a0<strong>dos\u00a0requisits<\/strong>\u00a0seg\u00fcents:<\/p>\n<ol>\n<li>Tenir almenys 18 anys o complir-los l&#8217;any 2025. L&#8217;edat requerida es podr\u00e0 rebaixar fins als setze anys sempre que l&#8217;alumne o alumna compleixi alguna de les condicions seg\u00fcents:\n<ul>\n<li>tenir un contracte laboral que els impedeixi d&#8217;assistir al centre en r\u00e8gim ordinari,<\/li>\n<li>trobar-se en proc\u00e9s d&#8217;obtenir un perm\u00eds de treball,<\/li>\n<li>ser esportista d&#8217;alt rendiment (cal presentar una certificaci\u00f3 del Consell Catal\u00e0 de l&#8217;Esport que acredita que consta en el programa de tecnificaci\u00f3 (ARC) de la federaci\u00f3 catalana corresponent) o<\/li>\n<li>tenir un expedient d&#8217;homologaci\u00f3 obert d&#8217;estudis estrangers al t\u00edtol de GESO.<\/li>\n<\/ul>\n<\/li>\n<li>Haver finalitzat l&#8217;ESO l&#8217;any 2023 o 2024 sense haver obtingut el t\u00edtol o haver finalitzat l&#8217;equivalent del quart curs de l&#8217;ESO en un sistema educatiu estranger amb mat\u00e8ries amb avaluaci\u00f3 negativa en cursos anteriors. De manera excepcional, tamb\u00e9 s&#8217;hi poden acollir alumnes amb informe de reconeixement de necessitats educatives especials, em\u00e8s per l&#8217;equip d&#8217;assessorament psicopedag\u00f2gic (EAP), per als quals es va elaborar un pla de suport individualitzat durant el per\u00edode compr\u00e8s entre els cursos 2017-2018 i 2022-2023.<\/li>\n<\/ol>\n<p>En aplicaci\u00f3 d&#8217;aquests requisits, queden exclosos de les proves els alumnes inscrits per repetir quart d&#8217;ESO en el curs 2024-2025.<\/p>\n<p>D&#8217;altra banda, els alumnes que estan matriculats en ensenyaments d&#8217;adults o a l&#8217;Institut Obert de Catalunya hi poden conc\u00f3rrer, sempre que compleixin els requisits esmentats.<\/p>\n<\/div>\n<div class=\"panel-heading\">\n<h3 class=\"panel-title\">Inscripci\u00f3 i realitzaci\u00f3 de la prova<\/h3>\n<\/div>\n<div id=\"bloc2_c8377201-6585-11e4-b4dc-000c29cdf219\" class=\"panel-collapse collapsible collapse in\">\n<div class=\"col-xs-12 columna_esquerra\">\n<div class=\"cos_bloc basic_text_peq pd-15 link-dotted\">\n<p>Abans que comenci el per\u00edode d&#8217;inscripci\u00f3, els centres informen, per mitj\u00e0 dels canals que tinguin establerts, del curr\u00edculum de cadascuna de les mat\u00e8ries.<\/p>\n<p><strong>Sol\u00b7licitud<\/strong><\/p>\n<ul>\n<li>Entre el 3 i el 14 de febrer de 2025 i s&#8217;ha de presentar a la secretaria del centre on la persona sol\u00b7licitant va estar matriculada de quart d&#8217;ESO per \u00faltima vegada.<\/li>\n<li><a style=\"font-family: inherit; font-size: 1em;\" href=\"https:\/\/drive.google.com\/file\/d\/10ef2h3y7TsvLB-PujG4YiLA9mL69CqeD\/view?usp=sharing\" target=\"_blank\" rel=\"noopener\">Impr\u00e8s de sol\u00b7licitud per descarregar<\/a><\/li>\n<\/ul>\n<p><strong>Calendari i llistes de persones admeses i excloses<\/strong><\/p>\n<ul>\n<li>Fins al 3 de mar\u00e7 de 2025, el centre publica el calendari de la prova i la\u00a0llista de persones admeses i excloses. Tamb\u00e9 s&#8217;inclouran les mat\u00e8ries objecte de la prova.<\/li>\n<li>Del 4 al 6 de mar\u00e7 de 2025, els aspirants exclosos poden presentar una reclamaci\u00f3 davant la direcci\u00f3 del centre.<\/li>\n<\/ul>\n<p><strong>Realitzaci\u00f3 de la prova<\/strong><\/p>\n<ul>\n<li>Durant el mes de mar\u00e7 de 2025.<\/li>\n<li>Els alumnes han de portar l&#8217;original del DNI, targeta de resid\u00e8ncia, passaport o qualsevol altre document identificatiu oficial en vigor.<\/li>\n<\/ul>\n<p><a style=\"font-family: inherit; font-size: 1em;\" href=\"https:\/\/educacio.gencat.cat\/ca\/serveis-tramits\/proves\/proves-lliures-obtencio-titols\/obtencio-titol-eso\/\" target=\"_blank\" rel=\"noopener\">M\u00e9s informaci\u00f3 en aquest enlla\u00e7 del Departament d&#8217;Educaci\u00f3 i Formaci\u00f3 Professional<\/a><span style=\"font-family: inherit; font-size: 1em;\">.<\/span><\/p>\n<\/div>\n<\/div>\n<\/div>\n<\/div>\n<\/div>\n<p style=\"text-align: justify;\"><a href=\"https:\/\/portaldogc.gencat.cat\/utilsEADOP\/PDF\/8762\/1928585.pdf\" target=\"_blank\" rel=\"noopener\">CURR\u00cdCULUM ESO<\/a><\/p>\n<p style=\"text-align: justify;\"><a href=\"https:\/\/drive.google.com\/file\/d\/1WvTWZrwc62EfekPUcgtjTGX3AdyV0kil\/view?usp=sharing\" target=\"_blank\" rel=\"noopener\">Contingut de les proves<\/a><\/p>\n","protected":false},"excerpt":{"rendered":"<p>Els alumnes que no obtenen el t\u00edtol de graduat o graduada en educaci\u00f3 secund\u00e0ria obligat\u00f2ria en finalitzar l&#8217;etapa es poden presentar a la prova que els centres organitzen el mes de mar\u00e7 de cada any.<\/p>\n<p>Requisits<\/p>\n<p>Es poden presentar a la prova les persones que compleixen els\u00a0dos\u00a0requisits\u00a0seg\u00fcents:<\/p>\n<ol>\n<li>Tenir&hellip;  <a href=\"https:\/\/agora.xtec.cat\/inspm\/estudis\/geso-graduat-en-educacio-secundaria-obligatoria-alumnes-que-no-lhan-obtingut-en-finalitzar-letapa\/\" title=\"Read GESO: Graduat en educaci\u00f3 secund\u00e0ria obligat\u00f2ria (alumnes que no l&#8217;han obtingut en finalitzar l&#8217;etapa)\">Llegeix m\u00e9s\u00bb<\/a><br \/>\n","protected":false},"author":502,"featured_media":0,"parent":195,"menu_order":90,"comment_status":"closed","ping_status":"closed","template":"page-templates\/side-menu.php","meta":{"_bbp_topic_count":0,"_bbp_reply_count":0,"_bbp_total_topic_count":0,"_bbp_total_reply_count":0,"_bbp_voice_count":0,"_bbp_anonymous_reply_count":0,"_bbp_topic_count_hidden":0,"_bbp_reply_count_hidden":0,"_bbp_forum_subforum_count":0,"footnotes":""},"class_list":["post-12394","page","type-page","status-publish","hentry"],"post_mailing_queue_ids":[],"_links":{"self":[{"href":"https:\/\/agora.xtec.cat\/inspm\/wp-json\/wp\/v2\/pages\/12394","targetHints":{"allow":["GET"]}}],"collection":[{"href":"https:\/\/agora.xtec.cat\/inspm\/wp-json\/wp\/v2\/pages"}],"about":[{"href":"https:\/\/agora.xtec.cat\/inspm\/wp-json\/wp\/v2\/types\/page"}],"author":[{"embeddable":true,"href":"https:\/\/agora.xtec.cat\/inspm\/wp-json\/wp\/v2\/users\/502"}],"replies":[{"embeddable":true,"href":"https:\/\/agora.xtec.cat\/inspm\/wp-json\/wp\/v2\/comments?post=12394"}],"version-history":[{"count":6,"href":"https:\/\/agora.xtec.cat\/inspm\/wp-json\/wp\/v2\/pages\/12394\/revisions"}],"predecessor-version":[{"id":12416,"href":"https:\/\/agora.xtec.cat\/inspm\/wp-json\/wp\/v2\/pages\/12394\/revisions\/12416"}],"up":[{"embeddable":true,"href":"https:\/\/agora.xtec.cat\/inspm\/wp-json\/wp\/v2\/pages\/195"}],"wp:attachment":[{"href":"https:\/\/agora.xtec.cat\/inspm\/wp-json\/wp\/v2\/media?parent=12394"}],"curies":[{"name":"wp","href":"https:\/\/api.w.org\/{rel}","templated":true}]}}