{"id":12109,"date":"2024-10-24T12:46:28","date_gmt":"2024-10-24T10:46:28","guid":{"rendered":"https:\/\/agora.xtec.cat\/inspm\/?page_id=12109"},"modified":"2025-10-22T17:05:04","modified_gmt":"2025-10-22T15:05:04","slug":"mobilitats-curs-2024-2025","status":"publish","type":"page","link":"https:\/\/agora.xtec.cat\/inspm\/serveis\/erasmus-plus\/mobilitats-curs-2024-2025\/","title":{"rendered":"Mobilitats curs 2024-2025"},"content":{"rendered":"<p style=\"text-align: justify;\"><span style=\"font-weight: 400;\">La Comissi\u00f3 de MobilitatFP de l\u2019institut Premi\u00e0 de Mar detalla a continuaci\u00f3 les bases de la convocat\u00f2ria i el proc\u00e9s de selecci\u00f3 per tal que l\u2019alumnat de Formaci\u00f3 Professional pugui participar en mobilitats per fer pr\u00e0ctiques en empreses europees.<\/span><\/p>\n<p style=\"text-align: justify;\"><span style=\"font-weight: 400;\">Es poden presentar sol\u00b7licituds entre el <\/span><b>29 d\u2019octubre i el 29 de novembre del 2024<\/b><span style=\"font-weight: 400;\">. Animeu-vos!!!<\/span><\/p>\n<p>&nbsp;<\/p>\n<h3 style=\"text-align: justify;\"><b>Instruccions per la sol\u00b7licitud de participaci\u00f3:<\/b><\/h3>\n<ul style=\"text-align: justify;\">\n<li style=\"font-weight: 400;\" aria-level=\"1\"><span style=\"font-weight: 400;\">Per formalitzar la vostra sol\u00b7licitud heu d\u2019omplir el seg\u00fcent <\/span><a href=\"https:\/\/docs.google.com\/forms\/d\/e\/1FAIpQLScDHpONC1LKykPpu0D6_4CYfk6e4aUzebYSZN2jQGlvM4w9Vg\/viewform?usp=sf_link\"><b>formulari<\/b><\/a><span style=\"font-weight: 400;\">.<\/span><\/li>\n<\/ul>\n<p style=\"text-align: justify;\"><b>Abans<\/b><span style=\"font-weight: 400;\"> d\u2019omplir el formulari, necessitareu tenir:<\/span><\/p>\n<ul style=\"text-align: justify;\">\n<li style=\"font-weight: 400;\" aria-level=\"1\"><b>Carta de comprom\u00eds<\/b><span style=\"font-weight: 400;\">: Heu d\u2019omplir <\/span><a href=\"https:\/\/drive.google.com\/file\/d\/1BVjld6UxIBLYt5p3lHpTmElW5aWtrfoM\/view?usp=sharing\"><span style=\"font-weight: 400;\">aquest document<\/span><\/a><span style=\"font-weight: 400;\"> i signar-lo. S\u2019ha d\u2019enviar en format .pdf.<\/span><\/li>\n<li style=\"font-weight: 400;\" aria-level=\"1\"><b>V\u00eddeo presentaci\u00f3 de la candidatura en angl\u00e8s<\/b><span style=\"font-weight: 400;\">: duraci\u00f3 d\u20191 minut m\u00ednim, 2 minuts m\u00e0xim. L\u2019alumne\/a s\u2019ha de veure en pantalla, explicant les seves motivacions i interessos a l&#8217;hora de demanar una beca de mobilitat.<\/span><\/li>\n<li style=\"font-weight: 400;\" aria-level=\"1\"><b>Curr\u00edculum Europass:<\/b><span style=\"font-weight: 400;\"> heu d\u2019entrar a la <\/span><a href=\"https:\/\/europa.eu\/europass\/en\/create-europass-cv\"><span style=\"font-weight: 400;\">p\u00e0gina web enlla\u00e7ada<\/span><\/a><span style=\"font-weight: 400;\">, crear-vos un compte, crear el vostre curr\u00edculum en angl\u00e8s (o en la llengua del pa\u00eds d\u2019estada) i descarregar-lo en format .pdf.<\/span><\/li>\n<li style=\"font-weight: 400;\" aria-level=\"1\"><b>Certificats oficials d\u2019idiomes:<\/b><span style=\"font-weight: 400;\"> (EOI, Cambridge, Goethe&#8230;). Solament si es disposa d&#8217;algun d\u2019ells.<\/span><\/li>\n<\/ul>\n<p style=\"text-align: justify;\"><span style=\"font-weight: 400;\">\u00a0<\/span><\/p>\n<h3 style=\"text-align: justify;\"><b>Bases de la convocat\u00f2ria de mobilitatFP:<\/b><\/h3>\n<p style=\"text-align: justify;\"><span style=\"font-weight: 400;\">Tota la informaci\u00f3 sobre el procediment per a l\u2019assignaci\u00f3 de les beques de mobilitat la teniu al corresponent document de les bases de la convocat\u00f2ria d\u2019aquest curs. <\/span><a href=\"https:\/\/drive.google.com\/file\/d\/18GKEGlzN8yjj4xhg4WTXzokO1FxeAXuH\/view?usp=sharing\"><span style=\"font-weight: 400;\">Disponible en aquest enlla\u00e7<\/span><\/a><span style=\"font-weight: 400;\">.<\/span><\/p>\n<p style=\"text-align: justify;\"><span style=\"font-weight: 400;\">Si teniu qualsevol dubte podeu contactar amb la Comissi\u00f3 de MobilitatFP al correu <\/span><span style=\"font-weight: 400;\">intmob@ipm.cat<\/span><\/p>\n<p>&nbsp;<\/p>\n<h3 style=\"text-align: justify;\"><b>Resoluci\u00f3 del proc\u00e9s de selecci\u00f3 d\u2019alumnat<\/b><\/h3>\n<p style=\"text-align: justify;\">Consulteu al seg\u00fcent enlla\u00e7 <a href=\"https:\/\/drive.google.com\/file\/d\/1GEr-QOOr4ZaUmolFLUeJyPt4xzkkpiVS\/view?usp=sharing\" target=\"_blank\" rel=\"noopener\">la resoluci\u00f3 del proc\u00e9s de selecci\u00f3 d\u2019alumnat<\/a>.<\/p>\n<p>&nbsp;<\/p>\n<h3 style=\"text-align: justify;\"><b>Not\u00edcies<\/b><\/h3>\n<p style=\"text-align: justify;\"><a href=\"https:\/\/agora.xtec.cat\/inspm\/general\/erasmus-i-programa-de-mobilitatfp-a-lipm\/\"><span style=\"font-weight: 400;\">Erasmus+ i programa de MobilitatFP a l\u2019IPM<\/span><\/a><\/p>\n<p>&nbsp;<\/p>\n<table style=\"width: 100%; border-collapse: collapse; border-style: hidden;\">\n<tbody>\n<tr>\n<td style=\"width: 20%; border-style: hidden;\"><a href=\"https:\/\/agora.xtec.cat\/inspm\/wp-content\/uploads\/usu581\/2023\/11\/250Logo-IPM-Fons-transparent.jpg\"><img loading=\"lazy\" decoding=\"async\" class=\"aligncenter size-full wp-image-11064\" src=\"https:\/\/agora.xtec.cat\/inspm\/wp-content\/uploads\/usu581\/2023\/11\/250Logo-IPM-Fons-transparent.jpg\" alt=\"\" width=\"250\" height=\"133\" \/><\/a><\/td>\n<td style=\"width: 20%; border-style: hidden;\"><a href=\"https:\/\/agora.xtec.cat\/inspm\/wp-content\/uploads\/usu581\/2024\/10\/educacio_h3_Nou.jpg\"><img loading=\"lazy\" decoding=\"async\" class=\"aligncenter size-medium wp-image-12116\" src=\"https:\/\/agora.xtec.cat\/inspm\/wp-content\/uploads\/usu581\/2024\/10\/educacio_h3_Nou-300x60.jpg\" alt=\"\" width=\"300\" height=\"60\" srcset=\"https:\/\/agora.xtec.cat\/inspm\/wp-content\/uploads\/usu581\/2024\/10\/educacio_h3_Nou-300x60.jpg 300w, https:\/\/agora.xtec.cat\/inspm\/wp-content\/uploads\/usu581\/2024\/10\/educacio_h3_Nou.jpg 497w\" sizes=\"auto, (max-width: 300px) 100vw, 300px\" \/><\/a><\/td>\n<td style=\"width: 20%; border-style: hidden;\"><a href=\"https:\/\/agora.xtec.cat\/inspm\/wp-content\/uploads\/usu581\/2024\/10\/SEPIE.jpg\"><img loading=\"lazy\" decoding=\"async\" class=\"aligncenter wp-image-12110\" src=\"https:\/\/agora.xtec.cat\/inspm\/wp-content\/uploads\/usu581\/2024\/10\/SEPIE-300x167.jpg\" alt=\"\" width=\"200\" height=\"112\" srcset=\"https:\/\/agora.xtec.cat\/inspm\/wp-content\/uploads\/usu581\/2024\/10\/SEPIE-300x167.jpg 300w, https:\/\/agora.xtec.cat\/inspm\/wp-content\/uploads\/usu581\/2024\/10\/SEPIE.jpg 518w\" sizes=\"auto, (max-width: 200px) 100vw, 200px\" \/><\/a><\/td>\n<td style=\"width: 20%; border-style: hidden;\"><a href=\"https:\/\/agora.xtec.cat\/inspm\/wp-content\/uploads\/usu581\/2023\/11\/2560px-Erasmus_Logo.jpg\"><img loading=\"lazy\" decoding=\"async\" class=\"aligncenter size-full wp-image-11066\" src=\"https:\/\/agora.xtec.cat\/inspm\/wp-content\/uploads\/usu581\/2023\/11\/2560px-Erasmus_Logo.jpg\" alt=\"\" width=\"250\" height=\"72\" \/><\/a><\/td>\n<td style=\"width: 20%; border-style: hidden;\"><a href=\"https:\/\/agora.xtec.cat\/inspm\/wp-content\/uploads\/usu581\/2023\/11\/250es_cofinanciado_por_la_union_europea_pos.jpg\"><img loading=\"lazy\" decoding=\"async\" class=\"aligncenter size-full wp-image-11067\" src=\"https:\/\/agora.xtec.cat\/inspm\/wp-content\/uploads\/usu581\/2023\/11\/250es_cofinanciado_por_la_union_europea_pos.jpg\" alt=\"\" width=\"250\" height=\"52\" \/><\/a><\/td>\n<\/tr>\n<\/tbody>\n<\/table>\n<p>&nbsp;<\/p>\n","protected":false},"excerpt":{"rendered":"<p>La Comissi\u00f3 de MobilitatFP de l\u2019institut Premi\u00e0 de Mar detalla a continuaci\u00f3 les bases de la convocat\u00f2ria i el proc\u00e9s de selecci\u00f3 per tal que l\u2019alumnat de Formaci\u00f3 Professional pugui participar en mobilitats per fer pr\u00e0ctiques en empreses europees.<br \/>\nEs poden presentar sol\u00b7licituds entre el 29&hellip;  <a href=\"https:\/\/agora.xtec.cat\/inspm\/serveis\/erasmus-plus\/mobilitats-curs-2024-2025\/\" title=\"Read Mobilitats curs 2024-2025\">Llegeix m\u00e9s\u00bb<\/a><\/p>\n","protected":false},"author":502,"featured_media":0,"parent":5126,"menu_order":110,"comment_status":"closed","ping_status":"closed","template":"page-templates\/side-menu.php","meta":{"_bbp_topic_count":0,"_bbp_reply_count":0,"_bbp_total_topic_count":0,"_bbp_total_reply_count":0,"_bbp_voice_count":0,"_bbp_anonymous_reply_count":0,"_bbp_topic_count_hidden":0,"_bbp_reply_count_hidden":0,"_bbp_forum_subforum_count":0,"footnotes":""},"class_list":["post-12109","page","type-page","status-publish","hentry"],"post_mailing_queue_ids":[],"_links":{"self":[{"href":"https:\/\/agora.xtec.cat\/inspm\/wp-json\/wp\/v2\/pages\/12109","targetHints":{"allow":["GET"]}}],"collection":[{"href":"https:\/\/agora.xtec.cat\/inspm\/wp-json\/wp\/v2\/pages"}],"about":[{"href":"https:\/\/agora.xtec.cat\/inspm\/wp-json\/wp\/v2\/types\/page"}],"author":[{"embeddable":true,"href":"https:\/\/agora.xtec.cat\/inspm\/wp-json\/wp\/v2\/users\/502"}],"replies":[{"embeddable":true,"href":"https:\/\/agora.xtec.cat\/inspm\/wp-json\/wp\/v2\/comments?post=12109"}],"version-history":[{"count":6,"href":"https:\/\/agora.xtec.cat\/inspm\/wp-json\/wp\/v2\/pages\/12109\/revisions"}],"predecessor-version":[{"id":12336,"href":"https:\/\/agora.xtec.cat\/inspm\/wp-json\/wp\/v2\/pages\/12109\/revisions\/12336"}],"up":[{"embeddable":true,"href":"https:\/\/agora.xtec.cat\/inspm\/wp-json\/wp\/v2\/pages\/5126"}],"wp:attachment":[{"href":"https:\/\/agora.xtec.cat\/inspm\/wp-json\/wp\/v2\/media?parent=12109"}],"curies":[{"name":"wp","href":"https:\/\/api.w.org\/{rel}","templated":true}]}}