{"id":12044,"date":"2024-09-23T13:36:27","date_gmt":"2024-09-23T11:36:27","guid":{"rendered":"https:\/\/agora.xtec.cat\/inspm\/?page_id=12044"},"modified":"2024-09-23T14:01:31","modified_gmt":"2024-09-23T12:01:31","slug":"el-gep-generacio-plurilingue-a-linstitut-premia-de-mar","status":"publish","type":"page","link":"https:\/\/agora.xtec.cat\/inspm\/serveis\/erasmus-plus\/el-gep-generacio-plurilingue-a-linstitut-premia-de-mar\/","title":{"rendered":"El GEP a l&#8217;Institut Premi\u00e0 de Mar"},"content":{"rendered":"<p style=\"text-align: justify;\"><span style=\"font-weight: 400;\"><a href=\"https:\/\/agora.xtec.cat\/inspm\/wp-content\/uploads\/usu581\/2024\/09\/GEP.png\"><img loading=\"lazy\" decoding=\"async\" class=\"size-full wp-image-12046 aligncenter\" src=\"https:\/\/agora.xtec.cat\/inspm\/wp-content\/uploads\/usu581\/2024\/09\/GEP.png\" alt=\"\" width=\"215\" height=\"96\" \/><\/a>El programa GEP (Generaci\u00f3 Pluriling\u00fce) \u00e9s un programa d\u2019innovaci\u00f3 pedag\u00f2gica del Departament d\u2019Educaci\u00f3 i Formaci\u00f3 Professional. La finalitat d\u2019aquest programa \u00e9s millorar la compet\u00e8ncia en lleng\u00fces estrangeres de l\u2019alumnat, afavorint el seu creixement acad\u00e8mic i posterior inserci\u00f3 laboral, i capacitant-lo per interactuar amb el m\u00f3n en diverses lleng\u00fces i de manera cr\u00edtica.<\/span><\/p>\n<p style=\"text-align: justify;\"><span style=\"font-weight: 400;\">La durada del programa \u00e9s de tres cursos escolars. Durant aquest temps, docents de l\u2019Institut Premi\u00e0 de Mar amb una acreditaci\u00f3 suficient de coneixements de llengua estrangera han rebut formaci\u00f3 sobre enfocaments CLIL (aprenentatge integrat de contingut i llengua estrangera en angl\u00e8s). Els equips directius, al seu torn, han rebut orientacions per a la implementaci\u00f3 del programa en el centre, el disseny d\u2019un pla d\u2019acci\u00f3 i l\u2019elaboraci\u00f3 d\u2019una mem\u00f2ria final.<\/span><span style=\"font-weight: 400;\">\u00a0<\/span><\/p>\n<p style=\"text-align: justify;\"><span style=\"font-weight: 400;\">Els objectius del programa s\u00f3n:<\/span><\/p>\n<p style=\"text-align: justify;\"><span style=\"font-weight: 400;\">Alumnat:<\/span><\/p>\n<ul style=\"text-align: justify;\">\n<li><span style=\"font-weight: 400;\"> Millorar la compet\u00e8ncia comunicativa en llengua estrangera<\/span><\/li>\n<li><span style=\"font-weight: 400;\"> Desenvolupar compet\u00e8ncies clau per al s. XXI (b\u00e0siques, del pensament i actitudinals o personals)<\/span><\/li>\n<li><span style=\"font-weight: 400;\"> Fomentar el treball cooperatiu i per projectes<\/span><\/li>\n<li><span style=\"font-weight: 400;\"> Adquirir estrat\u00e8gies per a l\u2019aprenentatge aut\u00f2nom (aprendre a aprendre)<\/span><\/li>\n<\/ul>\n<p style=\"text-align: justify;\"><span style=\"font-weight: 400;\">Professorat:<\/span><\/p>\n<ul style=\"text-align: justify;\">\n<li><span style=\"font-weight: 400;\"> Incorporar en la doc\u00e8ncia estrat\u00e8gies AICLE i d\u2019aprenentatge basat en projectes<\/span><\/li>\n<li><span style=\"font-weight: 400;\"> Refor\u00e7ar el treball cooperatiu<\/span><\/li>\n<li><span style=\"font-weight: 400;\"> Adquirir coneixement i estrat\u00e8gies d\u2019intercomprensi\u00f3<\/span><\/li>\n<li><span style=\"font-weight: 400;\"> Desenvolupar projectes globals de car\u00e0cter transversal<\/span><\/li>\n<li><span style=\"font-weight: 400;\"> Augmentar la compet\u00e8ncia en llengua estrangera<\/span><\/li>\n<\/ul>\n<p style=\"text-align: justify;\"><span style=\"font-weight: 400;\">Equips directius:<\/span><\/p>\n<ul style=\"text-align: justify;\">\n<li><span style=\"font-weight: 400;\"> Oferir, de manera progressiva, mat\u00e8ries no ling\u00fc\u00edstiques en llengua estrangera.<\/span><\/li>\n<li><span style=\"font-weight: 400;\"> Facilitar la cooperaci\u00f3 docent, especialment entre el professorat de mat\u00e8ria i l\u2019especialista de llengua estrangera.<\/span><\/li>\n<li><span style=\"font-weight: 400;\"> Intercanviar experi\u00e8ncies i bones pr\u00e0ctiques amb altres centres.<\/span><\/li>\n<li><span style=\"font-weight: 400;\"> Afavorir la implicaci\u00f3 de la comunitat educativa en el projecte ling\u00fc\u00edstic pluriling\u00fce del centre.<\/span><\/li>\n<\/ul>\n<p style=\"text-align: justify;\"><span style=\"font-weight: 400;\">Aqu\u00ed teniu una mostra de la feina feta aquests dos primers cursos a l\u2019ESO i a Batxillerat<\/span><\/p>\n<p style=\"text-align: justify;\"><a href=\"https:\/\/sites.google.com\/xtec.cat\/ipm-gep-1\/home-page\" target=\"_blank\" rel=\"noopener\"><span style=\"font-weight: 400;\">GEP 1 Google Sites<\/span><\/a><\/p>\n<p style=\"text-align: justify;\"><a href=\"https:\/\/sites.google.com\/xtec.cat\/ipmgep2\/home-page\" target=\"_blank\" rel=\"noopener\"><span style=\"font-weight: 400;\">GEP 2 Google Sites<\/span><\/a><\/p>\n","protected":false},"excerpt":{"rendered":"<p><a href=\"https:\/\/agora.xtec.cat\/inspm\/wp-content\/uploads\/usu581\/2024\/09\/GEP.png\"><\/a>El programa GEP (Generaci\u00f3 Pluriling\u00fce) \u00e9s un programa d\u2019innovaci\u00f3 pedag\u00f2gica del Departament d\u2019Educaci\u00f3 i Formaci\u00f3 Professional. La finalitat d\u2019aquest programa \u00e9s millorar la compet\u00e8ncia en lleng\u00fces estrangeres de l\u2019alumnat, afavorint el seu creixement acad\u00e8mic i posterior inserci\u00f3 laboral, i capacitant-lo per interactuar amb el&hellip;  <a href=\"https:\/\/agora.xtec.cat\/inspm\/serveis\/erasmus-plus\/el-gep-generacio-plurilingue-a-linstitut-premia-de-mar\/\" title=\"Read El GEP a l&#8217;Institut Premi\u00e0 de Mar\">Llegeix m\u00e9s\u00bb<\/a><\/p>\n","protected":false},"author":502,"featured_media":0,"parent":5126,"menu_order":10,"comment_status":"closed","ping_status":"closed","template":"page-templates\/side-menu.php","meta":{"_bbp_topic_count":0,"_bbp_reply_count":0,"_bbp_total_topic_count":0,"_bbp_total_reply_count":0,"_bbp_voice_count":0,"_bbp_anonymous_reply_count":0,"_bbp_topic_count_hidden":0,"_bbp_reply_count_hidden":0,"_bbp_forum_subforum_count":0,"footnotes":""},"class_list":["post-12044","page","type-page","status-publish","hentry"],"post_mailing_queue_ids":[],"_links":{"self":[{"href":"https:\/\/agora.xtec.cat\/inspm\/wp-json\/wp\/v2\/pages\/12044","targetHints":{"allow":["GET"]}}],"collection":[{"href":"https:\/\/agora.xtec.cat\/inspm\/wp-json\/wp\/v2\/pages"}],"about":[{"href":"https:\/\/agora.xtec.cat\/inspm\/wp-json\/wp\/v2\/types\/page"}],"author":[{"embeddable":true,"href":"https:\/\/agora.xtec.cat\/inspm\/wp-json\/wp\/v2\/users\/502"}],"replies":[{"embeddable":true,"href":"https:\/\/agora.xtec.cat\/inspm\/wp-json\/wp\/v2\/comments?post=12044"}],"version-history":[{"count":6,"href":"https:\/\/agora.xtec.cat\/inspm\/wp-json\/wp\/v2\/pages\/12044\/revisions"}],"predecessor-version":[{"id":12052,"href":"https:\/\/agora.xtec.cat\/inspm\/wp-json\/wp\/v2\/pages\/12044\/revisions\/12052"}],"up":[{"embeddable":true,"href":"https:\/\/agora.xtec.cat\/inspm\/wp-json\/wp\/v2\/pages\/5126"}],"wp:attachment":[{"href":"https:\/\/agora.xtec.cat\/inspm\/wp-json\/wp\/v2\/media?parent=12044"}],"curies":[{"name":"wp","href":"https:\/\/api.w.org\/{rel}","templated":true}]}}