{"id":10446,"date":"2023-05-03T12:56:52","date_gmt":"2023-05-03T10:56:52","guid":{"rendered":"https:\/\/agora.xtec.cat\/inspm\/?page_id=10446"},"modified":"2026-03-21T10:55:44","modified_gmt":"2026-03-21T09:55:44","slug":"cicles-formatius-densenyaments-esportius","status":"publish","type":"page","link":"https:\/\/agora.xtec.cat\/inspm\/estudis\/cicles-formatius-densenyaments-esportius\/","title":{"rendered":"Cicles formatius d&#8217;ensenyaments esportius"},"content":{"rendered":"<p style=\"text-align: center;\"><iframe loading=\"lazy\" src=\" https:\/\/drive.google.com\/file\/d\/1Mll2z4HJnXI_VevBt346pvKOAp3ybDUm\/preview\" width=\"100%\" height=\"600\"><\/iframe><\/p>\n<p><a href=\"https:\/\/sites.google.com\/view\/batxillerat-i-ensenyaments-esp\/ensenyaments-esportius?pli=1\" target=\"_blank\" rel=\"noopener\"><b>Informaci\u00f3 dels ensenyaments esportius<\/b><\/a><\/p>\n<ul>\n<li><a href=\"https:\/\/agora.xtec.cat\/inspm\/estudis\/cicles-formatius-de-grau-mitja\/ensenyaments-esportius\/\"><b>CFGM Ensenyaments esportius<\/b><\/a>\n<ul>\n<li>5 especialitats ofertes:\u00a0<a href=\"https:\/\/triaeducativa.gencat.cat\/ca\/estudis\/?basquetbol&amp;p_id=3330\" target=\"_blank\" rel=\"noopener\">basquetbol<\/a>,\u00a0<a href=\"https:\/\/triaeducativa.gencat.cat\/ca\/estudis\/?futbol&amp;p_id=410\" target=\"_blank\" rel=\"noopener\">futbol<\/a>,\u00a0<a href=\"https:\/\/triaeducativa.gencat.cat\/ca\/estudis\/?futbol-sala&amp;p_id=411\" target=\"_blank\" rel=\"noopener\">futbol sala<\/a>,\u00a0<a href=\"https:\/\/triaeducativa.gencat.cat\/ca\/estudis\/?salvament-socorrisme&amp;p_id=1951\" target=\"_blank\" rel=\"noopener\">salvament i socorrisme<\/a>,\u00a0<a href=\"https:\/\/triaeducativa.gencat.cat\/ca\/artistics-esportius\/esportius\/cicles\/grau-mitja\/vela\/\" target=\"_blank\" rel=\"noopener\">vela<\/a>.<\/li>\n<li><a href=\"https:\/\/drive.google.com\/file\/d\/1WWANyED8JCi0ZOj5drYpTHSfDODxPgS5\/view?usp=sharing\" target=\"_blank\" rel=\"noopener\">Calendari proves d&#8217;acc\u00e9s<\/a><\/li>\n<li><a href=\"https:\/\/triaeducativa.gencat.cat\/ca\/proves\/proves-acces\/esportius\/esportius-prova-especifica\/\" target=\"_blank\" rel=\"noopener\">Informaci\u00f3 i inscripci\u00f3 prova d&#8217;acc\u00e9s<\/a><\/li>\n<li><a href=\"https:\/\/educacio.gencat.cat\/ca\/tramits\/tramits-temes\/9434-esportius?&amp;moda=1\" target=\"_blank\" rel=\"noopener\" data-saferedirecturl=\"https:\/\/www.google.com\/url?q=https:\/\/educacio.gencat.cat\/ca\/tramits\/tramits-temes\/9434-esportius?%26moda%3D1&amp;source=gmail&amp;ust=1681383544829000&amp;usg=AOvVaw1ZcHkWRgnMhXqZ8OhHL7Hq\">Sol\u00b7licitud preinscripci\u00f3 als estudis<\/a><\/li>\n<\/ul>\n<\/li>\n<\/ul>\n<p style=\"text-align: center;\"><iframe loading=\"lazy\" src=\" https:\/\/drive.google.com\/file\/d\/1eWipcmf07wpN3DEj3cw7265tO0uNWWpl\/preview\" width=\"100%\" height=\"1200\"><\/iframe><\/p>\n<p style=\"text-align: center;\"><iframe loading=\"lazy\" src=\"https:\/\/www.youtube.com\/embed\/OxkXRSmQ1rg\" width=\"640\" height=\"480\" frameborder=\"0\"><span data-mce-type=\"bookmark\" style=\"display: inline-block; width: 0px; overflow: hidden; line-height: 0;\" class=\"mce_SELRES_start\"><\/span><\/iframe><\/p>\n<p style=\"text-align: center;\"><iframe loading=\"lazy\" src=\"https:\/\/www.youtube.com\/embed\/Bb9VzADDfcE\" width=\"640\" height=\"480\" frameborder=\"0\"><span data-mce-type=\"bookmark\" style=\"display: inline-block; width: 0px; overflow: hidden; line-height: 0;\" class=\"mce_SELRES_start\"><\/span><\/iframe><\/p>\n<p style=\"text-align: center;\"><iframe loading=\"lazy\" src=\"https:\/\/www.youtube.com\/embed\/ohhvTMtJfmY\" width=\"640\" height=\"480\" frameborder=\"0\"><span data-mce-type=\"bookmark\" style=\"display: inline-block; width: 0px; overflow: hidden; line-height: 0;\" class=\"mce_SELRES_start\"><\/span><\/iframe><\/p>\n<p style=\"text-align: center;\"><iframe loading=\"lazy\" src=\"https:\/\/www.youtube.com\/embed\/QtJ9Ofgg10Y\" width=\"640\" height=\"480\" frameborder=\"0\"><span data-mce-type=\"bookmark\" style=\"display: inline-block; width: 0px; overflow: hidden; line-height: 0;\" class=\"mce_SELRES_start\"><\/span><\/iframe><\/p>\n<p style=\"text-align: center;\"><iframe loading=\"lazy\" src=\"https:\/\/www.youtube.com\/embed\/jao_lkWNM-M\" width=\"640\" height=\"480\" frameborder=\"0\"><span data-mce-type=\"bookmark\" style=\"display: inline-block; width: 0px; overflow: hidden; line-height: 0;\" class=\"mce_SELRES_start\"><\/span><\/iframe><\/p>\n","protected":false},"excerpt":{"rendered":"<p><a href=\"https:\/\/sites.google.com\/view\/batxillerat-i-ensenyaments-esp\/ensenyaments-esportius?pli=1\" target=\"_blank\" rel=\"noopener\">Informaci\u00f3 dels ensenyaments esportius<\/a><\/p>\n<ul>\n<li><a href=\"https:\/\/agora.xtec.cat\/inspm\/estudis\/cicles-formatius-de-grau-mitja\/ensenyaments-esportius\/\">CFGM Ensenyaments esportius<\/a>\n<ul>\n<li>5 especialitats ofertes:\u00a0<a href=\"https:\/\/triaeducativa.gencat.cat\/ca\/estudis\/?basquetbol&amp;p_id=3330\" target=\"_blank\" rel=\"noopener\">basquetbol<\/a>,\u00a0<a href=\"https:\/\/triaeducativa.gencat.cat\/ca\/estudis\/?futbol&amp;p_id=410\" target=\"_blank\" rel=\"noopener\">futbol<\/a>,\u00a0<a href=\"https:\/\/triaeducativa.gencat.cat\/ca\/estudis\/?futbol-sala&amp;p_id=411\" target=\"_blank\" rel=\"noopener\">futbol sala<\/a>,\u00a0<a href=\"https:\/\/triaeducativa.gencat.cat\/ca\/estudis\/?salvament-socorrisme&amp;p_id=1951\" target=\"_blank\" rel=\"noopener\">salvament i socorrisme<\/a>,\u00a0<a href=\"https:\/\/triaeducativa.gencat.cat\/ca\/artistics-esportius\/esportius\/cicles\/grau-mitja\/vela\/\" target=\"_blank\" rel=\"noopener\">vela<\/a>.<\/li>\n<li><a href=\"https:\/\/drive.google.com\/file\/d\/1WWANyED8JCi0ZOj5drYpTHSfDODxPgS5\/view?usp=sharing\" target=\"_blank\" rel=\"noopener\">Calendari proves d&#8217;acc\u00e9s<\/a><\/li>\n<li><a href=\"https:\/\/triaeducativa.gencat.cat\/ca\/proves\/proves-acces\/esportius\/esportius-prova-especifica\/\" target=\"_blank\" rel=\"noopener\">Informaci\u00f3 i inscripci\u00f3 prova d&#8217;acc\u00e9s<\/a><\/li>\n<li><a href=\"https:\/\/educacio.gencat.cat\/ca\/tramits\/tramits-temes\/9434-esportius?&amp;moda=1\" target=\"_blank\" rel=\"noopener\"&hellip;  <a href=\"https:\/\/agora.xtec.cat\/inspm\/estudis\/cicles-formatius-densenyaments-esportius\/\" title=\"Read Cicles formatius d&#8217;ensenyaments esportius\">Llegeix m\u00e9s\u00bb<\/a><br \/>\n","protected":false},"author":502,"featured_media":0,"parent":195,"menu_order":45,"comment_status":"closed","ping_status":"closed","template":"page-templates\/side-menu.php","meta":{"_bbp_topic_count":0,"_bbp_reply_count":0,"_bbp_total_topic_count":0,"_bbp_total_reply_count":0,"_bbp_voice_count":0,"_bbp_anonymous_reply_count":0,"_bbp_topic_count_hidden":0,"_bbp_reply_count_hidden":0,"_bbp_forum_subforum_count":0,"footnotes":""},"class_list":["post-10446","page","type-page","status-publish","hentry"],"post_mailing_queue_ids":[],"_links":{"self":[{"href":"https:\/\/agora.xtec.cat\/inspm\/wp-json\/wp\/v2\/pages\/10446","targetHints":{"allow":["GET"]}}],"collection":[{"href":"https:\/\/agora.xtec.cat\/inspm\/wp-json\/wp\/v2\/pages"}],"about":[{"href":"https:\/\/agora.xtec.cat\/inspm\/wp-json\/wp\/v2\/types\/page"}],"author":[{"embeddable":true,"href":"https:\/\/agora.xtec.cat\/inspm\/wp-json\/wp\/v2\/users\/502"}],"replies":[{"embeddable":true,"href":"https:\/\/agora.xtec.cat\/inspm\/wp-json\/wp\/v2\/comments?post=10446"}],"version-history":[{"count":6,"href":"https:\/\/agora.xtec.cat\/inspm\/wp-json\/wp\/v2\/pages\/10446\/revisions"}],"predecessor-version":[{"id":13405,"href":"https:\/\/agora.xtec.cat\/inspm\/wp-json\/wp\/v2\/pages\/10446\/revisions\/13405"}],"up":[{"embeddable":true,"href":"https:\/\/agora.xtec.cat\/inspm\/wp-json\/wp\/v2\/pages\/195"}],"wp:attachment":[{"href":"https:\/\/agora.xtec.cat\/inspm\/wp-json\/wp\/v2\/media?parent=10446"}],"curies":[{"name":"wp","href":"https:\/\/api.w.org\/{rel}","templated":true}]}}