{"id":10298,"date":"2023-03-29T12:26:48","date_gmt":"2023-03-29T10:26:48","guid":{"rendered":"https:\/\/agora.xtec.cat\/inspm\/?page_id=10298"},"modified":"2026-03-24T14:21:49","modified_gmt":"2026-03-24T13:21:49","slug":"preinscripcio-batxillerat-i-ensenyaments-esportius-doble-titulacio","status":"publish","type":"page","link":"https:\/\/agora.xtec.cat\/inspm\/secretaria\/preinscripcions\/preinscripcio-batxillerat-i-ensenyaments-esportius-doble-titulacio\/","title":{"rendered":"Preinscripci\u00f3 &#8211; Batxillerat i ensenyaments esportius (doble titulaci\u00f3)"},"content":{"rendered":"<p>Els alumnes que estan cursant un BATXILLERAT i ensenyaments esportius de doble titulaci\u00f3 al centre, que passen de 1r a 2n o repeteixen curs (1r o 2n), NO han de fer la preinscripci\u00f3 si volen continuar els estudis en el nostre centre. El\/la tutor\/a els informar\u00e0 del per\u00edode de matr\u00edcula.<\/p>\n<p>La resta d&#8217;alumnes, han de fer la preinscripci\u00f3 i seguir el calendari.<\/p>\n<table style=\"width: 84.0352%;\" border=\"0\" cellspacing=\"0\">\n<colgroup span=\"2\" width=\"197\"><\/colgroup>\n<tbody>\n<tr>\n<td style=\"width: 49.6203%;\" align=\"left\" valign=\"middle\" height=\"17\" data-sheets-value=\"{ &quot;1&quot;: 2, &quot;2&quot;: &quot;Presentaci\u00f3 de sol\u00b7licituds&quot;}\"><span style=\"font-family: Arial;\">Presentaci\u00f3 de sol\u00b7licituds<\/span><\/td>\n<td style=\"width: 68.3544%;\" align=\"left\" valign=\"middle\" data-sheets-value=\"{ &quot;1&quot;: 2, &quot;2&quot;: &quot;27 d\u2019abril al 6 de maig de 2026&quot;}\"><span style=\"font-family: Arial;\">27 d\u2019abril al 6 de maig de 2026<\/span><\/td>\n<\/tr>\n<tr>\n<td style=\"width: 49.6203%;\" align=\"left\" valign=\"middle\" height=\"30\" data-sheets-value=\"{ &quot;1&quot;: 2, &quot;2&quot;: &quot;Llistes amb el barem provisional&quot;}\"><span style=\"font-family: Arial;\">Llistes amb el barem provisional<\/span><\/td>\n<td style=\"width: 68.3544%;\" align=\"left\" valign=\"middle\" data-sheets-value=\"{ &quot;1&quot;: 2, &quot;2&quot;: &quot;14 de maig de 2026&quot;}\"><span style=\"font-family: Arial;\">14 de maig de 2026<\/span><\/td>\n<\/tr>\n<tr>\n<td style=\"width: 49.6203%;\" align=\"left\" valign=\"middle\" height=\"17\" data-sheets-value=\"{ &quot;1&quot;: 2, &quot;2&quot;: &quot;Presentaci\u00f3 de reclamacions&quot;}\"><span style=\"font-family: Arial;\">Presentaci\u00f3 de reclamacions<\/span><\/td>\n<td style=\"width: 68.3544%;\" align=\"left\" valign=\"middle\" data-sheets-value=\"{ &quot;1&quot;: 2, &quot;2&quot;: &quot;14 al 20 de maig de 2026&quot;}\"><span style=\"font-family: Arial;\">14 al 20 de maig de 2026<\/span><\/td>\n<\/tr>\n<tr>\n<td style=\"width: 49.6203%;\" align=\"left\" valign=\"middle\" height=\"30\" data-sheets-value=\"{ &quot;1&quot;: 2, &quot;2&quot;: &quot;Llistes amb puntuaci\u00f3 un cop resoltes les reclamacions&quot;}\"><span style=\"font-family: Arial;\">Llistes amb puntuaci\u00f3 un cop resoltes les reclamacions<\/span><\/td>\n<td style=\"width: 68.3544%;\" align=\"left\" valign=\"middle\" data-sheets-value=\"{ &quot;1&quot;: 2, &quot;2&quot;: &quot;26 de maig de 2026&quot;}\"><span style=\"font-family: Arial;\">26 de maig de 2026<\/span><\/td>\n<\/tr>\n<tr>\n<td style=\"width: 49.6203%;\" align=\"left\" valign=\"middle\" height=\"17\" data-sheets-value=\"{ &quot;1&quot;: 2, &quot;2&quot;: &quot;Sorteig (Institut Premi\u00e0 de Mar)&quot;}\"><span style=\"font-family: Arial;\">Sorteig (Institut Premi\u00e0 de Mar)<\/span><\/td>\n<td style=\"width: 68.3544%;\" align=\"left\" valign=\"middle\" data-sheets-value=\"{ &quot;1&quot;: 2, &quot;2&quot;: &quot;26 de maig de 2026&quot;}\"><span style=\"font-family: Arial;\">26 de maig de 2026<\/span><\/td>\n<\/tr>\n<tr>\n<td style=\"width: 49.6203%;\" align=\"left\" valign=\"middle\" height=\"17\" data-sheets-value=\"{ &quot;1&quot;: 2, &quot;2&quot;: &quot;Llista ordenada&quot;}\"><span style=\"font-family: Arial;\">Llista ordenada<\/span><\/td>\n<td style=\"width: 68.3544%;\" align=\"left\" valign=\"middle\" data-sheets-value=\"{ &quot;1&quot;: 2, &quot;2&quot;: &quot;29 de maig de 2026&quot;}\"><span style=\"font-family: Arial;\">29 de maig de 2026<\/span><\/td>\n<\/tr>\n<tr>\n<td style=\"width: 49.6203%;\" align=\"left\" valign=\"middle\" height=\"30\" data-sheets-value=\"{ &quot;1&quot;: 2, &quot;2&quot;: &quot;Llista d'alumnes admesos i llista d'espera&quot;}\"><span style=\"font-family: Arial;\">Llista d&#8217;alumnes admesos i llista d&#8217;espera<\/span><\/td>\n<td style=\"width: 68.3544%;\" align=\"left\" valign=\"middle\" data-sheets-value=\"{ &quot;1&quot;: 2, &quot;2&quot;: &quot;17 de juny de 2026&quot;}\"><span style=\"font-family: Arial;\">17 de juny de 2026<\/span><\/td>\n<\/tr>\n<tr>\n<td style=\"width: 49.6203%;\" align=\"left\" valign=\"middle\" height=\"17\" data-sheets-value=\"{ &quot;1&quot;: 2, &quot;2&quot;: &quot;Per\u00edode de matriculaci\u00f3&quot;}\"><span style=\"font-family: Arial;\">Per\u00edode de matriculaci\u00f3<\/span><\/td>\n<td style=\"width: 68.3544%;\" align=\"left\" valign=\"middle\" data-sheets-value=\"{ &quot;1&quot;: 2, &quot;2&quot;: &quot;1 al 7 de juliol de 2026&quot;}\"><span style=\"font-family: Arial;\">1 al 7 de juliol de 2026<\/span><\/td>\n<\/tr>\n<\/tbody>\n<\/table>\n<ul>\n<li><a href=\"https:\/\/drive.google.com\/file\/d\/1SeLH6-aC_aB2-oAfDA3_q41PjSlcyh4P\/view?usp=drive_link\" target=\"_blank\" rel=\"noopener\">Informaci\u00f3 sobre la preinscripci\u00f3<\/a><\/li>\n<li><a href=\"https:\/\/preinscripcio.gencat.cat\/ca\/estudis\/esportius\/informat\/criteris-assignacio\/\" target=\"_blank\" rel=\"noopener\" data-saferedirecturl=\"https:\/\/www.google.com\/url?q=https:\/\/preinscripcio.gencat.cat\/ca\/estudis\/esportius\/preinscriute\/seguiment-sollicitud\/&amp;source=gmail&amp;ust=1681383544829000&amp;usg=AOvVaw3xv-dMpsx69abz6pHfFGvN\">Consulta els criteris d\u2019assignaci\u00f3 de pla\u00e7a<\/a><\/li>\n<li><a href=\"https:\/\/drive.google.com\/file\/d\/1zOP8new1xT62TdpVdgH6lUul7V23BJRY\/view?usp=drive_link\" target=\"_blank\" rel=\"noopener\">Sol\u00b7licitud (pdf) presencialment<\/a><\/li>\n<li><a href=\"https:\/\/triaeducativa.gencat.cat\/ca\/proves\/proves-acces\/esportius\/esportius-prova-especifica\/\" target=\"_blank\" rel=\"noopener\" data-saferedirecturl=\"https:\/\/www.google.com\/url?q=https:\/\/educacio.gencat.cat\/ca\/tramits\/tramits-temes\/9434-esportius?%26moda%3D1&amp;source=gmail&amp;ust=1681383544829000&amp;usg=AOvVaw1ZcHkWRgnMhXqZ8OhHL7Hq\">Inscripci\u00f3 prova d&#8217;acc\u00e9s<\/a><\/li>\n<li><a href=\"https:\/\/triaeducativa.gencat.cat\/ca\/artistics-esportius\/esportius\/preus-publics\/\" target=\"_blank\" rel=\"noopener\">Preus p\u00fablics<\/a><\/li>\n<\/ul>\n","protected":false},"excerpt":{"rendered":"<p>Els alumnes que estan cursant un BATXILLERAT i ensenyaments esportius de doble titulaci\u00f3 al centre, que passen de 1r a 2n o repeteixen curs (1r o 2n), NO han de fer la preinscripci\u00f3 si volen continuar els estudis en el nostre centre. El\/la tutor\/a els&hellip;  <a href=\"https:\/\/agora.xtec.cat\/inspm\/secretaria\/preinscripcions\/preinscripcio-batxillerat-i-ensenyaments-esportius-doble-titulacio\/\" title=\"Read Preinscripci\u00f3 &#8211; Batxillerat i ensenyaments esportius (doble titulaci\u00f3)\">Llegeix m\u00e9s\u00bb<\/a><\/p>\n","protected":false},"author":502,"featured_media":0,"parent":473,"menu_order":25,"comment_status":"closed","ping_status":"closed","template":"page-templates\/side-menu.php","meta":{"_bbp_topic_count":0,"_bbp_reply_count":0,"_bbp_total_topic_count":0,"_bbp_total_reply_count":0,"_bbp_voice_count":0,"_bbp_anonymous_reply_count":0,"_bbp_topic_count_hidden":0,"_bbp_reply_count_hidden":0,"_bbp_forum_subforum_count":0,"footnotes":""},"class_list":["post-10298","page","type-page","status-publish","hentry"],"post_mailing_queue_ids":[],"_links":{"self":[{"href":"https:\/\/agora.xtec.cat\/inspm\/wp-json\/wp\/v2\/pages\/10298","targetHints":{"allow":["GET"]}}],"collection":[{"href":"https:\/\/agora.xtec.cat\/inspm\/wp-json\/wp\/v2\/pages"}],"about":[{"href":"https:\/\/agora.xtec.cat\/inspm\/wp-json\/wp\/v2\/types\/page"}],"author":[{"embeddable":true,"href":"https:\/\/agora.xtec.cat\/inspm\/wp-json\/wp\/v2\/users\/502"}],"replies":[{"embeddable":true,"href":"https:\/\/agora.xtec.cat\/inspm\/wp-json\/wp\/v2\/comments?post=10298"}],"version-history":[{"count":6,"href":"https:\/\/agora.xtec.cat\/inspm\/wp-json\/wp\/v2\/pages\/10298\/revisions"}],"predecessor-version":[{"id":13418,"href":"https:\/\/agora.xtec.cat\/inspm\/wp-json\/wp\/v2\/pages\/10298\/revisions\/13418"}],"up":[{"embeddable":true,"href":"https:\/\/agora.xtec.cat\/inspm\/wp-json\/wp\/v2\/pages\/473"}],"wp:attachment":[{"href":"https:\/\/agora.xtec.cat\/inspm\/wp-json\/wp\/v2\/media?parent=10298"}],"curies":[{"name":"wp","href":"https:\/\/api.w.org\/{rel}","templated":true}]}}